{"id":9997,"date":"2020-10-22T12:10:08","date_gmt":"2020-10-22T09:10:08","guid":{"rendered":"https:\/\/keenitsolutions.com\/products\/wordpress\/reobiz\/?page_id=9997"},"modified":"2025-06-28T15:37:15","modified_gmt":"2025-06-28T12:37:15","slug":"ana-sayfa","status":"publish","type":"page","link":"https:\/\/tcscertification.com\/en\/","title":{"rendered":"Ana Sayfa"},"content":{"rendered":"<div data-elementor-type=\"wp-page\" data-elementor-id=\"9997\" class=\"elementor elementor-9997\" data-elementor-post-type=\"page\">\n\t\t\t\t\t\t<section class=\"elementor-section elementor-top-section elementor-element elementor-element-16bac88 elementor-section-full_width elementor-section-stretched elementor-hidden-tablet elementor-hidden-mobile elementor-section-height-default elementor-section-height-default\" data-id=\"16bac88\" data-element_type=\"section\" data-settings=\"{&quot;stretch_section&quot;:&quot;section-stretched&quot;}\">\n\t\t\t\t\t\t<div class=\"elementor-container elementor-column-gap-no\">\n\t\t\t\t\t<div class=\"elementor-column elementor-col-100 elementor-top-column elementor-element elementor-element-e21c868\" data-id=\"e21c868\" data-element_type=\"column\">\n\t\t\t<div class=\"elementor-widget-wrap elementor-element-populated\">\n\t\t\t\t\t\t<div class=\"elementor-element elementor-element-7163af0 elementor-widget__width-inherit elementor--h-position-center elementor--v-position-middle elementor-arrows-position-inside elementor-pagination-position-inside elementor-widget elementor-widget-slides\" data-id=\"7163af0\" data-element_type=\"widget\" data-settings=\"{&quot;autoplay_speed&quot;:4000,&quot;motion_fx_motion_fx_scrolling&quot;:&quot;yes&quot;,&quot;_animation&quot;:&quot;none&quot;,&quot;navigation&quot;:&quot;both&quot;,&quot;autoplay&quot;:&quot;yes&quot;,&quot;pause_on_hover&quot;:&quot;yes&quot;,&quot;pause_on_interaction&quot;:&quot;yes&quot;,&quot;infinite&quot;:&quot;yes&quot;,&quot;transition&quot;:&quot;slide&quot;,&quot;transition_speed&quot;:500,&quot;motion_fx_devices&quot;:[&quot;desktop&quot;,&quot;tablet&quot;,&quot;mobile&quot;]}\" data-widget_type=\"slides.default\">\n\t\t\t\t<div class=\"elementor-widget-container\">\n\t\t\t\t\t\t\t\t\t<div class=\"elementor-swiper\">\n\t\t\t\t\t<div class=\"elementor-slides-wrapper elementor-main-swiper swiper\" role=\"region\" aria-roledescription=\"carousel\" aria-label=\"Slides\" dir=\"ltr\" data-animation=\"fadeInUp\">\n\t\t\t\t<div class=\"swiper-wrapper elementor-slides\">\n\t\t\t\t\t\t\t\t\t\t<div class=\"elementor-repeater-item-9456c4a swiper-slide\" role=\"group\" aria-roledescription=\"slide\"><div class=\"swiper-slide-bg elementor-ken-burns elementor-ken-burns--in\" role=\"img\"><\/div><div class=\"elementor-background-overlay\"><\/div><div class=\"swiper-slide-inner\" ><div class=\"swiper-slide-contents\"><div class=\"elementor-slide-heading\">ISO 9001 Quality<\/div><div class=\"elementor-slide-description\">\n<\/div><a href=\"https:\/\/tcscertification.com\/en\/iso-9001-quality\/\" class=\"elementor-button elementor-slide-button elementor-size-lg\">MORE<\/a><\/div><\/div><\/div><div class=\"elementor-repeater-item-bb880f9 swiper-slide\" role=\"group\" aria-roledescription=\"slide\"><div class=\"swiper-slide-bg elementor-ken-burns elementor-ken-burns--in\" role=\"img\"><\/div><div class=\"elementor-background-overlay\"><\/div><a class=\"swiper-slide-inner\" href=\"https:\/\/tcscertification.com\/en\/iso-14001-environmental\/\"><div class=\"swiper-slide-contents\"><div class=\"elementor-slide-heading\">ISO 14001 Environmental<\/div><div class=\"elementor-slide-description\">\n<\/div><div  class=\"elementor-button elementor-slide-button elementor-size-lg\">More<\/div><\/div><\/a><\/div><div class=\"elementor-repeater-item-fe8122d swiper-slide\" role=\"group\" aria-roledescription=\"slide\"><div class=\"swiper-slide-bg elementor-ken-burns elementor-ken-burns--in\" role=\"img\"><\/div><div class=\"elementor-background-overlay\"><\/div><a class=\"swiper-slide-inner\" href=\"https:\/\/tcscertification.com\/en\/iso-27001-information-security\/\"><div class=\"swiper-slide-contents\"><div class=\"elementor-slide-heading\">ISO 27001 Information Security<\/div><div class=\"elementor-slide-description\">\n<\/div><div  class=\"elementor-button elementor-slide-button elementor-size-lg\">More<\/div><\/div><\/a><\/div><div class=\"elementor-repeater-item-8a48637 swiper-slide\" role=\"group\" aria-roledescription=\"slide\"><div class=\"swiper-slide-bg elementor-ken-burns elementor-ken-burns--in\" role=\"img\"><\/div><div class=\"elementor-background-overlay\"><\/div><a class=\"swiper-slide-inner\" href=\"https:\/\/tcscertification.com\/en\/job-security-iso-45001\/\"><div class=\"swiper-slide-contents\"><div class=\"elementor-slide-heading\">ISO 45001 Job Security<\/div><div class=\"elementor-slide-description\">\n<\/div><div  class=\"elementor-button elementor-slide-button elementor-size-lg\">More<\/div><\/div><\/a><\/div>\t\t\t\t<\/div>\n\t\t\t\t\t\t\t\t\t\t\t\t\t\t\t<div class=\"elementor-swiper-button elementor-swiper-button-prev\" role=\"button\" tabindex=\"0\" aria-label=\"Previous slide\">\n\t\t\t\t\t\t\t<i aria-hidden=\"true\" class=\"eicon-chevron-left\"><\/i>\t\t\t\t\t\t<\/div>\n\t\t\t\t\t\t<div class=\"elementor-swiper-button elementor-swiper-button-next\" role=\"button\" tabindex=\"0\" aria-label=\"Next slide\">\n\t\t\t\t\t\t\t<i aria-hidden=\"true\" class=\"eicon-chevron-right\"><\/i>\t\t\t\t\t\t<\/div>\n\t\t\t\t\t\t\t\t\t\t\t\t\t\t\t\t<div class=\"swiper-pagination\"><\/div>\n\t\t\t\t\t\t\t\t\t\t\t\t<\/div>\n\t\t\t\t<\/div>\n\t\t\t\t\t\t\t\t<\/div>\n\t\t\t\t<\/div>\n\t\t\t\t\t<\/div>\n\t\t<\/div>\n\t\t\t\t\t<\/div>\n\t\t<\/section>\n\t\t\t\t<section class=\"elementor-section elementor-top-section elementor-element elementor-element-abfab71 elementor-section-boxed elementor-section-height-default elementor-section-height-default\" data-id=\"abfab71\" data-element_type=\"section\">\n\t\t\t\t\t\t<div class=\"elementor-container elementor-column-gap-default\">\n\t\t\t\t\t<div class=\"elementor-column elementor-col-33 elementor-top-column elementor-element elementor-element-a23085a\" data-id=\"a23085a\" data-element_type=\"column\">\n\t\t\t<div class=\"elementor-widget-wrap elementor-element-populated\">\n\t\t\t\t\t\t<div class=\"elementor-element elementor-element-8e72514 elementor-widget elementor-widget-image\" data-id=\"8e72514\" data-element_type=\"widget\" data-widget_type=\"image.default\">\n\t\t\t\t<div class=\"elementor-widget-container\">\n\t\t\t\t\t\t\t\t\t\t\t\t\t\t\t\t<a href=\"https:\/\/tcscertification.com\/en\/iso-9001-quality\/\">\n\t\t\t\t\t\t\t<img fetchpriority=\"high\" decoding=\"async\" width=\"360\" height=\"240\" src=\"https:\/\/tcscertification.com\/wp-content\/uploads\/2025\/07\/2-1.png\" class=\"attachment-large size-large wp-image-24666\" alt=\"\" srcset=\"https:\/\/tcscertification.com\/wp-content\/uploads\/2025\/07\/2-1.png 360w, https:\/\/tcscertification.com\/wp-content\/uploads\/2025\/07\/2-1-300x200.png 300w, https:\/\/tcscertification.com\/wp-content\/uploads\/2025\/07\/2-1-18x12.png 18w\" sizes=\"(max-width: 360px) 100vw, 360px\" \/>\t\t\t\t\t\t\t\t<\/a>\n\t\t\t\t\t\t\t\t\t\t\t\t\t\t\t<\/div>\n\t\t\t\t<\/div>\n\t\t\t\t\t<\/div>\n\t\t<\/div>\n\t\t\t\t<div class=\"elementor-column elementor-col-33 elementor-top-column elementor-element elementor-element-66e1f80\" data-id=\"66e1f80\" data-element_type=\"column\">\n\t\t\t<div class=\"elementor-widget-wrap elementor-element-populated\">\n\t\t\t\t\t\t<div class=\"elementor-element elementor-element-3c2bcf0 elementor-widget elementor-widget-image\" data-id=\"3c2bcf0\" data-element_type=\"widget\" data-widget_type=\"image.default\">\n\t\t\t\t<div class=\"elementor-widget-container\">\n\t\t\t\t\t\t\t\t\t\t\t\t\t\t\t\t<a href=\"https:\/\/tcscertification.com\/en\/iso-14001-environmental\/\">\n\t\t\t\t\t\t\t<img decoding=\"async\" width=\"360\" height=\"240\" src=\"https:\/\/tcscertification.com\/wp-content\/uploads\/2025\/07\/1.png\" class=\"attachment-large size-large wp-image-24667\" alt=\"\" srcset=\"https:\/\/tcscertification.com\/wp-content\/uploads\/2025\/07\/1.png 360w, https:\/\/tcscertification.com\/wp-content\/uploads\/2025\/07\/1-300x200.png 300w, https:\/\/tcscertification.com\/wp-content\/uploads\/2025\/07\/1-18x12.png 18w\" sizes=\"(max-width: 360px) 100vw, 360px\" \/>\t\t\t\t\t\t\t\t<\/a>\n\t\t\t\t\t\t\t\t\t\t\t\t\t\t\t<\/div>\n\t\t\t\t<\/div>\n\t\t\t\t\t<\/div>\n\t\t<\/div>\n\t\t\t\t<div class=\"elementor-column elementor-col-33 elementor-top-column elementor-element elementor-element-dfecd04\" data-id=\"dfecd04\" data-element_type=\"column\">\n\t\t\t<div class=\"elementor-widget-wrap elementor-element-populated\">\n\t\t\t\t\t\t<div class=\"elementor-element elementor-element-3af6c7a elementor-widget elementor-widget-image\" data-id=\"3af6c7a\" data-element_type=\"widget\" data-widget_type=\"image.default\">\n\t\t\t\t<div class=\"elementor-widget-container\">\n\t\t\t\t\t\t\t\t\t\t\t\t\t\t\t\t<a href=\"https:\/\/tcscertification.com\/en\/job-security-iso-45001\/\">\n\t\t\t\t\t\t\t<img decoding=\"async\" width=\"360\" height=\"240\" src=\"https:\/\/tcscertification.com\/wp-content\/uploads\/2025\/07\/3-1.png\" class=\"attachment-large size-large wp-image-24669\" alt=\"\" srcset=\"https:\/\/tcscertification.com\/wp-content\/uploads\/2025\/07\/3-1.png 360w, https:\/\/tcscertification.com\/wp-content\/uploads\/2025\/07\/3-1-300x200.png 300w, https:\/\/tcscertification.com\/wp-content\/uploads\/2025\/07\/3-1-18x12.png 18w\" sizes=\"(max-width: 360px) 100vw, 360px\" \/>\t\t\t\t\t\t\t\t<\/a>\n\t\t\t\t\t\t\t\t\t\t\t\t\t\t\t<\/div>\n\t\t\t\t<\/div>\n\t\t\t\t\t<\/div>\n\t\t<\/div>\n\t\t\t\t\t<\/div>\n\t\t<\/section>\n\t\t\t\t<section class=\"elementor-section elementor-top-section elementor-element elementor-element-b62dc8f elementor-section-boxed elementor-section-height-default elementor-section-height-default\" data-id=\"b62dc8f\" data-element_type=\"section\">\n\t\t\t\t\t\t<div class=\"elementor-container elementor-column-gap-default\">\n\t\t\t\t\t<div class=\"elementor-column elementor-col-33 elementor-top-column elementor-element elementor-element-5d1a662\" data-id=\"5d1a662\" data-element_type=\"column\">\n\t\t\t<div class=\"elementor-widget-wrap elementor-element-populated\">\n\t\t\t\t\t\t<div class=\"elementor-element elementor-element-41b8caf elementor-widget elementor-widget-image\" data-id=\"41b8caf\" data-element_type=\"widget\" data-widget_type=\"image.default\">\n\t\t\t\t<div class=\"elementor-widget-container\">\n\t\t\t\t\t\t\t\t\t\t\t\t\t\t\t\t<a href=\"https:\/\/tcscertification.com\/en\/iso-22000-food-safety\/\">\n\t\t\t\t\t\t\t<img loading=\"lazy\" decoding=\"async\" width=\"360\" height=\"240\" src=\"https:\/\/tcscertification.com\/wp-content\/uploads\/2025\/07\/4-1.png\" class=\"attachment-large size-large wp-image-24668\" alt=\"\" srcset=\"https:\/\/tcscertification.com\/wp-content\/uploads\/2025\/07\/4-1.png 360w, https:\/\/tcscertification.com\/wp-content\/uploads\/2025\/07\/4-1-300x200.png 300w, https:\/\/tcscertification.com\/wp-content\/uploads\/2025\/07\/4-1-18x12.png 18w\" sizes=\"(max-width: 360px) 100vw, 360px\" \/>\t\t\t\t\t\t\t\t<\/a>\n\t\t\t\t\t\t\t\t\t\t\t\t\t\t\t<\/div>\n\t\t\t\t<\/div>\n\t\t\t\t\t<\/div>\n\t\t<\/div>\n\t\t\t\t<div class=\"elementor-column elementor-col-33 elementor-top-column elementor-element elementor-element-5295a46\" data-id=\"5295a46\" data-element_type=\"column\">\n\t\t\t<div class=\"elementor-widget-wrap elementor-element-populated\">\n\t\t\t\t\t\t<div class=\"elementor-element elementor-element-20efec5 elementor-widget elementor-widget-image\" data-id=\"20efec5\" data-element_type=\"widget\" data-widget_type=\"image.default\">\n\t\t\t\t<div class=\"elementor-widget-container\">\n\t\t\t\t\t\t\t\t\t\t\t\t\t\t\t\t<a href=\"https:\/\/tcscertification.com\/en\/iso-27001-information-security\/\">\n\t\t\t\t\t\t\t<img loading=\"lazy\" decoding=\"async\" width=\"360\" height=\"240\" src=\"https:\/\/tcscertification.com\/wp-content\/uploads\/2025\/07\/6-1.png\" class=\"attachment-large size-large wp-image-24670\" alt=\"\" srcset=\"https:\/\/tcscertification.com\/wp-content\/uploads\/2025\/07\/6-1.png 360w, https:\/\/tcscertification.com\/wp-content\/uploads\/2025\/07\/6-1-300x200.png 300w, https:\/\/tcscertification.com\/wp-content\/uploads\/2025\/07\/6-1-18x12.png 18w\" sizes=\"(max-width: 360px) 100vw, 360px\" \/>\t\t\t\t\t\t\t\t<\/a>\n\t\t\t\t\t\t\t\t\t\t\t\t\t\t\t<\/div>\n\t\t\t\t<\/div>\n\t\t\t\t\t<\/div>\n\t\t<\/div>\n\t\t\t\t<div class=\"elementor-column elementor-col-33 elementor-top-column elementor-element elementor-element-3069be8\" data-id=\"3069be8\" data-element_type=\"column\">\n\t\t\t<div class=\"elementor-widget-wrap elementor-element-populated\">\n\t\t\t\t\t\t<div class=\"elementor-element elementor-element-e976c84 elementor-widget elementor-widget-image\" data-id=\"e976c84\" data-element_type=\"widget\" data-widget_type=\"image.default\">\n\t\t\t\t<div class=\"elementor-widget-container\">\n\t\t\t\t\t\t\t\t\t\t\t\t\t\t\t\t<a href=\"https:\/\/tcscertification.com\/en\/iso-27701-personal-information\/\">\n\t\t\t\t\t\t\t<img loading=\"lazy\" decoding=\"async\" width=\"360\" height=\"240\" src=\"https:\/\/tcscertification.com\/wp-content\/uploads\/2025\/07\/5-1.png\" class=\"attachment-large size-large wp-image-24671\" alt=\"\" srcset=\"https:\/\/tcscertification.com\/wp-content\/uploads\/2025\/07\/5-1.png 360w, https:\/\/tcscertification.com\/wp-content\/uploads\/2025\/07\/5-1-300x200.png 300w, https:\/\/tcscertification.com\/wp-content\/uploads\/2025\/07\/5-1-18x12.png 18w\" sizes=\"(max-width: 360px) 100vw, 360px\" \/>\t\t\t\t\t\t\t\t<\/a>\n\t\t\t\t\t\t\t\t\t\t\t\t\t\t\t<\/div>\n\t\t\t\t<\/div>\n\t\t\t\t\t<\/div>\n\t\t<\/div>\n\t\t\t\t\t<\/div>\n\t\t<\/section>\n\t\t\t\t<section class=\"elementor-section elementor-top-section elementor-element elementor-element-25303ec elementor-section-boxed elementor-section-height-default elementor-section-height-default\" data-id=\"25303ec\" data-element_type=\"section\">\n\t\t\t\t\t\t<div class=\"elementor-container elementor-column-gap-default\">\n\t\t\t\t\t<div class=\"elementor-column elementor-col-100 elementor-top-column elementor-element elementor-element-5164429\" data-id=\"5164429\" data-element_type=\"column\">\n\t\t\t<div class=\"elementor-widget-wrap elementor-element-populated\">\n\t\t\t\t\t\t<div class=\"elementor-element elementor-element-32af920 elementor-widget elementor-widget-htmega-newtsicker-addons\" data-id=\"32af920\" data-element_type=\"widget\" data-settings=\"{&quot;motion_fx_motion_fx_scrolling&quot;:&quot;yes&quot;,&quot;motion_fx_translateY_effect&quot;:&quot;yes&quot;,&quot;motion_fx_translateY_speed&quot;:{&quot;unit&quot;:&quot;px&quot;,&quot;size&quot;:0,&quot;sizes&quot;:[]},&quot;news_post_type&quot;:&quot;post&quot;,&quot;motion_fx_translateY_affectedRange&quot;:{&quot;unit&quot;:&quot;%&quot;,&quot;size&quot;:&quot;&quot;,&quot;sizes&quot;:{&quot;start&quot;:0,&quot;end&quot;:100}},&quot;motion_fx_devices&quot;:[&quot;desktop&quot;,&quot;tablet&quot;,&quot;mobile&quot;]}\" data-widget_type=\"htmega-newtsicker-addons.default\">\n\t\t\t\t<div class=\"elementor-widget-container\">\n\t\t\t\t\t            <div class=\"htmega-newsticker breaking-news-default htmega-newsticker-style-6 sid32af920\" style=\"display:none;\">\n                                <div class=\"breaking-news-title float-left\">\n                    <h5>Announcements  <\/h5>                <\/div>\n                                <ul data-newstrickeropt=\"{&quot;rowheight&quot;:120,&quot;maxrows&quot;:1,&quot;speed&quot;:600,&quot;duration&quot;:5000,&quot;autostart&quot;:1,&quot;pauseonhover&quot;:0,&quot;direction&quot;:&quot;up&quot;,&quot;navbutton&quot;:&quot;yes&quot;}\" class=\"breaking-news-ticker float-left htmega-newstricker\"  >\n                                                        <li>\n                                        <a href=\"https:\/\/tcscertification.com\/en\/iso-27001-sertifikasina-sahip-firmalarimizin-dikkatine\/\">\n                                            Our companies are ISO 27001 certified Attention!                                        <\/a>\n                                    <\/li>\n                                                                    <li>\n                                        <a href=\"https:\/\/tcscertification.com\/en\/iso-iec-270012022-standardi-gecis-sureci\/\">\n                                            ISO\/IEC 27001:TRANSITION TO STANDARD BY 2022                                        <\/a>\n                                    <\/li>\n                                                                    <li>\n                                        <a href=\"https:\/\/tcscertification.com\/en\/kamu-kurumlarina-bilisim-hizmetleri-veren-firmalara-iso-27001-bgys-belgesi-sarti\/\">\n                                            ISMS ISO 27001 Requirement Document, companies that provide information technology services to public institutions                                        <\/a>\n                                    <\/li>\n                                                <\/ul>\n                                    <div class=\"breaking-news-nav\">\n                        <button class=\"news-ticker-prev\"><i aria-hidden=\"true\" class=\"fas fa-angle-up\"><\/i><\/button>\n                        <button class=\"news-ticker-next\"><i aria-hidden=\"true\" class=\"fas fa-angle-down\"><\/i><\/button>\n                    <\/div>\n                \n            <\/div>\n        \t\t\t\t<\/div>\n\t\t\t\t<\/div>\n\t\t\t\t\t<\/div>\n\t\t<\/div>\n\t\t\t\t\t<\/div>\n\t\t<\/section>\n\t\t\t\t<\/div>","protected":false},"excerpt":{"rendered":"<p>ISO 9001 Kalite DAHA FAZLAISO 14001 \u00c7evre Daha FazlaISO 27001 Bilgi G\u00fcvenli\u011fi Daha FazlaISO 45001 \u0130\u015f G\u00fcvenli\u011fi Daha Fazla Duyurular ISO 27001 Sertifikas\u0131na Sahip Firmalar\u0131m\u0131z\u0131n Dikkatine! ISO\/IEC 27001:2022 STANDARDI GE\u00c7\u0130\u015e S\u00dcREC\u0130 Kamu Kurumlar\u0131\u2019na Bili\u015fim Hizmetleri Veren Firmalara ISO 27001 BGYS Belgesi \u015eart\u0131<\/p>","protected":false},"author":1,"featured_media":0,"parent":0,"menu_order":0,"comment_status":"closed","ping_status":"closed","template":"","meta":{"footnotes":""},"class_list":["post-9997","page","type-page","status-publish","hentry"],"yoast_head":"<!-- This site is optimized with the Yoast SEO Premium plugin v19.7 (Yoast SEO v19.14) - https:\/\/yoast.com\/wordpress\/plugins\/seo\/ -->\n<title>TCS INTERNATIONAL CERTIFICATION LLC | Bakanl\u0131k Onayl\u0131 | T\u00fcrkak Akreditasyonlu Sistem Belgelendirme Hizmetleri<\/title>\n<meta name=\"description\" content=\"TCS International Certification LLC, T\u00dcRKAK akreditasyonlu sistem belgelendirme hizmetleriyle ISO 9001, ISO 14001, ISO 27001, ISO 22000 ve daha fazlas\u0131nda g\u00fcvenilir \u00e7\u00f6z\u00fcmler sunar. Kalite, \u00e7evre, bilgi g\u00fcvenli\u011fi ve enerji y\u00f6netimi i\u00e7in profesyonel belgelendirme hizmetleri\" \/>\n<meta name=\"robots\" content=\"index, follow, max-snippet:-1, max-image-preview:large, max-video-preview:-1\" \/>\n<link rel=\"canonical\" href=\"https:\/\/tcscertification.com\/en\/\" \/>\n<meta property=\"og:locale\" content=\"en_US\" \/>\n<meta property=\"og:type\" content=\"article\" \/>\n<meta property=\"og:title\" content=\"Ana Sayfa\" \/>\n<meta property=\"og:description\" content=\"TCS International Certification LLC, T\u00dcRKAK akreditasyonlu sistem belgelendirme hizmetleriyle ISO 9001, ISO 14001, ISO 27001, ISO 22000 ve daha fazlas\u0131nda g\u00fcvenilir \u00e7\u00f6z\u00fcmler sunar. Kalite, \u00e7evre, bilgi g\u00fcvenli\u011fi ve enerji y\u00f6netimi i\u00e7in profesyonel belgelendirme hizmetleri\" \/>\n<meta property=\"og:url\" content=\"https:\/\/tcscertification.com\/en\/\" \/>\n<meta property=\"og:site_name\" content=\"TCS INTERNATIONAL CERTIFICATION LLC\" \/>\n<meta property=\"article:modified_time\" content=\"2025-06-28T12:37:15+00:00\" \/>\n<meta property=\"og:image\" content=\"https:\/\/tcscertification.com\/wp-content\/uploads\/2025\/06\/ISO-9001-Kalite.png\" \/>\n<meta name=\"twitter:card\" content=\"summary_large_image\" \/>\n<meta name=\"twitter:label1\" content=\"Est. reading time\" \/>\n\t<meta name=\"twitter:data1\" content=\"2 minutes\" \/>\n<script type=\"application\/ld+json\" class=\"yoast-schema-graph\">{\"@context\":\"https:\/\/schema.org\",\"@graph\":[{\"@type\":\"WebPage\",\"@id\":\"https:\/\/tcscertification.com\/\",\"url\":\"https:\/\/tcscertification.com\/\",\"name\":\"TCS INTERNATIONAL CERTIFICATION LLC | Bakanl\u0131k Onayl\u0131 | T\u00fcrkak Akreditasyonlu Sistem Belgelendirme Hizmetleri\",\"isPartOf\":{\"@id\":\"https:\/\/tcscertification.com\/#website\"},\"datePublished\":\"2020-10-22T09:10:08+00:00\",\"dateModified\":\"2025-06-28T12:37:15+00:00\",\"description\":\"TCS International Certification LLC, T\u00dcRKAK akreditasyonlu sistem belgelendirme hizmetleriyle ISO 9001, ISO 14001, ISO 27001, ISO 22000 ve daha fazlas\u0131nda g\u00fcvenilir \u00e7\u00f6z\u00fcmler sunar. Kalite, \u00e7evre, bilgi g\u00fcvenli\u011fi ve enerji y\u00f6netimi i\u00e7in profesyonel belgelendirme hizmetleri\",\"breadcrumb\":{\"@id\":\"https:\/\/tcscertification.com\/#breadcrumb\"},\"inLanguage\":\"en-US\",\"potentialAction\":[{\"@type\":\"ReadAction\",\"target\":[\"https:\/\/tcscertification.com\/\"]}]},{\"@type\":\"BreadcrumbList\",\"@id\":\"https:\/\/tcscertification.com\/#breadcrumb\",\"itemListElement\":[{\"@type\":\"ListItem\",\"position\":1,\"name\":\"Anasayfa\",\"item\":\"https:\/\/tcscertification.com\/\"},{\"@type\":\"ListItem\",\"position\":2,\"name\":\"Ana Sayfa\"}]},{\"@type\":\"WebSite\",\"@id\":\"https:\/\/tcscertification.com\/#website\",\"url\":\"https:\/\/tcscertification.com\/\",\"name\":\"TCS INTERNATIONAL CERTIFICATION LLC\",\"description\":\"\",\"publisher\":{\"@id\":\"https:\/\/tcscertification.com\/#organization\"},\"alternateName\":\"TCS INTERNATIONAL CERTIFICATION LLC\",\"potentialAction\":[{\"@type\":\"SearchAction\",\"target\":{\"@type\":\"EntryPoint\",\"urlTemplate\":\"https:\/\/tcscertification.com\/?s={search_term_string}\"},\"query-input\":\"required name=search_term_string\"}],\"inLanguage\":\"en-US\"},{\"@type\":\"Organization\",\"@id\":\"https:\/\/tcscertification.com\/#organization\",\"name\":\"TCS INTERNATIONAL\",\"alternateName\":\"TCS INTERNATIONAL CERTIFICATION LLC\",\"url\":\"https:\/\/tcscertification.com\/\",\"logo\":{\"@type\":\"ImageObject\",\"inLanguage\":\"en-US\",\"@id\":\"https:\/\/tcscertification.com\/#\/schema\/logo\/image\/\",\"url\":\"https:\/\/tcscertification.com\/wp-content\/uploads\/2023\/02\/tcs-logo-new.gif\",\"contentUrl\":\"https:\/\/tcscertification.com\/wp-content\/uploads\/2023\/02\/tcs-logo-new.gif\",\"width\":215,\"height\":100,\"caption\":\"TCS INTERNATIONAL\"},\"image\":{\"@id\":\"https:\/\/tcscertification.com\/#\/schema\/logo\/image\/\"}}]}<\/script>\n<!-- \/ Yoast SEO Premium plugin. -->","yoast_head_json":{"title":"TCS INTERNATIONAL CERTIFICATION LLC | Bakanl\u0131k Onayl\u0131 | T\u00fcrkak Akreditasyonlu Sistem Belgelendirme Hizmetleri","description":"TCS International Certification LLC, T\u00dcRKAK akreditasyonlu sistem belgelendirme hizmetleriyle ISO 9001, ISO 14001, ISO 27001, ISO 22000 ve daha fazlas\u0131nda g\u00fcvenilir \u00e7\u00f6z\u00fcmler sunar. Kalite, \u00e7evre, bilgi g\u00fcvenli\u011fi ve enerji y\u00f6netimi i\u00e7in profesyonel belgelendirme hizmetleri","robots":{"index":"index","follow":"follow","max-snippet":"max-snippet:-1","max-image-preview":"max-image-preview:large","max-video-preview":"max-video-preview:-1"},"canonical":"https:\/\/tcscertification.com\/en\/","og_locale":"en_US","og_type":"article","og_title":"Ana Sayfa","og_description":"TCS International Certification LLC, T\u00dcRKAK akreditasyonlu sistem belgelendirme hizmetleriyle ISO 9001, ISO 14001, ISO 27001, ISO 22000 ve daha fazlas\u0131nda g\u00fcvenilir \u00e7\u00f6z\u00fcmler sunar. Kalite, \u00e7evre, bilgi g\u00fcvenli\u011fi ve enerji y\u00f6netimi i\u00e7in profesyonel belgelendirme hizmetleri","og_url":"https:\/\/tcscertification.com\/en\/","og_site_name":"TCS INTERNATIONAL CERTIFICATION LLC","article_modified_time":"2025-06-28T12:37:15+00:00","og_image":[{"url":"https:\/\/tcscertification.com\/wp-content\/uploads\/2025\/06\/ISO-9001-Kalite.png"}],"twitter_card":"summary_large_image","twitter_misc":{"Est. reading time":"2 minutes"},"schema":{"@context":"https:\/\/schema.org","@graph":[{"@type":"WebPage","@id":"https:\/\/tcscertification.com\/","url":"https:\/\/tcscertification.com\/","name":"TCS INTERNATIONAL CERTIFICATION LLC | Bakanl\u0131k Onayl\u0131 | T\u00fcrkak Akreditasyonlu Sistem Belgelendirme Hizmetleri","isPartOf":{"@id":"https:\/\/tcscertification.com\/#website"},"datePublished":"2020-10-22T09:10:08+00:00","dateModified":"2025-06-28T12:37:15+00:00","description":"TCS International Certification LLC, T\u00dcRKAK akreditasyonlu sistem belgelendirme hizmetleriyle ISO 9001, ISO 14001, ISO 27001, ISO 22000 ve daha fazlas\u0131nda g\u00fcvenilir \u00e7\u00f6z\u00fcmler sunar. Kalite, \u00e7evre, bilgi g\u00fcvenli\u011fi ve enerji y\u00f6netimi i\u00e7in profesyonel belgelendirme hizmetleri","breadcrumb":{"@id":"https:\/\/tcscertification.com\/#breadcrumb"},"inLanguage":"en-US","potentialAction":[{"@type":"ReadAction","target":["https:\/\/tcscertification.com\/"]}]},{"@type":"BreadcrumbList","@id":"https:\/\/tcscertification.com\/#breadcrumb","itemListElement":[{"@type":"ListItem","position":1,"name":"Anasayfa","item":"https:\/\/tcscertification.com\/"},{"@type":"ListItem","position":2,"name":"Ana Sayfa"}]},{"@type":"WebSite","@id":"https:\/\/tcscertification.com\/#website","url":"https:\/\/tcscertification.com\/","name":"TCS INTERNATIONAL CERTIFICATION LLC","description":"","publisher":{"@id":"https:\/\/tcscertification.com\/#organization"},"alternateName":"TCS INTERNATIONAL CERTIFICATION LLC","potentialAction":[{"@type":"SearchAction","target":{"@type":"EntryPoint","urlTemplate":"https:\/\/tcscertification.com\/?s={search_term_string}"},"query-input":"required name=search_term_string"}],"inLanguage":"en-US"},{"@type":"Organization","@id":"https:\/\/tcscertification.com\/#organization","name":"TCS INTERNATIONAL","alternateName":"TCS INTERNATIONAL CERTIFICATION LLC","url":"https:\/\/tcscertification.com\/","logo":{"@type":"ImageObject","inLanguage":"en-US","@id":"https:\/\/tcscertification.com\/#\/schema\/logo\/image\/","url":"https:\/\/tcscertification.com\/wp-content\/uploads\/2023\/02\/tcs-logo-new.gif","contentUrl":"https:\/\/tcscertification.com\/wp-content\/uploads\/2023\/02\/tcs-logo-new.gif","width":215,"height":100,"caption":"TCS INTERNATIONAL"},"image":{"@id":"https:\/\/tcscertification.com\/#\/schema\/logo\/image\/"}}]}},"_links":{"self":[{"href":"https:\/\/tcscertification.com\/en\/wp-json\/wp\/v2\/pages\/9997","targetHints":{"allow":["GET"]}}],"collection":[{"href":"https:\/\/tcscertification.com\/en\/wp-json\/wp\/v2\/pages"}],"about":[{"href":"https:\/\/tcscertification.com\/en\/wp-json\/wp\/v2\/types\/page"}],"author":[{"embeddable":true,"href":"https:\/\/tcscertification.com\/en\/wp-json\/wp\/v2\/users\/1"}],"replies":[{"embeddable":true,"href":"https:\/\/tcscertification.com\/en\/wp-json\/wp\/v2\/comments?post=9997"}],"version-history":[{"count":507,"href":"https:\/\/tcscertification.com\/en\/wp-json\/wp\/v2\/pages\/9997\/revisions"}],"predecessor-version":[{"id":24730,"href":"https:\/\/tcscertification.com\/en\/wp-json\/wp\/v2\/pages\/9997\/revisions\/24730"}],"wp:attachment":[{"href":"https:\/\/tcscertification.com\/en\/wp-json\/wp\/v2\/media?parent=9997"}],"curies":[{"name":"wp","href":"https:\/\/api.w.org\/{rel}","templated":true}]}}