{"id":20462,"date":"2024-10-02T16:16:49","date_gmt":"2024-10-02T13:16:49","guid":{"rendered":"https:\/\/tcscertification.com\/?page_id=20462"},"modified":"2024-10-02T16:16:50","modified_gmt":"2024-10-02T13:16:50","slug":"gizlilik-politikasi","status":"publish","type":"page","link":"https:\/\/tcscertification.com\/en\/gizlilik-politikasi\/","title":{"rendered":"Privacy Policy"},"content":{"rendered":"<p>As TCS Belgelendirme, we attach great importance to the protection of your personal data. This privacy policy explains how we collect, use and protect the information of users who visit our website.<\/p>\n\n\n\n<p><strong>1. Information Collected<\/strong><br>When you visit our website, personal information such as your name, email address, telephone number and technical data such as your IP address may be collected. This information will be used only for the purpose of communicating with you and improving our services.<\/p>\n\n\n\n<p><strong>2. Use Of Information<\/strong><br>We use the information we collect for the following purposes:<\/p>\n\n\n\n<ul class=\"wp-block-list\">\n<li>Responding to your requests for products and services.<\/li>\n\n\n\n<li>Provide customer support.<\/li>\n\n\n\n<li>In compliance with legal regulations to provide the service.<\/li>\n\n\n\n<li>Improve our website and service.<\/li>\n<\/ul>\n\n\n\n<p><strong>3. Information Sharing<\/strong><br>Your personal data will not be shared with third parties except for legal requirements. Your data is protected in accordance with T\u00fcrkak accreditation standards and relevant legislation.<\/p>\n\n\n\n<p><strong>4. Cookies (Cookies)<\/strong><br>Our website uses cookies to improve user experience and measure website performance. Cookies are small text files saved on your computer through your browser and do not contain any personal information.<\/p>\n\n\n\n<p><strong>5. Data Protection<\/strong><br>We apply the highest security measures to protect the privacy of your personal information. Your data is protected by firewalls and encryption methods.<\/p>\n\n\n\n<p><strong>6. Third Party Links<\/strong><br>There may be links to third party sites on our website. TCS Belgelendirme is not responsible for the privacy policies of these sites.<\/p>\n\n\n\n<p><strong>7. Changes to Privacy Policy<\/strong><br>We may change our privacy policy from time to time. Any changes made will be effective from the date they are published on our website.<\/p>\n\n\n\n<p><strong>8. Communication<\/strong><br>If you have any questions about our privacy policy, you can contact us at [email address\/phone number].<\/p>\n\n\n\n<p><\/p>\n\n\n\n<p><\/p>","protected":false},"excerpt":{"rendered":"<p>TCS Belgelendirme olarak, ki\u015fisel verilerinizin korunmas\u0131na b\u00fcy\u00fck \u00f6nem veriyoruz. Bu gizlilik politikas\u0131, web sitemizi ziyaret eden kullan\u0131c\u0131lar\u0131n bilgilerini nas\u0131l toplad\u0131\u011f\u0131m\u0131z\u0131, kulland\u0131\u011f\u0131m\u0131z\u0131 ve korudu\u011fumuzu a\u00e7\u0131klamaktad\u0131r. 1. Toplanan BilgilerWeb sitemizi ziyaret etti\u011finizde, ad\u0131n\u0131z, e-posta adresiniz, telefon numaran\u0131z gibi ki\u015fisel bilgiler ve IP adresiniz gibi teknik veriler toplanabilir. Bu bilgiler, yaln\u0131zca sizinle ileti\u015fim kurmak ve hizmetlerimizi geli\u015ftirmek amac\u0131yla&#8230;<\/p>","protected":false},"author":1,"featured_media":0,"parent":0,"menu_order":0,"comment_status":"closed","ping_status":"closed","template":"","meta":{"footnotes":""},"class_list":["post-20462","page","type-page","status-publish","hentry"],"yoast_head":"<!-- This site is optimized with the Yoast SEO Premium plugin v19.7 (Yoast SEO v19.14) - https:\/\/yoast.com\/wordpress\/plugins\/seo\/ -->\n<title>Gizlilik Politikas\u0131 | TCS INTERNATIONAL CERTIFICATION LLC<\/title>\n<meta name=\"robots\" content=\"index, follow, max-snippet:-1, max-image-preview:large, max-video-preview:-1\" \/>\n<link rel=\"canonical\" href=\"https:\/\/tcscertification.com\/en\/gizlilik-politikasi\/\" \/>\n<meta property=\"og:locale\" content=\"en_US\" \/>\n<meta property=\"og:type\" content=\"article\" \/>\n<meta property=\"og:title\" content=\"Gizlilik Politikas\u0131\" \/>\n<meta property=\"og:description\" content=\"TCS Belgelendirme olarak, ki\u015fisel verilerinizin korunmas\u0131na b\u00fcy\u00fck \u00f6nem veriyoruz. Bu gizlilik politikas\u0131, web sitemizi ziyaret eden kullan\u0131c\u0131lar\u0131n bilgilerini nas\u0131l toplad\u0131\u011f\u0131m\u0131z\u0131, kulland\u0131\u011f\u0131m\u0131z\u0131 ve korudu\u011fumuzu a\u00e7\u0131klamaktad\u0131r. 1. Toplanan BilgilerWeb sitemizi ziyaret etti\u011finizde, ad\u0131n\u0131z, e-posta adresiniz, telefon numaran\u0131z gibi ki\u015fisel bilgiler ve IP adresiniz gibi teknik veriler toplanabilir. Bu bilgiler, yaln\u0131zca sizinle ileti\u015fim kurmak ve hizmetlerimizi geli\u015ftirmek amac\u0131yla...\" \/>\n<meta property=\"og:url\" content=\"https:\/\/tcscertification.com\/en\/gizlilik-politikasi\/\" \/>\n<meta property=\"og:site_name\" content=\"TCS INTERNATIONAL CERTIFICATION LLC\" \/>\n<meta property=\"article:modified_time\" content=\"2024-10-02T13:16:50+00:00\" \/>\n<meta property=\"og:image\" content=\"https:\/\/tcscertification.com\/wp-content\/uploads\/2022\/10\/tcs-favicon.png\" \/>\n\t<meta property=\"og:image:width\" content=\"512\" \/>\n\t<meta property=\"og:image:height\" content=\"512\" \/>\n\t<meta property=\"og:image:type\" content=\"image\/png\" \/>\n<meta name=\"twitter:card\" content=\"summary_large_image\" \/>\n<meta name=\"twitter:label1\" content=\"Est. reading time\" \/>\n\t<meta name=\"twitter:data1\" content=\"2 minutes\" \/>\n<script type=\"application\/ld+json\" class=\"yoast-schema-graph\">{\"@context\":\"https:\/\/schema.org\",\"@graph\":[{\"@type\":\"WebPage\",\"@id\":\"https:\/\/tcscertification.com\/gizlilik-politikasi\/\",\"url\":\"https:\/\/tcscertification.com\/gizlilik-politikasi\/\",\"name\":\"Gizlilik Politikas\u0131 | TCS INTERNATIONAL CERTIFICATION LLC\",\"isPartOf\":{\"@id\":\"https:\/\/tcscertification.com\/#website\"},\"datePublished\":\"2024-10-02T13:16:49+00:00\",\"dateModified\":\"2024-10-02T13:16:50+00:00\",\"breadcrumb\":{\"@id\":\"https:\/\/tcscertification.com\/gizlilik-politikasi\/#breadcrumb\"},\"inLanguage\":\"en-US\",\"potentialAction\":[{\"@type\":\"ReadAction\",\"target\":[\"https:\/\/tcscertification.com\/gizlilik-politikasi\/\"]}]},{\"@type\":\"BreadcrumbList\",\"@id\":\"https:\/\/tcscertification.com\/gizlilik-politikasi\/#breadcrumb\",\"itemListElement\":[{\"@type\":\"ListItem\",\"position\":1,\"name\":\"Anasayfa\",\"item\":\"https:\/\/tcscertification.com\/\"},{\"@type\":\"ListItem\",\"position\":2,\"name\":\"Gizlilik Politikas\u0131\"}]},{\"@type\":\"WebSite\",\"@id\":\"https:\/\/tcscertification.com\/#website\",\"url\":\"https:\/\/tcscertification.com\/\",\"name\":\"TCS INTERNATIONAL CERTIFICATION LLC\",\"description\":\"\",\"publisher\":{\"@id\":\"https:\/\/tcscertification.com\/#organization\"},\"alternateName\":\"TCS INTERNATIONAL CERTIFICATION LLC\",\"potentialAction\":[{\"@type\":\"SearchAction\",\"target\":{\"@type\":\"EntryPoint\",\"urlTemplate\":\"https:\/\/tcscertification.com\/?s={search_term_string}\"},\"query-input\":\"required name=search_term_string\"}],\"inLanguage\":\"en-US\"},{\"@type\":\"Organization\",\"@id\":\"https:\/\/tcscertification.com\/#organization\",\"name\":\"TCS INTERNATIONAL\",\"alternateName\":\"TCS INTERNATIONAL CERTIFICATION LLC\",\"url\":\"https:\/\/tcscertification.com\/\",\"logo\":{\"@type\":\"ImageObject\",\"inLanguage\":\"en-US\",\"@id\":\"https:\/\/tcscertification.com\/#\/schema\/logo\/image\/\",\"url\":\"https:\/\/tcscertification.com\/wp-content\/uploads\/2023\/02\/tcs-logo-new.gif\",\"contentUrl\":\"https:\/\/tcscertification.com\/wp-content\/uploads\/2023\/02\/tcs-logo-new.gif\",\"width\":215,\"height\":100,\"caption\":\"TCS INTERNATIONAL\"},\"image\":{\"@id\":\"https:\/\/tcscertification.com\/#\/schema\/logo\/image\/\"}}]}<\/script>\n<!-- \/ Yoast SEO Premium plugin. -->","yoast_head_json":{"title":"Gizlilik Politikas\u0131 | TCS INTERNATIONAL CERTIFICATION LLC","robots":{"index":"index","follow":"follow","max-snippet":"max-snippet:-1","max-image-preview":"max-image-preview:large","max-video-preview":"max-video-preview:-1"},"canonical":"https:\/\/tcscertification.com\/en\/gizlilik-politikasi\/","og_locale":"en_US","og_type":"article","og_title":"Gizlilik Politikas\u0131","og_description":"TCS Belgelendirme olarak, ki\u015fisel verilerinizin korunmas\u0131na b\u00fcy\u00fck \u00f6nem veriyoruz. Bu gizlilik politikas\u0131, web sitemizi ziyaret eden kullan\u0131c\u0131lar\u0131n bilgilerini nas\u0131l toplad\u0131\u011f\u0131m\u0131z\u0131, kulland\u0131\u011f\u0131m\u0131z\u0131 ve korudu\u011fumuzu a\u00e7\u0131klamaktad\u0131r. 1. Toplanan BilgilerWeb sitemizi ziyaret etti\u011finizde, ad\u0131n\u0131z, e-posta adresiniz, telefon numaran\u0131z gibi ki\u015fisel bilgiler ve IP adresiniz gibi teknik veriler toplanabilir. Bu bilgiler, yaln\u0131zca sizinle ileti\u015fim kurmak ve hizmetlerimizi geli\u015ftirmek amac\u0131yla...","og_url":"https:\/\/tcscertification.com\/en\/gizlilik-politikasi\/","og_site_name":"TCS INTERNATIONAL CERTIFICATION LLC","article_modified_time":"2024-10-02T13:16:50+00:00","og_image":[{"width":512,"height":512,"url":"https:\/\/tcscertification.com\/wp-content\/uploads\/2022\/10\/tcs-favicon.png","type":"image\/png"}],"twitter_card":"summary_large_image","twitter_misc":{"Est. reading time":"2 minutes"},"schema":{"@context":"https:\/\/schema.org","@graph":[{"@type":"WebPage","@id":"https:\/\/tcscertification.com\/gizlilik-politikasi\/","url":"https:\/\/tcscertification.com\/gizlilik-politikasi\/","name":"Gizlilik Politikas\u0131 | TCS INTERNATIONAL CERTIFICATION LLC","isPartOf":{"@id":"https:\/\/tcscertification.com\/#website"},"datePublished":"2024-10-02T13:16:49+00:00","dateModified":"2024-10-02T13:16:50+00:00","breadcrumb":{"@id":"https:\/\/tcscertification.com\/gizlilik-politikasi\/#breadcrumb"},"inLanguage":"en-US","potentialAction":[{"@type":"ReadAction","target":["https:\/\/tcscertification.com\/gizlilik-politikasi\/"]}]},{"@type":"BreadcrumbList","@id":"https:\/\/tcscertification.com\/gizlilik-politikasi\/#breadcrumb","itemListElement":[{"@type":"ListItem","position":1,"name":"Anasayfa","item":"https:\/\/tcscertification.com\/"},{"@type":"ListItem","position":2,"name":"Gizlilik Politikas\u0131"}]},{"@type":"WebSite","@id":"https:\/\/tcscertification.com\/#website","url":"https:\/\/tcscertification.com\/","name":"TCS INTERNATIONAL CERTIFICATION LLC","description":"","publisher":{"@id":"https:\/\/tcscertification.com\/#organization"},"alternateName":"TCS INTERNATIONAL CERTIFICATION LLC","potentialAction":[{"@type":"SearchAction","target":{"@type":"EntryPoint","urlTemplate":"https:\/\/tcscertification.com\/?s={search_term_string}"},"query-input":"required name=search_term_string"}],"inLanguage":"en-US"},{"@type":"Organization","@id":"https:\/\/tcscertification.com\/#organization","name":"TCS INTERNATIONAL","alternateName":"TCS INTERNATIONAL CERTIFICATION LLC","url":"https:\/\/tcscertification.com\/","logo":{"@type":"ImageObject","inLanguage":"en-US","@id":"https:\/\/tcscertification.com\/#\/schema\/logo\/image\/","url":"https:\/\/tcscertification.com\/wp-content\/uploads\/2023\/02\/tcs-logo-new.gif","contentUrl":"https:\/\/tcscertification.com\/wp-content\/uploads\/2023\/02\/tcs-logo-new.gif","width":215,"height":100,"caption":"TCS INTERNATIONAL"},"image":{"@id":"https:\/\/tcscertification.com\/#\/schema\/logo\/image\/"}}]}},"_links":{"self":[{"href":"https:\/\/tcscertification.com\/en\/wp-json\/wp\/v2\/pages\/20462","targetHints":{"allow":["GET"]}}],"collection":[{"href":"https:\/\/tcscertification.com\/en\/wp-json\/wp\/v2\/pages"}],"about":[{"href":"https:\/\/tcscertification.com\/en\/wp-json\/wp\/v2\/types\/page"}],"author":[{"embeddable":true,"href":"https:\/\/tcscertification.com\/en\/wp-json\/wp\/v2\/users\/1"}],"replies":[{"embeddable":true,"href":"https:\/\/tcscertification.com\/en\/wp-json\/wp\/v2\/comments?post=20462"}],"version-history":[{"count":1,"href":"https:\/\/tcscertification.com\/en\/wp-json\/wp\/v2\/pages\/20462\/revisions"}],"predecessor-version":[{"id":20463,"href":"https:\/\/tcscertification.com\/en\/wp-json\/wp\/v2\/pages\/20462\/revisions\/20463"}],"wp:attachment":[{"href":"https:\/\/tcscertification.com\/en\/wp-json\/wp\/v2\/media?parent=20462"}],"curies":[{"name":"wp","href":"https:\/\/api.w.org\/{rel}","templated":true}]}}