{"id":14567,"date":"2022-09-20T22:15:39","date_gmt":"2022-09-20T19:15:39","guid":{"rendered":"https:\/\/tcscertification.com\/?page_id=14567"},"modified":"2025-06-28T15:45:52","modified_gmt":"2025-06-28T12:45:52","slug":"documents","status":"publish","type":"page","link":"https:\/\/tcscertification.com\/en\/documents\/","title":{"rendered":"Docs"},"content":{"rendered":"<div data-elementor-type=\"wp-page\" data-elementor-id=\"14567\" class=\"elementor elementor-14567\" data-elementor-post-type=\"page\">\n\t\t\t\t\t\t<section class=\"elementor-section elementor-top-section elementor-element elementor-element-d4471bb elementor-section-boxed elementor-section-height-default elementor-section-height-default\" data-id=\"d4471bb\" data-element_type=\"section\">\n\t\t\t\t\t\t<div class=\"elementor-container elementor-column-gap-default\">\n\t\t\t\t\t<div class=\"elementor-column elementor-col-100 elementor-top-column elementor-element elementor-element-d8b6f09\" data-id=\"d8b6f09\" data-element_type=\"column\">\n\t\t\t<div class=\"elementor-widget-wrap elementor-element-populated\">\n\t\t\t\t\t\t<div class=\"elementor-element elementor-element-7eeced5 elementor-widget elementor-widget-heading\" data-id=\"7eeced5\" data-element_type=\"widget\" data-widget_type=\"heading.default\">\n\t\t\t\t<div class=\"elementor-widget-container\">\n\t\t\t\t\t<h1 class=\"elementor-heading-title elementor-size-default\">Documents<\/h1>\t\t\t\t<\/div>\n\t\t\t\t<\/div>\n\t\t\t\t\t<\/div>\n\t\t<\/div>\n\t\t\t\t\t<\/div>\n\t\t<\/section>\n\t\t\t\t<section class=\"elementor-section elementor-top-section elementor-element elementor-element-0f3460f elementor-section-boxed elementor-section-height-default elementor-section-height-default\" data-id=\"0f3460f\" data-element_type=\"section\">\n\t\t\t\t\t\t<div class=\"elementor-container elementor-column-gap-default\">\n\t\t\t\t\t<div class=\"elementor-column elementor-col-100 elementor-top-column elementor-element elementor-element-9467219\" data-id=\"9467219\" data-element_type=\"column\">\n\t\t\t<div class=\"elementor-widget-wrap elementor-element-populated\">\n\t\t\t\t\t\t<div class=\"elementor-element elementor-element-10f9c89 elementor-widget elementor-widget-spacer\" data-id=\"10f9c89\" data-element_type=\"widget\" data-widget_type=\"spacer.default\">\n\t\t\t\t<div class=\"elementor-widget-container\">\n\t\t\t\t\t\t\t<div class=\"elementor-spacer\">\n\t\t\t<div class=\"elementor-spacer-inner\"><\/div>\n\t\t<\/div>\n\t\t\t\t\t\t<\/div>\n\t\t\t\t<\/div>\n\t\t\t\t\t<\/div>\n\t\t<\/div>\n\t\t\t\t\t<\/div>\n\t\t<\/section>\n\t\t\t\t<section class=\"elementor-section elementor-top-section elementor-element elementor-element-22e561b elementor-section-boxed elementor-section-height-default elementor-section-height-default\" data-id=\"22e561b\" data-element_type=\"section\">\n\t\t\t\t\t\t<div class=\"elementor-container elementor-column-gap-default\">\n\t\t\t\t\t<div class=\"elementor-column elementor-col-100 elementor-top-column elementor-element elementor-element-80f291b\" data-id=\"80f291b\" data-element_type=\"column\">\n\t\t\t<div class=\"elementor-widget-wrap elementor-element-populated\">\n\t\t\t\t\t\t<div class=\"elementor-element elementor-element-4b1c865 elementor-widget elementor-widget-text-editor\" data-id=\"4b1c865\" data-element_type=\"widget\" data-widget_type=\"text-editor.default\">\n\t\t\t\t<div class=\"elementor-widget-container\">\n\t\t\t\t\t\t\t\t\t<ul><li><a href=\"https:\/\/tcscertification.com\/wp-content\/uploads\/2022\/09\/Sistem-Belgelendirme-Tetkik-ve-Belgelendirme-Proses-Akis-Semasi.pdf\">Audit and Certification Process Flow Chart<\/a><\/li><li><a href=\"https:\/\/tcscertification.com\/wp-content\/uploads\/2024\/11\/PRS_SUM_09_ASKIYA_ALMA_VE_IPTAL_PROSEDURU_REV16_04042023.pdf\">Suspension and Cancellation Procedure<\/a><\/li><li><a href=\"https:\/\/tcscertification.com\/wp-content\/uploads\/2022\/10\/sistem-Uzaktan-Denetim-Proseduru.pdf\">Remote Control Procedure<\/a><\/li><li><a href=\"https:\/\/tcscertification.com\/wp-content\/uploads\/2022\/10\/sistem-Ucretlendirme-Talimati.pdf\">Pricing Instructions<\/a><\/li><li><a href=\"https:\/\/tcscertification.com\/wp-content\/uploads\/2023\/12\/DENETIM-EKIBI-EL-KITABI-REV36_15122023.pdf\">Audit Team Handbook<\/a><\/li><li><a href=\"https:\/\/tcscertification.com\/wp-content\/uploads\/2023\/12\/BELGELENDIRME-KURALLARI-REV16_15122023.pdf\">Certification Rules<\/a><\/li><li><a href=\"https:\/\/tcscertification.com\/wp-content\/uploads\/2022\/10\/sistem-Basvuru-Evraklari-Listesi.pdf\">List Of Application Documents<\/a><\/li><li><a href=\"https:\/\/tcscertification.com\/wp-content\/uploads\/2024\/12\/PRS.S.08-Belgelendirme-Proseduru-REV26_31052024.pdf\">Certification Procedure<\/a><\/li><li><a href=\"https:\/\/tcscertification.com\/wp-content\/uploads\/2024\/12\/PRS_S_07_TETKIK_PROSEDURU_REV22_14062024.pdf\">Inspection Procedure<\/a><\/li><li><a href=\"https:\/\/tcscertification.com\/wp-content\/uploads\/2025\/06\/TLM.S.35-Logo-ve-Sertifika-Kullanma-Talimati-REV00-ortak-dokumanlar-alaninda.pdf\">Logo Usage Guidelines<\/a><\/li><li><a href=\"https:\/\/tcscertification.com\/wp-content\/uploads\/2023\/02\/PRS_SUM_10_SIKAYET_VE_ITIRAZ_PROSEDURU_REV14_02012023.pdf\">Complaint and Objection Procedure<\/a><\/li><li><a href=\"https:\/\/tcscertification.com\/wp-content\/uploads\/2022\/09\/ORTAK-DOKUMANLAR-Sikayet-Itiraz-Oneri-Formu.doc\">Complaint and Objection Suggestion Form<\/a><\/li><li><a href=\"https:\/\/tcscertification.com\/wp-content\/uploads\/2022\/09\/Ortak-Dokumanlar-Musteri-Memnuniyet-Anketi.doc\">Customer Satisfaction Survey<\/a><\/li><\/ul>\t\t\t\t\t\t\t\t<\/div>\n\t\t\t\t<\/div>\n\t\t\t\t\t<\/div>\n\t\t<\/div>\n\t\t\t\t\t<\/div>\n\t\t<\/section>\n\t\t\t\t<section class=\"elementor-section elementor-top-section elementor-element elementor-element-512cb2a elementor-section-boxed elementor-section-height-default elementor-section-height-default\" data-id=\"512cb2a\" data-element_type=\"section\">\n\t\t\t\t\t\t<div class=\"elementor-container elementor-column-gap-default\">\n\t\t\t\t\t<div class=\"elementor-column elementor-col-100 elementor-top-column elementor-element elementor-element-67df153\" data-id=\"67df153\" data-element_type=\"column\">\n\t\t\t<div class=\"elementor-widget-wrap elementor-element-populated\">\n\t\t\t\t\t\t<div class=\"elementor-element elementor-element-fe14ca0 elementor-widget elementor-widget-spacer\" data-id=\"fe14ca0\" data-element_type=\"widget\" data-widget_type=\"spacer.default\">\n\t\t\t\t<div class=\"elementor-widget-container\">\n\t\t\t\t\t\t\t<div class=\"elementor-spacer\">\n\t\t\t<div class=\"elementor-spacer-inner\"><\/div>\n\t\t<\/div>\n\t\t\t\t\t\t<\/div>\n\t\t\t\t<\/div>\n\t\t\t\t\t<\/div>\n\t\t<\/div>\n\t\t\t\t\t<\/div>\n\t\t<\/section>\n\t\t\t\t<\/div>","protected":false},"excerpt":{"rendered":"<p>D\u00f6k\u00fcmanlar Tetkik ve\u00a0 Belgelendirme Proses Ak\u0131\u015f \u015eemas\u0131 Ask\u0131ya Alma ve\u00a0 \u0130ptal Prosed\u00fcr\u00fc Uzaktan Denetim Prosed\u00fcr\u00fc \u00dccretlendirme Talimat\u0131 Denetim Ekibi El Kitab\u0131 Belgelendirme Kurallar\u0131 Ba\u015fvuru Evraklar\u0131 Listesi Belgelendirme Prosed\u00fcr\u00fc Tetkik Prosed\u00fcr\u00fc Logo Kullan\u0131m Talimat\u0131 \u015eikayet ve \u0130tiraz Prosed\u00fcr\u00fc \u015eikayet ve \u0130tiraz \u00d6neri Formu M\u00fc\u015fteri Memnuniyet Anketi<\/p>","protected":false},"author":1,"featured_media":0,"parent":0,"menu_order":0,"comment_status":"closed","ping_status":"closed","template":"","meta":{"footnotes":""},"class_list":["post-14567","page","type-page","status-publish","hentry"],"yoast_head":"<!-- This site is optimized with the Yoast SEO Premium plugin v19.7 (Yoast SEO v19.14) - https:\/\/yoast.com\/wordpress\/plugins\/seo\/ -->\n<title>Dok\u00fcmanlar | TCS Belgelendirme<\/title>\n<meta name=\"description\" content=\"Sistem Belgelendirme Dok\u00fcmanlar\u0131, Periyodik Kontrol Dok\u00fcmanlar\u0131, \u00dcr\u00fcn Belgelendirme Dok\u00fcmanlar\u0131, Personel Belgelendirme Dok\u00fcmanlar\u0131, Ortak Dok\u00fcmanlar\" \/>\n<meta name=\"robots\" content=\"index, follow, max-snippet:-1, max-image-preview:large, max-video-preview:-1\" \/>\n<link rel=\"canonical\" href=\"https:\/\/tcscertification.com\/en\/documents\/\" \/>\n<meta property=\"og:locale\" content=\"en_US\" \/>\n<meta property=\"og:type\" content=\"article\" \/>\n<meta property=\"og:title\" content=\"Dok\u00fcmanlar\" \/>\n<meta property=\"og:description\" content=\"Sistem Belgelendirme Dok\u00fcmanlar\u0131, Periyodik Kontrol Dok\u00fcmanlar\u0131, \u00dcr\u00fcn Belgelendirme Dok\u00fcmanlar\u0131, Personel Belgelendirme Dok\u00fcmanlar\u0131, Ortak Dok\u00fcmanlar\" \/>\n<meta property=\"og:url\" content=\"https:\/\/tcscertification.com\/en\/documents\/\" \/>\n<meta property=\"og:site_name\" content=\"TCS INTERNATIONAL CERTIFICATION LLC\" \/>\n<meta property=\"article:modified_time\" content=\"2025-06-28T12:45:52+00:00\" \/>\n<meta property=\"og:image\" content=\"https:\/\/tcscertification.com\/wp-content\/uploads\/2022\/10\/tcs-favicon.png\" \/>\n\t<meta property=\"og:image:width\" content=\"512\" \/>\n\t<meta property=\"og:image:height\" content=\"512\" \/>\n\t<meta property=\"og:image:type\" content=\"image\/png\" \/>\n<meta name=\"twitter:card\" content=\"summary_large_image\" \/>\n<meta name=\"twitter:label1\" content=\"Est. reading time\" \/>\n\t<meta name=\"twitter:data1\" content=\"1 minute\" \/>\n<script type=\"application\/ld+json\" class=\"yoast-schema-graph\">{\"@context\":\"https:\/\/schema.org\",\"@graph\":[{\"@type\":\"WebPage\",\"@id\":\"https:\/\/tcscertification.com\/dokumanlar-sayfasi\/\",\"url\":\"https:\/\/tcscertification.com\/dokumanlar-sayfasi\/\",\"name\":\"Dok\u00fcmanlar | TCS Belgelendirme\",\"isPartOf\":{\"@id\":\"https:\/\/tcscertification.com\/#website\"},\"datePublished\":\"2022-09-20T19:15:39+00:00\",\"dateModified\":\"2025-06-28T12:45:52+00:00\",\"description\":\"Sistem Belgelendirme Dok\u00fcmanlar\u0131, Periyodik Kontrol Dok\u00fcmanlar\u0131, \u00dcr\u00fcn Belgelendirme Dok\u00fcmanlar\u0131, Personel Belgelendirme Dok\u00fcmanlar\u0131, Ortak Dok\u00fcmanlar\",\"breadcrumb\":{\"@id\":\"https:\/\/tcscertification.com\/dokumanlar-sayfasi\/#breadcrumb\"},\"inLanguage\":\"en-US\",\"potentialAction\":[{\"@type\":\"ReadAction\",\"target\":[\"https:\/\/tcscertification.com\/dokumanlar-sayfasi\/\"]}]},{\"@type\":\"BreadcrumbList\",\"@id\":\"https:\/\/tcscertification.com\/dokumanlar-sayfasi\/#breadcrumb\",\"itemListElement\":[{\"@type\":\"ListItem\",\"position\":1,\"name\":\"Anasayfa\",\"item\":\"https:\/\/tcscertification.com\/\"},{\"@type\":\"ListItem\",\"position\":2,\"name\":\"Dok\u00fcmanlar\"}]},{\"@type\":\"WebSite\",\"@id\":\"https:\/\/tcscertification.com\/#website\",\"url\":\"https:\/\/tcscertification.com\/\",\"name\":\"TCS INTERNATIONAL CERTIFICATION LLC\",\"description\":\"\",\"publisher\":{\"@id\":\"https:\/\/tcscertification.com\/#organization\"},\"alternateName\":\"TCS INTERNATIONAL CERTIFICATION LLC\",\"potentialAction\":[{\"@type\":\"SearchAction\",\"target\":{\"@type\":\"EntryPoint\",\"urlTemplate\":\"https:\/\/tcscertification.com\/?s={search_term_string}\"},\"query-input\":\"required name=search_term_string\"}],\"inLanguage\":\"en-US\"},{\"@type\":\"Organization\",\"@id\":\"https:\/\/tcscertification.com\/#organization\",\"name\":\"TCS INTERNATIONAL\",\"alternateName\":\"TCS INTERNATIONAL CERTIFICATION LLC\",\"url\":\"https:\/\/tcscertification.com\/\",\"logo\":{\"@type\":\"ImageObject\",\"inLanguage\":\"en-US\",\"@id\":\"https:\/\/tcscertification.com\/#\/schema\/logo\/image\/\",\"url\":\"https:\/\/tcscertification.com\/wp-content\/uploads\/2023\/02\/tcs-logo-new.gif\",\"contentUrl\":\"https:\/\/tcscertification.com\/wp-content\/uploads\/2023\/02\/tcs-logo-new.gif\",\"width\":215,\"height\":100,\"caption\":\"TCS INTERNATIONAL\"},\"image\":{\"@id\":\"https:\/\/tcscertification.com\/#\/schema\/logo\/image\/\"}}]}<\/script>\n<!-- \/ Yoast SEO Premium plugin. -->","yoast_head_json":{"title":"Dok\u00fcmanlar | TCS Belgelendirme","description":"Sistem Belgelendirme Dok\u00fcmanlar\u0131, Periyodik Kontrol Dok\u00fcmanlar\u0131, \u00dcr\u00fcn Belgelendirme Dok\u00fcmanlar\u0131, Personel Belgelendirme Dok\u00fcmanlar\u0131, Ortak Dok\u00fcmanlar","robots":{"index":"index","follow":"follow","max-snippet":"max-snippet:-1","max-image-preview":"max-image-preview:large","max-video-preview":"max-video-preview:-1"},"canonical":"https:\/\/tcscertification.com\/en\/documents\/","og_locale":"en_US","og_type":"article","og_title":"Dok\u00fcmanlar","og_description":"Sistem Belgelendirme Dok\u00fcmanlar\u0131, Periyodik Kontrol Dok\u00fcmanlar\u0131, \u00dcr\u00fcn Belgelendirme Dok\u00fcmanlar\u0131, Personel Belgelendirme Dok\u00fcmanlar\u0131, Ortak Dok\u00fcmanlar","og_url":"https:\/\/tcscertification.com\/en\/documents\/","og_site_name":"TCS INTERNATIONAL CERTIFICATION LLC","article_modified_time":"2025-06-28T12:45:52+00:00","og_image":[{"width":512,"height":512,"url":"https:\/\/tcscertification.com\/wp-content\/uploads\/2022\/10\/tcs-favicon.png","type":"image\/png"}],"twitter_card":"summary_large_image","twitter_misc":{"Est. reading time":"1 minute"},"schema":{"@context":"https:\/\/schema.org","@graph":[{"@type":"WebPage","@id":"https:\/\/tcscertification.com\/dokumanlar-sayfasi\/","url":"https:\/\/tcscertification.com\/dokumanlar-sayfasi\/","name":"Dok\u00fcmanlar | TCS Belgelendirme","isPartOf":{"@id":"https:\/\/tcscertification.com\/#website"},"datePublished":"2022-09-20T19:15:39+00:00","dateModified":"2025-06-28T12:45:52+00:00","description":"Sistem Belgelendirme Dok\u00fcmanlar\u0131, Periyodik Kontrol Dok\u00fcmanlar\u0131, \u00dcr\u00fcn Belgelendirme Dok\u00fcmanlar\u0131, Personel Belgelendirme Dok\u00fcmanlar\u0131, Ortak Dok\u00fcmanlar","breadcrumb":{"@id":"https:\/\/tcscertification.com\/dokumanlar-sayfasi\/#breadcrumb"},"inLanguage":"en-US","potentialAction":[{"@type":"ReadAction","target":["https:\/\/tcscertification.com\/dokumanlar-sayfasi\/"]}]},{"@type":"BreadcrumbList","@id":"https:\/\/tcscertification.com\/dokumanlar-sayfasi\/#breadcrumb","itemListElement":[{"@type":"ListItem","position":1,"name":"Anasayfa","item":"https:\/\/tcscertification.com\/"},{"@type":"ListItem","position":2,"name":"Dok\u00fcmanlar"}]},{"@type":"WebSite","@id":"https:\/\/tcscertification.com\/#website","url":"https:\/\/tcscertification.com\/","name":"TCS INTERNATIONAL CERTIFICATION LLC","description":"","publisher":{"@id":"https:\/\/tcscertification.com\/#organization"},"alternateName":"TCS INTERNATIONAL CERTIFICATION LLC","potentialAction":[{"@type":"SearchAction","target":{"@type":"EntryPoint","urlTemplate":"https:\/\/tcscertification.com\/?s={search_term_string}"},"query-input":"required name=search_term_string"}],"inLanguage":"en-US"},{"@type":"Organization","@id":"https:\/\/tcscertification.com\/#organization","name":"TCS INTERNATIONAL","alternateName":"TCS INTERNATIONAL CERTIFICATION LLC","url":"https:\/\/tcscertification.com\/","logo":{"@type":"ImageObject","inLanguage":"en-US","@id":"https:\/\/tcscertification.com\/#\/schema\/logo\/image\/","url":"https:\/\/tcscertification.com\/wp-content\/uploads\/2023\/02\/tcs-logo-new.gif","contentUrl":"https:\/\/tcscertification.com\/wp-content\/uploads\/2023\/02\/tcs-logo-new.gif","width":215,"height":100,"caption":"TCS INTERNATIONAL"},"image":{"@id":"https:\/\/tcscertification.com\/#\/schema\/logo\/image\/"}}]}},"_links":{"self":[{"href":"https:\/\/tcscertification.com\/en\/wp-json\/wp\/v2\/pages\/14567","targetHints":{"allow":["GET"]}}],"collection":[{"href":"https:\/\/tcscertification.com\/en\/wp-json\/wp\/v2\/pages"}],"about":[{"href":"https:\/\/tcscertification.com\/en\/wp-json\/wp\/v2\/types\/page"}],"author":[{"embeddable":true,"href":"https:\/\/tcscertification.com\/en\/wp-json\/wp\/v2\/users\/1"}],"replies":[{"embeddable":true,"href":"https:\/\/tcscertification.com\/en\/wp-json\/wp\/v2\/comments?post=14567"}],"version-history":[{"count":115,"href":"https:\/\/tcscertification.com\/en\/wp-json\/wp\/v2\/pages\/14567\/revisions"}],"predecessor-version":[{"id":24728,"href":"https:\/\/tcscertification.com\/en\/wp-json\/wp\/v2\/pages\/14567\/revisions\/24728"}],"wp:attachment":[{"href":"https:\/\/tcscertification.com\/en\/wp-json\/wp\/v2\/media?parent=14567"}],"curies":[{"name":"wp","href":"https:\/\/api.w.org\/{rel}","templated":true}]}}