{"id":14554,"date":"2022-09-20T22:10:19","date_gmt":"2022-09-20T19:10:19","guid":{"rendered":"https:\/\/tcscertification.com\/?page_id=14554"},"modified":"2025-06-27T15:12:48","modified_gmt":"2025-06-27T12:12:48","slug":"our-accreditations","status":"publish","type":"page","link":"https:\/\/tcscertification.com\/en\/our-accreditations\/","title":{"rendered":"Our Accreditations"},"content":{"rendered":"<div data-elementor-type=\"wp-page\" data-elementor-id=\"14554\" class=\"elementor elementor-14554\" data-elementor-post-type=\"page\">\n\t\t\t\t\t\t<section class=\"elementor-section elementor-top-section elementor-element elementor-element-283fdbd elementor-section-boxed elementor-section-height-default elementor-section-height-default\" data-id=\"283fdbd\" data-element_type=\"section\">\n\t\t\t\t\t\t<div class=\"elementor-container elementor-column-gap-default\">\n\t\t\t\t\t<div class=\"elementor-column elementor-col-100 elementor-top-column elementor-element elementor-element-474bd7b\" data-id=\"474bd7b\" data-element_type=\"column\">\n\t\t\t<div class=\"elementor-widget-wrap elementor-element-populated\">\n\t\t\t\t\t\t<div class=\"elementor-element elementor-element-8afff74 elementor-widget elementor-widget-heading\" data-id=\"8afff74\" data-element_type=\"widget\" data-widget_type=\"heading.default\">\n\t\t\t\t<div class=\"elementor-widget-container\">\n\t\t\t\t\t<h1 class=\"elementor-heading-title elementor-size-default\">Our Accreditations<\/h1>\t\t\t\t<\/div>\n\t\t\t\t<\/div>\n\t\t\t\t\t<\/div>\n\t\t<\/div>\n\t\t\t\t\t<\/div>\n\t\t<\/section>\n\t\t\t\t<section class=\"elementor-section elementor-top-section elementor-element elementor-element-a9ba969 elementor-section-boxed elementor-section-height-default elementor-section-height-default\" data-id=\"a9ba969\" data-element_type=\"section\">\n\t\t\t\t\t\t<div class=\"elementor-container elementor-column-gap-default\">\n\t\t\t\t\t<div class=\"elementor-column elementor-col-100 elementor-top-column elementor-element elementor-element-b99c132\" data-id=\"b99c132\" data-element_type=\"column\">\n\t\t\t<div class=\"elementor-widget-wrap elementor-element-populated\">\n\t\t\t\t\t\t<div class=\"elementor-element elementor-element-f514e37 elementor-widget elementor-widget-spacer\" data-id=\"f514e37\" data-element_type=\"widget\" data-widget_type=\"spacer.default\">\n\t\t\t\t<div class=\"elementor-widget-container\">\n\t\t\t\t\t\t\t<div class=\"elementor-spacer\">\n\t\t\t<div class=\"elementor-spacer-inner\"><\/div>\n\t\t<\/div>\n\t\t\t\t\t\t<\/div>\n\t\t\t\t<\/div>\n\t\t\t\t\t<\/div>\n\t\t<\/div>\n\t\t\t\t\t<\/div>\n\t\t<\/section>\n\t\t\t\t<section class=\"elementor-section elementor-top-section elementor-element elementor-element-8ee5a0a elementor-section-boxed elementor-section-height-default elementor-section-height-default\" data-id=\"8ee5a0a\" data-element_type=\"section\">\n\t\t\t\t\t\t<div class=\"elementor-container elementor-column-gap-default\">\n\t\t\t\t\t<div class=\"elementor-column elementor-col-100 elementor-top-column elementor-element elementor-element-94d9bc1\" data-id=\"94d9bc1\" data-element_type=\"column\">\n\t\t\t<div class=\"elementor-widget-wrap elementor-element-populated\">\n\t\t\t\t\t\t<div class=\"elementor-element elementor-element-21c884c elementor-widget elementor-widget-text-editor\" data-id=\"21c884c\" data-element_type=\"widget\" data-widget_type=\"text-editor.default\">\n\t\t\t\t<div class=\"elementor-widget-container\">\n\t\t\t\t\t\t\t\t\t<p>TCS INTERNATIONAL CERTIFICATION LLC is a Conformity Assessment Body accredited by the International Accreditation Service (IAS) on 07.02.2025 with the file number MSCB-313 according to the TS EN ISO\/IEC 17021-1:2015 standard in the field of management systems certification.<\/p><p><strong><u>Management Systems Offered with IAS Accredited Certification Services<\/u><\/strong><\/p><ul><li>ISO 9001:2015-Quality Management System<\/li><li>ISO 14001:2015 Environmental Management System<\/li><li>ISO 45001:2018 Occupational Health and Safety Management SystemISO 45001:2018 Occupational Health and Safety Management System<\/li><li>ISO 50001:2018 Energy Management System<\/li><li>ISO\/IEC 27001:information security management system 2022<\/li><\/ul><p><strong><u>Management Systems Offering Non-Accredited Certification Services<\/u><\/strong><\/p><ul><li>ISO 10002 Customer Satisfaction Management System<\/li><li>ISO 22000 Food Safety Management System<\/li><li>ISO 27701 Personal Data Management System<\/li><li>ISO 22301 Social Security and Business Continuity Management System<\/li><li>ISO 20000-1 Information Technologies Management System<\/li><li>ISO 31000 Enterprise Risk Management Management System<\/li><li>ISO 37001 Anti-Corruption Management System<\/li><li>ISO 39001 Road and Traffic Safety Management System<\/li><\/ul><p><em>TCS International; IAS accredited certification system continues its activities throughout the world. Contact us for your requests.<\/em><\/p>\t\t\t\t\t\t\t\t<\/div>\n\t\t\t\t<\/div>\n\t\t\t\t\t<\/div>\n\t\t<\/div>\n\t\t\t\t\t<\/div>\n\t\t<\/section>\n\t\t\t\t<section class=\"elementor-section elementor-top-section elementor-element elementor-element-fb65ce9 elementor-section-boxed elementor-section-height-default elementor-section-height-default\" data-id=\"fb65ce9\" data-element_type=\"section\">\n\t\t\t\t\t\t<div class=\"elementor-container elementor-column-gap-default\">\n\t\t\t\t\t<div class=\"elementor-column elementor-col-100 elementor-top-column elementor-element elementor-element-dd2d4c9\" data-id=\"dd2d4c9\" data-element_type=\"column\" data-settings=\"{&quot;background_background&quot;:&quot;classic&quot;}\">\n\t\t\t<div class=\"elementor-widget-wrap elementor-element-populated\">\n\t\t\t\t\t\t<section class=\"elementor-section elementor-inner-section elementor-element elementor-element-9b0ed39 elementor-section-boxed elementor-section-height-default elementor-section-height-default\" data-id=\"9b0ed39\" data-element_type=\"section\">\n\t\t\t\t\t\t<div class=\"elementor-container elementor-column-gap-default\">\n\t\t\t\t\t<div class=\"elementor-column elementor-col-50 elementor-inner-column elementor-element elementor-element-a1ee9ae\" data-id=\"a1ee9ae\" data-element_type=\"column\">\n\t\t\t<div class=\"elementor-widget-wrap elementor-element-populated\">\n\t\t\t\t\t\t<div class=\"elementor-element elementor-element-1861304 elementor-widget__width-initial elementor-widget elementor-widget-image\" data-id=\"1861304\" data-element_type=\"widget\" data-widget_type=\"image.default\">\n\t\t\t\t<div class=\"elementor-widget-container\">\n\t\t\t\t\t\t\t\t\t\t\t\t\t\t\t\t<a href=\"https:\/\/tcscertification.com\/wp-content\/uploads\/2025\/06\/IAS-Akreditasyon-Sertifikasi.pdf\">\n\t\t\t\t\t\t\t<img fetchpriority=\"high\" decoding=\"async\" width=\"751\" height=\"299\" src=\"https:\/\/tcscertification.com\/wp-content\/uploads\/2023\/08\/image001.png\" class=\"attachment-full size-full wp-image-19523\" alt=\"\" srcset=\"https:\/\/tcscertification.com\/wp-content\/uploads\/2023\/08\/image001.png 751w, https:\/\/tcscertification.com\/wp-content\/uploads\/2023\/08\/image001-300x119.png 300w\" sizes=\"(max-width: 751px) 100vw, 751px\" \/>\t\t\t\t\t\t\t\t<\/a>\n\t\t\t\t\t\t\t\t\t\t\t\t\t\t\t<\/div>\n\t\t\t\t<\/div>\n\t\t\t\t\t<\/div>\n\t\t<\/div>\n\t\t\t\t<div class=\"elementor-column elementor-col-50 elementor-inner-column elementor-element elementor-element-e6e038b\" data-id=\"e6e038b\" data-element_type=\"column\">\n\t\t\t<div class=\"elementor-widget-wrap elementor-element-populated\">\n\t\t\t\t\t\t<div class=\"elementor-element elementor-element-b394fa9 elementor-widget elementor-widget-text-editor\" data-id=\"b394fa9\" data-element_type=\"widget\" data-widget_type=\"text-editor.default\">\n\t\t\t\t<div class=\"elementor-widget-container\">\n\t\t\t\t\t\t\t\t\t<p>According to internationally recognized quality standards and reliability <strong>IAS (International Accreditation Service)<\/strong> it is accredited by the<\/p>\t\t\t\t\t\t\t\t<\/div>\n\t\t\t\t<\/div>\n\t\t\t\t\t<\/div>\n\t\t<\/div>\n\t\t\t\t\t<\/div>\n\t\t<\/section>\n\t\t\t\t\t<\/div>\n\t\t<\/div>\n\t\t\t\t\t<\/div>\n\t\t<\/section>\n\t\t\t\t<\/div>","protected":false},"excerpt":{"rendered":"<p>Akreditasyonlar\u0131m\u0131z TCS INTERNATIONAL CERTIFICATION LLC, y\u00f6netim sistemleri belgelendirme alan\u0131nda TS EN ISO\/IEC 17021-1:2015 standard\u0131na g\u00f6re 07.02.2025 tarihinde International Accreditation Service (IAS) taraf\u0131ndan MSCB-313\u00a0dosya numaras\u0131 ile akredite edilen bir Uygunluk De\u011ferlendirme Kurulu\u015fudur. IAS Akreditasyonlu Belgelendirme Hizmeti Sunulan Y\u00f6netim Sistemleri ISO 9001:2015 Kalite Y\u00f6netim Sistemi ISO 14001:2015 \u00c7evre Y\u00f6netim Sistemi ISO 45001:2018 \u0130\u015f Sa\u011fl\u0131\u011f\u0131 ve G\u00fcvenli\u011fi Y\u00f6netim&#8230;<\/p>","protected":false},"author":1,"featured_media":0,"parent":0,"menu_order":0,"comment_status":"closed","ping_status":"closed","template":"","meta":{"footnotes":""},"class_list":["post-14554","page","type-page","status-publish","hentry"],"yoast_head":"<!-- This site is optimized with the Yoast SEO Premium plugin v19.7 (Yoast SEO v19.14) - https:\/\/yoast.com\/wordpress\/plugins\/seo\/ -->\n<title>Akreditasyonlar\u0131m\u0131z | TCS Belgelendirme<\/title>\n<meta name=\"description\" content=\"T\u00fcrk Akreditasyon Kurumu (TURKAK) taraf\u0131ndan akredite edilmi\u015ftir.\" \/>\n<meta name=\"robots\" content=\"index, follow, max-snippet:-1, max-image-preview:large, max-video-preview:-1\" \/>\n<link rel=\"canonical\" href=\"https:\/\/tcscertification.com\/en\/our-accreditations\/\" \/>\n<meta property=\"og:locale\" content=\"en_US\" \/>\n<meta property=\"og:type\" content=\"article\" \/>\n<meta property=\"og:title\" content=\"Akreditasyonlar\u0131m\u0131z\" \/>\n<meta property=\"og:description\" content=\"T\u00fcrk Akreditasyon Kurumu (TURKAK) taraf\u0131ndan akredite edilmi\u015ftir.\" \/>\n<meta property=\"og:url\" content=\"https:\/\/tcscertification.com\/en\/our-accreditations\/\" \/>\n<meta property=\"og:site_name\" content=\"TCS INTERNATIONAL CERTIFICATION LLC\" \/>\n<meta property=\"article:modified_time\" content=\"2025-06-27T12:12:48+00:00\" \/>\n<meta property=\"og:image\" content=\"https:\/\/tcscertification.com\/wp-content\/uploads\/2023\/08\/image001.png\" \/>\n<meta name=\"twitter:card\" content=\"summary_large_image\" \/>\n<meta name=\"twitter:label1\" content=\"Est. reading time\" \/>\n\t<meta name=\"twitter:data1\" content=\"2 minutes\" \/>\n<script type=\"application\/ld+json\" class=\"yoast-schema-graph\">{\"@context\":\"https:\/\/schema.org\",\"@graph\":[{\"@type\":\"WebPage\",\"@id\":\"https:\/\/tcscertification.com\/akreditasyonlarimiz\/\",\"url\":\"https:\/\/tcscertification.com\/akreditasyonlarimiz\/\",\"name\":\"Akreditasyonlar\u0131m\u0131z | TCS Belgelendirme\",\"isPartOf\":{\"@id\":\"https:\/\/tcscertification.com\/#website\"},\"datePublished\":\"2022-09-20T19:10:19+00:00\",\"dateModified\":\"2025-06-27T12:12:48+00:00\",\"description\":\"T\u00fcrk Akreditasyon Kurumu (TURKAK) taraf\u0131ndan akredite edilmi\u015ftir.\",\"breadcrumb\":{\"@id\":\"https:\/\/tcscertification.com\/akreditasyonlarimiz\/#breadcrumb\"},\"inLanguage\":\"en-US\",\"potentialAction\":[{\"@type\":\"ReadAction\",\"target\":[\"https:\/\/tcscertification.com\/akreditasyonlarimiz\/\"]}]},{\"@type\":\"BreadcrumbList\",\"@id\":\"https:\/\/tcscertification.com\/akreditasyonlarimiz\/#breadcrumb\",\"itemListElement\":[{\"@type\":\"ListItem\",\"position\":1,\"name\":\"Anasayfa\",\"item\":\"https:\/\/tcscertification.com\/\"},{\"@type\":\"ListItem\",\"position\":2,\"name\":\"Akreditasyonlar\u0131m\u0131z\"}]},{\"@type\":\"WebSite\",\"@id\":\"https:\/\/tcscertification.com\/#website\",\"url\":\"https:\/\/tcscertification.com\/\",\"name\":\"TCS INTERNATIONAL CERTIFICATION LLC\",\"description\":\"\",\"publisher\":{\"@id\":\"https:\/\/tcscertification.com\/#organization\"},\"alternateName\":\"TCS INTERNATIONAL CERTIFICATION LLC\",\"potentialAction\":[{\"@type\":\"SearchAction\",\"target\":{\"@type\":\"EntryPoint\",\"urlTemplate\":\"https:\/\/tcscertification.com\/?s={search_term_string}\"},\"query-input\":\"required name=search_term_string\"}],\"inLanguage\":\"en-US\"},{\"@type\":\"Organization\",\"@id\":\"https:\/\/tcscertification.com\/#organization\",\"name\":\"TCS INTERNATIONAL\",\"alternateName\":\"TCS INTERNATIONAL CERTIFICATION LLC\",\"url\":\"https:\/\/tcscertification.com\/\",\"logo\":{\"@type\":\"ImageObject\",\"inLanguage\":\"en-US\",\"@id\":\"https:\/\/tcscertification.com\/#\/schema\/logo\/image\/\",\"url\":\"https:\/\/tcscertification.com\/wp-content\/uploads\/2023\/02\/tcs-logo-new.gif\",\"contentUrl\":\"https:\/\/tcscertification.com\/wp-content\/uploads\/2023\/02\/tcs-logo-new.gif\",\"width\":215,\"height\":100,\"caption\":\"TCS INTERNATIONAL\"},\"image\":{\"@id\":\"https:\/\/tcscertification.com\/#\/schema\/logo\/image\/\"}}]}<\/script>\n<!-- \/ Yoast SEO Premium plugin. -->","yoast_head_json":{"title":"Akreditasyonlar\u0131m\u0131z | TCS Belgelendirme","description":"T\u00fcrk Akreditasyon Kurumu (TURKAK) taraf\u0131ndan akredite edilmi\u015ftir.","robots":{"index":"index","follow":"follow","max-snippet":"max-snippet:-1","max-image-preview":"max-image-preview:large","max-video-preview":"max-video-preview:-1"},"canonical":"https:\/\/tcscertification.com\/en\/our-accreditations\/","og_locale":"en_US","og_type":"article","og_title":"Akreditasyonlar\u0131m\u0131z","og_description":"T\u00fcrk Akreditasyon Kurumu (TURKAK) taraf\u0131ndan akredite edilmi\u015ftir.","og_url":"https:\/\/tcscertification.com\/en\/our-accreditations\/","og_site_name":"TCS INTERNATIONAL CERTIFICATION LLC","article_modified_time":"2025-06-27T12:12:48+00:00","og_image":[{"url":"https:\/\/tcscertification.com\/wp-content\/uploads\/2023\/08\/image001.png"}],"twitter_card":"summary_large_image","twitter_misc":{"Est. reading time":"2 minutes"},"schema":{"@context":"https:\/\/schema.org","@graph":[{"@type":"WebPage","@id":"https:\/\/tcscertification.com\/akreditasyonlarimiz\/","url":"https:\/\/tcscertification.com\/akreditasyonlarimiz\/","name":"Akreditasyonlar\u0131m\u0131z | TCS Belgelendirme","isPartOf":{"@id":"https:\/\/tcscertification.com\/#website"},"datePublished":"2022-09-20T19:10:19+00:00","dateModified":"2025-06-27T12:12:48+00:00","description":"T\u00fcrk Akreditasyon Kurumu (TURKAK) taraf\u0131ndan akredite edilmi\u015ftir.","breadcrumb":{"@id":"https:\/\/tcscertification.com\/akreditasyonlarimiz\/#breadcrumb"},"inLanguage":"en-US","potentialAction":[{"@type":"ReadAction","target":["https:\/\/tcscertification.com\/akreditasyonlarimiz\/"]}]},{"@type":"BreadcrumbList","@id":"https:\/\/tcscertification.com\/akreditasyonlarimiz\/#breadcrumb","itemListElement":[{"@type":"ListItem","position":1,"name":"Anasayfa","item":"https:\/\/tcscertification.com\/"},{"@type":"ListItem","position":2,"name":"Akreditasyonlar\u0131m\u0131z"}]},{"@type":"WebSite","@id":"https:\/\/tcscertification.com\/#website","url":"https:\/\/tcscertification.com\/","name":"TCS INTERNATIONAL CERTIFICATION LLC","description":"","publisher":{"@id":"https:\/\/tcscertification.com\/#organization"},"alternateName":"TCS INTERNATIONAL CERTIFICATION LLC","potentialAction":[{"@type":"SearchAction","target":{"@type":"EntryPoint","urlTemplate":"https:\/\/tcscertification.com\/?s={search_term_string}"},"query-input":"required name=search_term_string"}],"inLanguage":"en-US"},{"@type":"Organization","@id":"https:\/\/tcscertification.com\/#organization","name":"TCS INTERNATIONAL","alternateName":"TCS INTERNATIONAL CERTIFICATION LLC","url":"https:\/\/tcscertification.com\/","logo":{"@type":"ImageObject","inLanguage":"en-US","@id":"https:\/\/tcscertification.com\/#\/schema\/logo\/image\/","url":"https:\/\/tcscertification.com\/wp-content\/uploads\/2023\/02\/tcs-logo-new.gif","contentUrl":"https:\/\/tcscertification.com\/wp-content\/uploads\/2023\/02\/tcs-logo-new.gif","width":215,"height":100,"caption":"TCS INTERNATIONAL"},"image":{"@id":"https:\/\/tcscertification.com\/#\/schema\/logo\/image\/"}}]}},"_links":{"self":[{"href":"https:\/\/tcscertification.com\/en\/wp-json\/wp\/v2\/pages\/14554","targetHints":{"allow":["GET"]}}],"collection":[{"href":"https:\/\/tcscertification.com\/en\/wp-json\/wp\/v2\/pages"}],"about":[{"href":"https:\/\/tcscertification.com\/en\/wp-json\/wp\/v2\/types\/page"}],"author":[{"embeddable":true,"href":"https:\/\/tcscertification.com\/en\/wp-json\/wp\/v2\/users\/1"}],"replies":[{"embeddable":true,"href":"https:\/\/tcscertification.com\/en\/wp-json\/wp\/v2\/comments?post=14554"}],"version-history":[{"count":49,"href":"https:\/\/tcscertification.com\/en\/wp-json\/wp\/v2\/pages\/14554\/revisions"}],"predecessor-version":[{"id":24648,"href":"https:\/\/tcscertification.com\/en\/wp-json\/wp\/v2\/pages\/14554\/revisions\/24648"}],"wp:attachment":[{"href":"https:\/\/tcscertification.com\/en\/wp-json\/wp\/v2\/media?parent=14554"}],"curies":[{"name":"wp","href":"https:\/\/api.w.org\/{rel}","templated":true}]}}