{"id":13851,"date":"2022-09-06T11:50:28","date_gmt":"2022-09-06T08:50:28","guid":{"rendered":"https:\/\/tcscertification.com\/?page_id=13851"},"modified":"2025-07-03T16:47:15","modified_gmt":"2025-07-03T13:47:15","slug":"halal-certification","status":"publish","type":"page","link":"https:\/\/tcscertification.com\/en\/halal-certification\/","title":{"rendered":"Halal Certificate"},"content":{"rendered":"<div data-elementor-type=\"wp-page\" data-elementor-id=\"13851\" class=\"elementor elementor-13851\" data-elementor-post-type=\"page\">\n\t\t\t\t\t\t<section class=\"elementor-section elementor-top-section elementor-element elementor-element-4756ee7 elementor-section-boxed elementor-section-height-default elementor-section-height-default\" data-id=\"4756ee7\" data-element_type=\"section\">\n\t\t\t\t\t\t<div class=\"elementor-container elementor-column-gap-default\">\n\t\t\t\t\t<div class=\"elementor-column elementor-col-100 elementor-top-column elementor-element elementor-element-a37243e\" data-id=\"a37243e\" data-element_type=\"column\">\n\t\t\t<div class=\"elementor-widget-wrap elementor-element-populated\">\n\t\t\t\t\t\t<div class=\"elementor-element elementor-element-c429897 elementor-widget elementor-widget-heading\" data-id=\"c429897\" data-element_type=\"widget\" data-widget_type=\"heading.default\">\n\t\t\t\t<div class=\"elementor-widget-container\">\n\t\t\t\t\t<h1 class=\"elementor-heading-title elementor-size-default\">Halal Certificate<\/h1>\t\t\t\t<\/div>\n\t\t\t\t<\/div>\n\t\t\t\t\t<\/div>\n\t\t<\/div>\n\t\t\t\t\t<\/div>\n\t\t<\/section>\n\t\t\t\t<section class=\"elementor-section elementor-top-section elementor-element elementor-element-0a32509 elementor-section-boxed elementor-section-height-default elementor-section-height-default\" data-id=\"0a32509\" data-element_type=\"section\">\n\t\t\t\t\t\t<div class=\"elementor-container elementor-column-gap-default\">\n\t\t\t\t\t<div class=\"elementor-column elementor-col-100 elementor-top-column elementor-element elementor-element-2fab447\" data-id=\"2fab447\" data-element_type=\"column\">\n\t\t\t<div class=\"elementor-widget-wrap elementor-element-populated\">\n\t\t\t\t\t\t<div class=\"elementor-element elementor-element-ab9cc1f elementor-widget elementor-widget-spacer\" data-id=\"ab9cc1f\" data-element_type=\"widget\" data-widget_type=\"spacer.default\">\n\t\t\t\t<div class=\"elementor-widget-container\">\n\t\t\t\t\t\t\t<div class=\"elementor-spacer\">\n\t\t\t<div class=\"elementor-spacer-inner\"><\/div>\n\t\t<\/div>\n\t\t\t\t\t\t<\/div>\n\t\t\t\t<\/div>\n\t\t\t\t\t<\/div>\n\t\t<\/div>\n\t\t\t\t\t<\/div>\n\t\t<\/section>\n\t\t\t\t<section class=\"elementor-section elementor-top-section elementor-element elementor-element-ecd1d55 elementor-section-boxed elementor-section-height-default elementor-section-height-default\" data-id=\"ecd1d55\" data-element_type=\"section\">\n\t\t\t\t\t\t<div class=\"elementor-container elementor-column-gap-default\">\n\t\t\t\t\t<div class=\"elementor-column elementor-col-50 elementor-top-column elementor-element elementor-element-72d4034\" data-id=\"72d4034\" data-element_type=\"column\">\n\t\t\t<div class=\"elementor-widget-wrap elementor-element-populated\">\n\t\t\t\t\t\t<div class=\"elementor-element elementor-element-1248854 elementor-nav-menu__text-align-aside elementor-widget elementor-widget-nav-menu\" data-id=\"1248854\" data-element_type=\"widget\" data-settings=\"{&quot;layout&quot;:&quot;dropdown&quot;,&quot;submenu_icon&quot;:{&quot;value&quot;:&quot;&lt;i class=\\&quot;fas fa-caret-down\\&quot;&gt;&lt;\\\/i&gt;&quot;,&quot;library&quot;:&quot;fa-solid&quot;}}\" data-widget_type=\"nav-menu.default\">\n\t\t\t\t<div class=\"elementor-widget-container\">\n\t\t\t\t\t\t\t\t<nav class=\"elementor-nav-menu--dropdown elementor-nav-menu__container\" aria-hidden=\"true\">\n\t\t\t\t<ul id=\"menu-2-1248854\" class=\"elementor-nav-menu\"><li class=\"menu-item menu-item-type-post_type menu-item-object-page menu-item-14050\"><a href=\"https:\/\/tcscertification.com\/en\/iso-9001-quality\/\" class=\"elementor-item\" tabindex=\"-1\">ISO 9001 Quality<\/a><\/li>\n<li class=\"menu-item menu-item-type-post_type menu-item-object-page menu-item-14051\"><a href=\"https:\/\/tcscertification.com\/en\/iso-14001-environmental\/\" class=\"elementor-item\" tabindex=\"-1\">ISO 14001 Environmental<\/a><\/li>\n<li class=\"menu-item menu-item-type-post_type menu-item-object-page menu-item-14052\"><a href=\"https:\/\/tcscertification.com\/en\/job-security-iso-45001\/\" class=\"elementor-item\" tabindex=\"-1\">ISO 45001 Job Security<\/a><\/li>\n<li class=\"menu-item menu-item-type-post_type menu-item-object-page menu-item-14053\"><a href=\"https:\/\/tcscertification.com\/en\/iso-22000-food-safety\/\" class=\"elementor-item\" tabindex=\"-1\">ISO 22000 Food Safety<\/a><\/li>\n<li class=\"menu-item menu-item-type-post_type menu-item-object-page menu-item-14054\"><a href=\"https:\/\/tcscertification.com\/en\/iso-27001-information-security\/\" class=\"elementor-item\" tabindex=\"-1\">ISO 27001 Information Security<\/a><\/li>\n<li class=\"menu-item menu-item-type-post_type menu-item-object-page menu-item-14055\"><a href=\"https:\/\/tcscertification.com\/en\/iso-27701-personal-information\/\" class=\"elementor-item\" tabindex=\"-1\">ISO 27701 Personal Information<\/a><\/li>\n<li class=\"menu-item menu-item-type-post_type menu-item-object-page menu-item-14056\"><a href=\"https:\/\/tcscertification.com\/en\/iso-50001-energy\/\" class=\"elementor-item\" tabindex=\"-1\">ISO 50001 Energy<\/a><\/li>\n<li class=\"menu-item menu-item-type-post_type menu-item-object-page menu-item-14057\"><a href=\"https:\/\/tcscertification.com\/en\/iso-22301-social-security-and-business-continuity\/\" class=\"elementor-item\" tabindex=\"-1\">ISO 22301 Social Security and Business Continuity<\/a><\/li>\n<li class=\"menu-item menu-item-type-post_type menu-item-object-page menu-item-14058\"><a href=\"https:\/\/tcscertification.com\/en\/iso-20000-1-information-technology\/\" class=\"elementor-item\" tabindex=\"-1\">ISO 20000-1 Information Technology<\/a><\/li>\n<li class=\"menu-item menu-item-type-post_type menu-item-object-page menu-item-14059\"><a href=\"https:\/\/tcscertification.com\/en\/iso-10002-customer-satisfaction\/\" class=\"elementor-item\" tabindex=\"-1\">ISO 10002 Customer Satisfaction<\/a><\/li>\n<li class=\"menu-item menu-item-type-post_type menu-item-object-page menu-item-14060\"><a href=\"https:\/\/tcscertification.com\/en\/iso-31000-enterprise-risk-management\/\" class=\"elementor-item\" tabindex=\"-1\">ISO 31000 Enterprise Risk Management<\/a><\/li>\n<li class=\"menu-item menu-item-type-post_type menu-item-object-page menu-item-14061\"><a href=\"https:\/\/tcscertification.com\/en\/iso-37001-fighting-anti-corruption\/\" class=\"elementor-item\" tabindex=\"-1\">ISO 37001 Fighting Anti-Corruption<\/a><\/li>\n<li class=\"menu-item menu-item-type-post_type menu-item-object-page menu-item-14062\"><a href=\"https:\/\/tcscertification.com\/en\/iso-39001-road-and-traffic-safety\/\" class=\"elementor-item\" tabindex=\"-1\">ISO 39001 Road and Traffic Safety<\/a><\/li>\n<li class=\"menu-item menu-item-type-post_type menu-item-object-page menu-item-14063\"><a href=\"https:\/\/tcscertification.com\/en\/iatf-16949-automotive\/\" class=\"elementor-item\" tabindex=\"-1\">IATF 16949 Automotive<\/a><\/li>\n<li class=\"menu-item menu-item-type-post_type menu-item-object-page menu-item-14064\"><a href=\"https:\/\/tcscertification.com\/en\/as-9100-aviation\/\" class=\"elementor-item\" tabindex=\"-1\">AS 9100 Aviation<\/a><\/li>\n<li class=\"menu-item menu-item-type-post_type menu-item-object-page menu-item-14065\"><a href=\"https:\/\/tcscertification.com\/en\/gmp-good-manufacturing-practices\/\" class=\"elementor-item\" tabindex=\"-1\">GMP Good Manufacturing Practices<\/a><\/li>\n<li class=\"menu-item menu-item-type-post_type menu-item-object-page menu-item-14066\"><a href=\"https:\/\/tcscertification.com\/en\/halal-certification\/\" class=\"elementor-item\" tabindex=\"-1\">Halal Certificate<\/a><\/li>\n<\/ul>\t\t\t<\/nav>\n\t\t\t\t\t\t<\/div>\n\t\t\t\t<\/div>\n\t\t\t\t\t<\/div>\n\t\t<\/div>\n\t\t\t\t<div class=\"elementor-column elementor-col-50 elementor-top-column elementor-element elementor-element-678b68b\" data-id=\"678b68b\" data-element_type=\"column\">\n\t\t\t<div class=\"elementor-widget-wrap elementor-element-populated\">\n\t\t\t\t\t\t<div class=\"elementor-element elementor-element-574ea42 elementor-widget elementor-widget-text-editor\" data-id=\"574ea42\" data-element_type=\"widget\" data-widget_type=\"text-editor.default\">\n\t\t\t\t<div class=\"elementor-widget-container\">\n\t\t\t\t\t\t\t\t\t<h2 style=\"letter-spacing: normal;\"><strong>What is a Halal Certificate?<\/strong><\/h2><p>Halal certificate or Halal certificate is a type of document given to foodstuffs that are prepared in accordance with the conditions of Islam (Shafi, Hanbali, Maliki, Hanafi sects). Halal certificate or document is an international document type given to foodstuffs that are not prohibited based on the rules of the Islamic religion.<\/p><p><span style=\"font-weight: bold;\">Halal certificate<\/span>, is a group of implementation activities that include the examination of the production subject to certification by a reliable, religiously knowledgeable, competent and impartial institution, its approval that the production activity is carried out in accordance with religious rules and halal standards and issuing a certificate that is acceptable as appropriate. Within the scope of technical examinations, the actual examinations of at least two Muslim individuals who are technically competent and the surety made according to a halal security network in order to ensure the continuity of the system is the shahada. The document taken from English to our language actually contains the meaning of Shahada and reveals a declaration that is binding in terms of Islamic synthesis. Halal food certification is a matter of jurisprudence.<\/p><p>In foods, it is the condition that it must also have health suitability and purity. The document given under these conditions is called Halal Certificate. Even if there are no food networks such as ISO 9001, ISO 22000, PAS 220, FSSC 22000, HACCP, you can have a Halal certificate.\u00a0<\/p><p>As a company that has been providing quality certification services since its establishment, we have adopted a customer-oriented philosophy. Our company, which responds to the needs of its customers with our Halal certificate Izmir, Halal certificate Istanbul, Halal certificate Ankara, Halal certificate Bursa, Halal certificate Adana, Halal certificate Antalya, Halal certificate Konya, Halal certificate Kayseri, Halal certificate Eski\u015fehir offices, is based on customer satisfaction.<\/p><p><span style=\"font-weight: bold;\">To obtain the halal certificate is also an organization, the following gains\u00a0<\/span><span style=\"font-weight: bold;\">we can also provide;<\/span><\/p><ul><li aria-level=\"1\">Why structure and magnitude of very large fortunes Sunday 2 billion Muslims in countries to be more than 2 trillion halal consumer advantages<\/li><li aria-level=\"1\">Product\/service production and gives character to the area, the increase of qualifications allows<\/li><li aria-level=\"1\">The increase in the demand for halal certified products with your product\/service sell<\/li><li aria-level=\"1\">Taking place in the global Halal Chain,<\/li><li aria-level=\"1\">While Muslims prefer only halal non-Muslims, halal choice you can make<\/li><li aria-level=\"1\">Products\/services is guaranteed to be suitable to requirements or the Islamic lifestyle, Islamic,<\/li><li aria-level=\"1\">On the market provides you<\/li><li aria-level=\"1\">Enhances marketing capabilities.<\/li><\/ul><h3 style=\"letter-spacing: normal;\"><span style=\"text-decoration-line: underline;\"><strong>Benefits of Halal Certificate<\/strong><\/span><\/h3><h4 style=\"letter-spacing: normal;\"><strong><span style=\"text-decoration-line: underline;\">Consumer confidence<\/span><\/strong><\/h4><p>Certification provides consumers with the opportunity to make an informed choice in line with their preferences. At the same time, with a continuous inspection mechanism, consumers can safely consume the food they purchase.<\/p><p>Halal certification provides an impartial expert service that inspects products, additives, preparation and processing methods, cleanliness and health conditions within strict safety rules.<\/p><h4 style=\"letter-spacing: normal;\"><span style=\"text-decoration-line: underline;\"><strong>Exports and Competition<\/strong><\/span><\/h4><p>The halal food sector has been increasing its importance in the global market recently. Companies that receive our halal certificate will be able to supply their products to the global halal food market and increase their competitive power.<\/p><p>Halal certification ensures that the product and the producer are recognized and promoted within Global Islam.<\/p><h4 style=\"letter-spacing: normal;\"><span style=\"text-decoration-line: underline;\"><strong>Quality<\/strong><\/span><\/h4><p>This certificate indicates that the food product not only complies with the requirements of the halal law, but also that food safety and hygiene practices are strictly applied in the production of this product.<\/p><p>For more detailed information about our services, you can contact us at www.tcscertification.com or by calling 444 31 67.<\/p><p><strong>Conditions for Obtaining Halal Certificate<\/strong><\/p><ul><li aria-level=\"1\">Doesn&#039;t use additives and food ingredients produced from pig and pig being<\/li><li aria-level=\"1\">Manufactured from blood and finished goods and semi-finished products to avoid.<\/li><li aria-level=\"1\">Carcinogenic, GDO\u2019 lu prohibited the use of materials that have been proven to harm human health in many countries to prevent the production stages.<\/li><li aria-level=\"1\">Hygienic production conditions in order to comply with<\/li><li aria-level=\"1\">Food production is legal permissions<\/li><li aria-level=\"1\">The presence of the engineer contracted food,<\/li><li aria-level=\"1\">If deemed necessary, generally a lack of halal food products that pose a problem in the analysis to be done first prominently as the conditions can be addressed.<\/li><\/ul><p><strong>What Do Consumers Think About Halal Certification?<\/strong><\/p><p><strong>Do your consumers, that is, your customers, trust halal certificates?<\/strong>\u00a0A survey study conducted on this subject states that the majority of society's purchasing preferences are influenced by foods bearing the halal sign. The biggest misconception of consumers is that every natural village product is considered halal and the issue of halal is approached narrowly, with only prohibited meat and drinks.<\/p><p>While 79% of consumers state that they pay attention to the signs on the products they purchase, 13% are undecided. The reason for their indecisiveness stems from their lack of trust in the documents provided. 8% of those who participated in the survey state that they do not look at the signs at all. There are also consumers who prefer halal marked products in order to consume healthy food.<\/p><p>With an eye on the result, when the halal logo is used with due diligence, it makes the products sold attractive to the majority of customers. Consumer trust is the most valuable reason here. This trust should not be lost.<\/p>\t\t\t\t\t\t\t\t<\/div>\n\t\t\t\t<\/div>\n\t\t\t\t\t<\/div>\n\t\t<\/div>\n\t\t\t\t\t<\/div>\n\t\t<\/section>\n\t\t\t\t<section class=\"elementor-section elementor-top-section elementor-element elementor-element-26c027a elementor-section-boxed elementor-section-height-default elementor-section-height-default\" data-id=\"26c027a\" data-element_type=\"section\">\n\t\t\t\t\t\t<div class=\"elementor-container elementor-column-gap-default\">\n\t\t\t\t\t<div class=\"elementor-column elementor-col-100 elementor-top-column elementor-element elementor-element-5f38e08\" data-id=\"5f38e08\" data-element_type=\"column\">\n\t\t\t<div class=\"elementor-widget-wrap elementor-element-populated\">\n\t\t\t\t\t\t<div class=\"elementor-element elementor-element-94591b2 elementor-align-center elementor-widget elementor-widget-button\" data-id=\"94591b2\" data-element_type=\"widget\" data-widget_type=\"button.default\">\n\t\t\t\t<div class=\"elementor-widget-container\">\n\t\t\t\t\t\t\t\t\t<div class=\"elementor-button-wrapper\">\n\t\t\t\t\t<a class=\"elementor-button elementor-button-link elementor-size-sm\" href=\"https:\/\/tcscertification.com\/en\/application-for-certification\/\">\n\t\t\t\t\t\t<span class=\"elementor-button-content-wrapper\">\n\t\t\t\t\t\t\t\t\t<span class=\"elementor-button-text\">Quick Reference<\/span>\n\t\t\t\t\t<\/span>\n\t\t\t\t\t<\/a>\n\t\t\t\t<\/div>\n\t\t\t\t\t\t\t\t<\/div>\n\t\t\t\t<\/div>\n\t\t\t\t\t<\/div>\n\t\t<\/div>\n\t\t\t\t\t<\/div>\n\t\t<\/section>\n\t\t\t\t<\/div>","protected":false},"excerpt":{"rendered":"<p>Helal G\u0131da Helal belgesi nedir? Helal belgesi veya H\u00e2lal belgesi, islamiyet \u015fartlar\u0131na g\u00f6re(\u015fafi,hanbeli, maliki, Hanefi mezheplerine g\u00f6re)uygun bir \u015fekilde haz\u0131rlanan besin maddelerine verilen bir belge\u00a0 t\u00fcr\u00fcd\u00fcr. Helal sertifikas\u0131 yahut belgesi \u0130slamiyet dininin kurallar\u0131na istinaden yasak olmayan besin maddelerine verilmi\u015f olan milletler aras\u0131 bir belge t\u00fcr\u00fcne denir. Helal belgesi, g\u00fcvenilir, dini bilgisi ve bilinci tam olan,\u00a0&#8230;<\/p>","protected":false},"author":1,"featured_media":0,"parent":0,"menu_order":0,"comment_status":"closed","ping_status":"closed","template":"","meta":{"footnotes":""},"class_list":["post-13851","page","type-page","status-publish","hentry"],"yoast_head":"<!-- This site is optimized with the Yoast SEO Premium plugin v19.7 (Yoast SEO v19.14) - https:\/\/yoast.com\/wordpress\/plugins\/seo\/ -->\n<title>Helal G\u0131da | TCS Belgelendirme<\/title>\n<meta name=\"description\" content=\"Helal belgesi veya H\u00e2lal belgesi, islamiyet \u015fartlar\u0131na g\u00f6re(\u015fafi,hanbeli, maliki, Hanefi mezheplerine g\u00f6re)uygun bir \u015fekilde haz\u0131rlanan besin maddelerine verilen bir belge t\u00fcr\u00fcd\u00fcr. Helal sertifikas\u0131 yahut belgesi \u0130slamiyet dininin kurallar\u0131na istinaden yasak olmayan besin maddelerine verilmi\u015f olan milletler aras\u0131 bir belge t\u00fcr\u00fcne denir.\" \/>\n<meta name=\"robots\" content=\"index, follow, max-snippet:-1, max-image-preview:large, max-video-preview:-1\" \/>\n<link rel=\"canonical\" href=\"https:\/\/tcscertification.com\/en\/halal-certification\/\" \/>\n<meta property=\"og:locale\" content=\"en_US\" \/>\n<meta property=\"og:type\" content=\"article\" \/>\n<meta property=\"og:title\" content=\"Helal G\u0131da\" \/>\n<meta property=\"og:description\" content=\"Helal belgesi veya H\u00e2lal belgesi, islamiyet \u015fartlar\u0131na g\u00f6re(\u015fafi,hanbeli, maliki, Hanefi mezheplerine g\u00f6re)uygun bir \u015fekilde haz\u0131rlanan besin maddelerine verilen bir belge t\u00fcr\u00fcd\u00fcr. Helal sertifikas\u0131 yahut belgesi \u0130slamiyet dininin kurallar\u0131na istinaden yasak olmayan besin maddelerine verilmi\u015f olan milletler aras\u0131 bir belge t\u00fcr\u00fcne denir.\" \/>\n<meta property=\"og:url\" content=\"https:\/\/tcscertification.com\/en\/halal-certification\/\" \/>\n<meta property=\"og:site_name\" content=\"TCS INTERNATIONAL CERTIFICATION LLC\" \/>\n<meta property=\"article:modified_time\" content=\"2025-07-03T13:47:15+00:00\" \/>\n<meta property=\"og:image\" content=\"https:\/\/tcscertification.com\/wp-content\/uploads\/2022\/10\/tcs-favicon.png\" \/>\n\t<meta property=\"og:image:width\" content=\"512\" \/>\n\t<meta property=\"og:image:height\" content=\"512\" \/>\n\t<meta property=\"og:image:type\" content=\"image\/png\" \/>\n<meta name=\"twitter:card\" content=\"summary_large_image\" \/>\n<meta name=\"twitter:label1\" content=\"Est. reading time\" \/>\n\t<meta name=\"twitter:data1\" content=\"5 minutes\" \/>\n<script type=\"application\/ld+json\" class=\"yoast-schema-graph\">{\"@context\":\"https:\/\/schema.org\",\"@graph\":[{\"@type\":\"WebPage\",\"@id\":\"https:\/\/tcscertification.com\/helal-gida\/\",\"url\":\"https:\/\/tcscertification.com\/helal-gida\/\",\"name\":\"Helal G\u0131da | TCS Belgelendirme\",\"isPartOf\":{\"@id\":\"https:\/\/tcscertification.com\/#website\"},\"datePublished\":\"2022-09-06T08:50:28+00:00\",\"dateModified\":\"2025-07-03T13:47:15+00:00\",\"description\":\"Helal belgesi veya H\u00e2lal belgesi, islamiyet \u015fartlar\u0131na g\u00f6re(\u015fafi,hanbeli, maliki, Hanefi mezheplerine g\u00f6re)uygun bir \u015fekilde haz\u0131rlanan besin maddelerine verilen bir belge t\u00fcr\u00fcd\u00fcr. Helal sertifikas\u0131 yahut belgesi \u0130slamiyet dininin kurallar\u0131na istinaden yasak olmayan besin maddelerine verilmi\u015f olan milletler aras\u0131 bir belge t\u00fcr\u00fcne denir.\",\"breadcrumb\":{\"@id\":\"https:\/\/tcscertification.com\/helal-gida\/#breadcrumb\"},\"inLanguage\":\"en-US\",\"potentialAction\":[{\"@type\":\"ReadAction\",\"target\":[\"https:\/\/tcscertification.com\/helal-gida\/\"]}]},{\"@type\":\"BreadcrumbList\",\"@id\":\"https:\/\/tcscertification.com\/helal-gida\/#breadcrumb\",\"itemListElement\":[{\"@type\":\"ListItem\",\"position\":1,\"name\":\"Anasayfa\",\"item\":\"https:\/\/tcscertification.com\/\"},{\"@type\":\"ListItem\",\"position\":2,\"name\":\"Helal G\u0131da\"}]},{\"@type\":\"WebSite\",\"@id\":\"https:\/\/tcscertification.com\/#website\",\"url\":\"https:\/\/tcscertification.com\/\",\"name\":\"TCS INTERNATIONAL CERTIFICATION LLC\",\"description\":\"\",\"publisher\":{\"@id\":\"https:\/\/tcscertification.com\/#organization\"},\"alternateName\":\"TCS INTERNATIONAL CERTIFICATION LLC\",\"potentialAction\":[{\"@type\":\"SearchAction\",\"target\":{\"@type\":\"EntryPoint\",\"urlTemplate\":\"https:\/\/tcscertification.com\/?s={search_term_string}\"},\"query-input\":\"required name=search_term_string\"}],\"inLanguage\":\"en-US\"},{\"@type\":\"Organization\",\"@id\":\"https:\/\/tcscertification.com\/#organization\",\"name\":\"TCS INTERNATIONAL\",\"alternateName\":\"TCS INTERNATIONAL CERTIFICATION LLC\",\"url\":\"https:\/\/tcscertification.com\/\",\"logo\":{\"@type\":\"ImageObject\",\"inLanguage\":\"en-US\",\"@id\":\"https:\/\/tcscertification.com\/#\/schema\/logo\/image\/\",\"url\":\"https:\/\/tcscertification.com\/wp-content\/uploads\/2023\/02\/tcs-logo-new.gif\",\"contentUrl\":\"https:\/\/tcscertification.com\/wp-content\/uploads\/2023\/02\/tcs-logo-new.gif\",\"width\":215,\"height\":100,\"caption\":\"TCS INTERNATIONAL\"},\"image\":{\"@id\":\"https:\/\/tcscertification.com\/#\/schema\/logo\/image\/\"}}]}<\/script>\n<!-- \/ Yoast SEO Premium plugin. -->","yoast_head_json":{"title":"Helal G\u0131da | TCS Belgelendirme","description":"Helal belgesi veya H\u00e2lal belgesi, islamiyet \u015fartlar\u0131na g\u00f6re(\u015fafi,hanbeli, maliki, Hanefi mezheplerine g\u00f6re)uygun bir \u015fekilde haz\u0131rlanan besin maddelerine verilen bir belge t\u00fcr\u00fcd\u00fcr. Helal sertifikas\u0131 yahut belgesi \u0130slamiyet dininin kurallar\u0131na istinaden yasak olmayan besin maddelerine verilmi\u015f olan milletler aras\u0131 bir belge t\u00fcr\u00fcne denir.","robots":{"index":"index","follow":"follow","max-snippet":"max-snippet:-1","max-image-preview":"max-image-preview:large","max-video-preview":"max-video-preview:-1"},"canonical":"https:\/\/tcscertification.com\/en\/halal-certification\/","og_locale":"en_US","og_type":"article","og_title":"Helal G\u0131da","og_description":"Helal belgesi veya H\u00e2lal belgesi, islamiyet \u015fartlar\u0131na g\u00f6re(\u015fafi,hanbeli, maliki, Hanefi mezheplerine g\u00f6re)uygun bir \u015fekilde haz\u0131rlanan besin maddelerine verilen bir belge t\u00fcr\u00fcd\u00fcr. Helal sertifikas\u0131 yahut belgesi \u0130slamiyet dininin kurallar\u0131na istinaden yasak olmayan besin maddelerine verilmi\u015f olan milletler aras\u0131 bir belge t\u00fcr\u00fcne denir.","og_url":"https:\/\/tcscertification.com\/en\/halal-certification\/","og_site_name":"TCS INTERNATIONAL CERTIFICATION LLC","article_modified_time":"2025-07-03T13:47:15+00:00","og_image":[{"width":512,"height":512,"url":"https:\/\/tcscertification.com\/wp-content\/uploads\/2022\/10\/tcs-favicon.png","type":"image\/png"}],"twitter_card":"summary_large_image","twitter_misc":{"Est. reading time":"5 minutes"},"schema":{"@context":"https:\/\/schema.org","@graph":[{"@type":"WebPage","@id":"https:\/\/tcscertification.com\/helal-gida\/","url":"https:\/\/tcscertification.com\/helal-gida\/","name":"Helal G\u0131da | TCS Belgelendirme","isPartOf":{"@id":"https:\/\/tcscertification.com\/#website"},"datePublished":"2022-09-06T08:50:28+00:00","dateModified":"2025-07-03T13:47:15+00:00","description":"Helal belgesi veya H\u00e2lal belgesi, islamiyet \u015fartlar\u0131na g\u00f6re(\u015fafi,hanbeli, maliki, Hanefi mezheplerine g\u00f6re)uygun bir \u015fekilde haz\u0131rlanan besin maddelerine verilen bir belge t\u00fcr\u00fcd\u00fcr. Helal sertifikas\u0131 yahut belgesi \u0130slamiyet dininin kurallar\u0131na istinaden yasak olmayan besin maddelerine verilmi\u015f olan milletler aras\u0131 bir belge t\u00fcr\u00fcne denir.","breadcrumb":{"@id":"https:\/\/tcscertification.com\/helal-gida\/#breadcrumb"},"inLanguage":"en-US","potentialAction":[{"@type":"ReadAction","target":["https:\/\/tcscertification.com\/helal-gida\/"]}]},{"@type":"BreadcrumbList","@id":"https:\/\/tcscertification.com\/helal-gida\/#breadcrumb","itemListElement":[{"@type":"ListItem","position":1,"name":"Anasayfa","item":"https:\/\/tcscertification.com\/"},{"@type":"ListItem","position":2,"name":"Helal G\u0131da"}]},{"@type":"WebSite","@id":"https:\/\/tcscertification.com\/#website","url":"https:\/\/tcscertification.com\/","name":"TCS INTERNATIONAL CERTIFICATION LLC","description":"","publisher":{"@id":"https:\/\/tcscertification.com\/#organization"},"alternateName":"TCS INTERNATIONAL CERTIFICATION LLC","potentialAction":[{"@type":"SearchAction","target":{"@type":"EntryPoint","urlTemplate":"https:\/\/tcscertification.com\/?s={search_term_string}"},"query-input":"required name=search_term_string"}],"inLanguage":"en-US"},{"@type":"Organization","@id":"https:\/\/tcscertification.com\/#organization","name":"TCS INTERNATIONAL","alternateName":"TCS INTERNATIONAL CERTIFICATION LLC","url":"https:\/\/tcscertification.com\/","logo":{"@type":"ImageObject","inLanguage":"en-US","@id":"https:\/\/tcscertification.com\/#\/schema\/logo\/image\/","url":"https:\/\/tcscertification.com\/wp-content\/uploads\/2023\/02\/tcs-logo-new.gif","contentUrl":"https:\/\/tcscertification.com\/wp-content\/uploads\/2023\/02\/tcs-logo-new.gif","width":215,"height":100,"caption":"TCS INTERNATIONAL"},"image":{"@id":"https:\/\/tcscertification.com\/#\/schema\/logo\/image\/"}}]}},"_links":{"self":[{"href":"https:\/\/tcscertification.com\/en\/wp-json\/wp\/v2\/pages\/13851","targetHints":{"allow":["GET"]}}],"collection":[{"href":"https:\/\/tcscertification.com\/en\/wp-json\/wp\/v2\/pages"}],"about":[{"href":"https:\/\/tcscertification.com\/en\/wp-json\/wp\/v2\/types\/page"}],"author":[{"embeddable":true,"href":"https:\/\/tcscertification.com\/en\/wp-json\/wp\/v2\/users\/1"}],"replies":[{"embeddable":true,"href":"https:\/\/tcscertification.com\/en\/wp-json\/wp\/v2\/comments?post=13851"}],"version-history":[{"count":20,"href":"https:\/\/tcscertification.com\/en\/wp-json\/wp\/v2\/pages\/13851\/revisions"}],"predecessor-version":[{"id":24727,"href":"https:\/\/tcscertification.com\/en\/wp-json\/wp\/v2\/pages\/13851\/revisions\/24727"}],"wp:attachment":[{"href":"https:\/\/tcscertification.com\/en\/wp-json\/wp\/v2\/media?parent=13851"}],"curies":[{"name":"wp","href":"https:\/\/api.w.org\/{rel}","templated":true}]}}