{"id":13849,"date":"2022-09-06T11:49:58","date_gmt":"2022-09-06T08:49:58","guid":{"rendered":"https:\/\/tcscertification.com\/?page_id=13849"},"modified":"2025-07-03T16:46:27","modified_gmt":"2025-07-03T13:46:27","slug":"gmp-good-manufacturing-practices","status":"publish","type":"page","link":"https:\/\/tcscertification.com\/en\/gmp-good-manufacturing-practices\/","title":{"rendered":"GMP Good Manufacturing Practices"},"content":{"rendered":"<div data-elementor-type=\"wp-page\" data-elementor-id=\"13849\" class=\"elementor elementor-13849\" data-elementor-post-type=\"page\">\n\t\t\t\t\t\t<section class=\"elementor-section elementor-top-section elementor-element elementor-element-2b9cb71 elementor-section-boxed elementor-section-height-default elementor-section-height-default\" data-id=\"2b9cb71\" data-element_type=\"section\">\n\t\t\t\t\t\t<div class=\"elementor-container elementor-column-gap-default\">\n\t\t\t\t\t<div class=\"elementor-column elementor-col-100 elementor-top-column elementor-element elementor-element-4fe6a8c\" data-id=\"4fe6a8c\" data-element_type=\"column\">\n\t\t\t<div class=\"elementor-widget-wrap elementor-element-populated\">\n\t\t\t\t\t\t<div class=\"elementor-element elementor-element-94d89d7 elementor-widget elementor-widget-heading\" data-id=\"94d89d7\" data-element_type=\"widget\" data-widget_type=\"heading.default\">\n\t\t\t\t<div class=\"elementor-widget-container\">\n\t\t\t\t\t<h1 class=\"elementor-heading-title elementor-size-default\">GMP Good Manufacturing Practices<\/h1>\t\t\t\t<\/div>\n\t\t\t\t<\/div>\n\t\t\t\t\t<\/div>\n\t\t<\/div>\n\t\t\t\t\t<\/div>\n\t\t<\/section>\n\t\t\t\t<section class=\"elementor-section elementor-top-section elementor-element elementor-element-138fbe8 elementor-section-boxed elementor-section-height-default elementor-section-height-default\" data-id=\"138fbe8\" data-element_type=\"section\">\n\t\t\t\t\t\t<div class=\"elementor-container elementor-column-gap-default\">\n\t\t\t\t\t<div class=\"elementor-column elementor-col-100 elementor-top-column elementor-element elementor-element-10e2032\" data-id=\"10e2032\" data-element_type=\"column\">\n\t\t\t<div class=\"elementor-widget-wrap elementor-element-populated\">\n\t\t\t\t\t\t<div class=\"elementor-element elementor-element-8f9a39a elementor-widget elementor-widget-spacer\" data-id=\"8f9a39a\" data-element_type=\"widget\" data-widget_type=\"spacer.default\">\n\t\t\t\t<div class=\"elementor-widget-container\">\n\t\t\t\t\t\t\t<div class=\"elementor-spacer\">\n\t\t\t<div class=\"elementor-spacer-inner\"><\/div>\n\t\t<\/div>\n\t\t\t\t\t\t<\/div>\n\t\t\t\t<\/div>\n\t\t\t\t\t<\/div>\n\t\t<\/div>\n\t\t\t\t\t<\/div>\n\t\t<\/section>\n\t\t\t\t<section class=\"elementor-section elementor-top-section elementor-element elementor-element-e403e3e elementor-section-boxed elementor-section-height-default elementor-section-height-default\" data-id=\"e403e3e\" data-element_type=\"section\">\n\t\t\t\t\t\t<div class=\"elementor-container elementor-column-gap-default\">\n\t\t\t\t\t<div class=\"elementor-column elementor-col-50 elementor-top-column elementor-element elementor-element-e57834d\" data-id=\"e57834d\" data-element_type=\"column\">\n\t\t\t<div class=\"elementor-widget-wrap elementor-element-populated\">\n\t\t\t\t\t\t<div class=\"elementor-element elementor-element-508e68a elementor-nav-menu__text-align-aside elementor-widget elementor-widget-nav-menu\" data-id=\"508e68a\" data-element_type=\"widget\" data-settings=\"{&quot;layout&quot;:&quot;dropdown&quot;,&quot;submenu_icon&quot;:{&quot;value&quot;:&quot;&lt;i class=\\&quot;fas fa-caret-down\\&quot;&gt;&lt;\\\/i&gt;&quot;,&quot;library&quot;:&quot;fa-solid&quot;}}\" data-widget_type=\"nav-menu.default\">\n\t\t\t\t<div class=\"elementor-widget-container\">\n\t\t\t\t\t\t\t\t<nav class=\"elementor-nav-menu--dropdown elementor-nav-menu__container\" aria-hidden=\"true\">\n\t\t\t\t<ul id=\"menu-2-508e68a\" class=\"elementor-nav-menu\"><li class=\"menu-item menu-item-type-post_type menu-item-object-page menu-item-14050\"><a href=\"https:\/\/tcscertification.com\/en\/iso-9001-quality\/\" class=\"elementor-item\" tabindex=\"-1\">ISO 9001 Quality<\/a><\/li>\n<li class=\"menu-item menu-item-type-post_type menu-item-object-page menu-item-14051\"><a href=\"https:\/\/tcscertification.com\/en\/iso-14001-environmental\/\" class=\"elementor-item\" tabindex=\"-1\">ISO 14001 Environmental<\/a><\/li>\n<li class=\"menu-item menu-item-type-post_type menu-item-object-page menu-item-14052\"><a href=\"https:\/\/tcscertification.com\/en\/job-security-iso-45001\/\" class=\"elementor-item\" tabindex=\"-1\">ISO 45001 Job Security<\/a><\/li>\n<li class=\"menu-item menu-item-type-post_type menu-item-object-page menu-item-14053\"><a href=\"https:\/\/tcscertification.com\/en\/iso-22000-food-safety\/\" class=\"elementor-item\" tabindex=\"-1\">ISO 22000 Food Safety<\/a><\/li>\n<li class=\"menu-item menu-item-type-post_type menu-item-object-page menu-item-14054\"><a href=\"https:\/\/tcscertification.com\/en\/iso-27001-information-security\/\" class=\"elementor-item\" tabindex=\"-1\">ISO 27001 Information Security<\/a><\/li>\n<li class=\"menu-item menu-item-type-post_type menu-item-object-page menu-item-14055\"><a href=\"https:\/\/tcscertification.com\/en\/iso-27701-personal-information\/\" class=\"elementor-item\" tabindex=\"-1\">ISO 27701 Personal Information<\/a><\/li>\n<li class=\"menu-item menu-item-type-post_type menu-item-object-page menu-item-14056\"><a href=\"https:\/\/tcscertification.com\/en\/iso-50001-energy\/\" class=\"elementor-item\" tabindex=\"-1\">ISO 50001 Energy<\/a><\/li>\n<li class=\"menu-item menu-item-type-post_type menu-item-object-page menu-item-14057\"><a href=\"https:\/\/tcscertification.com\/en\/iso-22301-social-security-and-business-continuity\/\" class=\"elementor-item\" tabindex=\"-1\">ISO 22301 Social Security and Business Continuity<\/a><\/li>\n<li class=\"menu-item menu-item-type-post_type menu-item-object-page menu-item-14058\"><a href=\"https:\/\/tcscertification.com\/en\/iso-20000-1-information-technology\/\" class=\"elementor-item\" tabindex=\"-1\">ISO 20000-1 Information Technology<\/a><\/li>\n<li class=\"menu-item menu-item-type-post_type menu-item-object-page menu-item-14059\"><a href=\"https:\/\/tcscertification.com\/en\/iso-10002-customer-satisfaction\/\" class=\"elementor-item\" tabindex=\"-1\">ISO 10002 Customer Satisfaction<\/a><\/li>\n<li class=\"menu-item menu-item-type-post_type menu-item-object-page menu-item-14060\"><a href=\"https:\/\/tcscertification.com\/en\/iso-31000-enterprise-risk-management\/\" class=\"elementor-item\" tabindex=\"-1\">ISO 31000 Enterprise Risk Management<\/a><\/li>\n<li class=\"menu-item menu-item-type-post_type menu-item-object-page menu-item-14061\"><a href=\"https:\/\/tcscertification.com\/en\/iso-37001-fighting-anti-corruption\/\" class=\"elementor-item\" tabindex=\"-1\">ISO 37001 Fighting Anti-Corruption<\/a><\/li>\n<li class=\"menu-item menu-item-type-post_type menu-item-object-page menu-item-14062\"><a href=\"https:\/\/tcscertification.com\/en\/iso-39001-road-and-traffic-safety\/\" class=\"elementor-item\" tabindex=\"-1\">ISO 39001 Road and Traffic Safety<\/a><\/li>\n<li class=\"menu-item menu-item-type-post_type menu-item-object-page menu-item-14063\"><a href=\"https:\/\/tcscertification.com\/en\/iatf-16949-automotive\/\" class=\"elementor-item\" tabindex=\"-1\">IATF 16949 Automotive<\/a><\/li>\n<li class=\"menu-item menu-item-type-post_type menu-item-object-page menu-item-14064\"><a href=\"https:\/\/tcscertification.com\/en\/as-9100-aviation\/\" class=\"elementor-item\" tabindex=\"-1\">AS 9100 Aviation<\/a><\/li>\n<li class=\"menu-item menu-item-type-post_type menu-item-object-page menu-item-14065\"><a href=\"https:\/\/tcscertification.com\/en\/gmp-good-manufacturing-practices\/\" class=\"elementor-item\" tabindex=\"-1\">GMP Good Manufacturing Practices<\/a><\/li>\n<li class=\"menu-item menu-item-type-post_type menu-item-object-page menu-item-14066\"><a href=\"https:\/\/tcscertification.com\/en\/halal-certification\/\" class=\"elementor-item\" tabindex=\"-1\">Halal Certificate<\/a><\/li>\n<\/ul>\t\t\t<\/nav>\n\t\t\t\t\t\t<\/div>\n\t\t\t\t<\/div>\n\t\t\t\t\t<\/div>\n\t\t<\/div>\n\t\t\t\t<div class=\"elementor-column elementor-col-50 elementor-top-column elementor-element elementor-element-418c148\" data-id=\"418c148\" data-element_type=\"column\">\n\t\t\t<div class=\"elementor-widget-wrap elementor-element-populated\">\n\t\t\t\t\t\t<div class=\"elementor-element elementor-element-5f49aca elementor-widget elementor-widget-text-editor\" data-id=\"5f49aca\" data-element_type=\"widget\" data-widget_type=\"text-editor.default\">\n\t\t\t\t<div class=\"elementor-widget-container\">\n\t\t\t\t\t\t\t\t\t<h2 style=\"letter-spacing: normal;\"><strong>What is GMP (Good Manufacturing Practices)?<\/strong><\/h2><p>Good Manufacturing Practices (GMP) is the name given to all the procedures and principles that bring various protective measures and standards in the production stages of products such as medicines, cosmetics, food, medical devices, etc.<\/p><p>Good Manufacturing Practices were put into practice in the European Union in 2010. In our country, the Turkish Standards Institute (TSE) published the TS EN ISO 22716:2013 Cosmetics \u2013 Good Manufacturing Practices (GMP) \u2013 Guide on Good Manufacturing Practices in 2013. Companies that meet the requirements of this standard can apply for a GMP Certificate.<\/p><h3 style=\"letter-spacing: normal;\"><span style=\"text-decoration-line: underline;\"><strong>Why GMP Certificate ?<\/strong><\/span><\/h3><p>Hygienic conditions must be provided in the production of products that directly affect human health. Ensuring hygienic conditions and carrying out production under these conditions is achieved through the application of GMP (Good Manufacturing Practices).<\/p><p>GMP is a set of rules that must be followed in order for a product to be effective and safe, starting from raw materials and packaging materials until it reaches the consumer. The aim of GMP is zero error, and the goal is to ensure continuous quality.<\/p><p>The production conditions of products that directly affect human health (food, medicine, medical devices, etc.) must meet GMP rules. In order for production to be carried out, it is essential that GMP rules are met.<\/p><p>Hygienic conditions must be provided in the production of products that directly affect human health. Ensuring hygienic conditions and carrying out production under these conditions is achieved through the application of GMP (Good Manufacturing Practices).<\/p><p>GMP is a set of rules that must be followed in order for a product to be effective and safe, starting from raw materials and packaging materials until it reaches the consumer. The aim of GMP is zero error, and the goal is to ensure continuous quality.<\/p><p>The production conditions of products that directly affect human health (food, medicine, medical devices, etc.) must meet GMP rules.<\/p><p>The rules for the provision of GMP production is essential.<\/p><h3 style=\"letter-spacing: normal;\"><span style=\"text-decoration-line: underline;\"><strong>What are the GMP Basic Principles?<\/strong><\/span><\/h3><ol><li><span style=\"font-weight: bold;\">Quality<\/span>\u00a0management<\/li><li>Personnel and organization<\/li><li>Building, hardware, equipment and materials<\/li><li>Documentation<\/li><li>Raw product input, product processing, storage and distribution<\/li><li>Quality control and proficiency testing<\/li><li>Approval and authorization of all transactions<\/li><li>Complaints and recall<\/li><li>Investigation of errors, the use of products manufactured after clinical follow-up<\/li><li>Storage of samples is problematic, disposal of returned products<\/li><li>Internal and external audit.<\/li><\/ol><h3 style=\"letter-spacing: normal;\"><span style=\"text-decoration-line: underline;\"><strong>What are GMP Rules?<\/strong><\/span><\/h3><ol><li>Details of work to be done to decide the production(product types, controls, approvals)\u00a0<\/li><li>To be done write everything, (standard application methods ( standard operating procedures=SOP\u2019 s), equipment, laboratories, etc.)\u00a0<\/li><li>Everything that is written to do (Training, qualification, process control)<\/li><li>Doing summer prove they do(records, audits)<\/li><li>Corrective action, continuous improvement, fix errors and improving the quality( operations, ask around and get results)<\/li><\/ol><h3 style=\"letter-spacing: normal;\"><span style=\"text-decoration-line: underline;\"><strong>What are the Obligations of GMP?<\/strong><\/span><\/h3><ol><li>Prior to the commencement of any work that is attempted should be taken to ensure correct and in accordance with the instructions.<\/li><li>These instructions every time , without missing absolutely nothing should be followed.<\/li><li>The correct use of material must be provided.<\/li><li>Use the right equipment to ensure they are clean and are needed.<\/li><li>Must be taken to prevent contamination and mix.<\/li><li><span style=\"font-weight: bold;\">Label<\/span>\u00a0against processing defects should be exercised at all times.<\/li><li>Always meticulously and should work correctly.<\/li><li>Everything was clean and tidy, including the employees should be kept.<\/li><li>Always errors, mistakes and bad events, and one should be prepared for these should be reported immediately.<\/li><li>Checks must be sure about the accuracy of the reports and maintained.<\/li><\/ol><p>For more detailed information about our services, you can contact us at www.tcscertification.com or by calling 444 31 67.<\/p>\t\t\t\t\t\t\t\t<\/div>\n\t\t\t\t<\/div>\n\t\t\t\t\t<\/div>\n\t\t<\/div>\n\t\t\t\t\t<\/div>\n\t\t<\/section>\n\t\t\t\t<section class=\"elementor-section elementor-top-section elementor-element elementor-element-dcca17a elementor-section-boxed elementor-section-height-default elementor-section-height-default\" data-id=\"dcca17a\" data-element_type=\"section\">\n\t\t\t\t\t\t<div class=\"elementor-container elementor-column-gap-default\">\n\t\t\t\t\t<div class=\"elementor-column elementor-col-100 elementor-top-column elementor-element elementor-element-b89508d\" data-id=\"b89508d\" data-element_type=\"column\">\n\t\t\t<div class=\"elementor-widget-wrap elementor-element-populated\">\n\t\t\t\t\t\t<div class=\"elementor-element elementor-element-16d25c6 elementor-align-center elementor-widget elementor-widget-button\" data-id=\"16d25c6\" data-element_type=\"widget\" data-widget_type=\"button.default\">\n\t\t\t\t<div class=\"elementor-widget-container\">\n\t\t\t\t\t\t\t\t\t<div class=\"elementor-button-wrapper\">\n\t\t\t\t\t<a class=\"elementor-button elementor-button-link elementor-size-sm\" href=\"https:\/\/tcscertification.com\/en\/application-for-certification\/\">\n\t\t\t\t\t\t<span class=\"elementor-button-content-wrapper\">\n\t\t\t\t\t\t\t\t\t<span class=\"elementor-button-text\">Quick Reference<\/span>\n\t\t\t\t\t<\/span>\n\t\t\t\t\t<\/a>\n\t\t\t\t<\/div>\n\t\t\t\t\t\t\t\t<\/div>\n\t\t\t\t<\/div>\n\t\t\t\t\t<\/div>\n\t\t<\/div>\n\t\t\t\t\t<\/div>\n\t\t<\/section>\n\t\t\t\t<\/div>","protected":false},"excerpt":{"rendered":"<p>GMP \u0130yi \u00dcretim Uygulamalar\u0131 GMP (\u0130yi \u00dcretim Uygulamalar\u0131) Nedir? \u0130yi \u00dcretim Uygulamalar\u0131 (GMP \u2013 Good Manufacturing Practices), ila\u00e7,\u00a0kozmetik, g\u0131da, medikal cihaz vb gibi \u00fcr\u00fcnlerin \u00fcretim a\u015famalar\u0131nda \u00e7e\u015fitli\u00a0koruyucu \u00f6nlemler ve standartlar getiren usul ve esaslar\u0131n tamam\u0131na verilen\u00a0isimdir. \u0130yi \u00dcretim Uygulamalar\u0131, Avrupa Birli\u011fi\u2019nde 2010 y\u0131l\u0131nda uygulamaya\u00a0ba\u015flanm\u0131\u015ft\u0131r. \u00dclkemizde de 2013 y\u0131l\u0131nda T\u00fcrk Standartlar\u0131 Enstit\u00fcs\u00fc (TSE)\u00a0TS EN ISO 22716:2013&#8230;<\/p>","protected":false},"author":1,"featured_media":0,"parent":0,"menu_order":0,"comment_status":"closed","ping_status":"closed","template":"","meta":{"footnotes":""},"class_list":["post-13849","page","type-page","status-publish","hentry"],"yoast_head":"<!-- This site is optimized with the Yoast SEO Premium plugin v19.7 (Yoast SEO v19.14) - https:\/\/yoast.com\/wordpress\/plugins\/seo\/ -->\n<title>GMP \u0130yi \u00dcretim Uygulamalar\u0131 | TCS Belgelendirme<\/title>\n<meta name=\"description\" content=\"\u0130yi \u00dcretim Uygulamalar\u0131 (GMP \u2013 Good Manufacturing Practices), ila\u00e7, kozmetik, g\u0131da, medikal cihaz vb gibi \u00fcr\u00fcnlerin \u00fcretim a\u015famalar\u0131nda \u00e7e\u015fitli koruyucu \u00f6nlemler ve standartlar getiren usul ve esaslar\u0131n tamam\u0131na verilen isimdir. \u0130yi \u00dcretim Uygulamalar\u0131, Avrupa Birli\u011fi\u2019nde 2010 y\u0131l\u0131nda uygulamaya ba\u015flanm\u0131\u015ft\u0131r.\" \/>\n<meta name=\"robots\" content=\"index, follow, max-snippet:-1, max-image-preview:large, max-video-preview:-1\" \/>\n<link rel=\"canonical\" href=\"https:\/\/tcscertification.com\/en\/gmp-good-manufacturing-practices\/\" \/>\n<meta property=\"og:locale\" content=\"en_US\" \/>\n<meta property=\"og:type\" content=\"article\" \/>\n<meta property=\"og:title\" content=\"GMP \u0130yi \u00dcretim Uygulamalar\u0131\" \/>\n<meta property=\"og:description\" content=\"\u0130yi \u00dcretim Uygulamalar\u0131 (GMP \u2013 Good Manufacturing Practices), ila\u00e7, kozmetik, g\u0131da, medikal cihaz vb gibi \u00fcr\u00fcnlerin \u00fcretim a\u015famalar\u0131nda \u00e7e\u015fitli koruyucu \u00f6nlemler ve standartlar getiren usul ve esaslar\u0131n tamam\u0131na verilen isimdir. \u0130yi \u00dcretim Uygulamalar\u0131, Avrupa Birli\u011fi\u2019nde 2010 y\u0131l\u0131nda uygulamaya ba\u015flanm\u0131\u015ft\u0131r.\" \/>\n<meta property=\"og:url\" content=\"https:\/\/tcscertification.com\/en\/gmp-good-manufacturing-practices\/\" \/>\n<meta property=\"og:site_name\" content=\"TCS INTERNATIONAL CERTIFICATION LLC\" \/>\n<meta property=\"article:modified_time\" content=\"2025-07-03T13:46:27+00:00\" \/>\n<meta property=\"og:image\" content=\"https:\/\/tcscertification.com\/wp-content\/uploads\/2022\/10\/tcs-favicon.png\" \/>\n\t<meta property=\"og:image:width\" content=\"512\" \/>\n\t<meta property=\"og:image:height\" content=\"512\" \/>\n\t<meta property=\"og:image:type\" content=\"image\/png\" \/>\n<meta name=\"twitter:card\" content=\"summary_large_image\" \/>\n<meta name=\"twitter:label1\" content=\"Est. reading time\" \/>\n\t<meta name=\"twitter:data1\" content=\"4 minutes\" \/>\n<script type=\"application\/ld+json\" class=\"yoast-schema-graph\">{\"@context\":\"https:\/\/schema.org\",\"@graph\":[{\"@type\":\"WebPage\",\"@id\":\"https:\/\/tcscertification.com\/gmp-iyi-uretim-uygulamalari\/\",\"url\":\"https:\/\/tcscertification.com\/gmp-iyi-uretim-uygulamalari\/\",\"name\":\"GMP \u0130yi \u00dcretim Uygulamalar\u0131 | TCS Belgelendirme\",\"isPartOf\":{\"@id\":\"https:\/\/tcscertification.com\/#website\"},\"datePublished\":\"2022-09-06T08:49:58+00:00\",\"dateModified\":\"2025-07-03T13:46:27+00:00\",\"description\":\"\u0130yi \u00dcretim Uygulamalar\u0131 (GMP \u2013 Good Manufacturing Practices), ila\u00e7, kozmetik, g\u0131da, medikal cihaz vb gibi \u00fcr\u00fcnlerin \u00fcretim a\u015famalar\u0131nda \u00e7e\u015fitli koruyucu \u00f6nlemler ve standartlar getiren usul ve esaslar\u0131n tamam\u0131na verilen isimdir. \u0130yi \u00dcretim Uygulamalar\u0131, Avrupa Birli\u011fi\u2019nde 2010 y\u0131l\u0131nda uygulamaya ba\u015flanm\u0131\u015ft\u0131r.\",\"breadcrumb\":{\"@id\":\"https:\/\/tcscertification.com\/gmp-iyi-uretim-uygulamalari\/#breadcrumb\"},\"inLanguage\":\"en-US\",\"potentialAction\":[{\"@type\":\"ReadAction\",\"target\":[\"https:\/\/tcscertification.com\/gmp-iyi-uretim-uygulamalari\/\"]}]},{\"@type\":\"BreadcrumbList\",\"@id\":\"https:\/\/tcscertification.com\/gmp-iyi-uretim-uygulamalari\/#breadcrumb\",\"itemListElement\":[{\"@type\":\"ListItem\",\"position\":1,\"name\":\"Anasayfa\",\"item\":\"https:\/\/tcscertification.com\/\"},{\"@type\":\"ListItem\",\"position\":2,\"name\":\"GMP \u0130yi \u00dcretim Uygulamalar\u0131\"}]},{\"@type\":\"WebSite\",\"@id\":\"https:\/\/tcscertification.com\/#website\",\"url\":\"https:\/\/tcscertification.com\/\",\"name\":\"TCS INTERNATIONAL CERTIFICATION LLC\",\"description\":\"\",\"publisher\":{\"@id\":\"https:\/\/tcscertification.com\/#organization\"},\"alternateName\":\"TCS INTERNATIONAL CERTIFICATION LLC\",\"potentialAction\":[{\"@type\":\"SearchAction\",\"target\":{\"@type\":\"EntryPoint\",\"urlTemplate\":\"https:\/\/tcscertification.com\/?s={search_term_string}\"},\"query-input\":\"required name=search_term_string\"}],\"inLanguage\":\"en-US\"},{\"@type\":\"Organization\",\"@id\":\"https:\/\/tcscertification.com\/#organization\",\"name\":\"TCS INTERNATIONAL\",\"alternateName\":\"TCS INTERNATIONAL CERTIFICATION LLC\",\"url\":\"https:\/\/tcscertification.com\/\",\"logo\":{\"@type\":\"ImageObject\",\"inLanguage\":\"en-US\",\"@id\":\"https:\/\/tcscertification.com\/#\/schema\/logo\/image\/\",\"url\":\"https:\/\/tcscertification.com\/wp-content\/uploads\/2023\/02\/tcs-logo-new.gif\",\"contentUrl\":\"https:\/\/tcscertification.com\/wp-content\/uploads\/2023\/02\/tcs-logo-new.gif\",\"width\":215,\"height\":100,\"caption\":\"TCS INTERNATIONAL\"},\"image\":{\"@id\":\"https:\/\/tcscertification.com\/#\/schema\/logo\/image\/\"}}]}<\/script>\n<!-- \/ Yoast SEO Premium plugin. -->","yoast_head_json":{"title":"GMP \u0130yi \u00dcretim Uygulamalar\u0131 | TCS Belgelendirme","description":"\u0130yi \u00dcretim Uygulamalar\u0131 (GMP \u2013 Good Manufacturing Practices), ila\u00e7, kozmetik, g\u0131da, medikal cihaz vb gibi \u00fcr\u00fcnlerin \u00fcretim a\u015famalar\u0131nda \u00e7e\u015fitli koruyucu \u00f6nlemler ve standartlar getiren usul ve esaslar\u0131n tamam\u0131na verilen isimdir. \u0130yi \u00dcretim Uygulamalar\u0131, Avrupa Birli\u011fi\u2019nde 2010 y\u0131l\u0131nda uygulamaya ba\u015flanm\u0131\u015ft\u0131r.","robots":{"index":"index","follow":"follow","max-snippet":"max-snippet:-1","max-image-preview":"max-image-preview:large","max-video-preview":"max-video-preview:-1"},"canonical":"https:\/\/tcscertification.com\/en\/gmp-good-manufacturing-practices\/","og_locale":"en_US","og_type":"article","og_title":"GMP \u0130yi \u00dcretim Uygulamalar\u0131","og_description":"\u0130yi \u00dcretim Uygulamalar\u0131 (GMP \u2013 Good Manufacturing Practices), ila\u00e7, kozmetik, g\u0131da, medikal cihaz vb gibi \u00fcr\u00fcnlerin \u00fcretim a\u015famalar\u0131nda \u00e7e\u015fitli koruyucu \u00f6nlemler ve standartlar getiren usul ve esaslar\u0131n tamam\u0131na verilen isimdir. \u0130yi \u00dcretim Uygulamalar\u0131, Avrupa Birli\u011fi\u2019nde 2010 y\u0131l\u0131nda uygulamaya ba\u015flanm\u0131\u015ft\u0131r.","og_url":"https:\/\/tcscertification.com\/en\/gmp-good-manufacturing-practices\/","og_site_name":"TCS INTERNATIONAL CERTIFICATION LLC","article_modified_time":"2025-07-03T13:46:27+00:00","og_image":[{"width":512,"height":512,"url":"https:\/\/tcscertification.com\/wp-content\/uploads\/2022\/10\/tcs-favicon.png","type":"image\/png"}],"twitter_card":"summary_large_image","twitter_misc":{"Est. reading time":"4 minutes"},"schema":{"@context":"https:\/\/schema.org","@graph":[{"@type":"WebPage","@id":"https:\/\/tcscertification.com\/gmp-iyi-uretim-uygulamalari\/","url":"https:\/\/tcscertification.com\/gmp-iyi-uretim-uygulamalari\/","name":"GMP \u0130yi \u00dcretim Uygulamalar\u0131 | TCS Belgelendirme","isPartOf":{"@id":"https:\/\/tcscertification.com\/#website"},"datePublished":"2022-09-06T08:49:58+00:00","dateModified":"2025-07-03T13:46:27+00:00","description":"\u0130yi \u00dcretim Uygulamalar\u0131 (GMP \u2013 Good Manufacturing Practices), ila\u00e7, kozmetik, g\u0131da, medikal cihaz vb gibi \u00fcr\u00fcnlerin \u00fcretim a\u015famalar\u0131nda \u00e7e\u015fitli koruyucu \u00f6nlemler ve standartlar getiren usul ve esaslar\u0131n tamam\u0131na verilen isimdir. \u0130yi \u00dcretim Uygulamalar\u0131, Avrupa Birli\u011fi\u2019nde 2010 y\u0131l\u0131nda uygulamaya ba\u015flanm\u0131\u015ft\u0131r.","breadcrumb":{"@id":"https:\/\/tcscertification.com\/gmp-iyi-uretim-uygulamalari\/#breadcrumb"},"inLanguage":"en-US","potentialAction":[{"@type":"ReadAction","target":["https:\/\/tcscertification.com\/gmp-iyi-uretim-uygulamalari\/"]}]},{"@type":"BreadcrumbList","@id":"https:\/\/tcscertification.com\/gmp-iyi-uretim-uygulamalari\/#breadcrumb","itemListElement":[{"@type":"ListItem","position":1,"name":"Anasayfa","item":"https:\/\/tcscertification.com\/"},{"@type":"ListItem","position":2,"name":"GMP \u0130yi \u00dcretim Uygulamalar\u0131"}]},{"@type":"WebSite","@id":"https:\/\/tcscertification.com\/#website","url":"https:\/\/tcscertification.com\/","name":"TCS INTERNATIONAL CERTIFICATION LLC","description":"","publisher":{"@id":"https:\/\/tcscertification.com\/#organization"},"alternateName":"TCS INTERNATIONAL CERTIFICATION LLC","potentialAction":[{"@type":"SearchAction","target":{"@type":"EntryPoint","urlTemplate":"https:\/\/tcscertification.com\/?s={search_term_string}"},"query-input":"required name=search_term_string"}],"inLanguage":"en-US"},{"@type":"Organization","@id":"https:\/\/tcscertification.com\/#organization","name":"TCS INTERNATIONAL","alternateName":"TCS INTERNATIONAL CERTIFICATION LLC","url":"https:\/\/tcscertification.com\/","logo":{"@type":"ImageObject","inLanguage":"en-US","@id":"https:\/\/tcscertification.com\/#\/schema\/logo\/image\/","url":"https:\/\/tcscertification.com\/wp-content\/uploads\/2023\/02\/tcs-logo-new.gif","contentUrl":"https:\/\/tcscertification.com\/wp-content\/uploads\/2023\/02\/tcs-logo-new.gif","width":215,"height":100,"caption":"TCS INTERNATIONAL"},"image":{"@id":"https:\/\/tcscertification.com\/#\/schema\/logo\/image\/"}}]}},"_links":{"self":[{"href":"https:\/\/tcscertification.com\/en\/wp-json\/wp\/v2\/pages\/13849","targetHints":{"allow":["GET"]}}],"collection":[{"href":"https:\/\/tcscertification.com\/en\/wp-json\/wp\/v2\/pages"}],"about":[{"href":"https:\/\/tcscertification.com\/en\/wp-json\/wp\/v2\/types\/page"}],"author":[{"embeddable":true,"href":"https:\/\/tcscertification.com\/en\/wp-json\/wp\/v2\/users\/1"}],"replies":[{"embeddable":true,"href":"https:\/\/tcscertification.com\/en\/wp-json\/wp\/v2\/comments?post=13849"}],"version-history":[{"count":19,"href":"https:\/\/tcscertification.com\/en\/wp-json\/wp\/v2\/pages\/13849\/revisions"}],"predecessor-version":[{"id":24724,"href":"https:\/\/tcscertification.com\/en\/wp-json\/wp\/v2\/pages\/13849\/revisions\/24724"}],"wp:attachment":[{"href":"https:\/\/tcscertification.com\/en\/wp-json\/wp\/v2\/media?parent=13849"}],"curies":[{"name":"wp","href":"https:\/\/api.w.org\/{rel}","templated":true}]}}