{"id":13847,"date":"2022-09-06T11:49:20","date_gmt":"2022-09-06T08:49:20","guid":{"rendered":"https:\/\/tcscertification.com\/?page_id=13847"},"modified":"2025-07-03T16:45:50","modified_gmt":"2025-07-03T13:45:50","slug":"as-9100-aviation","status":"publish","type":"page","link":"https:\/\/tcscertification.com\/en\/as-9100-aviation\/","title":{"rendered":"AS 9100 Aviation"},"content":{"rendered":"<div data-elementor-type=\"wp-page\" data-elementor-id=\"13847\" class=\"elementor elementor-13847\" data-elementor-post-type=\"page\">\n\t\t\t\t\t\t<section class=\"elementor-section elementor-top-section elementor-element elementor-element-2c9a879 elementor-section-boxed elementor-section-height-default elementor-section-height-default\" data-id=\"2c9a879\" data-element_type=\"section\">\n\t\t\t\t\t\t<div class=\"elementor-container elementor-column-gap-default\">\n\t\t\t\t\t<div class=\"elementor-column elementor-col-100 elementor-top-column elementor-element elementor-element-8fb682a\" data-id=\"8fb682a\" data-element_type=\"column\">\n\t\t\t<div class=\"elementor-widget-wrap elementor-element-populated\">\n\t\t\t\t\t\t<div class=\"elementor-element elementor-element-ff2f3a1 elementor-widget elementor-widget-heading\" data-id=\"ff2f3a1\" data-element_type=\"widget\" data-widget_type=\"heading.default\">\n\t\t\t\t<div class=\"elementor-widget-container\">\n\t\t\t\t\t<h1 class=\"elementor-heading-title elementor-size-default\">AS 9100 Aviation<\/h1>\t\t\t\t<\/div>\n\t\t\t\t<\/div>\n\t\t\t\t\t<\/div>\n\t\t<\/div>\n\t\t\t\t\t<\/div>\n\t\t<\/section>\n\t\t\t\t<section class=\"elementor-section elementor-top-section elementor-element elementor-element-eff6bdc elementor-section-boxed elementor-section-height-default elementor-section-height-default\" data-id=\"eff6bdc\" data-element_type=\"section\">\n\t\t\t\t\t\t<div class=\"elementor-container elementor-column-gap-default\">\n\t\t\t\t\t<div class=\"elementor-column elementor-col-100 elementor-top-column elementor-element elementor-element-1cee8ff\" data-id=\"1cee8ff\" data-element_type=\"column\">\n\t\t\t<div class=\"elementor-widget-wrap elementor-element-populated\">\n\t\t\t\t\t\t<div class=\"elementor-element elementor-element-582b8b2 elementor-widget elementor-widget-spacer\" data-id=\"582b8b2\" data-element_type=\"widget\" data-widget_type=\"spacer.default\">\n\t\t\t\t<div class=\"elementor-widget-container\">\n\t\t\t\t\t\t\t<div class=\"elementor-spacer\">\n\t\t\t<div class=\"elementor-spacer-inner\"><\/div>\n\t\t<\/div>\n\t\t\t\t\t\t<\/div>\n\t\t\t\t<\/div>\n\t\t\t\t\t<\/div>\n\t\t<\/div>\n\t\t\t\t\t<\/div>\n\t\t<\/section>\n\t\t\t\t<section class=\"elementor-section elementor-top-section elementor-element elementor-element-9eb6cf0 elementor-section-boxed elementor-section-height-default elementor-section-height-default\" data-id=\"9eb6cf0\" data-element_type=\"section\">\n\t\t\t\t\t\t<div class=\"elementor-container elementor-column-gap-default\">\n\t\t\t\t\t<div class=\"elementor-column elementor-col-50 elementor-top-column elementor-element elementor-element-e6684f6\" data-id=\"e6684f6\" data-element_type=\"column\">\n\t\t\t<div class=\"elementor-widget-wrap elementor-element-populated\">\n\t\t\t\t\t\t<div class=\"elementor-element elementor-element-3613a27 elementor-nav-menu__text-align-aside elementor-widget elementor-widget-nav-menu\" data-id=\"3613a27\" data-element_type=\"widget\" data-settings=\"{&quot;layout&quot;:&quot;dropdown&quot;,&quot;submenu_icon&quot;:{&quot;value&quot;:&quot;&lt;i class=\\&quot;fas fa-caret-down\\&quot;&gt;&lt;\\\/i&gt;&quot;,&quot;library&quot;:&quot;fa-solid&quot;}}\" data-widget_type=\"nav-menu.default\">\n\t\t\t\t<div class=\"elementor-widget-container\">\n\t\t\t\t\t\t\t\t<nav class=\"elementor-nav-menu--dropdown elementor-nav-menu__container\" aria-hidden=\"true\">\n\t\t\t\t<ul id=\"menu-2-3613a27\" class=\"elementor-nav-menu\"><li class=\"menu-item menu-item-type-post_type menu-item-object-page menu-item-14050\"><a href=\"https:\/\/tcscertification.com\/en\/iso-9001-quality\/\" class=\"elementor-item\" tabindex=\"-1\">ISO 9001 Quality<\/a><\/li>\n<li class=\"menu-item menu-item-type-post_type menu-item-object-page menu-item-14051\"><a href=\"https:\/\/tcscertification.com\/en\/iso-14001-environmental\/\" class=\"elementor-item\" tabindex=\"-1\">ISO 14001 Environmental<\/a><\/li>\n<li class=\"menu-item menu-item-type-post_type menu-item-object-page menu-item-14052\"><a href=\"https:\/\/tcscertification.com\/en\/job-security-iso-45001\/\" class=\"elementor-item\" tabindex=\"-1\">ISO 45001 Job Security<\/a><\/li>\n<li class=\"menu-item menu-item-type-post_type menu-item-object-page menu-item-14053\"><a href=\"https:\/\/tcscertification.com\/en\/iso-22000-food-safety\/\" class=\"elementor-item\" tabindex=\"-1\">ISO 22000 Food Safety<\/a><\/li>\n<li class=\"menu-item menu-item-type-post_type menu-item-object-page menu-item-14054\"><a href=\"https:\/\/tcscertification.com\/en\/iso-27001-information-security\/\" class=\"elementor-item\" tabindex=\"-1\">ISO 27001 Information Security<\/a><\/li>\n<li class=\"menu-item menu-item-type-post_type menu-item-object-page menu-item-14055\"><a href=\"https:\/\/tcscertification.com\/en\/iso-27701-personal-information\/\" class=\"elementor-item\" tabindex=\"-1\">ISO 27701 Personal Information<\/a><\/li>\n<li class=\"menu-item menu-item-type-post_type menu-item-object-page menu-item-14056\"><a href=\"https:\/\/tcscertification.com\/en\/iso-50001-energy\/\" class=\"elementor-item\" tabindex=\"-1\">ISO 50001 Energy<\/a><\/li>\n<li class=\"menu-item menu-item-type-post_type menu-item-object-page menu-item-14057\"><a href=\"https:\/\/tcscertification.com\/en\/iso-22301-social-security-and-business-continuity\/\" class=\"elementor-item\" tabindex=\"-1\">ISO 22301 Social Security and Business Continuity<\/a><\/li>\n<li class=\"menu-item menu-item-type-post_type menu-item-object-page menu-item-14058\"><a href=\"https:\/\/tcscertification.com\/en\/iso-20000-1-information-technology\/\" class=\"elementor-item\" tabindex=\"-1\">ISO 20000-1 Information Technology<\/a><\/li>\n<li class=\"menu-item menu-item-type-post_type menu-item-object-page menu-item-14059\"><a href=\"https:\/\/tcscertification.com\/en\/iso-10002-customer-satisfaction\/\" class=\"elementor-item\" tabindex=\"-1\">ISO 10002 Customer Satisfaction<\/a><\/li>\n<li class=\"menu-item menu-item-type-post_type menu-item-object-page menu-item-14060\"><a href=\"https:\/\/tcscertification.com\/en\/iso-31000-enterprise-risk-management\/\" class=\"elementor-item\" tabindex=\"-1\">ISO 31000 Enterprise Risk Management<\/a><\/li>\n<li class=\"menu-item menu-item-type-post_type menu-item-object-page menu-item-14061\"><a href=\"https:\/\/tcscertification.com\/en\/iso-37001-fighting-anti-corruption\/\" class=\"elementor-item\" tabindex=\"-1\">ISO 37001 Fighting Anti-Corruption<\/a><\/li>\n<li class=\"menu-item menu-item-type-post_type menu-item-object-page menu-item-14062\"><a href=\"https:\/\/tcscertification.com\/en\/iso-39001-road-and-traffic-safety\/\" class=\"elementor-item\" tabindex=\"-1\">ISO 39001 Road and Traffic Safety<\/a><\/li>\n<li class=\"menu-item menu-item-type-post_type menu-item-object-page menu-item-14063\"><a href=\"https:\/\/tcscertification.com\/en\/iatf-16949-automotive\/\" class=\"elementor-item\" tabindex=\"-1\">IATF 16949 Automotive<\/a><\/li>\n<li class=\"menu-item menu-item-type-post_type menu-item-object-page menu-item-14064\"><a href=\"https:\/\/tcscertification.com\/en\/as-9100-aviation\/\" class=\"elementor-item\" tabindex=\"-1\">AS 9100 Aviation<\/a><\/li>\n<li class=\"menu-item menu-item-type-post_type menu-item-object-page menu-item-14065\"><a href=\"https:\/\/tcscertification.com\/en\/gmp-good-manufacturing-practices\/\" class=\"elementor-item\" tabindex=\"-1\">GMP Good Manufacturing Practices<\/a><\/li>\n<li class=\"menu-item menu-item-type-post_type menu-item-object-page menu-item-14066\"><a href=\"https:\/\/tcscertification.com\/en\/halal-certification\/\" class=\"elementor-item\" tabindex=\"-1\">Halal Certificate<\/a><\/li>\n<\/ul>\t\t\t<\/nav>\n\t\t\t\t\t\t<\/div>\n\t\t\t\t<\/div>\n\t\t\t\t\t<\/div>\n\t\t<\/div>\n\t\t\t\t<div class=\"elementor-column elementor-col-50 elementor-top-column elementor-element elementor-element-69d6a53\" data-id=\"69d6a53\" data-element_type=\"column\">\n\t\t\t<div class=\"elementor-widget-wrap elementor-element-populated\">\n\t\t\t\t\t\t<div class=\"elementor-element elementor-element-05ff470 elementor-widget elementor-widget-text-editor\" data-id=\"05ff470\" data-element_type=\"widget\" data-widget_type=\"text-editor.default\">\n\t\t\t\t<div class=\"elementor-widget-container\">\n\t\t\t\t\t\t\t\t\t<h2><strong>What is AS 9100:2016?<\/strong><\/h2><p>AS9100 is the international Quality Management System standard for the Aerospace and Defense (AS&amp;D) industry.<\/p><p>Safety, airworthiness, product conformity and reliability are key elements of the quality standard AS9100 aerospace quality. Product performance may be affected by the lack of the correct use of parts and materials, because of the supply chain, AS9100 explores the complexity and diversity of the industry.<\/p><h3><strong>BENEFITS OF EN 9100:2016<\/strong><\/h3><ul><li aria-level=\"1\">To follow a tried and tested framework to ensure regulatory compliance<\/li><li aria-level=\"1\">Industry-specific regulatory requirements, meet safely<\/li><li aria-level=\"1\">Access to new markets<\/li><li aria-level=\"1\">Meet the growing demands of manufacturers in the aerospace industry<\/li><li aria-level=\"1\">Test, review, and compliance is a global leader in independent support<\/li><li aria-level=\"1\">Your corporate goals, corporate culture, structure and catch a partnership approach to your business that will help you understand your<\/li><\/ul><p>For more detailed information about our services, you can contact us at www.tcscertification.com or by calling 444 31 67.<\/p>\t\t\t\t\t\t\t\t<\/div>\n\t\t\t\t<\/div>\n\t\t\t\t\t<\/div>\n\t\t<\/div>\n\t\t\t\t\t<\/div>\n\t\t<\/section>\n\t\t\t\t<section class=\"elementor-section elementor-top-section elementor-element elementor-element-81f800a elementor-section-boxed elementor-section-height-default elementor-section-height-default\" data-id=\"81f800a\" data-element_type=\"section\">\n\t\t\t\t\t\t<div class=\"elementor-container elementor-column-gap-default\">\n\t\t\t\t\t<div class=\"elementor-column elementor-col-100 elementor-top-column elementor-element elementor-element-202d9be\" data-id=\"202d9be\" data-element_type=\"column\">\n\t\t\t<div class=\"elementor-widget-wrap elementor-element-populated\">\n\t\t\t\t\t\t<div class=\"elementor-element elementor-element-b8ab2a4 elementor-align-center elementor-widget elementor-widget-button\" data-id=\"b8ab2a4\" data-element_type=\"widget\" data-widget_type=\"button.default\">\n\t\t\t\t<div class=\"elementor-widget-container\">\n\t\t\t\t\t\t\t\t\t<div class=\"elementor-button-wrapper\">\n\t\t\t\t\t<a class=\"elementor-button elementor-button-link elementor-size-sm\" href=\"https:\/\/tcscertification.com\/en\/application-for-certification\/\">\n\t\t\t\t\t\t<span class=\"elementor-button-content-wrapper\">\n\t\t\t\t\t\t\t\t\t<span class=\"elementor-button-text\">Quick Reference<\/span>\n\t\t\t\t\t<\/span>\n\t\t\t\t\t<\/a>\n\t\t\t\t<\/div>\n\t\t\t\t\t\t\t\t<\/div>\n\t\t\t\t<\/div>\n\t\t\t\t\t<\/div>\n\t\t<\/div>\n\t\t\t\t\t<\/div>\n\t\t<\/section>\n\t\t\t\t<\/div>","protected":false},"excerpt":{"rendered":"<p>AS 9100 Havac\u0131l\u0131k AS 9100:2016 Nedir? AS9100, Havac\u0131l\u0131k, Uzay ve Savunma (AS&amp;D) end\u00fcstrisi i\u00e7in\u00a0uluslararas\u0131 Kalite Y\u00f6netim Sistemi standard\u0131d\u0131r. G\u00fcvenlik, u\u00e7u\u015fa elveri\u015flilik, \u00fcr\u00fcn uygunlu\u011fu ve g\u00fcvenilirlik, havac\u0131l\u0131k\u00a0kalitesi kalite standard\u0131 olan AS9100\u2019\u00fcn kilit unsurlar\u0131d\u0131r. \u00dcr\u00fcn\u00a0performans\u0131, par\u00e7alar\u0131n ve malzemelerin do\u011fru kullan\u0131lmamas\u0131ndan\u00a0etkilenebilece\u011fi i\u00e7in, AS9100 end\u00fcstrinin tedarik zincirinin\u00a0karma\u015f\u0131kl\u0131\u011f\u0131n\u0131 ve \u00e7e\u015fitlili\u011fini ele almaktad\u0131r. EN 9100:2016\u2019 NIN FAYDALARI Mevzuata uygunlu\u011fu sa\u011flamak i\u00e7in&#8230;<\/p>","protected":false},"author":1,"featured_media":0,"parent":0,"menu_order":0,"comment_status":"closed","ping_status":"closed","template":"","meta":{"footnotes":""},"class_list":["post-13847","page","type-page","status-publish","hentry"],"yoast_head":"<!-- This site is optimized with the Yoast SEO Premium plugin v19.7 (Yoast SEO v19.14) - https:\/\/yoast.com\/wordpress\/plugins\/seo\/ -->\n<title>AS 9100 Havac\u0131l\u0131k | TCS Belgelendirme<\/title>\n<meta name=\"description\" content=\"AS9100, Havac\u0131l\u0131k, Uzay ve Savunma (AS&amp;D) end\u00fcstrisi i\u00e7in uluslararas\u0131 Kalite Y\u00f6netim Sistemi standard\u0131d\u0131r. G\u00fcvenlik, u\u00e7u\u015fa elveri\u015flilik, \u00fcr\u00fcn uygunlu\u011fu ve g\u00fcvenilirlik, havac\u0131l\u0131k kalitesi kalite standard\u0131 olan AS9100&#039;\u00fcn kilit unsurlar\u0131d\u0131r.\" \/>\n<meta name=\"robots\" content=\"index, follow, max-snippet:-1, max-image-preview:large, max-video-preview:-1\" \/>\n<link rel=\"canonical\" href=\"https:\/\/tcscertification.com\/en\/as-9100-aviation\/\" \/>\n<meta property=\"og:locale\" content=\"en_US\" \/>\n<meta property=\"og:type\" content=\"article\" \/>\n<meta property=\"og:title\" content=\"AS 9100 Havac\u0131l\u0131k\" \/>\n<meta property=\"og:description\" content=\"AS9100, Havac\u0131l\u0131k, Uzay ve Savunma (AS&amp;D) end\u00fcstrisi i\u00e7in uluslararas\u0131 Kalite Y\u00f6netim Sistemi standard\u0131d\u0131r. G\u00fcvenlik, u\u00e7u\u015fa elveri\u015flilik, \u00fcr\u00fcn uygunlu\u011fu ve g\u00fcvenilirlik, havac\u0131l\u0131k kalitesi kalite standard\u0131 olan AS9100&#039;\u00fcn kilit unsurlar\u0131d\u0131r.\" \/>\n<meta property=\"og:url\" content=\"https:\/\/tcscertification.com\/en\/as-9100-aviation\/\" \/>\n<meta property=\"og:site_name\" content=\"TCS INTERNATIONAL CERTIFICATION LLC\" \/>\n<meta property=\"article:modified_time\" content=\"2025-07-03T13:45:50+00:00\" \/>\n<meta property=\"og:image\" content=\"https:\/\/tcscertification.com\/wp-content\/uploads\/2022\/10\/tcs-favicon.png\" \/>\n\t<meta property=\"og:image:width\" content=\"512\" \/>\n\t<meta property=\"og:image:height\" content=\"512\" \/>\n\t<meta property=\"og:image:type\" content=\"image\/png\" \/>\n<meta name=\"twitter:card\" content=\"summary_large_image\" \/>\n<meta name=\"twitter:label1\" content=\"Est. reading time\" \/>\n\t<meta name=\"twitter:data1\" content=\"2 minutes\" \/>\n<script type=\"application\/ld+json\" class=\"yoast-schema-graph\">{\"@context\":\"https:\/\/schema.org\",\"@graph\":[{\"@type\":\"WebPage\",\"@id\":\"https:\/\/tcscertification.com\/as-9100-havacilik\/\",\"url\":\"https:\/\/tcscertification.com\/as-9100-havacilik\/\",\"name\":\"AS 9100 Havac\u0131l\u0131k | TCS Belgelendirme\",\"isPartOf\":{\"@id\":\"https:\/\/tcscertification.com\/#website\"},\"datePublished\":\"2022-09-06T08:49:20+00:00\",\"dateModified\":\"2025-07-03T13:45:50+00:00\",\"description\":\"AS9100, Havac\u0131l\u0131k, Uzay ve Savunma (AS&D) end\u00fcstrisi i\u00e7in uluslararas\u0131 Kalite Y\u00f6netim Sistemi standard\u0131d\u0131r. G\u00fcvenlik, u\u00e7u\u015fa elveri\u015flilik, \u00fcr\u00fcn uygunlu\u011fu ve g\u00fcvenilirlik, havac\u0131l\u0131k kalitesi kalite standard\u0131 olan AS9100'\u00fcn kilit unsurlar\u0131d\u0131r.\",\"breadcrumb\":{\"@id\":\"https:\/\/tcscertification.com\/as-9100-havacilik\/#breadcrumb\"},\"inLanguage\":\"en-US\",\"potentialAction\":[{\"@type\":\"ReadAction\",\"target\":[\"https:\/\/tcscertification.com\/as-9100-havacilik\/\"]}]},{\"@type\":\"BreadcrumbList\",\"@id\":\"https:\/\/tcscertification.com\/as-9100-havacilik\/#breadcrumb\",\"itemListElement\":[{\"@type\":\"ListItem\",\"position\":1,\"name\":\"Anasayfa\",\"item\":\"https:\/\/tcscertification.com\/\"},{\"@type\":\"ListItem\",\"position\":2,\"name\":\"AS 9100 Havac\u0131l\u0131k\"}]},{\"@type\":\"WebSite\",\"@id\":\"https:\/\/tcscertification.com\/#website\",\"url\":\"https:\/\/tcscertification.com\/\",\"name\":\"TCS INTERNATIONAL CERTIFICATION LLC\",\"description\":\"\",\"publisher\":{\"@id\":\"https:\/\/tcscertification.com\/#organization\"},\"alternateName\":\"TCS INTERNATIONAL CERTIFICATION LLC\",\"potentialAction\":[{\"@type\":\"SearchAction\",\"target\":{\"@type\":\"EntryPoint\",\"urlTemplate\":\"https:\/\/tcscertification.com\/?s={search_term_string}\"},\"query-input\":\"required name=search_term_string\"}],\"inLanguage\":\"en-US\"},{\"@type\":\"Organization\",\"@id\":\"https:\/\/tcscertification.com\/#organization\",\"name\":\"TCS INTERNATIONAL\",\"alternateName\":\"TCS INTERNATIONAL CERTIFICATION LLC\",\"url\":\"https:\/\/tcscertification.com\/\",\"logo\":{\"@type\":\"ImageObject\",\"inLanguage\":\"en-US\",\"@id\":\"https:\/\/tcscertification.com\/#\/schema\/logo\/image\/\",\"url\":\"https:\/\/tcscertification.com\/wp-content\/uploads\/2023\/02\/tcs-logo-new.gif\",\"contentUrl\":\"https:\/\/tcscertification.com\/wp-content\/uploads\/2023\/02\/tcs-logo-new.gif\",\"width\":215,\"height\":100,\"caption\":\"TCS INTERNATIONAL\"},\"image\":{\"@id\":\"https:\/\/tcscertification.com\/#\/schema\/logo\/image\/\"}}]}<\/script>\n<!-- \/ Yoast SEO Premium plugin. -->","yoast_head_json":{"title":"AS 9100 Havac\u0131l\u0131k | TCS Belgelendirme","description":"AS9100, Havac\u0131l\u0131k, Uzay ve Savunma (AS&D) end\u00fcstrisi i\u00e7in uluslararas\u0131 Kalite Y\u00f6netim Sistemi standard\u0131d\u0131r. G\u00fcvenlik, u\u00e7u\u015fa elveri\u015flilik, \u00fcr\u00fcn uygunlu\u011fu ve g\u00fcvenilirlik, havac\u0131l\u0131k kalitesi kalite standard\u0131 olan AS9100'\u00fcn kilit unsurlar\u0131d\u0131r.","robots":{"index":"index","follow":"follow","max-snippet":"max-snippet:-1","max-image-preview":"max-image-preview:large","max-video-preview":"max-video-preview:-1"},"canonical":"https:\/\/tcscertification.com\/en\/as-9100-aviation\/","og_locale":"en_US","og_type":"article","og_title":"AS 9100 Havac\u0131l\u0131k","og_description":"AS9100, Havac\u0131l\u0131k, Uzay ve Savunma (AS&D) end\u00fcstrisi i\u00e7in uluslararas\u0131 Kalite Y\u00f6netim Sistemi standard\u0131d\u0131r. G\u00fcvenlik, u\u00e7u\u015fa elveri\u015flilik, \u00fcr\u00fcn uygunlu\u011fu ve g\u00fcvenilirlik, havac\u0131l\u0131k kalitesi kalite standard\u0131 olan AS9100'\u00fcn kilit unsurlar\u0131d\u0131r.","og_url":"https:\/\/tcscertification.com\/en\/as-9100-aviation\/","og_site_name":"TCS INTERNATIONAL CERTIFICATION LLC","article_modified_time":"2025-07-03T13:45:50+00:00","og_image":[{"width":512,"height":512,"url":"https:\/\/tcscertification.com\/wp-content\/uploads\/2022\/10\/tcs-favicon.png","type":"image\/png"}],"twitter_card":"summary_large_image","twitter_misc":{"Est. reading time":"2 minutes"},"schema":{"@context":"https:\/\/schema.org","@graph":[{"@type":"WebPage","@id":"https:\/\/tcscertification.com\/as-9100-havacilik\/","url":"https:\/\/tcscertification.com\/as-9100-havacilik\/","name":"AS 9100 Havac\u0131l\u0131k | TCS Belgelendirme","isPartOf":{"@id":"https:\/\/tcscertification.com\/#website"},"datePublished":"2022-09-06T08:49:20+00:00","dateModified":"2025-07-03T13:45:50+00:00","description":"AS9100, Havac\u0131l\u0131k, Uzay ve Savunma (AS&D) end\u00fcstrisi i\u00e7in uluslararas\u0131 Kalite Y\u00f6netim Sistemi standard\u0131d\u0131r. G\u00fcvenlik, u\u00e7u\u015fa elveri\u015flilik, \u00fcr\u00fcn uygunlu\u011fu ve g\u00fcvenilirlik, havac\u0131l\u0131k kalitesi kalite standard\u0131 olan AS9100'\u00fcn kilit unsurlar\u0131d\u0131r.","breadcrumb":{"@id":"https:\/\/tcscertification.com\/as-9100-havacilik\/#breadcrumb"},"inLanguage":"en-US","potentialAction":[{"@type":"ReadAction","target":["https:\/\/tcscertification.com\/as-9100-havacilik\/"]}]},{"@type":"BreadcrumbList","@id":"https:\/\/tcscertification.com\/as-9100-havacilik\/#breadcrumb","itemListElement":[{"@type":"ListItem","position":1,"name":"Anasayfa","item":"https:\/\/tcscertification.com\/"},{"@type":"ListItem","position":2,"name":"AS 9100 Havac\u0131l\u0131k"}]},{"@type":"WebSite","@id":"https:\/\/tcscertification.com\/#website","url":"https:\/\/tcscertification.com\/","name":"TCS INTERNATIONAL CERTIFICATION LLC","description":"","publisher":{"@id":"https:\/\/tcscertification.com\/#organization"},"alternateName":"TCS INTERNATIONAL CERTIFICATION LLC","potentialAction":[{"@type":"SearchAction","target":{"@type":"EntryPoint","urlTemplate":"https:\/\/tcscertification.com\/?s={search_term_string}"},"query-input":"required name=search_term_string"}],"inLanguage":"en-US"},{"@type":"Organization","@id":"https:\/\/tcscertification.com\/#organization","name":"TCS INTERNATIONAL","alternateName":"TCS INTERNATIONAL CERTIFICATION LLC","url":"https:\/\/tcscertification.com\/","logo":{"@type":"ImageObject","inLanguage":"en-US","@id":"https:\/\/tcscertification.com\/#\/schema\/logo\/image\/","url":"https:\/\/tcscertification.com\/wp-content\/uploads\/2023\/02\/tcs-logo-new.gif","contentUrl":"https:\/\/tcscertification.com\/wp-content\/uploads\/2023\/02\/tcs-logo-new.gif","width":215,"height":100,"caption":"TCS INTERNATIONAL"},"image":{"@id":"https:\/\/tcscertification.com\/#\/schema\/logo\/image\/"}}]}},"_links":{"self":[{"href":"https:\/\/tcscertification.com\/en\/wp-json\/wp\/v2\/pages\/13847","targetHints":{"allow":["GET"]}}],"collection":[{"href":"https:\/\/tcscertification.com\/en\/wp-json\/wp\/v2\/pages"}],"about":[{"href":"https:\/\/tcscertification.com\/en\/wp-json\/wp\/v2\/types\/page"}],"author":[{"embeddable":true,"href":"https:\/\/tcscertification.com\/en\/wp-json\/wp\/v2\/users\/1"}],"replies":[{"embeddable":true,"href":"https:\/\/tcscertification.com\/en\/wp-json\/wp\/v2\/comments?post=13847"}],"version-history":[{"count":19,"href":"https:\/\/tcscertification.com\/en\/wp-json\/wp\/v2\/pages\/13847\/revisions"}],"predecessor-version":[{"id":24721,"href":"https:\/\/tcscertification.com\/en\/wp-json\/wp\/v2\/pages\/13847\/revisions\/24721"}],"wp:attachment":[{"href":"https:\/\/tcscertification.com\/en\/wp-json\/wp\/v2\/media?parent=13847"}],"curies":[{"name":"wp","href":"https:\/\/api.w.org\/{rel}","templated":true}]}}