{"id":13843,"date":"2022-09-06T11:48:13","date_gmt":"2022-09-06T08:48:13","guid":{"rendered":"https:\/\/tcscertification.com\/?page_id=13843"},"modified":"2025-07-03T16:43:16","modified_gmt":"2025-07-03T13:43:16","slug":"iso-39001-road-and-traffic-safety","status":"publish","type":"page","link":"https:\/\/tcscertification.com\/en\/iso-39001-road-and-traffic-safety\/","title":{"rendered":"ISO 39001 Road and Traffic Safety"},"content":{"rendered":"<div data-elementor-type=\"wp-page\" data-elementor-id=\"13843\" class=\"elementor elementor-13843\" data-elementor-post-type=\"page\">\n\t\t\t\t\t\t<section class=\"elementor-section elementor-top-section elementor-element elementor-element-4799cd9 elementor-section-boxed elementor-section-height-default elementor-section-height-default\" data-id=\"4799cd9\" data-element_type=\"section\">\n\t\t\t\t\t\t<div class=\"elementor-container elementor-column-gap-default\">\n\t\t\t\t\t<div class=\"elementor-column elementor-col-100 elementor-top-column elementor-element elementor-element-f69bb3c\" data-id=\"f69bb3c\" data-element_type=\"column\">\n\t\t\t<div class=\"elementor-widget-wrap elementor-element-populated\">\n\t\t\t\t\t\t<div class=\"elementor-element elementor-element-1e91e26 elementor-widget elementor-widget-heading\" data-id=\"1e91e26\" data-element_type=\"widget\" data-widget_type=\"heading.default\">\n\t\t\t\t<div class=\"elementor-widget-container\">\n\t\t\t\t\t<h1 class=\"elementor-heading-title elementor-size-default\">ISO 39001 Road and Traffic Safety<\/h1>\t\t\t\t<\/div>\n\t\t\t\t<\/div>\n\t\t\t\t\t<\/div>\n\t\t<\/div>\n\t\t\t\t\t<\/div>\n\t\t<\/section>\n\t\t\t\t<section class=\"elementor-section elementor-top-section elementor-element elementor-element-bfdce93 elementor-section-boxed elementor-section-height-default elementor-section-height-default\" data-id=\"bfdce93\" data-element_type=\"section\">\n\t\t\t\t\t\t<div class=\"elementor-container elementor-column-gap-default\">\n\t\t\t\t\t<div class=\"elementor-column elementor-col-100 elementor-top-column elementor-element elementor-element-b7f8f03\" data-id=\"b7f8f03\" data-element_type=\"column\">\n\t\t\t<div class=\"elementor-widget-wrap elementor-element-populated\">\n\t\t\t\t\t\t<div class=\"elementor-element elementor-element-b4336d7 elementor-widget elementor-widget-spacer\" data-id=\"b4336d7\" data-element_type=\"widget\" data-widget_type=\"spacer.default\">\n\t\t\t\t<div class=\"elementor-widget-container\">\n\t\t\t\t\t\t\t<div class=\"elementor-spacer\">\n\t\t\t<div class=\"elementor-spacer-inner\"><\/div>\n\t\t<\/div>\n\t\t\t\t\t\t<\/div>\n\t\t\t\t<\/div>\n\t\t\t\t\t<\/div>\n\t\t<\/div>\n\t\t\t\t\t<\/div>\n\t\t<\/section>\n\t\t\t\t<section class=\"elementor-section elementor-top-section elementor-element elementor-element-c2af980 elementor-section-boxed elementor-section-height-default elementor-section-height-default\" data-id=\"c2af980\" data-element_type=\"section\">\n\t\t\t\t\t\t<div class=\"elementor-container elementor-column-gap-default\">\n\t\t\t\t\t<div class=\"elementor-column elementor-col-50 elementor-top-column elementor-element elementor-element-992ba41\" data-id=\"992ba41\" data-element_type=\"column\">\n\t\t\t<div class=\"elementor-widget-wrap elementor-element-populated\">\n\t\t\t\t\t\t<div class=\"elementor-element elementor-element-a019176 elementor-nav-menu__text-align-aside elementor-widget elementor-widget-nav-menu\" data-id=\"a019176\" data-element_type=\"widget\" data-settings=\"{&quot;layout&quot;:&quot;dropdown&quot;,&quot;submenu_icon&quot;:{&quot;value&quot;:&quot;&lt;i class=\\&quot;fas fa-caret-down\\&quot;&gt;&lt;\\\/i&gt;&quot;,&quot;library&quot;:&quot;fa-solid&quot;}}\" data-widget_type=\"nav-menu.default\">\n\t\t\t\t<div class=\"elementor-widget-container\">\n\t\t\t\t\t\t\t\t<nav class=\"elementor-nav-menu--dropdown elementor-nav-menu__container\" aria-hidden=\"true\">\n\t\t\t\t<ul id=\"menu-2-a019176\" class=\"elementor-nav-menu\"><li class=\"menu-item menu-item-type-post_type menu-item-object-page menu-item-14050\"><a href=\"https:\/\/tcscertification.com\/en\/iso-9001-quality\/\" class=\"elementor-item\" tabindex=\"-1\">ISO 9001 Quality<\/a><\/li>\n<li class=\"menu-item menu-item-type-post_type menu-item-object-page menu-item-14051\"><a href=\"https:\/\/tcscertification.com\/en\/iso-14001-environmental\/\" class=\"elementor-item\" tabindex=\"-1\">ISO 14001 Environmental<\/a><\/li>\n<li class=\"menu-item menu-item-type-post_type menu-item-object-page menu-item-14052\"><a href=\"https:\/\/tcscertification.com\/en\/job-security-iso-45001\/\" class=\"elementor-item\" tabindex=\"-1\">ISO 45001 Job Security<\/a><\/li>\n<li class=\"menu-item menu-item-type-post_type menu-item-object-page menu-item-14053\"><a href=\"https:\/\/tcscertification.com\/en\/iso-22000-food-safety\/\" class=\"elementor-item\" tabindex=\"-1\">ISO 22000 Food Safety<\/a><\/li>\n<li class=\"menu-item menu-item-type-post_type menu-item-object-page menu-item-14054\"><a href=\"https:\/\/tcscertification.com\/en\/iso-27001-information-security\/\" class=\"elementor-item\" tabindex=\"-1\">ISO 27001 Information Security<\/a><\/li>\n<li class=\"menu-item menu-item-type-post_type menu-item-object-page menu-item-14055\"><a href=\"https:\/\/tcscertification.com\/en\/iso-27701-personal-information\/\" class=\"elementor-item\" tabindex=\"-1\">ISO 27701 Personal Information<\/a><\/li>\n<li class=\"menu-item menu-item-type-post_type menu-item-object-page menu-item-14056\"><a href=\"https:\/\/tcscertification.com\/en\/iso-50001-energy\/\" class=\"elementor-item\" tabindex=\"-1\">ISO 50001 Energy<\/a><\/li>\n<li class=\"menu-item menu-item-type-post_type menu-item-object-page menu-item-14057\"><a href=\"https:\/\/tcscertification.com\/en\/iso-22301-social-security-and-business-continuity\/\" class=\"elementor-item\" tabindex=\"-1\">ISO 22301 Social Security and Business Continuity<\/a><\/li>\n<li class=\"menu-item menu-item-type-post_type menu-item-object-page menu-item-14058\"><a href=\"https:\/\/tcscertification.com\/en\/iso-20000-1-information-technology\/\" class=\"elementor-item\" tabindex=\"-1\">ISO 20000-1 Information Technology<\/a><\/li>\n<li class=\"menu-item menu-item-type-post_type menu-item-object-page menu-item-14059\"><a href=\"https:\/\/tcscertification.com\/en\/iso-10002-customer-satisfaction\/\" class=\"elementor-item\" tabindex=\"-1\">ISO 10002 Customer Satisfaction<\/a><\/li>\n<li class=\"menu-item menu-item-type-post_type menu-item-object-page menu-item-14060\"><a href=\"https:\/\/tcscertification.com\/en\/iso-31000-enterprise-risk-management\/\" class=\"elementor-item\" tabindex=\"-1\">ISO 31000 Enterprise Risk Management<\/a><\/li>\n<li class=\"menu-item menu-item-type-post_type menu-item-object-page menu-item-14061\"><a href=\"https:\/\/tcscertification.com\/en\/iso-37001-fighting-anti-corruption\/\" class=\"elementor-item\" tabindex=\"-1\">ISO 37001 Fighting Anti-Corruption<\/a><\/li>\n<li class=\"menu-item menu-item-type-post_type menu-item-object-page menu-item-14062\"><a href=\"https:\/\/tcscertification.com\/en\/iso-39001-road-and-traffic-safety\/\" class=\"elementor-item\" tabindex=\"-1\">ISO 39001 Road and Traffic Safety<\/a><\/li>\n<li class=\"menu-item menu-item-type-post_type menu-item-object-page menu-item-14063\"><a href=\"https:\/\/tcscertification.com\/en\/iatf-16949-automotive\/\" class=\"elementor-item\" tabindex=\"-1\">IATF 16949 Automotive<\/a><\/li>\n<li class=\"menu-item menu-item-type-post_type menu-item-object-page menu-item-14064\"><a href=\"https:\/\/tcscertification.com\/en\/as-9100-aviation\/\" class=\"elementor-item\" tabindex=\"-1\">AS 9100 Aviation<\/a><\/li>\n<li class=\"menu-item menu-item-type-post_type menu-item-object-page menu-item-14065\"><a href=\"https:\/\/tcscertification.com\/en\/gmp-good-manufacturing-practices\/\" class=\"elementor-item\" tabindex=\"-1\">GMP Good Manufacturing Practices<\/a><\/li>\n<li class=\"menu-item menu-item-type-post_type menu-item-object-page menu-item-14066\"><a href=\"https:\/\/tcscertification.com\/en\/halal-certification\/\" class=\"elementor-item\" tabindex=\"-1\">Halal Certificate<\/a><\/li>\n<\/ul>\t\t\t<\/nav>\n\t\t\t\t\t\t<\/div>\n\t\t\t\t<\/div>\n\t\t\t\t\t<\/div>\n\t\t<\/div>\n\t\t\t\t<div class=\"elementor-column elementor-col-50 elementor-top-column elementor-element elementor-element-3b841c7\" data-id=\"3b841c7\" data-element_type=\"column\">\n\t\t\t<div class=\"elementor-widget-wrap elementor-element-populated\">\n\t\t\t\t\t\t<div class=\"elementor-element elementor-element-ce890cb elementor-widget elementor-widget-text-editor\" data-id=\"ce890cb\" data-element_type=\"widget\" data-widget_type=\"text-editor.default\">\n\t\t\t\t<div class=\"elementor-widget-container\">\n\t\t\t\t\t\t\t\t\t<h2 style=\"letter-spacing: normal;\">What is ISO 39001 Road and Traffic Safety Management System?<\/h2><p>ISO 39001 Road and Traffic Safety Management System is a standard that determines the minimum requirements of a road traffic safety management system. ISO 39001 Road and Traffic Safety Management System provides companies with an internationally accepted understanding of road traffic safety system tasks and interactions. With the establishment of ISO 39001 Road and Traffic Safety Management System, companies will achieve their social responsibility and corporate safety goals, show society that they care about these goals, increase their efficiency and reduce their expenses thanks to better management.<\/p><h3 style=\"letter-spacing: normal;\"><strong>What is the Scope of ISO 39001?<\/strong><\/h3><p>This standard applies to any organization, regardless of type, size and product or service provided, that wishes to:<\/p><ol><li>Improve the performance of Road Traffic Safety Management System,<\/li><li>Road Traffic Safety Management System establish, implement, maintain and improve,<\/li><li>Road Traffic Safety Management System to show compliance with this standard and ensure that they are in compliance with policy.<\/li><\/ol><h3 style=\"letter-spacing: normal;\"><strong>What are the advantages of the ISO 39001 Standard?<\/strong><\/h3><ol start=\"4\"><li>Corporate Social Responsibility and safety and achieve your goals<\/li><li>These are seriously goals that you take your show to your shareholders<\/li><li>Determine ways to increase efficiency through better management<\/li><li>Reduce costs with improved efficiency<\/li><li>BS ISO 39001 percent recognized as one of the first companies to implement<\/li><\/ol><p>For more detailed information about our services, you can contact us at www.tcscertification.com or by calling 444 31 67.<\/p>\t\t\t\t\t\t\t\t<\/div>\n\t\t\t\t<\/div>\n\t\t\t\t\t<\/div>\n\t\t<\/div>\n\t\t\t\t\t<\/div>\n\t\t<\/section>\n\t\t\t\t<section class=\"elementor-section elementor-top-section elementor-element elementor-element-a2cd035 elementor-section-boxed elementor-section-height-default elementor-section-height-default\" data-id=\"a2cd035\" data-element_type=\"section\">\n\t\t\t\t\t\t<div class=\"elementor-container elementor-column-gap-default\">\n\t\t\t\t\t<div class=\"elementor-column elementor-col-100 elementor-top-column elementor-element elementor-element-7508dd5\" data-id=\"7508dd5\" data-element_type=\"column\">\n\t\t\t<div class=\"elementor-widget-wrap elementor-element-populated\">\n\t\t\t\t\t\t<div class=\"elementor-element elementor-element-4d43cd8 elementor-align-center elementor-widget elementor-widget-button\" data-id=\"4d43cd8\" data-element_type=\"widget\" data-widget_type=\"button.default\">\n\t\t\t\t<div class=\"elementor-widget-container\">\n\t\t\t\t\t\t\t\t\t<div class=\"elementor-button-wrapper\">\n\t\t\t\t\t<a class=\"elementor-button elementor-button-link elementor-size-sm\" href=\"https:\/\/tcscertification.com\/en\/application-for-certification\/\">\n\t\t\t\t\t\t<span class=\"elementor-button-content-wrapper\">\n\t\t\t\t\t\t\t\t\t<span class=\"elementor-button-text\">Quick Reference<\/span>\n\t\t\t\t\t<\/span>\n\t\t\t\t\t<\/a>\n\t\t\t\t<\/div>\n\t\t\t\t\t\t\t\t<\/div>\n\t\t\t\t<\/div>\n\t\t\t\t\t<\/div>\n\t\t<\/div>\n\t\t\t\t\t<\/div>\n\t\t<\/section>\n\t\t\t\t<\/div>","protected":false},"excerpt":{"rendered":"<p>ISO 39001 Yol ve Trafik G\u00fcvenli\u011fi ISO 39001 Yol ve Trafik G\u00fcvenli\u011fi\u00a0Y\u00f6netim Sistemi Nedir? ISO 39001 Yol ve Trafik G\u00fcvenli\u011fi Y\u00f6netim Sistemi, bir yol trafik g\u00fcvenli\u011fi y\u00f6netim\u00a0sisteminin asgari ihtiya\u00e7lar\u0131n\u0131 belirleyen bir standartt\u0131r. ISO 39001 Yol ve Trafik\u00a0G\u00fcvenli\u011fi Y\u00f6netim Sistemi, firmalara yol trafik g\u00fcvenli\u011fi sistemi g\u00f6revleri ve\u00a0etkile\u015fimleri konusunda milletler aras\u0131 kabul g\u00f6ren bir anlay\u0131\u015f sunar. ISO&#8230;<\/p>","protected":false},"author":1,"featured_media":0,"parent":0,"menu_order":0,"comment_status":"closed","ping_status":"closed","template":"","meta":{"footnotes":""},"class_list":["post-13843","page","type-page","status-publish","hentry"],"yoast_head":"<!-- This site is optimized with the Yoast SEO Premium plugin v19.7 (Yoast SEO v19.14) - https:\/\/yoast.com\/wordpress\/plugins\/seo\/ -->\n<title>ISO 39001 Yol ve Trafik G\u00fcvenli\u011fi | TCS Belgelendirme<\/title>\n<meta name=\"description\" content=\"ISO 39001 Yol ve Trafik G\u00fcvenli\u011fi Y\u00f6netim Sistemi, bir yol trafik g\u00fcvenli\u011fi y\u00f6netim sisteminin asgari ihtiya\u00e7lar\u0131n\u0131 belirleyen bir standartt\u0131r. ISO 39001 Yol ve Trafik G\u00fcvenli\u011fi Y\u00f6netim Sistemi, firmalara yol trafik g\u00fcvenli\u011fi sistemi g\u00f6revleri ve etkile\u015fimleri konusunda milletler aras\u0131 kabul g\u00f6ren bir anlay\u0131\u015f sunar.\" \/>\n<meta name=\"robots\" content=\"index, follow, max-snippet:-1, max-image-preview:large, max-video-preview:-1\" \/>\n<link rel=\"canonical\" href=\"https:\/\/tcscertification.com\/en\/iso-39001-road-and-traffic-safety\/\" \/>\n<meta property=\"og:locale\" content=\"en_US\" \/>\n<meta property=\"og:type\" content=\"article\" \/>\n<meta property=\"og:title\" content=\"ISO 39001 Yol ve Trafik G\u00fcvenli\u011fi\" \/>\n<meta property=\"og:description\" content=\"ISO 39001 Yol ve Trafik G\u00fcvenli\u011fi Y\u00f6netim Sistemi, bir yol trafik g\u00fcvenli\u011fi y\u00f6netim sisteminin asgari ihtiya\u00e7lar\u0131n\u0131 belirleyen bir standartt\u0131r. ISO 39001 Yol ve Trafik G\u00fcvenli\u011fi Y\u00f6netim Sistemi, firmalara yol trafik g\u00fcvenli\u011fi sistemi g\u00f6revleri ve etkile\u015fimleri konusunda milletler aras\u0131 kabul g\u00f6ren bir anlay\u0131\u015f sunar.\" \/>\n<meta property=\"og:url\" content=\"https:\/\/tcscertification.com\/en\/iso-39001-road-and-traffic-safety\/\" \/>\n<meta property=\"og:site_name\" content=\"TCS INTERNATIONAL CERTIFICATION LLC\" \/>\n<meta property=\"article:modified_time\" content=\"2025-07-03T13:43:16+00:00\" \/>\n<meta property=\"og:image\" content=\"https:\/\/tcscertification.com\/wp-content\/uploads\/2022\/10\/tcs-favicon.png\" \/>\n\t<meta property=\"og:image:width\" content=\"512\" \/>\n\t<meta property=\"og:image:height\" content=\"512\" \/>\n\t<meta property=\"og:image:type\" content=\"image\/png\" \/>\n<meta name=\"twitter:card\" content=\"summary_large_image\" \/>\n<meta name=\"twitter:label1\" content=\"Est. reading time\" \/>\n\t<meta name=\"twitter:data1\" content=\"2 minutes\" \/>\n<script type=\"application\/ld+json\" class=\"yoast-schema-graph\">{\"@context\":\"https:\/\/schema.org\",\"@graph\":[{\"@type\":\"WebPage\",\"@id\":\"https:\/\/tcscertification.com\/iso-39001-yol-ve-trafik-guvenligi\/\",\"url\":\"https:\/\/tcscertification.com\/iso-39001-yol-ve-trafik-guvenligi\/\",\"name\":\"ISO 39001 Yol ve Trafik G\u00fcvenli\u011fi | TCS Belgelendirme\",\"isPartOf\":{\"@id\":\"https:\/\/tcscertification.com\/#website\"},\"datePublished\":\"2022-09-06T08:48:13+00:00\",\"dateModified\":\"2025-07-03T13:43:16+00:00\",\"description\":\"ISO 39001 Yol ve Trafik G\u00fcvenli\u011fi Y\u00f6netim Sistemi, bir yol trafik g\u00fcvenli\u011fi y\u00f6netim sisteminin asgari ihtiya\u00e7lar\u0131n\u0131 belirleyen bir standartt\u0131r. ISO 39001 Yol ve Trafik G\u00fcvenli\u011fi Y\u00f6netim Sistemi, firmalara yol trafik g\u00fcvenli\u011fi sistemi g\u00f6revleri ve etkile\u015fimleri konusunda milletler aras\u0131 kabul g\u00f6ren bir anlay\u0131\u015f sunar.\",\"breadcrumb\":{\"@id\":\"https:\/\/tcscertification.com\/iso-39001-yol-ve-trafik-guvenligi\/#breadcrumb\"},\"inLanguage\":\"en-US\",\"potentialAction\":[{\"@type\":\"ReadAction\",\"target\":[\"https:\/\/tcscertification.com\/iso-39001-yol-ve-trafik-guvenligi\/\"]}]},{\"@type\":\"BreadcrumbList\",\"@id\":\"https:\/\/tcscertification.com\/iso-39001-yol-ve-trafik-guvenligi\/#breadcrumb\",\"itemListElement\":[{\"@type\":\"ListItem\",\"position\":1,\"name\":\"Anasayfa\",\"item\":\"https:\/\/tcscertification.com\/\"},{\"@type\":\"ListItem\",\"position\":2,\"name\":\"ISO 39001 Yol ve Trafik G\u00fcvenli\u011fi\"}]},{\"@type\":\"WebSite\",\"@id\":\"https:\/\/tcscertification.com\/#website\",\"url\":\"https:\/\/tcscertification.com\/\",\"name\":\"TCS INTERNATIONAL CERTIFICATION LLC\",\"description\":\"\",\"publisher\":{\"@id\":\"https:\/\/tcscertification.com\/#organization\"},\"alternateName\":\"TCS INTERNATIONAL CERTIFICATION LLC\",\"potentialAction\":[{\"@type\":\"SearchAction\",\"target\":{\"@type\":\"EntryPoint\",\"urlTemplate\":\"https:\/\/tcscertification.com\/?s={search_term_string}\"},\"query-input\":\"required name=search_term_string\"}],\"inLanguage\":\"en-US\"},{\"@type\":\"Organization\",\"@id\":\"https:\/\/tcscertification.com\/#organization\",\"name\":\"TCS INTERNATIONAL\",\"alternateName\":\"TCS INTERNATIONAL CERTIFICATION LLC\",\"url\":\"https:\/\/tcscertification.com\/\",\"logo\":{\"@type\":\"ImageObject\",\"inLanguage\":\"en-US\",\"@id\":\"https:\/\/tcscertification.com\/#\/schema\/logo\/image\/\",\"url\":\"https:\/\/tcscertification.com\/wp-content\/uploads\/2023\/02\/tcs-logo-new.gif\",\"contentUrl\":\"https:\/\/tcscertification.com\/wp-content\/uploads\/2023\/02\/tcs-logo-new.gif\",\"width\":215,\"height\":100,\"caption\":\"TCS INTERNATIONAL\"},\"image\":{\"@id\":\"https:\/\/tcscertification.com\/#\/schema\/logo\/image\/\"}}]}<\/script>\n<!-- \/ Yoast SEO Premium plugin. -->","yoast_head_json":{"title":"ISO 39001 Yol ve Trafik G\u00fcvenli\u011fi | TCS Belgelendirme","description":"ISO 39001 Yol ve Trafik G\u00fcvenli\u011fi Y\u00f6netim Sistemi, bir yol trafik g\u00fcvenli\u011fi y\u00f6netim sisteminin asgari ihtiya\u00e7lar\u0131n\u0131 belirleyen bir standartt\u0131r. ISO 39001 Yol ve Trafik G\u00fcvenli\u011fi Y\u00f6netim Sistemi, firmalara yol trafik g\u00fcvenli\u011fi sistemi g\u00f6revleri ve etkile\u015fimleri konusunda milletler aras\u0131 kabul g\u00f6ren bir anlay\u0131\u015f sunar.","robots":{"index":"index","follow":"follow","max-snippet":"max-snippet:-1","max-image-preview":"max-image-preview:large","max-video-preview":"max-video-preview:-1"},"canonical":"https:\/\/tcscertification.com\/en\/iso-39001-road-and-traffic-safety\/","og_locale":"en_US","og_type":"article","og_title":"ISO 39001 Yol ve Trafik G\u00fcvenli\u011fi","og_description":"ISO 39001 Yol ve Trafik G\u00fcvenli\u011fi Y\u00f6netim Sistemi, bir yol trafik g\u00fcvenli\u011fi y\u00f6netim sisteminin asgari ihtiya\u00e7lar\u0131n\u0131 belirleyen bir standartt\u0131r. ISO 39001 Yol ve Trafik G\u00fcvenli\u011fi Y\u00f6netim Sistemi, firmalara yol trafik g\u00fcvenli\u011fi sistemi g\u00f6revleri ve etkile\u015fimleri konusunda milletler aras\u0131 kabul g\u00f6ren bir anlay\u0131\u015f sunar.","og_url":"https:\/\/tcscertification.com\/en\/iso-39001-road-and-traffic-safety\/","og_site_name":"TCS INTERNATIONAL CERTIFICATION LLC","article_modified_time":"2025-07-03T13:43:16+00:00","og_image":[{"width":512,"height":512,"url":"https:\/\/tcscertification.com\/wp-content\/uploads\/2022\/10\/tcs-favicon.png","type":"image\/png"}],"twitter_card":"summary_large_image","twitter_misc":{"Est. reading time":"2 minutes"},"schema":{"@context":"https:\/\/schema.org","@graph":[{"@type":"WebPage","@id":"https:\/\/tcscertification.com\/iso-39001-yol-ve-trafik-guvenligi\/","url":"https:\/\/tcscertification.com\/iso-39001-yol-ve-trafik-guvenligi\/","name":"ISO 39001 Yol ve Trafik G\u00fcvenli\u011fi | TCS Belgelendirme","isPartOf":{"@id":"https:\/\/tcscertification.com\/#website"},"datePublished":"2022-09-06T08:48:13+00:00","dateModified":"2025-07-03T13:43:16+00:00","description":"ISO 39001 Yol ve Trafik G\u00fcvenli\u011fi Y\u00f6netim Sistemi, bir yol trafik g\u00fcvenli\u011fi y\u00f6netim sisteminin asgari ihtiya\u00e7lar\u0131n\u0131 belirleyen bir standartt\u0131r. ISO 39001 Yol ve Trafik G\u00fcvenli\u011fi Y\u00f6netim Sistemi, firmalara yol trafik g\u00fcvenli\u011fi sistemi g\u00f6revleri ve etkile\u015fimleri konusunda milletler aras\u0131 kabul g\u00f6ren bir anlay\u0131\u015f sunar.","breadcrumb":{"@id":"https:\/\/tcscertification.com\/iso-39001-yol-ve-trafik-guvenligi\/#breadcrumb"},"inLanguage":"en-US","potentialAction":[{"@type":"ReadAction","target":["https:\/\/tcscertification.com\/iso-39001-yol-ve-trafik-guvenligi\/"]}]},{"@type":"BreadcrumbList","@id":"https:\/\/tcscertification.com\/iso-39001-yol-ve-trafik-guvenligi\/#breadcrumb","itemListElement":[{"@type":"ListItem","position":1,"name":"Anasayfa","item":"https:\/\/tcscertification.com\/"},{"@type":"ListItem","position":2,"name":"ISO 39001 Yol ve Trafik G\u00fcvenli\u011fi"}]},{"@type":"WebSite","@id":"https:\/\/tcscertification.com\/#website","url":"https:\/\/tcscertification.com\/","name":"TCS INTERNATIONAL CERTIFICATION LLC","description":"","publisher":{"@id":"https:\/\/tcscertification.com\/#organization"},"alternateName":"TCS INTERNATIONAL CERTIFICATION LLC","potentialAction":[{"@type":"SearchAction","target":{"@type":"EntryPoint","urlTemplate":"https:\/\/tcscertification.com\/?s={search_term_string}"},"query-input":"required name=search_term_string"}],"inLanguage":"en-US"},{"@type":"Organization","@id":"https:\/\/tcscertification.com\/#organization","name":"TCS INTERNATIONAL","alternateName":"TCS INTERNATIONAL CERTIFICATION LLC","url":"https:\/\/tcscertification.com\/","logo":{"@type":"ImageObject","inLanguage":"en-US","@id":"https:\/\/tcscertification.com\/#\/schema\/logo\/image\/","url":"https:\/\/tcscertification.com\/wp-content\/uploads\/2023\/02\/tcs-logo-new.gif","contentUrl":"https:\/\/tcscertification.com\/wp-content\/uploads\/2023\/02\/tcs-logo-new.gif","width":215,"height":100,"caption":"TCS INTERNATIONAL"},"image":{"@id":"https:\/\/tcscertification.com\/#\/schema\/logo\/image\/"}}]}},"_links":{"self":[{"href":"https:\/\/tcscertification.com\/en\/wp-json\/wp\/v2\/pages\/13843","targetHints":{"allow":["GET"]}}],"collection":[{"href":"https:\/\/tcscertification.com\/en\/wp-json\/wp\/v2\/pages"}],"about":[{"href":"https:\/\/tcscertification.com\/en\/wp-json\/wp\/v2\/types\/page"}],"author":[{"embeddable":true,"href":"https:\/\/tcscertification.com\/en\/wp-json\/wp\/v2\/users\/1"}],"replies":[{"embeddable":true,"href":"https:\/\/tcscertification.com\/en\/wp-json\/wp\/v2\/comments?post=13843"}],"version-history":[{"count":16,"href":"https:\/\/tcscertification.com\/en\/wp-json\/wp\/v2\/pages\/13843\/revisions"}],"predecessor-version":[{"id":24718,"href":"https:\/\/tcscertification.com\/en\/wp-json\/wp\/v2\/pages\/13843\/revisions\/24718"}],"wp:attachment":[{"href":"https:\/\/tcscertification.com\/en\/wp-json\/wp\/v2\/media?parent=13843"}],"curies":[{"name":"wp","href":"https:\/\/api.w.org\/{rel}","templated":true}]}}