{"id":13841,"date":"2022-09-06T11:47:33","date_gmt":"2022-09-06T08:47:33","guid":{"rendered":"https:\/\/tcscertification.com\/?page_id=13841"},"modified":"2025-07-03T16:42:20","modified_gmt":"2025-07-03T13:42:20","slug":"iso-37001-fighting-anti-corruption","status":"publish","type":"page","link":"https:\/\/tcscertification.com\/en\/iso-37001-fighting-anti-corruption\/","title":{"rendered":"ISO 37001 Fighting Anti-Corruption"},"content":{"rendered":"<div data-elementor-type=\"wp-page\" data-elementor-id=\"13841\" class=\"elementor elementor-13841\" data-elementor-post-type=\"page\">\n\t\t\t\t\t\t<section class=\"elementor-section elementor-top-section elementor-element elementor-element-8d9dd50 elementor-section-boxed elementor-section-height-default elementor-section-height-default\" data-id=\"8d9dd50\" data-element_type=\"section\">\n\t\t\t\t\t\t<div class=\"elementor-container elementor-column-gap-default\">\n\t\t\t\t\t<div class=\"elementor-column elementor-col-100 elementor-top-column elementor-element elementor-element-8c05a90\" data-id=\"8c05a90\" data-element_type=\"column\">\n\t\t\t<div class=\"elementor-widget-wrap elementor-element-populated\">\n\t\t\t\t\t\t<div class=\"elementor-element elementor-element-682487d elementor-widget elementor-widget-heading\" data-id=\"682487d\" data-element_type=\"widget\" data-widget_type=\"heading.default\">\n\t\t\t\t<div class=\"elementor-widget-container\">\n\t\t\t\t\t<h1 class=\"elementor-heading-title elementor-size-default\">ISO 37001 Fighting Anti-Corruption<\/h1>\t\t\t\t<\/div>\n\t\t\t\t<\/div>\n\t\t\t\t\t<\/div>\n\t\t<\/div>\n\t\t\t\t\t<\/div>\n\t\t<\/section>\n\t\t\t\t<section class=\"elementor-section elementor-top-section elementor-element elementor-element-2a2f086 elementor-section-boxed elementor-section-height-default elementor-section-height-default\" data-id=\"2a2f086\" data-element_type=\"section\">\n\t\t\t\t\t\t<div class=\"elementor-container elementor-column-gap-default\">\n\t\t\t\t\t<div class=\"elementor-column elementor-col-100 elementor-top-column elementor-element elementor-element-72e88c0\" data-id=\"72e88c0\" data-element_type=\"column\">\n\t\t\t<div class=\"elementor-widget-wrap elementor-element-populated\">\n\t\t\t\t\t\t<div class=\"elementor-element elementor-element-fdbe15d elementor-widget elementor-widget-spacer\" data-id=\"fdbe15d\" data-element_type=\"widget\" data-widget_type=\"spacer.default\">\n\t\t\t\t<div class=\"elementor-widget-container\">\n\t\t\t\t\t\t\t<div class=\"elementor-spacer\">\n\t\t\t<div class=\"elementor-spacer-inner\"><\/div>\n\t\t<\/div>\n\t\t\t\t\t\t<\/div>\n\t\t\t\t<\/div>\n\t\t\t\t\t<\/div>\n\t\t<\/div>\n\t\t\t\t\t<\/div>\n\t\t<\/section>\n\t\t\t\t<section class=\"elementor-section elementor-top-section elementor-element elementor-element-95b63a5 elementor-section-boxed elementor-section-height-default elementor-section-height-default\" data-id=\"95b63a5\" data-element_type=\"section\">\n\t\t\t\t\t\t<div class=\"elementor-container elementor-column-gap-default\">\n\t\t\t\t\t<div class=\"elementor-column elementor-col-50 elementor-top-column elementor-element elementor-element-715beaf\" data-id=\"715beaf\" data-element_type=\"column\">\n\t\t\t<div class=\"elementor-widget-wrap elementor-element-populated\">\n\t\t\t\t\t\t<div class=\"elementor-element elementor-element-ea68f5c elementor-nav-menu__text-align-aside elementor-widget elementor-widget-nav-menu\" data-id=\"ea68f5c\" data-element_type=\"widget\" data-settings=\"{&quot;layout&quot;:&quot;dropdown&quot;,&quot;submenu_icon&quot;:{&quot;value&quot;:&quot;&lt;i class=\\&quot;fas fa-caret-down\\&quot;&gt;&lt;\\\/i&gt;&quot;,&quot;library&quot;:&quot;fa-solid&quot;}}\" data-widget_type=\"nav-menu.default\">\n\t\t\t\t<div class=\"elementor-widget-container\">\n\t\t\t\t\t\t\t\t<nav class=\"elementor-nav-menu--dropdown elementor-nav-menu__container\" aria-hidden=\"true\">\n\t\t\t\t<ul id=\"menu-2-ea68f5c\" class=\"elementor-nav-menu\"><li class=\"menu-item menu-item-type-post_type menu-item-object-page menu-item-14050\"><a href=\"https:\/\/tcscertification.com\/en\/iso-9001-quality\/\" class=\"elementor-item\" tabindex=\"-1\">ISO 9001 Quality<\/a><\/li>\n<li class=\"menu-item menu-item-type-post_type menu-item-object-page menu-item-14051\"><a href=\"https:\/\/tcscertification.com\/en\/iso-14001-environmental\/\" class=\"elementor-item\" tabindex=\"-1\">ISO 14001 Environmental<\/a><\/li>\n<li class=\"menu-item menu-item-type-post_type menu-item-object-page menu-item-14052\"><a href=\"https:\/\/tcscertification.com\/en\/job-security-iso-45001\/\" class=\"elementor-item\" tabindex=\"-1\">ISO 45001 Job Security<\/a><\/li>\n<li class=\"menu-item menu-item-type-post_type menu-item-object-page menu-item-14053\"><a href=\"https:\/\/tcscertification.com\/en\/iso-22000-food-safety\/\" class=\"elementor-item\" tabindex=\"-1\">ISO 22000 Food Safety<\/a><\/li>\n<li class=\"menu-item menu-item-type-post_type menu-item-object-page menu-item-14054\"><a href=\"https:\/\/tcscertification.com\/en\/iso-27001-information-security\/\" class=\"elementor-item\" tabindex=\"-1\">ISO 27001 Information Security<\/a><\/li>\n<li class=\"menu-item menu-item-type-post_type menu-item-object-page menu-item-14055\"><a href=\"https:\/\/tcscertification.com\/en\/iso-27701-personal-information\/\" class=\"elementor-item\" tabindex=\"-1\">ISO 27701 Personal Information<\/a><\/li>\n<li class=\"menu-item menu-item-type-post_type menu-item-object-page menu-item-14056\"><a href=\"https:\/\/tcscertification.com\/en\/iso-50001-energy\/\" class=\"elementor-item\" tabindex=\"-1\">ISO 50001 Energy<\/a><\/li>\n<li class=\"menu-item menu-item-type-post_type menu-item-object-page menu-item-14057\"><a href=\"https:\/\/tcscertification.com\/en\/iso-22301-social-security-and-business-continuity\/\" class=\"elementor-item\" tabindex=\"-1\">ISO 22301 Social Security and Business Continuity<\/a><\/li>\n<li class=\"menu-item menu-item-type-post_type menu-item-object-page menu-item-14058\"><a href=\"https:\/\/tcscertification.com\/en\/iso-20000-1-information-technology\/\" class=\"elementor-item\" tabindex=\"-1\">ISO 20000-1 Information Technology<\/a><\/li>\n<li class=\"menu-item menu-item-type-post_type menu-item-object-page menu-item-14059\"><a href=\"https:\/\/tcscertification.com\/en\/iso-10002-customer-satisfaction\/\" class=\"elementor-item\" tabindex=\"-1\">ISO 10002 Customer Satisfaction<\/a><\/li>\n<li class=\"menu-item menu-item-type-post_type menu-item-object-page menu-item-14060\"><a href=\"https:\/\/tcscertification.com\/en\/iso-31000-enterprise-risk-management\/\" class=\"elementor-item\" tabindex=\"-1\">ISO 31000 Enterprise Risk Management<\/a><\/li>\n<li class=\"menu-item menu-item-type-post_type menu-item-object-page menu-item-14061\"><a href=\"https:\/\/tcscertification.com\/en\/iso-37001-fighting-anti-corruption\/\" class=\"elementor-item\" tabindex=\"-1\">ISO 37001 Fighting Anti-Corruption<\/a><\/li>\n<li class=\"menu-item menu-item-type-post_type menu-item-object-page menu-item-14062\"><a href=\"https:\/\/tcscertification.com\/en\/iso-39001-road-and-traffic-safety\/\" class=\"elementor-item\" tabindex=\"-1\">ISO 39001 Road and Traffic Safety<\/a><\/li>\n<li class=\"menu-item menu-item-type-post_type menu-item-object-page menu-item-14063\"><a href=\"https:\/\/tcscertification.com\/en\/iatf-16949-automotive\/\" class=\"elementor-item\" tabindex=\"-1\">IATF 16949 Automotive<\/a><\/li>\n<li class=\"menu-item menu-item-type-post_type menu-item-object-page menu-item-14064\"><a href=\"https:\/\/tcscertification.com\/en\/as-9100-aviation\/\" class=\"elementor-item\" tabindex=\"-1\">AS 9100 Aviation<\/a><\/li>\n<li class=\"menu-item menu-item-type-post_type menu-item-object-page menu-item-14065\"><a href=\"https:\/\/tcscertification.com\/en\/gmp-good-manufacturing-practices\/\" class=\"elementor-item\" tabindex=\"-1\">GMP Good Manufacturing Practices<\/a><\/li>\n<li class=\"menu-item menu-item-type-post_type menu-item-object-page menu-item-14066\"><a href=\"https:\/\/tcscertification.com\/en\/halal-certification\/\" class=\"elementor-item\" tabindex=\"-1\">Halal Certificate<\/a><\/li>\n<\/ul>\t\t\t<\/nav>\n\t\t\t\t\t\t<\/div>\n\t\t\t\t<\/div>\n\t\t\t\t\t<\/div>\n\t\t<\/div>\n\t\t\t\t<div class=\"elementor-column elementor-col-50 elementor-top-column elementor-element elementor-element-d8d5469\" data-id=\"d8d5469\" data-element_type=\"column\">\n\t\t\t<div class=\"elementor-widget-wrap elementor-element-populated\">\n\t\t\t\t\t\t<div class=\"elementor-element elementor-element-425c948 elementor-widget elementor-widget-text-editor\" data-id=\"425c948\" data-element_type=\"widget\" data-widget_type=\"text-editor.default\">\n\t\t\t\t<div class=\"elementor-widget-container\">\n\t\t\t\t\t\t\t\t\t<h2 style=\"letter-spacing: normal;\">What is ISO 37001 Anti-Corruption Management System?<\/h2><p>The development of the ISO 37001 standard was driven by the increasing importance of proactive measures against bribery and corruption for businesses. This standard, which enables businesses to successfully implement anti-corruption management systems (ABMS), is designed to support businesses in detecting corruption and developing an effective business culture against bribery.<\/p><h3 style=\"letter-spacing: normal;\"><strong>Benefits of ISO 37001<\/strong><strong>\u00a0What are they?<\/strong><\/h3><p>The ISO 37001 Anti-Corruption Management System is valuable for organizations that want the following:<\/p><ul><li aria-level=\"1\">Anti-bribery management programs\u00a0<strong>review, update, or\u00a0<\/strong><strong>apply<\/strong><\/li><li aria-level=\"1\">Stakeholders of the organization\u00a0<strong>prevent bribery and corruption<\/strong>\u00a0for internationally recognized and accepted processes to monitor<\/li><li aria-level=\"1\">The institution in the market\u00a0<strong>protect your reputation<\/strong>\u00a0to constitute and trust,<\/li><li aria-level=\"1\">Financial penalties, financial losses and other costs of the possibility of\u00a0<strong>to minimize\u00a0<\/strong><strong>the targets.<\/strong><\/li><\/ul><p>For more detailed information about our services, you can contact us at www.tcscertification.com or by calling 444 31 67.<\/p>\t\t\t\t\t\t\t\t<\/div>\n\t\t\t\t<\/div>\n\t\t\t\t\t<\/div>\n\t\t<\/div>\n\t\t\t\t\t<\/div>\n\t\t<\/section>\n\t\t\t\t<section class=\"elementor-section elementor-top-section elementor-element elementor-element-c6a01e5 elementor-section-boxed elementor-section-height-default elementor-section-height-default\" data-id=\"c6a01e5\" data-element_type=\"section\">\n\t\t\t\t\t\t<div class=\"elementor-container elementor-column-gap-default\">\n\t\t\t\t\t<div class=\"elementor-column elementor-col-100 elementor-top-column elementor-element elementor-element-06ed61e\" data-id=\"06ed61e\" data-element_type=\"column\">\n\t\t\t<div class=\"elementor-widget-wrap elementor-element-populated\">\n\t\t\t\t\t\t<div class=\"elementor-element elementor-element-22957e8 elementor-align-center elementor-widget elementor-widget-button\" data-id=\"22957e8\" data-element_type=\"widget\" data-widget_type=\"button.default\">\n\t\t\t\t<div class=\"elementor-widget-container\">\n\t\t\t\t\t\t\t\t\t<div class=\"elementor-button-wrapper\">\n\t\t\t\t\t<a class=\"elementor-button elementor-button-link elementor-size-sm\" href=\"https:\/\/tcscertification.com\/en\/application-for-certification\/\">\n\t\t\t\t\t\t<span class=\"elementor-button-content-wrapper\">\n\t\t\t\t\t\t\t\t\t<span class=\"elementor-button-text\">Quick Reference<\/span>\n\t\t\t\t\t<\/span>\n\t\t\t\t\t<\/a>\n\t\t\t\t<\/div>\n\t\t\t\t\t\t\t\t<\/div>\n\t\t\t\t<\/div>\n\t\t\t\t\t<\/div>\n\t\t<\/div>\n\t\t\t\t\t<\/div>\n\t\t<\/section>\n\t\t\t\t<\/div>","protected":false},"excerpt":{"rendered":"<p>ISO 37001 Yolsuzlukla M\u00fccadele ISO 37001 Yolsuzlukla M\u00fccadele Y\u00f6netim Sistemi Nedir? ISO 37001 standard\u0131n\u0131n geli\u015ftirilme nedeni, r\u00fc\u015fvet ve yolsuzlu\u011fa kar\u015f\u0131 proaktif \u00f6nlemlerin\u00a0i\u015fletmeler i\u00e7in giderek \u00f6nem kazanmas\u0131 olmu\u015ftur. \u0130\u015fletmelerin yolsuzlukla m\u00fccadele y\u00f6netim\u00a0sistemlerini (ABMS) ba\u015far\u0131yla uygulayabilmelerini sa\u011flayan bu standart, i\u015fletmelere\u00a0yolsuzlu\u011fu tespit etmelerinde ve r\u00fc\u015fvete kar\u015f\u0131 etkili bir i\u015f k\u00fclt\u00fcr\u00fc geli\u015ftirmelerinde destek\u00a0olabilmek amac\u0131yla tasarlanm\u0131\u015ft\u0131r. ISO 37001\u2019in Getirmi\u015f Oldu\u011fu&#8230;<\/p>","protected":false},"author":1,"featured_media":0,"parent":0,"menu_order":0,"comment_status":"closed","ping_status":"closed","template":"","meta":{"footnotes":""},"class_list":["post-13841","page","type-page","status-publish","hentry"],"yoast_head":"<!-- This site is optimized with the Yoast SEO Premium plugin v19.7 (Yoast SEO v19.14) - https:\/\/yoast.com\/wordpress\/plugins\/seo\/ -->\n<title>ISO 37001 Yolsuzlukla M\u00fccadele | TCS Belgelendirme<\/title>\n<meta name=\"description\" content=\"ISO 37001 standard\u0131n\u0131n geli\u015ftirilme nedeni, r\u00fc\u015fvet ve yolsuzlu\u011fa kar\u015f\u0131 proaktif \u00f6nlemlerini\u015fletmeler i\u00e7in giderek \u00f6nem kazanmas\u0131 olmu\u015ftur. \u0130\u015fletmelerin yolsuzlukla m\u00fccadele y\u00f6netimsistemlerini (ABMS) ba\u015far\u0131yla uygulayabilmelerini sa\u011flayan bu standart, i\u015fletmelereyolsuzlu\u011fu tespit etmelerinde ve r\u00fc\u015fvete kar\u015f\u0131 etkili bir i\u015f k\u00fclt\u00fcr\u00fc geli\u015ftirmelerinde destekolabilmek amac\u0131yla tasarlanm\u0131\u015ft\u0131r.\" \/>\n<meta name=\"robots\" content=\"index, follow, max-snippet:-1, max-image-preview:large, max-video-preview:-1\" \/>\n<link rel=\"canonical\" href=\"https:\/\/tcscertification.com\/en\/iso-37001-fighting-anti-corruption\/\" \/>\n<meta property=\"og:locale\" content=\"en_US\" \/>\n<meta property=\"og:type\" content=\"article\" \/>\n<meta property=\"og:title\" content=\"ISO 37001 Yolsuzlukla M\u00fccadele\" \/>\n<meta property=\"og:description\" content=\"ISO 37001 standard\u0131n\u0131n geli\u015ftirilme nedeni, r\u00fc\u015fvet ve yolsuzlu\u011fa kar\u015f\u0131 proaktif \u00f6nlemlerini\u015fletmeler i\u00e7in giderek \u00f6nem kazanmas\u0131 olmu\u015ftur. \u0130\u015fletmelerin yolsuzlukla m\u00fccadele y\u00f6netimsistemlerini (ABMS) ba\u015far\u0131yla uygulayabilmelerini sa\u011flayan bu standart, i\u015fletmelereyolsuzlu\u011fu tespit etmelerinde ve r\u00fc\u015fvete kar\u015f\u0131 etkili bir i\u015f k\u00fclt\u00fcr\u00fc geli\u015ftirmelerinde destekolabilmek amac\u0131yla tasarlanm\u0131\u015ft\u0131r.\" \/>\n<meta property=\"og:url\" content=\"https:\/\/tcscertification.com\/en\/iso-37001-fighting-anti-corruption\/\" \/>\n<meta property=\"og:site_name\" content=\"TCS INTERNATIONAL CERTIFICATION LLC\" \/>\n<meta property=\"article:modified_time\" content=\"2025-07-03T13:42:20+00:00\" \/>\n<meta property=\"og:image\" content=\"https:\/\/tcscertification.com\/wp-content\/uploads\/2022\/10\/tcs-favicon.png\" \/>\n\t<meta property=\"og:image:width\" content=\"512\" \/>\n\t<meta property=\"og:image:height\" content=\"512\" \/>\n\t<meta property=\"og:image:type\" content=\"image\/png\" \/>\n<meta name=\"twitter:card\" content=\"summary_large_image\" \/>\n<meta name=\"twitter:label1\" content=\"Est. reading time\" \/>\n\t<meta name=\"twitter:data1\" content=\"2 minutes\" \/>\n<script type=\"application\/ld+json\" class=\"yoast-schema-graph\">{\"@context\":\"https:\/\/schema.org\",\"@graph\":[{\"@type\":\"WebPage\",\"@id\":\"https:\/\/tcscertification.com\/iso-37001-yolsuzlukla-mucadele\/\",\"url\":\"https:\/\/tcscertification.com\/iso-37001-yolsuzlukla-mucadele\/\",\"name\":\"ISO 37001 Yolsuzlukla M\u00fccadele | TCS Belgelendirme\",\"isPartOf\":{\"@id\":\"https:\/\/tcscertification.com\/#website\"},\"datePublished\":\"2022-09-06T08:47:33+00:00\",\"dateModified\":\"2025-07-03T13:42:20+00:00\",\"description\":\"ISO 37001 standard\u0131n\u0131n geli\u015ftirilme nedeni, r\u00fc\u015fvet ve yolsuzlu\u011fa kar\u015f\u0131 proaktif \u00f6nlemlerini\u015fletmeler i\u00e7in giderek \u00f6nem kazanmas\u0131 olmu\u015ftur. \u0130\u015fletmelerin yolsuzlukla m\u00fccadele y\u00f6netimsistemlerini (ABMS) ba\u015far\u0131yla uygulayabilmelerini sa\u011flayan bu standart, i\u015fletmelereyolsuzlu\u011fu tespit etmelerinde ve r\u00fc\u015fvete kar\u015f\u0131 etkili bir i\u015f k\u00fclt\u00fcr\u00fc geli\u015ftirmelerinde destekolabilmek amac\u0131yla tasarlanm\u0131\u015ft\u0131r.\",\"breadcrumb\":{\"@id\":\"https:\/\/tcscertification.com\/iso-37001-yolsuzlukla-mucadele\/#breadcrumb\"},\"inLanguage\":\"en-US\",\"potentialAction\":[{\"@type\":\"ReadAction\",\"target\":[\"https:\/\/tcscertification.com\/iso-37001-yolsuzlukla-mucadele\/\"]}]},{\"@type\":\"BreadcrumbList\",\"@id\":\"https:\/\/tcscertification.com\/iso-37001-yolsuzlukla-mucadele\/#breadcrumb\",\"itemListElement\":[{\"@type\":\"ListItem\",\"position\":1,\"name\":\"Anasayfa\",\"item\":\"https:\/\/tcscertification.com\/\"},{\"@type\":\"ListItem\",\"position\":2,\"name\":\"ISO 37001 Yolsuzlukla M\u00fccadele\"}]},{\"@type\":\"WebSite\",\"@id\":\"https:\/\/tcscertification.com\/#website\",\"url\":\"https:\/\/tcscertification.com\/\",\"name\":\"TCS INTERNATIONAL CERTIFICATION LLC\",\"description\":\"\",\"publisher\":{\"@id\":\"https:\/\/tcscertification.com\/#organization\"},\"alternateName\":\"TCS INTERNATIONAL CERTIFICATION LLC\",\"potentialAction\":[{\"@type\":\"SearchAction\",\"target\":{\"@type\":\"EntryPoint\",\"urlTemplate\":\"https:\/\/tcscertification.com\/?s={search_term_string}\"},\"query-input\":\"required name=search_term_string\"}],\"inLanguage\":\"en-US\"},{\"@type\":\"Organization\",\"@id\":\"https:\/\/tcscertification.com\/#organization\",\"name\":\"TCS INTERNATIONAL\",\"alternateName\":\"TCS INTERNATIONAL CERTIFICATION LLC\",\"url\":\"https:\/\/tcscertification.com\/\",\"logo\":{\"@type\":\"ImageObject\",\"inLanguage\":\"en-US\",\"@id\":\"https:\/\/tcscertification.com\/#\/schema\/logo\/image\/\",\"url\":\"https:\/\/tcscertification.com\/wp-content\/uploads\/2023\/02\/tcs-logo-new.gif\",\"contentUrl\":\"https:\/\/tcscertification.com\/wp-content\/uploads\/2023\/02\/tcs-logo-new.gif\",\"width\":215,\"height\":100,\"caption\":\"TCS INTERNATIONAL\"},\"image\":{\"@id\":\"https:\/\/tcscertification.com\/#\/schema\/logo\/image\/\"}}]}<\/script>\n<!-- \/ Yoast SEO Premium plugin. -->","yoast_head_json":{"title":"ISO 37001 Yolsuzlukla M\u00fccadele | TCS Belgelendirme","description":"ISO 37001 standard\u0131n\u0131n geli\u015ftirilme nedeni, r\u00fc\u015fvet ve yolsuzlu\u011fa kar\u015f\u0131 proaktif \u00f6nlemlerini\u015fletmeler i\u00e7in giderek \u00f6nem kazanmas\u0131 olmu\u015ftur. \u0130\u015fletmelerin yolsuzlukla m\u00fccadele y\u00f6netimsistemlerini (ABMS) ba\u015far\u0131yla uygulayabilmelerini sa\u011flayan bu standart, i\u015fletmelereyolsuzlu\u011fu tespit etmelerinde ve r\u00fc\u015fvete kar\u015f\u0131 etkili bir i\u015f k\u00fclt\u00fcr\u00fc geli\u015ftirmelerinde destekolabilmek amac\u0131yla tasarlanm\u0131\u015ft\u0131r.","robots":{"index":"index","follow":"follow","max-snippet":"max-snippet:-1","max-image-preview":"max-image-preview:large","max-video-preview":"max-video-preview:-1"},"canonical":"https:\/\/tcscertification.com\/en\/iso-37001-fighting-anti-corruption\/","og_locale":"en_US","og_type":"article","og_title":"ISO 37001 Yolsuzlukla M\u00fccadele","og_description":"ISO 37001 standard\u0131n\u0131n geli\u015ftirilme nedeni, r\u00fc\u015fvet ve yolsuzlu\u011fa kar\u015f\u0131 proaktif \u00f6nlemlerini\u015fletmeler i\u00e7in giderek \u00f6nem kazanmas\u0131 olmu\u015ftur. \u0130\u015fletmelerin yolsuzlukla m\u00fccadele y\u00f6netimsistemlerini (ABMS) ba\u015far\u0131yla uygulayabilmelerini sa\u011flayan bu standart, i\u015fletmelereyolsuzlu\u011fu tespit etmelerinde ve r\u00fc\u015fvete kar\u015f\u0131 etkili bir i\u015f k\u00fclt\u00fcr\u00fc geli\u015ftirmelerinde destekolabilmek amac\u0131yla tasarlanm\u0131\u015ft\u0131r.","og_url":"https:\/\/tcscertification.com\/en\/iso-37001-fighting-anti-corruption\/","og_site_name":"TCS INTERNATIONAL CERTIFICATION LLC","article_modified_time":"2025-07-03T13:42:20+00:00","og_image":[{"width":512,"height":512,"url":"https:\/\/tcscertification.com\/wp-content\/uploads\/2022\/10\/tcs-favicon.png","type":"image\/png"}],"twitter_card":"summary_large_image","twitter_misc":{"Est. reading time":"2 minutes"},"schema":{"@context":"https:\/\/schema.org","@graph":[{"@type":"WebPage","@id":"https:\/\/tcscertification.com\/iso-37001-yolsuzlukla-mucadele\/","url":"https:\/\/tcscertification.com\/iso-37001-yolsuzlukla-mucadele\/","name":"ISO 37001 Yolsuzlukla M\u00fccadele | TCS Belgelendirme","isPartOf":{"@id":"https:\/\/tcscertification.com\/#website"},"datePublished":"2022-09-06T08:47:33+00:00","dateModified":"2025-07-03T13:42:20+00:00","description":"ISO 37001 standard\u0131n\u0131n geli\u015ftirilme nedeni, r\u00fc\u015fvet ve yolsuzlu\u011fa kar\u015f\u0131 proaktif \u00f6nlemlerini\u015fletmeler i\u00e7in giderek \u00f6nem kazanmas\u0131 olmu\u015ftur. \u0130\u015fletmelerin yolsuzlukla m\u00fccadele y\u00f6netimsistemlerini (ABMS) ba\u015far\u0131yla uygulayabilmelerini sa\u011flayan bu standart, i\u015fletmelereyolsuzlu\u011fu tespit etmelerinde ve r\u00fc\u015fvete kar\u015f\u0131 etkili bir i\u015f k\u00fclt\u00fcr\u00fc geli\u015ftirmelerinde destekolabilmek amac\u0131yla tasarlanm\u0131\u015ft\u0131r.","breadcrumb":{"@id":"https:\/\/tcscertification.com\/iso-37001-yolsuzlukla-mucadele\/#breadcrumb"},"inLanguage":"en-US","potentialAction":[{"@type":"ReadAction","target":["https:\/\/tcscertification.com\/iso-37001-yolsuzlukla-mucadele\/"]}]},{"@type":"BreadcrumbList","@id":"https:\/\/tcscertification.com\/iso-37001-yolsuzlukla-mucadele\/#breadcrumb","itemListElement":[{"@type":"ListItem","position":1,"name":"Anasayfa","item":"https:\/\/tcscertification.com\/"},{"@type":"ListItem","position":2,"name":"ISO 37001 Yolsuzlukla M\u00fccadele"}]},{"@type":"WebSite","@id":"https:\/\/tcscertification.com\/#website","url":"https:\/\/tcscertification.com\/","name":"TCS INTERNATIONAL CERTIFICATION LLC","description":"","publisher":{"@id":"https:\/\/tcscertification.com\/#organization"},"alternateName":"TCS INTERNATIONAL CERTIFICATION LLC","potentialAction":[{"@type":"SearchAction","target":{"@type":"EntryPoint","urlTemplate":"https:\/\/tcscertification.com\/?s={search_term_string}"},"query-input":"required name=search_term_string"}],"inLanguage":"en-US"},{"@type":"Organization","@id":"https:\/\/tcscertification.com\/#organization","name":"TCS INTERNATIONAL","alternateName":"TCS INTERNATIONAL CERTIFICATION LLC","url":"https:\/\/tcscertification.com\/","logo":{"@type":"ImageObject","inLanguage":"en-US","@id":"https:\/\/tcscertification.com\/#\/schema\/logo\/image\/","url":"https:\/\/tcscertification.com\/wp-content\/uploads\/2023\/02\/tcs-logo-new.gif","contentUrl":"https:\/\/tcscertification.com\/wp-content\/uploads\/2023\/02\/tcs-logo-new.gif","width":215,"height":100,"caption":"TCS INTERNATIONAL"},"image":{"@id":"https:\/\/tcscertification.com\/#\/schema\/logo\/image\/"}}]}},"_links":{"self":[{"href":"https:\/\/tcscertification.com\/en\/wp-json\/wp\/v2\/pages\/13841","targetHints":{"allow":["GET"]}}],"collection":[{"href":"https:\/\/tcscertification.com\/en\/wp-json\/wp\/v2\/pages"}],"about":[{"href":"https:\/\/tcscertification.com\/en\/wp-json\/wp\/v2\/types\/page"}],"author":[{"embeddable":true,"href":"https:\/\/tcscertification.com\/en\/wp-json\/wp\/v2\/users\/1"}],"replies":[{"embeddable":true,"href":"https:\/\/tcscertification.com\/en\/wp-json\/wp\/v2\/comments?post=13841"}],"version-history":[{"count":20,"href":"https:\/\/tcscertification.com\/en\/wp-json\/wp\/v2\/pages\/13841\/revisions"}],"predecessor-version":[{"id":24715,"href":"https:\/\/tcscertification.com\/en\/wp-json\/wp\/v2\/pages\/13841\/revisions\/24715"}],"wp:attachment":[{"href":"https:\/\/tcscertification.com\/en\/wp-json\/wp\/v2\/media?parent=13841"}],"curies":[{"name":"wp","href":"https:\/\/api.w.org\/{rel}","templated":true}]}}