{"id":13839,"date":"2022-09-06T11:47:00","date_gmt":"2022-09-06T08:47:00","guid":{"rendered":"https:\/\/tcscertification.com\/?page_id=13839"},"modified":"2025-07-03T16:40:43","modified_gmt":"2025-07-03T13:40:43","slug":"iso-31000-enterprise-risk-management","status":"publish","type":"page","link":"https:\/\/tcscertification.com\/en\/iso-31000-enterprise-risk-management\/","title":{"rendered":"ISO 31000 Enterprise Risk Management"},"content":{"rendered":"<div data-elementor-type=\"wp-page\" data-elementor-id=\"13839\" class=\"elementor elementor-13839\" data-elementor-post-type=\"page\">\n\t\t\t\t\t\t<section class=\"elementor-section elementor-top-section elementor-element elementor-element-1b464e4 elementor-section-boxed elementor-section-height-default elementor-section-height-default\" data-id=\"1b464e4\" data-element_type=\"section\">\n\t\t\t\t\t\t<div class=\"elementor-container elementor-column-gap-default\">\n\t\t\t\t\t<div class=\"elementor-column elementor-col-100 elementor-top-column elementor-element elementor-element-a7d2bc1\" data-id=\"a7d2bc1\" data-element_type=\"column\">\n\t\t\t<div class=\"elementor-widget-wrap elementor-element-populated\">\n\t\t\t\t\t\t<div class=\"elementor-element elementor-element-8bd8dc2 elementor-widget elementor-widget-heading\" data-id=\"8bd8dc2\" data-element_type=\"widget\" data-widget_type=\"heading.default\">\n\t\t\t\t<div class=\"elementor-widget-container\">\n\t\t\t\t\t<h1 class=\"elementor-heading-title elementor-size-default\">ISO 31000 Enterprise Risk Management<\/h1>\t\t\t\t<\/div>\n\t\t\t\t<\/div>\n\t\t\t\t\t<\/div>\n\t\t<\/div>\n\t\t\t\t\t<\/div>\n\t\t<\/section>\n\t\t\t\t<section class=\"elementor-section elementor-top-section elementor-element elementor-element-7e23b1f elementor-section-boxed elementor-section-height-default elementor-section-height-default\" data-id=\"7e23b1f\" data-element_type=\"section\">\n\t\t\t\t\t\t<div class=\"elementor-container elementor-column-gap-default\">\n\t\t\t\t\t<div class=\"elementor-column elementor-col-100 elementor-top-column elementor-element elementor-element-4048965\" data-id=\"4048965\" data-element_type=\"column\">\n\t\t\t<div class=\"elementor-widget-wrap elementor-element-populated\">\n\t\t\t\t\t\t<div class=\"elementor-element elementor-element-324827e elementor-widget elementor-widget-spacer\" data-id=\"324827e\" data-element_type=\"widget\" data-widget_type=\"spacer.default\">\n\t\t\t\t<div class=\"elementor-widget-container\">\n\t\t\t\t\t\t\t<div class=\"elementor-spacer\">\n\t\t\t<div class=\"elementor-spacer-inner\"><\/div>\n\t\t<\/div>\n\t\t\t\t\t\t<\/div>\n\t\t\t\t<\/div>\n\t\t\t\t\t<\/div>\n\t\t<\/div>\n\t\t\t\t\t<\/div>\n\t\t<\/section>\n\t\t\t\t<section class=\"elementor-section elementor-top-section elementor-element elementor-element-66193d6 elementor-section-boxed elementor-section-height-default elementor-section-height-default\" data-id=\"66193d6\" data-element_type=\"section\">\n\t\t\t\t\t\t<div class=\"elementor-container elementor-column-gap-default\">\n\t\t\t\t\t<div class=\"elementor-column elementor-col-50 elementor-top-column elementor-element elementor-element-34deaf8\" data-id=\"34deaf8\" data-element_type=\"column\">\n\t\t\t<div class=\"elementor-widget-wrap elementor-element-populated\">\n\t\t\t\t\t\t<div class=\"elementor-element elementor-element-d4a0480 elementor-nav-menu__text-align-aside elementor-widget elementor-widget-nav-menu\" data-id=\"d4a0480\" data-element_type=\"widget\" data-settings=\"{&quot;layout&quot;:&quot;dropdown&quot;,&quot;submenu_icon&quot;:{&quot;value&quot;:&quot;&lt;i class=\\&quot;fas fa-caret-down\\&quot;&gt;&lt;\\\/i&gt;&quot;,&quot;library&quot;:&quot;fa-solid&quot;}}\" data-widget_type=\"nav-menu.default\">\n\t\t\t\t<div class=\"elementor-widget-container\">\n\t\t\t\t\t\t\t\t<nav class=\"elementor-nav-menu--dropdown elementor-nav-menu__container\" aria-hidden=\"true\">\n\t\t\t\t<ul id=\"menu-2-d4a0480\" class=\"elementor-nav-menu\"><li class=\"menu-item menu-item-type-post_type menu-item-object-page menu-item-14050\"><a href=\"https:\/\/tcscertification.com\/en\/iso-9001-quality\/\" class=\"elementor-item\" tabindex=\"-1\">ISO 9001 Quality<\/a><\/li>\n<li class=\"menu-item menu-item-type-post_type menu-item-object-page menu-item-14051\"><a href=\"https:\/\/tcscertification.com\/en\/iso-14001-environmental\/\" class=\"elementor-item\" tabindex=\"-1\">ISO 14001 Environmental<\/a><\/li>\n<li class=\"menu-item menu-item-type-post_type menu-item-object-page menu-item-14052\"><a href=\"https:\/\/tcscertification.com\/en\/job-security-iso-45001\/\" class=\"elementor-item\" tabindex=\"-1\">ISO 45001 Job Security<\/a><\/li>\n<li class=\"menu-item menu-item-type-post_type menu-item-object-page menu-item-14053\"><a href=\"https:\/\/tcscertification.com\/en\/iso-22000-food-safety\/\" class=\"elementor-item\" tabindex=\"-1\">ISO 22000 Food Safety<\/a><\/li>\n<li class=\"menu-item menu-item-type-post_type menu-item-object-page menu-item-14054\"><a href=\"https:\/\/tcscertification.com\/en\/iso-27001-information-security\/\" class=\"elementor-item\" tabindex=\"-1\">ISO 27001 Information Security<\/a><\/li>\n<li class=\"menu-item menu-item-type-post_type menu-item-object-page menu-item-14055\"><a href=\"https:\/\/tcscertification.com\/en\/iso-27701-personal-information\/\" class=\"elementor-item\" tabindex=\"-1\">ISO 27701 Personal Information<\/a><\/li>\n<li class=\"menu-item menu-item-type-post_type menu-item-object-page menu-item-14056\"><a href=\"https:\/\/tcscertification.com\/en\/iso-50001-energy\/\" class=\"elementor-item\" tabindex=\"-1\">ISO 50001 Energy<\/a><\/li>\n<li class=\"menu-item menu-item-type-post_type menu-item-object-page menu-item-14057\"><a href=\"https:\/\/tcscertification.com\/en\/iso-22301-social-security-and-business-continuity\/\" class=\"elementor-item\" tabindex=\"-1\">ISO 22301 Social Security and Business Continuity<\/a><\/li>\n<li class=\"menu-item menu-item-type-post_type menu-item-object-page menu-item-14058\"><a href=\"https:\/\/tcscertification.com\/en\/iso-20000-1-information-technology\/\" class=\"elementor-item\" tabindex=\"-1\">ISO 20000-1 Information Technology<\/a><\/li>\n<li class=\"menu-item menu-item-type-post_type menu-item-object-page menu-item-14059\"><a href=\"https:\/\/tcscertification.com\/en\/iso-10002-customer-satisfaction\/\" class=\"elementor-item\" tabindex=\"-1\">ISO 10002 Customer Satisfaction<\/a><\/li>\n<li class=\"menu-item menu-item-type-post_type menu-item-object-page menu-item-14060\"><a href=\"https:\/\/tcscertification.com\/en\/iso-31000-enterprise-risk-management\/\" class=\"elementor-item\" tabindex=\"-1\">ISO 31000 Enterprise Risk Management<\/a><\/li>\n<li class=\"menu-item menu-item-type-post_type menu-item-object-page menu-item-14061\"><a href=\"https:\/\/tcscertification.com\/en\/iso-37001-fighting-anti-corruption\/\" class=\"elementor-item\" tabindex=\"-1\">ISO 37001 Fighting Anti-Corruption<\/a><\/li>\n<li class=\"menu-item menu-item-type-post_type menu-item-object-page menu-item-14062\"><a href=\"https:\/\/tcscertification.com\/en\/iso-39001-road-and-traffic-safety\/\" class=\"elementor-item\" tabindex=\"-1\">ISO 39001 Road and Traffic Safety<\/a><\/li>\n<li class=\"menu-item menu-item-type-post_type menu-item-object-page menu-item-14063\"><a href=\"https:\/\/tcscertification.com\/en\/iatf-16949-automotive\/\" class=\"elementor-item\" tabindex=\"-1\">IATF 16949 Automotive<\/a><\/li>\n<li class=\"menu-item menu-item-type-post_type menu-item-object-page menu-item-14064\"><a href=\"https:\/\/tcscertification.com\/en\/as-9100-aviation\/\" class=\"elementor-item\" tabindex=\"-1\">AS 9100 Aviation<\/a><\/li>\n<li class=\"menu-item menu-item-type-post_type menu-item-object-page menu-item-14065\"><a href=\"https:\/\/tcscertification.com\/en\/gmp-good-manufacturing-practices\/\" class=\"elementor-item\" tabindex=\"-1\">GMP Good Manufacturing Practices<\/a><\/li>\n<li class=\"menu-item menu-item-type-post_type menu-item-object-page menu-item-14066\"><a href=\"https:\/\/tcscertification.com\/en\/halal-certification\/\" class=\"elementor-item\" tabindex=\"-1\">Halal Certificate<\/a><\/li>\n<\/ul>\t\t\t<\/nav>\n\t\t\t\t\t\t<\/div>\n\t\t\t\t<\/div>\n\t\t\t\t\t<\/div>\n\t\t<\/div>\n\t\t\t\t<div class=\"elementor-column elementor-col-50 elementor-top-column elementor-element elementor-element-20dc171\" data-id=\"20dc171\" data-element_type=\"column\">\n\t\t\t<div class=\"elementor-widget-wrap elementor-element-populated\">\n\t\t\t\t\t\t<div class=\"elementor-element elementor-element-2bf667f elementor-widget elementor-widget-text-editor\" data-id=\"2bf667f\" data-element_type=\"widget\" data-widget_type=\"text-editor.default\">\n\t\t\t\t<div class=\"elementor-widget-container\">\n\t\t\t\t\t\t\t\t\t<h2 style=\"letter-spacing: normal;\"><strong>What is ISO 31000?<\/strong><\/h2><p>ISO 31000 risk management is a management system that provides added value to companies by providing comprehensive principles and guidelines that include the systematic and logical determination, evaluation, rating and planning of the risks that arise throughout the processes of the organizations.<\/p><h3 style=\"letter-spacing: normal;\"><strong>Why ISO 31000;<\/strong><\/h3><ul><li aria-level=\"1\">You will see the front of difficult situations that may arise in the future.<\/li><li aria-level=\"1\">You&#039;ll get the opportunity to take action risks before they occur.<\/li><li aria-level=\"1\">You can make the right decisions fast.<\/li><li aria-level=\"1\">Saving time and you will get the Resource Stock.<\/li><li aria-level=\"1\">You&#039;ll get a chance to practice proactive management.<\/li><li aria-level=\"1\">You get business continuity.<\/li><li aria-level=\"1\">To analyze risks and opportunities planning the right strategy you apply.<\/li><li aria-level=\"1\">Move to a more robust your goals.<\/li><\/ul><p>For more detailed information about our services, you can contact us at www.tcscertification.com or by calling 444 31 67.<\/p>\t\t\t\t\t\t\t\t<\/div>\n\t\t\t\t<\/div>\n\t\t\t\t\t<\/div>\n\t\t<\/div>\n\t\t\t\t\t<\/div>\n\t\t<\/section>\n\t\t\t\t<section class=\"elementor-section elementor-top-section elementor-element elementor-element-1a7359a elementor-section-boxed elementor-section-height-default elementor-section-height-default\" data-id=\"1a7359a\" data-element_type=\"section\">\n\t\t\t\t\t\t<div class=\"elementor-container elementor-column-gap-default\">\n\t\t\t\t\t<div class=\"elementor-column elementor-col-100 elementor-top-column elementor-element elementor-element-bc142e1\" data-id=\"bc142e1\" data-element_type=\"column\">\n\t\t\t<div class=\"elementor-widget-wrap elementor-element-populated\">\n\t\t\t\t\t\t<div class=\"elementor-element elementor-element-69acc86 elementor-align-center elementor-widget elementor-widget-button\" data-id=\"69acc86\" data-element_type=\"widget\" data-widget_type=\"button.default\">\n\t\t\t\t<div class=\"elementor-widget-container\">\n\t\t\t\t\t\t\t\t\t<div class=\"elementor-button-wrapper\">\n\t\t\t\t\t<a class=\"elementor-button elementor-button-link elementor-size-sm\" href=\"https:\/\/tcscertification.com\/en\/application-for-certification\/\">\n\t\t\t\t\t\t<span class=\"elementor-button-content-wrapper\">\n\t\t\t\t\t\t\t\t\t<span class=\"elementor-button-text\">Quick Reference<\/span>\n\t\t\t\t\t<\/span>\n\t\t\t\t\t<\/a>\n\t\t\t\t<\/div>\n\t\t\t\t\t\t\t\t<\/div>\n\t\t\t\t<\/div>\n\t\t\t\t\t<\/div>\n\t\t<\/div>\n\t\t\t\t\t<\/div>\n\t\t<\/section>\n\t\t\t\t<\/div>","protected":false},"excerpt":{"rendered":"<p>ISO 31000 Kurumsal Risk Y\u00f6netimi ISO 31000 Nedir? ISO 31000 risk y\u00f6netimi, kurulu\u015flar\u0131n s\u00fcre\u00e7leri boyunca ortaya \u00e7\u0131kan riskleri sistematik ve\u00a0mant\u0131ksal bir y\u00f6ntemle belirlenmesini, de\u011ferlendirilmesini, derecelendirilmesini ve\u00a0d\u00fc\u015f\u00fcr\u00fclmesi i\u00e7in yap\u0131lacak planlamalar\u0131 i\u00e7eren, kapsaml\u0131 ilke ve y\u00f6nergeler sa\u011flayarak\u00a0\u015firketlere katma de\u011fer sa\u011flayan y\u00f6netim sistemidir.. Neden ISO 31000; Gelecekte ortaya \u00e7\u0131kabilecek zor durumlar\u0131 \u00f6n g\u00f6r\u00fcrs\u00fcn\u00fcz. Riskler ortaya \u00e7\u0131kmadan \u00f6nlem alma&#8230;<\/p>","protected":false},"author":1,"featured_media":0,"parent":0,"menu_order":0,"comment_status":"closed","ping_status":"closed","template":"","meta":{"footnotes":""},"class_list":["post-13839","page","type-page","status-publish","hentry"],"yoast_head":"<!-- This site is optimized with the Yoast SEO Premium plugin v19.7 (Yoast SEO v19.14) - https:\/\/yoast.com\/wordpress\/plugins\/seo\/ -->\n<title>ISO 31000 Kurumsal Risk Y\u00f6netimi | TCS Belgelendirme<\/title>\n<meta name=\"description\" content=\"ISO 31000 risk y\u00f6netimi, kurulu\u015flar\u0131n s\u00fcre\u00e7leri boyunca ortaya \u00e7\u0131kan riskleri sistematik ve mant\u0131ksal bir y\u00f6ntemle belirlenmesini, de\u011ferlendirilmesini, derecelendirilmesini ve d\u00fc\u015f\u00fcr\u00fclmesi i\u00e7in yap\u0131lacak planlamalar\u0131 i\u00e7eren, kapsaml\u0131 ilke ve y\u00f6nergeler sa\u011flayarak \u015firketlere katma de\u011fer sa\u011flayan y\u00f6netim sistemidir..\" \/>\n<meta name=\"robots\" content=\"index, follow, max-snippet:-1, max-image-preview:large, max-video-preview:-1\" \/>\n<link rel=\"canonical\" href=\"https:\/\/tcscertification.com\/en\/iso-31000-enterprise-risk-management\/\" \/>\n<meta property=\"og:locale\" content=\"en_US\" \/>\n<meta property=\"og:type\" content=\"article\" \/>\n<meta property=\"og:title\" content=\"ISO 31000 Kurumsal Risk Y\u00f6netimi\" \/>\n<meta property=\"og:description\" content=\"ISO 31000 risk y\u00f6netimi, kurulu\u015flar\u0131n s\u00fcre\u00e7leri boyunca ortaya \u00e7\u0131kan riskleri sistematik ve mant\u0131ksal bir y\u00f6ntemle belirlenmesini, de\u011ferlendirilmesini, derecelendirilmesini ve d\u00fc\u015f\u00fcr\u00fclmesi i\u00e7in yap\u0131lacak planlamalar\u0131 i\u00e7eren, kapsaml\u0131 ilke ve y\u00f6nergeler sa\u011flayarak \u015firketlere katma de\u011fer sa\u011flayan y\u00f6netim sistemidir..\" \/>\n<meta property=\"og:url\" content=\"https:\/\/tcscertification.com\/en\/iso-31000-enterprise-risk-management\/\" \/>\n<meta property=\"og:site_name\" content=\"TCS INTERNATIONAL CERTIFICATION LLC\" \/>\n<meta property=\"article:modified_time\" content=\"2025-07-03T13:40:43+00:00\" \/>\n<meta property=\"og:image\" content=\"https:\/\/tcscertification.com\/wp-content\/uploads\/2022\/10\/tcs-favicon.png\" \/>\n\t<meta property=\"og:image:width\" content=\"512\" \/>\n\t<meta property=\"og:image:height\" content=\"512\" \/>\n\t<meta property=\"og:image:type\" content=\"image\/png\" \/>\n<meta name=\"twitter:card\" content=\"summary_large_image\" \/>\n<meta name=\"twitter:label1\" content=\"Est. reading time\" \/>\n\t<meta name=\"twitter:data1\" content=\"2 minutes\" \/>\n<script type=\"application\/ld+json\" class=\"yoast-schema-graph\">{\"@context\":\"https:\/\/schema.org\",\"@graph\":[{\"@type\":\"WebPage\",\"@id\":\"https:\/\/tcscertification.com\/iso-31000-kurumsal-risk-yonetimi\/\",\"url\":\"https:\/\/tcscertification.com\/iso-31000-kurumsal-risk-yonetimi\/\",\"name\":\"ISO 31000 Kurumsal Risk Y\u00f6netimi | TCS Belgelendirme\",\"isPartOf\":{\"@id\":\"https:\/\/tcscertification.com\/#website\"},\"datePublished\":\"2022-09-06T08:47:00+00:00\",\"dateModified\":\"2025-07-03T13:40:43+00:00\",\"description\":\"ISO 31000 risk y\u00f6netimi, kurulu\u015flar\u0131n s\u00fcre\u00e7leri boyunca ortaya \u00e7\u0131kan riskleri sistematik ve mant\u0131ksal bir y\u00f6ntemle belirlenmesini, de\u011ferlendirilmesini, derecelendirilmesini ve d\u00fc\u015f\u00fcr\u00fclmesi i\u00e7in yap\u0131lacak planlamalar\u0131 i\u00e7eren, kapsaml\u0131 ilke ve y\u00f6nergeler sa\u011flayarak \u015firketlere katma de\u011fer sa\u011flayan y\u00f6netim sistemidir..\",\"breadcrumb\":{\"@id\":\"https:\/\/tcscertification.com\/iso-31000-kurumsal-risk-yonetimi\/#breadcrumb\"},\"inLanguage\":\"en-US\",\"potentialAction\":[{\"@type\":\"ReadAction\",\"target\":[\"https:\/\/tcscertification.com\/iso-31000-kurumsal-risk-yonetimi\/\"]}]},{\"@type\":\"BreadcrumbList\",\"@id\":\"https:\/\/tcscertification.com\/iso-31000-kurumsal-risk-yonetimi\/#breadcrumb\",\"itemListElement\":[{\"@type\":\"ListItem\",\"position\":1,\"name\":\"Anasayfa\",\"item\":\"https:\/\/tcscertification.com\/\"},{\"@type\":\"ListItem\",\"position\":2,\"name\":\"ISO 31000 Kurumsal Risk Y\u00f6netimi\"}]},{\"@type\":\"WebSite\",\"@id\":\"https:\/\/tcscertification.com\/#website\",\"url\":\"https:\/\/tcscertification.com\/\",\"name\":\"TCS INTERNATIONAL CERTIFICATION LLC\",\"description\":\"\",\"publisher\":{\"@id\":\"https:\/\/tcscertification.com\/#organization\"},\"alternateName\":\"TCS INTERNATIONAL CERTIFICATION LLC\",\"potentialAction\":[{\"@type\":\"SearchAction\",\"target\":{\"@type\":\"EntryPoint\",\"urlTemplate\":\"https:\/\/tcscertification.com\/?s={search_term_string}\"},\"query-input\":\"required name=search_term_string\"}],\"inLanguage\":\"en-US\"},{\"@type\":\"Organization\",\"@id\":\"https:\/\/tcscertification.com\/#organization\",\"name\":\"TCS INTERNATIONAL\",\"alternateName\":\"TCS INTERNATIONAL CERTIFICATION LLC\",\"url\":\"https:\/\/tcscertification.com\/\",\"logo\":{\"@type\":\"ImageObject\",\"inLanguage\":\"en-US\",\"@id\":\"https:\/\/tcscertification.com\/#\/schema\/logo\/image\/\",\"url\":\"https:\/\/tcscertification.com\/wp-content\/uploads\/2023\/02\/tcs-logo-new.gif\",\"contentUrl\":\"https:\/\/tcscertification.com\/wp-content\/uploads\/2023\/02\/tcs-logo-new.gif\",\"width\":215,\"height\":100,\"caption\":\"TCS INTERNATIONAL\"},\"image\":{\"@id\":\"https:\/\/tcscertification.com\/#\/schema\/logo\/image\/\"}}]}<\/script>\n<!-- \/ Yoast SEO Premium plugin. -->","yoast_head_json":{"title":"ISO 31000 Kurumsal Risk Y\u00f6netimi | TCS Belgelendirme","description":"ISO 31000 risk y\u00f6netimi, kurulu\u015flar\u0131n s\u00fcre\u00e7leri boyunca ortaya \u00e7\u0131kan riskleri sistematik ve mant\u0131ksal bir y\u00f6ntemle belirlenmesini, de\u011ferlendirilmesini, derecelendirilmesini ve d\u00fc\u015f\u00fcr\u00fclmesi i\u00e7in yap\u0131lacak planlamalar\u0131 i\u00e7eren, kapsaml\u0131 ilke ve y\u00f6nergeler sa\u011flayarak \u015firketlere katma de\u011fer sa\u011flayan y\u00f6netim sistemidir..","robots":{"index":"index","follow":"follow","max-snippet":"max-snippet:-1","max-image-preview":"max-image-preview:large","max-video-preview":"max-video-preview:-1"},"canonical":"https:\/\/tcscertification.com\/en\/iso-31000-enterprise-risk-management\/","og_locale":"en_US","og_type":"article","og_title":"ISO 31000 Kurumsal Risk Y\u00f6netimi","og_description":"ISO 31000 risk y\u00f6netimi, kurulu\u015flar\u0131n s\u00fcre\u00e7leri boyunca ortaya \u00e7\u0131kan riskleri sistematik ve mant\u0131ksal bir y\u00f6ntemle belirlenmesini, de\u011ferlendirilmesini, derecelendirilmesini ve d\u00fc\u015f\u00fcr\u00fclmesi i\u00e7in yap\u0131lacak planlamalar\u0131 i\u00e7eren, kapsaml\u0131 ilke ve y\u00f6nergeler sa\u011flayarak \u015firketlere katma de\u011fer sa\u011flayan y\u00f6netim sistemidir..","og_url":"https:\/\/tcscertification.com\/en\/iso-31000-enterprise-risk-management\/","og_site_name":"TCS INTERNATIONAL CERTIFICATION LLC","article_modified_time":"2025-07-03T13:40:43+00:00","og_image":[{"width":512,"height":512,"url":"https:\/\/tcscertification.com\/wp-content\/uploads\/2022\/10\/tcs-favicon.png","type":"image\/png"}],"twitter_card":"summary_large_image","twitter_misc":{"Est. reading time":"2 minutes"},"schema":{"@context":"https:\/\/schema.org","@graph":[{"@type":"WebPage","@id":"https:\/\/tcscertification.com\/iso-31000-kurumsal-risk-yonetimi\/","url":"https:\/\/tcscertification.com\/iso-31000-kurumsal-risk-yonetimi\/","name":"ISO 31000 Kurumsal Risk Y\u00f6netimi | TCS Belgelendirme","isPartOf":{"@id":"https:\/\/tcscertification.com\/#website"},"datePublished":"2022-09-06T08:47:00+00:00","dateModified":"2025-07-03T13:40:43+00:00","description":"ISO 31000 risk y\u00f6netimi, kurulu\u015flar\u0131n s\u00fcre\u00e7leri boyunca ortaya \u00e7\u0131kan riskleri sistematik ve mant\u0131ksal bir y\u00f6ntemle belirlenmesini, de\u011ferlendirilmesini, derecelendirilmesini ve d\u00fc\u015f\u00fcr\u00fclmesi i\u00e7in yap\u0131lacak planlamalar\u0131 i\u00e7eren, kapsaml\u0131 ilke ve y\u00f6nergeler sa\u011flayarak \u015firketlere katma de\u011fer sa\u011flayan y\u00f6netim sistemidir..","breadcrumb":{"@id":"https:\/\/tcscertification.com\/iso-31000-kurumsal-risk-yonetimi\/#breadcrumb"},"inLanguage":"en-US","potentialAction":[{"@type":"ReadAction","target":["https:\/\/tcscertification.com\/iso-31000-kurumsal-risk-yonetimi\/"]}]},{"@type":"BreadcrumbList","@id":"https:\/\/tcscertification.com\/iso-31000-kurumsal-risk-yonetimi\/#breadcrumb","itemListElement":[{"@type":"ListItem","position":1,"name":"Anasayfa","item":"https:\/\/tcscertification.com\/"},{"@type":"ListItem","position":2,"name":"ISO 31000 Kurumsal Risk Y\u00f6netimi"}]},{"@type":"WebSite","@id":"https:\/\/tcscertification.com\/#website","url":"https:\/\/tcscertification.com\/","name":"TCS INTERNATIONAL CERTIFICATION LLC","description":"","publisher":{"@id":"https:\/\/tcscertification.com\/#organization"},"alternateName":"TCS INTERNATIONAL CERTIFICATION LLC","potentialAction":[{"@type":"SearchAction","target":{"@type":"EntryPoint","urlTemplate":"https:\/\/tcscertification.com\/?s={search_term_string}"},"query-input":"required name=search_term_string"}],"inLanguage":"en-US"},{"@type":"Organization","@id":"https:\/\/tcscertification.com\/#organization","name":"TCS INTERNATIONAL","alternateName":"TCS INTERNATIONAL CERTIFICATION LLC","url":"https:\/\/tcscertification.com\/","logo":{"@type":"ImageObject","inLanguage":"en-US","@id":"https:\/\/tcscertification.com\/#\/schema\/logo\/image\/","url":"https:\/\/tcscertification.com\/wp-content\/uploads\/2023\/02\/tcs-logo-new.gif","contentUrl":"https:\/\/tcscertification.com\/wp-content\/uploads\/2023\/02\/tcs-logo-new.gif","width":215,"height":100,"caption":"TCS INTERNATIONAL"},"image":{"@id":"https:\/\/tcscertification.com\/#\/schema\/logo\/image\/"}}]}},"_links":{"self":[{"href":"https:\/\/tcscertification.com\/en\/wp-json\/wp\/v2\/pages\/13839","targetHints":{"allow":["GET"]}}],"collection":[{"href":"https:\/\/tcscertification.com\/en\/wp-json\/wp\/v2\/pages"}],"about":[{"href":"https:\/\/tcscertification.com\/en\/wp-json\/wp\/v2\/types\/page"}],"author":[{"embeddable":true,"href":"https:\/\/tcscertification.com\/en\/wp-json\/wp\/v2\/users\/1"}],"replies":[{"embeddable":true,"href":"https:\/\/tcscertification.com\/en\/wp-json\/wp\/v2\/comments?post=13839"}],"version-history":[{"count":23,"href":"https:\/\/tcscertification.com\/en\/wp-json\/wp\/v2\/pages\/13839\/revisions"}],"predecessor-version":[{"id":24712,"href":"https:\/\/tcscertification.com\/en\/wp-json\/wp\/v2\/pages\/13839\/revisions\/24712"}],"wp:attachment":[{"href":"https:\/\/tcscertification.com\/en\/wp-json\/wp\/v2\/media?parent=13839"}],"curies":[{"name":"wp","href":"https:\/\/api.w.org\/{rel}","templated":true}]}}