{"id":13833,"date":"2022-09-06T11:45:11","date_gmt":"2022-09-06T08:45:11","guid":{"rendered":"https:\/\/tcscertification.com\/?page_id=13833"},"modified":"2023-04-24T13:08:04","modified_gmt":"2023-04-24T10:08:04","slug":"iso-22301-social-security-and-business-continuity","status":"publish","type":"page","link":"https:\/\/tcscertification.com\/en\/iso-22301-social-security-and-business-continuity\/","title":{"rendered":"ISO 22301 Social Security and Business Continuity"},"content":{"rendered":"<div data-elementor-type=\"wp-page\" data-elementor-id=\"13833\" class=\"elementor elementor-13833\" data-elementor-post-type=\"page\">\n\t\t\t\t\t\t<section class=\"elementor-section elementor-top-section elementor-element elementor-element-05b8b6f elementor-section-boxed elementor-section-height-default elementor-section-height-default\" data-id=\"05b8b6f\" data-element_type=\"section\">\n\t\t\t\t\t\t<div class=\"elementor-container elementor-column-gap-default\">\n\t\t\t\t\t<div class=\"elementor-column elementor-col-100 elementor-top-column elementor-element elementor-element-5ed1417\" data-id=\"5ed1417\" data-element_type=\"column\">\n\t\t\t<div class=\"elementor-widget-wrap elementor-element-populated\">\n\t\t\t\t\t\t<div class=\"elementor-element elementor-element-c1ae272 elementor-widget elementor-widget-heading\" data-id=\"c1ae272\" data-element_type=\"widget\" data-widget_type=\"heading.default\">\n\t\t\t\t<div class=\"elementor-widget-container\">\n\t\t\t\t\t<h1 class=\"elementor-heading-title elementor-size-default\">ISO 22301 Social Security and Business Continuity<\/h1>\t\t\t\t<\/div>\n\t\t\t\t<\/div>\n\t\t\t\t\t<\/div>\n\t\t<\/div>\n\t\t\t\t\t<\/div>\n\t\t<\/section>\n\t\t\t\t<section class=\"elementor-section elementor-top-section elementor-element elementor-element-09d3ebe elementor-section-boxed elementor-section-height-default elementor-section-height-default\" data-id=\"09d3ebe\" data-element_type=\"section\">\n\t\t\t\t\t\t<div class=\"elementor-container elementor-column-gap-default\">\n\t\t\t\t\t<div class=\"elementor-column elementor-col-100 elementor-top-column elementor-element elementor-element-9c7be56\" data-id=\"9c7be56\" data-element_type=\"column\">\n\t\t\t<div class=\"elementor-widget-wrap elementor-element-populated\">\n\t\t\t\t\t\t<div class=\"elementor-element elementor-element-66346e9 elementor-widget elementor-widget-spacer\" data-id=\"66346e9\" data-element_type=\"widget\" data-widget_type=\"spacer.default\">\n\t\t\t\t<div class=\"elementor-widget-container\">\n\t\t\t\t\t\t\t<div class=\"elementor-spacer\">\n\t\t\t<div class=\"elementor-spacer-inner\"><\/div>\n\t\t<\/div>\n\t\t\t\t\t\t<\/div>\n\t\t\t\t<\/div>\n\t\t\t\t\t<\/div>\n\t\t<\/div>\n\t\t\t\t\t<\/div>\n\t\t<\/section>\n\t\t\t\t<section class=\"elementor-section elementor-top-section elementor-element elementor-element-f54a36d elementor-section-boxed elementor-section-height-default elementor-section-height-default\" data-id=\"f54a36d\" data-element_type=\"section\">\n\t\t\t\t\t\t<div class=\"elementor-container elementor-column-gap-default\">\n\t\t\t\t\t<div class=\"elementor-column elementor-col-50 elementor-top-column elementor-element elementor-element-20d9e5b\" data-id=\"20d9e5b\" data-element_type=\"column\">\n\t\t\t<div class=\"elementor-widget-wrap elementor-element-populated\">\n\t\t\t\t\t\t<div class=\"elementor-element elementor-element-11ee730 elementor-nav-menu__text-align-aside elementor-widget elementor-widget-nav-menu\" data-id=\"11ee730\" data-element_type=\"widget\" data-settings=\"{&quot;layout&quot;:&quot;dropdown&quot;,&quot;submenu_icon&quot;:{&quot;value&quot;:&quot;&lt;i class=\\&quot;fas fa-caret-down\\&quot;&gt;&lt;\\\/i&gt;&quot;,&quot;library&quot;:&quot;fa-solid&quot;}}\" data-widget_type=\"nav-menu.default\">\n\t\t\t\t<div class=\"elementor-widget-container\">\n\t\t\t\t\t\t\t\t<nav class=\"elementor-nav-menu--dropdown elementor-nav-menu__container\" aria-hidden=\"true\">\n\t\t\t\t<ul id=\"menu-2-11ee730\" class=\"elementor-nav-menu\"><li class=\"menu-item menu-item-type-post_type menu-item-object-page menu-item-14050\"><a href=\"https:\/\/tcscertification.com\/en\/iso-9001-quality\/\" class=\"elementor-item\" tabindex=\"-1\">ISO 9001 Quality<\/a><\/li>\n<li class=\"menu-item menu-item-type-post_type menu-item-object-page menu-item-14051\"><a href=\"https:\/\/tcscertification.com\/en\/iso-14001-environmental\/\" class=\"elementor-item\" tabindex=\"-1\">ISO 14001 Environmental<\/a><\/li>\n<li class=\"menu-item menu-item-type-post_type menu-item-object-page menu-item-14052\"><a href=\"https:\/\/tcscertification.com\/en\/job-security-iso-45001\/\" class=\"elementor-item\" tabindex=\"-1\">ISO 45001 Job Security<\/a><\/li>\n<li class=\"menu-item menu-item-type-post_type menu-item-object-page menu-item-14053\"><a href=\"https:\/\/tcscertification.com\/en\/iso-22000-food-safety\/\" class=\"elementor-item\" tabindex=\"-1\">ISO 22000 Food Safety<\/a><\/li>\n<li class=\"menu-item menu-item-type-post_type menu-item-object-page menu-item-14054\"><a href=\"https:\/\/tcscertification.com\/en\/iso-27001-information-security\/\" class=\"elementor-item\" tabindex=\"-1\">ISO 27001 Information Security<\/a><\/li>\n<li class=\"menu-item menu-item-type-post_type menu-item-object-page menu-item-14055\"><a href=\"https:\/\/tcscertification.com\/en\/iso-27701-personal-information\/\" class=\"elementor-item\" tabindex=\"-1\">ISO 27701 Personal Information<\/a><\/li>\n<li class=\"menu-item menu-item-type-post_type menu-item-object-page menu-item-14056\"><a href=\"https:\/\/tcscertification.com\/en\/iso-50001-energy\/\" class=\"elementor-item\" tabindex=\"-1\">ISO 50001 Energy<\/a><\/li>\n<li class=\"menu-item menu-item-type-post_type menu-item-object-page menu-item-14057\"><a href=\"https:\/\/tcscertification.com\/en\/iso-22301-social-security-and-business-continuity\/\" class=\"elementor-item\" tabindex=\"-1\">ISO 22301 Social Security and Business Continuity<\/a><\/li>\n<li class=\"menu-item menu-item-type-post_type menu-item-object-page menu-item-14058\"><a href=\"https:\/\/tcscertification.com\/en\/iso-20000-1-information-technology\/\" class=\"elementor-item\" tabindex=\"-1\">ISO 20000-1 Information Technology<\/a><\/li>\n<li class=\"menu-item menu-item-type-post_type menu-item-object-page menu-item-14059\"><a href=\"https:\/\/tcscertification.com\/en\/iso-10002-customer-satisfaction\/\" class=\"elementor-item\" tabindex=\"-1\">ISO 10002 Customer Satisfaction<\/a><\/li>\n<li class=\"menu-item menu-item-type-post_type menu-item-object-page menu-item-14060\"><a href=\"https:\/\/tcscertification.com\/en\/iso-31000-enterprise-risk-management\/\" class=\"elementor-item\" tabindex=\"-1\">ISO 31000 Enterprise Risk Management<\/a><\/li>\n<li class=\"menu-item menu-item-type-post_type menu-item-object-page menu-item-14061\"><a href=\"https:\/\/tcscertification.com\/en\/iso-37001-fighting-anti-corruption\/\" class=\"elementor-item\" tabindex=\"-1\">ISO 37001 Fighting Anti-Corruption<\/a><\/li>\n<li class=\"menu-item menu-item-type-post_type menu-item-object-page menu-item-14062\"><a href=\"https:\/\/tcscertification.com\/en\/iso-39001-road-and-traffic-safety\/\" class=\"elementor-item\" tabindex=\"-1\">ISO 39001 Road and Traffic Safety<\/a><\/li>\n<li class=\"menu-item menu-item-type-post_type menu-item-object-page menu-item-14063\"><a href=\"https:\/\/tcscertification.com\/en\/iatf-16949-automotive\/\" class=\"elementor-item\" tabindex=\"-1\">IATF 16949 Automotive<\/a><\/li>\n<li class=\"menu-item menu-item-type-post_type menu-item-object-page menu-item-14064\"><a href=\"https:\/\/tcscertification.com\/en\/as-9100-aviation\/\" class=\"elementor-item\" tabindex=\"-1\">AS 9100 Aviation<\/a><\/li>\n<li class=\"menu-item menu-item-type-post_type menu-item-object-page menu-item-14065\"><a href=\"https:\/\/tcscertification.com\/en\/gmp-good-manufacturing-practices\/\" class=\"elementor-item\" tabindex=\"-1\">GMP Good Manufacturing Practices<\/a><\/li>\n<li class=\"menu-item menu-item-type-post_type menu-item-object-page menu-item-14066\"><a href=\"https:\/\/tcscertification.com\/en\/halal-certification\/\" class=\"elementor-item\" tabindex=\"-1\">Halal Certificate<\/a><\/li>\n<\/ul>\t\t\t<\/nav>\n\t\t\t\t\t\t<\/div>\n\t\t\t\t<\/div>\n\t\t\t\t\t<\/div>\n\t\t<\/div>\n\t\t\t\t<div class=\"elementor-column elementor-col-50 elementor-top-column elementor-element elementor-element-d92a123\" data-id=\"d92a123\" data-element_type=\"column\">\n\t\t\t<div class=\"elementor-widget-wrap elementor-element-populated\">\n\t\t\t\t\t\t<div class=\"elementor-element elementor-element-52b60f6 elementor-widget elementor-widget-text-editor\" data-id=\"52b60f6\" data-element_type=\"widget\" data-widget_type=\"text-editor.default\">\n\t\t\t\t<div class=\"elementor-widget-container\">\n\t\t\t\t\t\t\t\t\t<p>One of the processes that institutions must manage effectively is business continuity. Business continuity is defined as \u201cthe capacity of an organization to maintain its products and services at a predefined acceptable level after an interruption event.\u201d In other words, it is the totality of activities that will enable all businesses, large or small, to respond to interruptions that disrupt their business. If unexpected business interruptions are not your thing, the best thing you can do is to implement the ISO 22301 Social Security and Business Continuity Management System Standard.<\/p><p>ISO 22301 Societal Security and Business Continuity Management System Standard is a standard approved by approximately 160 countries and is an advanced application of the previously published BS 25999 Business Continuity Standard, issued as an ISO standard.<\/p><p>The ISO 22301 Standard specifies requirements for organizations to develop a documented management system to establish, implement, operate, monitor, review, maintain, protect and prepare to mitigate risks and recover from catastrophic events in order to ensure business continuity.<\/p><p><span style=\"font-weight: bold;\">What are the Benefits of ISO 22301 Social Security and Business Continuity Management System?<\/span><\/p><ul><li>Identify and manage current and future threats related to business contributes about how to them correctly.<\/li><li>To minimize the effect of the events.<\/li><li>Always work ensures that critical functions in times of crisis.<\/li><li>With proof of continuity capability gives them an advantage in today&#039;s competitive market.<\/li><li>Suppliers, customers, shareholders, employees by way of a risk assessment requirements are fulfilled.<\/li><li>In the face of recent events allows us to improve recovery time and reduce the duration of the interruption.<\/li><li>The organization itself and the relationship with other organizations, public institutions, local authorities and the appropriate recognition of developed, documented, and understood an emergency service is provided.<\/li><li>The organization&#039;s reputation, brand and protects your reputation.<\/li><li>The organization&#039;s supply chain to secure it becomes.<\/li><\/ul><p><span style=\"font-weight: bold;\">Who can use\/apply the ISO 22301 Standard?<\/span><br \/>ISO 22301 Social Security and Business Continuity Management System Standard is a general standard for organizations in different sectors, and can be applied partially to the whole organization or a certain part of the organization, regardless of the sector or the number of employees.<\/p><p>\u00a0<\/p>\t\t\t\t\t\t\t\t<\/div>\n\t\t\t\t<\/div>\n\t\t\t\t\t<\/div>\n\t\t<\/div>\n\t\t\t\t\t<\/div>\n\t\t<\/section>\n\t\t\t\t<section class=\"elementor-section elementor-top-section elementor-element elementor-element-cd91f7c elementor-section-boxed elementor-section-height-default elementor-section-height-default\" data-id=\"cd91f7c\" data-element_type=\"section\">\n\t\t\t\t\t\t<div class=\"elementor-container elementor-column-gap-default\">\n\t\t\t\t\t<div class=\"elementor-column elementor-col-100 elementor-top-column elementor-element elementor-element-ffdb0b0\" data-id=\"ffdb0b0\" data-element_type=\"column\">\n\t\t\t<div class=\"elementor-widget-wrap elementor-element-populated\">\n\t\t\t\t\t\t<div class=\"elementor-element elementor-element-b4346ac elementor-align-center elementor-widget elementor-widget-button\" data-id=\"b4346ac\" data-element_type=\"widget\" data-widget_type=\"button.default\">\n\t\t\t\t<div class=\"elementor-widget-container\">\n\t\t\t\t\t\t\t\t\t<div class=\"elementor-button-wrapper\">\n\t\t\t\t\t<a class=\"elementor-button elementor-button-link elementor-size-sm\" href=\"https:\/\/tcscertification.com\/en\/application-for-certification\/\">\n\t\t\t\t\t\t<span class=\"elementor-button-content-wrapper\">\n\t\t\t\t\t\t\t\t\t<span class=\"elementor-button-text\">Quick Reference<\/span>\n\t\t\t\t\t<\/span>\n\t\t\t\t\t<\/a>\n\t\t\t\t<\/div>\n\t\t\t\t\t\t\t\t<\/div>\n\t\t\t\t<\/div>\n\t\t\t\t\t<\/div>\n\t\t<\/div>\n\t\t\t\t\t<\/div>\n\t\t<\/section>\n\t\t\t\t<\/div>","protected":false},"excerpt":{"rendered":"<p>ISO 22301 Toplumsal G\u00fcvenlik ve \u0130\u015f S\u00fcreklili\u011fi Kurumlar\u0131n etkin bir \u015fekilde y\u00f6netmesi gereken s\u00fcre\u00e7lerden bir tanesi de i\u015f s\u00fcreklili\u011fidir. \u0130\u015f s\u00fcreklili\u011fi; &#8220;bir organizasyonun \u00fcr\u00fcn ve servislerini kesinti olay\u0131 sonras\u0131nda \u00f6nceden tan\u0131mlanm\u0131\u015f kabul edilebilir seviyede s\u00fcrd\u00fcrebilme kapasitesidir&#8221; \u015feklinde tan\u0131mlan\u0131r. Bir ba\u015fka deyi\u015fle, b\u00fcy\u00fck ya da k\u00fc\u00e7\u00fck t\u00fcm i\u015fletmelerin i\u015flerinin aksamas\u0131na neden olan kesintilere kar\u015f\u0131l\u0131k vermesini sa\u011flayacak&#8230;<\/p>","protected":false},"author":1,"featured_media":0,"parent":0,"menu_order":0,"comment_status":"closed","ping_status":"closed","template":"","meta":{"footnotes":""},"class_list":["post-13833","page","type-page","status-publish","hentry"],"yoast_head":"<!-- This site is optimized with the Yoast SEO Premium plugin v19.7 (Yoast SEO v19.14) - https:\/\/yoast.com\/wordpress\/plugins\/seo\/ -->\n<title>ISO 22301 Toplumsal G\u00fcvenlik ve \u0130\u015f S\u00fcreklili\u011fi | TCS Belgelendirme<\/title>\n<meta name=\"description\" content=\"Kurumlar\u0131n etkin bir \u015fekilde y\u00f6netmesi gereken s\u00fcre\u00e7lerden bir tanesi de i\u015f s\u00fcreklili\u011fidir. \u0130\u015f s\u00fcreklili\u011fi; \u201cbir organizasyonun \u00fcr\u00fcn ve servislerini kesinti olay\u0131 sonras\u0131nda \u00f6nceden tan\u0131mlanm\u0131\u015f kabul edilebilir seviyede s\u00fcrd\u00fcrebilme kapasitesidir\u201d \u015feklinde tan\u0131mlan\u0131r.\" \/>\n<meta name=\"robots\" content=\"index, follow, max-snippet:-1, max-image-preview:large, max-video-preview:-1\" \/>\n<link rel=\"canonical\" href=\"https:\/\/tcscertification.com\/en\/iso-22301-social-security-and-business-continuity\/\" \/>\n<meta property=\"og:locale\" content=\"en_US\" \/>\n<meta property=\"og:type\" content=\"article\" \/>\n<meta property=\"og:title\" content=\"ISO 22301 Toplumsal G\u00fcvenlik ve \u0130\u015f S\u00fcreklili\u011fi\" \/>\n<meta property=\"og:description\" content=\"Kurumlar\u0131n etkin bir \u015fekilde y\u00f6netmesi gereken s\u00fcre\u00e7lerden bir tanesi de i\u015f s\u00fcreklili\u011fidir. \u0130\u015f s\u00fcreklili\u011fi; \u201cbir organizasyonun \u00fcr\u00fcn ve servislerini kesinti olay\u0131 sonras\u0131nda \u00f6nceden tan\u0131mlanm\u0131\u015f kabul edilebilir seviyede s\u00fcrd\u00fcrebilme kapasitesidir\u201d \u015feklinde tan\u0131mlan\u0131r.\" \/>\n<meta property=\"og:url\" content=\"https:\/\/tcscertification.com\/en\/iso-22301-social-security-and-business-continuity\/\" \/>\n<meta property=\"og:site_name\" content=\"TCS INTERNATIONAL CERTIFICATION LLC\" \/>\n<meta property=\"article:modified_time\" content=\"2023-04-24T10:08:04+00:00\" \/>\n<meta property=\"og:image\" content=\"https:\/\/tcscertification.com\/wp-content\/uploads\/2022\/10\/tcs-favicon.png\" \/>\n\t<meta property=\"og:image:width\" content=\"512\" \/>\n\t<meta property=\"og:image:height\" content=\"512\" \/>\n\t<meta property=\"og:image:type\" content=\"image\/png\" \/>\n<meta name=\"twitter:card\" content=\"summary_large_image\" \/>\n<meta name=\"twitter:label1\" content=\"Est. reading time\" \/>\n\t<meta name=\"twitter:data1\" content=\"4 minutes\" \/>\n<script type=\"application\/ld+json\" class=\"yoast-schema-graph\">{\"@context\":\"https:\/\/schema.org\",\"@graph\":[{\"@type\":\"WebPage\",\"@id\":\"https:\/\/tcscertification.com\/iso-22301-toplumsal-guvenlik-ve-is-surekliligi\/\",\"url\":\"https:\/\/tcscertification.com\/iso-22301-toplumsal-guvenlik-ve-is-surekliligi\/\",\"name\":\"ISO 22301 Toplumsal G\u00fcvenlik ve \u0130\u015f S\u00fcreklili\u011fi | TCS Belgelendirme\",\"isPartOf\":{\"@id\":\"https:\/\/tcscertification.com\/#website\"},\"datePublished\":\"2022-09-06T08:45:11+00:00\",\"dateModified\":\"2023-04-24T10:08:04+00:00\",\"description\":\"Kurumlar\u0131n etkin bir \u015fekilde y\u00f6netmesi gereken s\u00fcre\u00e7lerden bir tanesi de i\u015f s\u00fcreklili\u011fidir. \u0130\u015f s\u00fcreklili\u011fi; \u201cbir organizasyonun \u00fcr\u00fcn ve servislerini kesinti olay\u0131 sonras\u0131nda \u00f6nceden tan\u0131mlanm\u0131\u015f kabul edilebilir seviyede s\u00fcrd\u00fcrebilme kapasitesidir\u201d \u015feklinde tan\u0131mlan\u0131r.\",\"breadcrumb\":{\"@id\":\"https:\/\/tcscertification.com\/iso-22301-toplumsal-guvenlik-ve-is-surekliligi\/#breadcrumb\"},\"inLanguage\":\"en-US\",\"potentialAction\":[{\"@type\":\"ReadAction\",\"target\":[\"https:\/\/tcscertification.com\/iso-22301-toplumsal-guvenlik-ve-is-surekliligi\/\"]}]},{\"@type\":\"BreadcrumbList\",\"@id\":\"https:\/\/tcscertification.com\/iso-22301-toplumsal-guvenlik-ve-is-surekliligi\/#breadcrumb\",\"itemListElement\":[{\"@type\":\"ListItem\",\"position\":1,\"name\":\"Anasayfa\",\"item\":\"https:\/\/tcscertification.com\/\"},{\"@type\":\"ListItem\",\"position\":2,\"name\":\"ISO 22301 Toplumsal G\u00fcvenlik ve \u0130\u015f S\u00fcreklili\u011fi\"}]},{\"@type\":\"WebSite\",\"@id\":\"https:\/\/tcscertification.com\/#website\",\"url\":\"https:\/\/tcscertification.com\/\",\"name\":\"TCS INTERNATIONAL CERTIFICATION LLC\",\"description\":\"\",\"publisher\":{\"@id\":\"https:\/\/tcscertification.com\/#organization\"},\"alternateName\":\"TCS INTERNATIONAL CERTIFICATION LLC\",\"potentialAction\":[{\"@type\":\"SearchAction\",\"target\":{\"@type\":\"EntryPoint\",\"urlTemplate\":\"https:\/\/tcscertification.com\/?s={search_term_string}\"},\"query-input\":\"required name=search_term_string\"}],\"inLanguage\":\"en-US\"},{\"@type\":\"Organization\",\"@id\":\"https:\/\/tcscertification.com\/#organization\",\"name\":\"TCS INTERNATIONAL\",\"alternateName\":\"TCS INTERNATIONAL CERTIFICATION LLC\",\"url\":\"https:\/\/tcscertification.com\/\",\"logo\":{\"@type\":\"ImageObject\",\"inLanguage\":\"en-US\",\"@id\":\"https:\/\/tcscertification.com\/#\/schema\/logo\/image\/\",\"url\":\"https:\/\/tcscertification.com\/wp-content\/uploads\/2023\/02\/tcs-logo-new.gif\",\"contentUrl\":\"https:\/\/tcscertification.com\/wp-content\/uploads\/2023\/02\/tcs-logo-new.gif\",\"width\":215,\"height\":100,\"caption\":\"TCS INTERNATIONAL\"},\"image\":{\"@id\":\"https:\/\/tcscertification.com\/#\/schema\/logo\/image\/\"}}]}<\/script>\n<!-- \/ Yoast SEO Premium plugin. -->","yoast_head_json":{"title":"ISO 22301 Toplumsal G\u00fcvenlik ve \u0130\u015f S\u00fcreklili\u011fi | TCS Belgelendirme","description":"Kurumlar\u0131n etkin bir \u015fekilde y\u00f6netmesi gereken s\u00fcre\u00e7lerden bir tanesi de i\u015f s\u00fcreklili\u011fidir. \u0130\u015f s\u00fcreklili\u011fi; \u201cbir organizasyonun \u00fcr\u00fcn ve servislerini kesinti olay\u0131 sonras\u0131nda \u00f6nceden tan\u0131mlanm\u0131\u015f kabul edilebilir seviyede s\u00fcrd\u00fcrebilme kapasitesidir\u201d \u015feklinde tan\u0131mlan\u0131r.","robots":{"index":"index","follow":"follow","max-snippet":"max-snippet:-1","max-image-preview":"max-image-preview:large","max-video-preview":"max-video-preview:-1"},"canonical":"https:\/\/tcscertification.com\/en\/iso-22301-social-security-and-business-continuity\/","og_locale":"en_US","og_type":"article","og_title":"ISO 22301 Toplumsal G\u00fcvenlik ve \u0130\u015f S\u00fcreklili\u011fi","og_description":"Kurumlar\u0131n etkin bir \u015fekilde y\u00f6netmesi gereken s\u00fcre\u00e7lerden bir tanesi de i\u015f s\u00fcreklili\u011fidir. \u0130\u015f s\u00fcreklili\u011fi; \u201cbir organizasyonun \u00fcr\u00fcn ve servislerini kesinti olay\u0131 sonras\u0131nda \u00f6nceden tan\u0131mlanm\u0131\u015f kabul edilebilir seviyede s\u00fcrd\u00fcrebilme kapasitesidir\u201d \u015feklinde tan\u0131mlan\u0131r.","og_url":"https:\/\/tcscertification.com\/en\/iso-22301-social-security-and-business-continuity\/","og_site_name":"TCS INTERNATIONAL CERTIFICATION LLC","article_modified_time":"2023-04-24T10:08:04+00:00","og_image":[{"width":512,"height":512,"url":"https:\/\/tcscertification.com\/wp-content\/uploads\/2022\/10\/tcs-favicon.png","type":"image\/png"}],"twitter_card":"summary_large_image","twitter_misc":{"Est. reading time":"4 minutes"},"schema":{"@context":"https:\/\/schema.org","@graph":[{"@type":"WebPage","@id":"https:\/\/tcscertification.com\/iso-22301-toplumsal-guvenlik-ve-is-surekliligi\/","url":"https:\/\/tcscertification.com\/iso-22301-toplumsal-guvenlik-ve-is-surekliligi\/","name":"ISO 22301 Toplumsal G\u00fcvenlik ve \u0130\u015f S\u00fcreklili\u011fi | TCS Belgelendirme","isPartOf":{"@id":"https:\/\/tcscertification.com\/#website"},"datePublished":"2022-09-06T08:45:11+00:00","dateModified":"2023-04-24T10:08:04+00:00","description":"Kurumlar\u0131n etkin bir \u015fekilde y\u00f6netmesi gereken s\u00fcre\u00e7lerden bir tanesi de i\u015f s\u00fcreklili\u011fidir. \u0130\u015f s\u00fcreklili\u011fi; \u201cbir organizasyonun \u00fcr\u00fcn ve servislerini kesinti olay\u0131 sonras\u0131nda \u00f6nceden tan\u0131mlanm\u0131\u015f kabul edilebilir seviyede s\u00fcrd\u00fcrebilme kapasitesidir\u201d \u015feklinde tan\u0131mlan\u0131r.","breadcrumb":{"@id":"https:\/\/tcscertification.com\/iso-22301-toplumsal-guvenlik-ve-is-surekliligi\/#breadcrumb"},"inLanguage":"en-US","potentialAction":[{"@type":"ReadAction","target":["https:\/\/tcscertification.com\/iso-22301-toplumsal-guvenlik-ve-is-surekliligi\/"]}]},{"@type":"BreadcrumbList","@id":"https:\/\/tcscertification.com\/iso-22301-toplumsal-guvenlik-ve-is-surekliligi\/#breadcrumb","itemListElement":[{"@type":"ListItem","position":1,"name":"Anasayfa","item":"https:\/\/tcscertification.com\/"},{"@type":"ListItem","position":2,"name":"ISO 22301 Toplumsal G\u00fcvenlik ve \u0130\u015f S\u00fcreklili\u011fi"}]},{"@type":"WebSite","@id":"https:\/\/tcscertification.com\/#website","url":"https:\/\/tcscertification.com\/","name":"TCS INTERNATIONAL CERTIFICATION LLC","description":"","publisher":{"@id":"https:\/\/tcscertification.com\/#organization"},"alternateName":"TCS INTERNATIONAL CERTIFICATION LLC","potentialAction":[{"@type":"SearchAction","target":{"@type":"EntryPoint","urlTemplate":"https:\/\/tcscertification.com\/?s={search_term_string}"},"query-input":"required name=search_term_string"}],"inLanguage":"en-US"},{"@type":"Organization","@id":"https:\/\/tcscertification.com\/#organization","name":"TCS INTERNATIONAL","alternateName":"TCS INTERNATIONAL CERTIFICATION LLC","url":"https:\/\/tcscertification.com\/","logo":{"@type":"ImageObject","inLanguage":"en-US","@id":"https:\/\/tcscertification.com\/#\/schema\/logo\/image\/","url":"https:\/\/tcscertification.com\/wp-content\/uploads\/2023\/02\/tcs-logo-new.gif","contentUrl":"https:\/\/tcscertification.com\/wp-content\/uploads\/2023\/02\/tcs-logo-new.gif","width":215,"height":100,"caption":"TCS INTERNATIONAL"},"image":{"@id":"https:\/\/tcscertification.com\/#\/schema\/logo\/image\/"}}]}},"_links":{"self":[{"href":"https:\/\/tcscertification.com\/en\/wp-json\/wp\/v2\/pages\/13833","targetHints":{"allow":["GET"]}}],"collection":[{"href":"https:\/\/tcscertification.com\/en\/wp-json\/wp\/v2\/pages"}],"about":[{"href":"https:\/\/tcscertification.com\/en\/wp-json\/wp\/v2\/types\/page"}],"author":[{"embeddable":true,"href":"https:\/\/tcscertification.com\/en\/wp-json\/wp\/v2\/users\/1"}],"replies":[{"embeddable":true,"href":"https:\/\/tcscertification.com\/en\/wp-json\/wp\/v2\/comments?post=13833"}],"version-history":[{"count":20,"href":"https:\/\/tcscertification.com\/en\/wp-json\/wp\/v2\/pages\/13833\/revisions"}],"predecessor-version":[{"id":18926,"href":"https:\/\/tcscertification.com\/en\/wp-json\/wp\/v2\/pages\/13833\/revisions\/18926"}],"wp:attachment":[{"href":"https:\/\/tcscertification.com\/en\/wp-json\/wp\/v2\/media?parent=13833"}],"curies":[{"name":"wp","href":"https:\/\/api.w.org\/{rel}","templated":true}]}}