{"id":13831,"date":"2022-09-06T11:44:31","date_gmt":"2022-09-06T08:44:31","guid":{"rendered":"https:\/\/tcscertification.com\/?page_id=13831"},"modified":"2023-04-24T13:07:20","modified_gmt":"2023-04-24T10:07:20","slug":"iso-50001-energy","status":"publish","type":"page","link":"https:\/\/tcscertification.com\/en\/iso-50001-energy\/","title":{"rendered":"ISO 50001 Energy"},"content":{"rendered":"<div data-elementor-type=\"wp-page\" data-elementor-id=\"13831\" class=\"elementor elementor-13831\" data-elementor-post-type=\"page\">\n\t\t\t\t\t\t<section class=\"elementor-section elementor-top-section elementor-element elementor-element-f9e2172 elementor-section-boxed elementor-section-height-default elementor-section-height-default\" data-id=\"f9e2172\" data-element_type=\"section\">\n\t\t\t\t\t\t<div class=\"elementor-container elementor-column-gap-default\">\n\t\t\t\t\t<div class=\"elementor-column elementor-col-100 elementor-top-column elementor-element elementor-element-94fb7d5\" data-id=\"94fb7d5\" data-element_type=\"column\">\n\t\t\t<div class=\"elementor-widget-wrap elementor-element-populated\">\n\t\t\t\t\t\t<div class=\"elementor-element elementor-element-8f4e94d elementor-widget elementor-widget-heading\" data-id=\"8f4e94d\" data-element_type=\"widget\" data-widget_type=\"heading.default\">\n\t\t\t\t<div class=\"elementor-widget-container\">\n\t\t\t\t\t<h1 class=\"elementor-heading-title elementor-size-default\">ISO 50001 Energy<\/h1>\t\t\t\t<\/div>\n\t\t\t\t<\/div>\n\t\t\t\t\t<\/div>\n\t\t<\/div>\n\t\t\t\t\t<\/div>\n\t\t<\/section>\n\t\t\t\t<section class=\"elementor-section elementor-top-section elementor-element elementor-element-d2d3e9b elementor-section-boxed elementor-section-height-default elementor-section-height-default\" data-id=\"d2d3e9b\" data-element_type=\"section\">\n\t\t\t\t\t\t<div class=\"elementor-container elementor-column-gap-default\">\n\t\t\t\t\t<div class=\"elementor-column elementor-col-100 elementor-top-column elementor-element elementor-element-a82c74c\" data-id=\"a82c74c\" data-element_type=\"column\">\n\t\t\t<div class=\"elementor-widget-wrap elementor-element-populated\">\n\t\t\t\t\t\t<div class=\"elementor-element elementor-element-0e18e3d elementor-widget elementor-widget-spacer\" data-id=\"0e18e3d\" data-element_type=\"widget\" data-widget_type=\"spacer.default\">\n\t\t\t\t<div class=\"elementor-widget-container\">\n\t\t\t\t\t\t\t<div class=\"elementor-spacer\">\n\t\t\t<div class=\"elementor-spacer-inner\"><\/div>\n\t\t<\/div>\n\t\t\t\t\t\t<\/div>\n\t\t\t\t<\/div>\n\t\t\t\t\t<\/div>\n\t\t<\/div>\n\t\t\t\t\t<\/div>\n\t\t<\/section>\n\t\t\t\t<section class=\"elementor-section elementor-top-section elementor-element elementor-element-18c1ff0 elementor-section-boxed elementor-section-height-default elementor-section-height-default\" data-id=\"18c1ff0\" data-element_type=\"section\">\n\t\t\t\t\t\t<div class=\"elementor-container elementor-column-gap-default\">\n\t\t\t\t\t<div class=\"elementor-column elementor-col-50 elementor-top-column elementor-element elementor-element-1de3906\" data-id=\"1de3906\" data-element_type=\"column\">\n\t\t\t<div class=\"elementor-widget-wrap elementor-element-populated\">\n\t\t\t\t\t\t<div class=\"elementor-element elementor-element-f96ffe8 elementor-nav-menu__text-align-aside elementor-widget elementor-widget-nav-menu\" data-id=\"f96ffe8\" data-element_type=\"widget\" data-settings=\"{&quot;layout&quot;:&quot;dropdown&quot;,&quot;submenu_icon&quot;:{&quot;value&quot;:&quot;&lt;i class=\\&quot;fas fa-caret-down\\&quot;&gt;&lt;\\\/i&gt;&quot;,&quot;library&quot;:&quot;fa-solid&quot;}}\" data-widget_type=\"nav-menu.default\">\n\t\t\t\t<div class=\"elementor-widget-container\">\n\t\t\t\t\t\t\t\t<nav class=\"elementor-nav-menu--dropdown elementor-nav-menu__container\" aria-hidden=\"true\">\n\t\t\t\t<ul id=\"menu-2-f96ffe8\" class=\"elementor-nav-menu\"><li class=\"menu-item menu-item-type-post_type menu-item-object-page menu-item-14050\"><a href=\"https:\/\/tcscertification.com\/en\/iso-9001-quality\/\" class=\"elementor-item\" tabindex=\"-1\">ISO 9001 Quality<\/a><\/li>\n<li class=\"menu-item menu-item-type-post_type menu-item-object-page menu-item-14051\"><a href=\"https:\/\/tcscertification.com\/en\/iso-14001-environmental\/\" class=\"elementor-item\" tabindex=\"-1\">ISO 14001 Environmental<\/a><\/li>\n<li class=\"menu-item menu-item-type-post_type menu-item-object-page menu-item-14052\"><a href=\"https:\/\/tcscertification.com\/en\/job-security-iso-45001\/\" class=\"elementor-item\" tabindex=\"-1\">ISO 45001 Job Security<\/a><\/li>\n<li class=\"menu-item menu-item-type-post_type menu-item-object-page menu-item-14053\"><a href=\"https:\/\/tcscertification.com\/en\/iso-22000-food-safety\/\" class=\"elementor-item\" tabindex=\"-1\">ISO 22000 Food Safety<\/a><\/li>\n<li class=\"menu-item menu-item-type-post_type menu-item-object-page menu-item-14054\"><a href=\"https:\/\/tcscertification.com\/en\/iso-27001-information-security\/\" class=\"elementor-item\" tabindex=\"-1\">ISO 27001 Information Security<\/a><\/li>\n<li class=\"menu-item menu-item-type-post_type menu-item-object-page menu-item-14055\"><a href=\"https:\/\/tcscertification.com\/en\/iso-27701-personal-information\/\" class=\"elementor-item\" tabindex=\"-1\">ISO 27701 Personal Information<\/a><\/li>\n<li class=\"menu-item menu-item-type-post_type menu-item-object-page menu-item-14056\"><a href=\"https:\/\/tcscertification.com\/en\/iso-50001-energy\/\" class=\"elementor-item\" tabindex=\"-1\">ISO 50001 Energy<\/a><\/li>\n<li class=\"menu-item menu-item-type-post_type menu-item-object-page menu-item-14057\"><a href=\"https:\/\/tcscertification.com\/en\/iso-22301-social-security-and-business-continuity\/\" class=\"elementor-item\" tabindex=\"-1\">ISO 22301 Social Security and Business Continuity<\/a><\/li>\n<li class=\"menu-item menu-item-type-post_type menu-item-object-page menu-item-14058\"><a href=\"https:\/\/tcscertification.com\/en\/iso-20000-1-information-technology\/\" class=\"elementor-item\" tabindex=\"-1\">ISO 20000-1 Information Technology<\/a><\/li>\n<li class=\"menu-item menu-item-type-post_type menu-item-object-page menu-item-14059\"><a href=\"https:\/\/tcscertification.com\/en\/iso-10002-customer-satisfaction\/\" class=\"elementor-item\" tabindex=\"-1\">ISO 10002 Customer Satisfaction<\/a><\/li>\n<li class=\"menu-item menu-item-type-post_type menu-item-object-page menu-item-14060\"><a href=\"https:\/\/tcscertification.com\/en\/iso-31000-enterprise-risk-management\/\" class=\"elementor-item\" tabindex=\"-1\">ISO 31000 Enterprise Risk Management<\/a><\/li>\n<li class=\"menu-item menu-item-type-post_type menu-item-object-page menu-item-14061\"><a href=\"https:\/\/tcscertification.com\/en\/iso-37001-fighting-anti-corruption\/\" class=\"elementor-item\" tabindex=\"-1\">ISO 37001 Fighting Anti-Corruption<\/a><\/li>\n<li class=\"menu-item menu-item-type-post_type menu-item-object-page menu-item-14062\"><a href=\"https:\/\/tcscertification.com\/en\/iso-39001-road-and-traffic-safety\/\" class=\"elementor-item\" tabindex=\"-1\">ISO 39001 Road and Traffic Safety<\/a><\/li>\n<li class=\"menu-item menu-item-type-post_type menu-item-object-page menu-item-14063\"><a href=\"https:\/\/tcscertification.com\/en\/iatf-16949-automotive\/\" class=\"elementor-item\" tabindex=\"-1\">IATF 16949 Automotive<\/a><\/li>\n<li class=\"menu-item menu-item-type-post_type menu-item-object-page menu-item-14064\"><a href=\"https:\/\/tcscertification.com\/en\/as-9100-aviation\/\" class=\"elementor-item\" tabindex=\"-1\">AS 9100 Aviation<\/a><\/li>\n<li class=\"menu-item menu-item-type-post_type menu-item-object-page menu-item-14065\"><a href=\"https:\/\/tcscertification.com\/en\/gmp-good-manufacturing-practices\/\" class=\"elementor-item\" tabindex=\"-1\">GMP Good Manufacturing Practices<\/a><\/li>\n<li class=\"menu-item menu-item-type-post_type menu-item-object-page menu-item-14066\"><a href=\"https:\/\/tcscertification.com\/en\/halal-certification\/\" class=\"elementor-item\" tabindex=\"-1\">Halal Certificate<\/a><\/li>\n<\/ul>\t\t\t<\/nav>\n\t\t\t\t\t\t<\/div>\n\t\t\t\t<\/div>\n\t\t\t\t\t<\/div>\n\t\t<\/div>\n\t\t\t\t<div class=\"elementor-column elementor-col-50 elementor-top-column elementor-element elementor-element-8ed96a6\" data-id=\"8ed96a6\" data-element_type=\"column\">\n\t\t\t<div class=\"elementor-widget-wrap elementor-element-populated\">\n\t\t\t\t\t\t<div class=\"elementor-element elementor-element-ebc27a6 elementor-widget elementor-widget-text-editor\" data-id=\"ebc27a6\" data-element_type=\"widget\" data-widget_type=\"text-editor.default\">\n\t\t\t\t<div class=\"elementor-widget-container\">\n\t\t\t\t\t\t\t\t\t<p>Today, production is increasing day by day and energy resources are decreasing in parallel. With the increase in production, the concepts of effective use of energy resources, energy saving, energy efficiency, recovery and reuse are gaining importance in industries. Considering all these, it is inevitable to save energy and create an energy management system.<\/p><p>Energy management is the efficient use of energy without compromising safety, production quality and quantity, and environmental responsibilities. The ISO 50001 Energy Management System Standard ensures that organizations create the processes and systems necessary to increase energy efficiency, and that these processes and systems are implemented and maintained. The standard covers all types of energy. It encourages all organizations to effectively manage energy, reduce costs, and be sensitive to the environment.<\/p><p><b><strong>What are the Benefits of ISO 50001 Energy Management System?<\/strong><\/b><\/p><ul><li>Reduces energy consumption with the help of implemented projects.<\/li><li>Keeps costs under control and reduces the energy originating from.<\/li><li>The use of existing devices and equipment keeps it under control.<\/li><li>Through the acquisition of information about the performance allows the monitoring of energy consumption.<\/li><li>To increase efficiency and to comply with the law provides.<\/li><li>Reduces the negative environmental impact of waste from arising.<\/li><li>As the reputation related to energy awareness within the community increases.<\/li><li>Contributes to the reduction of greenhouse gas emissions.<\/li><li>In case of integration with other management systems, resources saving.<\/li><\/ul><p><b><strong>Who Can Use\/Apply the ISO 50001 Standard?<\/strong><\/b><br \/>The ISO 50001 Energy Management System Standard has been created in a structure suitable for the application of all types and sizes of organizations, private or public institutions, and all organizations operating in the service or production sectors. It directly concerns organizations working in energy-related areas.<\/p><p>\u00a0<\/p>\t\t\t\t\t\t\t\t<\/div>\n\t\t\t\t<\/div>\n\t\t\t\t\t<\/div>\n\t\t<\/div>\n\t\t\t\t\t<\/div>\n\t\t<\/section>\n\t\t\t\t<section class=\"elementor-section elementor-top-section elementor-element elementor-element-7f59ba9 elementor-section-boxed elementor-section-height-default elementor-section-height-default\" data-id=\"7f59ba9\" data-element_type=\"section\">\n\t\t\t\t\t\t<div class=\"elementor-container elementor-column-gap-default\">\n\t\t\t\t\t<div class=\"elementor-column elementor-col-100 elementor-top-column elementor-element elementor-element-f9fb7ab\" data-id=\"f9fb7ab\" data-element_type=\"column\">\n\t\t\t<div class=\"elementor-widget-wrap elementor-element-populated\">\n\t\t\t\t\t\t<div class=\"elementor-element elementor-element-ba1a1f5 elementor-align-center elementor-widget elementor-widget-button\" data-id=\"ba1a1f5\" data-element_type=\"widget\" data-widget_type=\"button.default\">\n\t\t\t\t<div class=\"elementor-widget-container\">\n\t\t\t\t\t\t\t\t\t<div class=\"elementor-button-wrapper\">\n\t\t\t\t\t<a class=\"elementor-button elementor-button-link elementor-size-sm\" href=\"https:\/\/tcscertification.com\/en\/application-for-certification\/\">\n\t\t\t\t\t\t<span class=\"elementor-button-content-wrapper\">\n\t\t\t\t\t\t\t\t\t<span class=\"elementor-button-text\">Quick Reference<\/span>\n\t\t\t\t\t<\/span>\n\t\t\t\t\t<\/a>\n\t\t\t\t<\/div>\n\t\t\t\t\t\t\t\t<\/div>\n\t\t\t\t<\/div>\n\t\t\t\t\t<\/div>\n\t\t<\/div>\n\t\t\t\t\t<\/div>\n\t\t<\/section>\n\t\t\t\t<\/div>","protected":false},"excerpt":{"rendered":"<p>ISO 50001 Enerji G\u00fcn\u00fcm\u00fczde \u00fcretim her ge\u00e7en g\u00fcn artmakta buna paralel olarak ise enerji kaynaklar\u0131 azalmaktad\u0131r. \u00dcretimin art\u0131\u015f\u0131 ile birlikte sanayilerde enerji kaynaklar\u0131n\u0131n etkin kullan\u0131m\u0131, enerji tasarrufu, enerji verimlili\u011fi, geri kazan\u0131m, tekrar kullan\u0131m kavramlar\u0131 \u00f6nem kazanmaktad\u0131r. B\u00fct\u00fcn bunlar g\u00f6z \u00f6n\u00fcne al\u0131nd\u0131\u011f\u0131nda bir enerji tasarrufuna gidilmesi ve bir enerji y\u00f6netim sistemi olu\u015fturulmas\u0131 ka\u00e7\u0131n\u0131lmazd\u0131r. Enerji y\u00f6netimi, g\u00fcvenlikten,&#8230;<\/p>","protected":false},"author":1,"featured_media":0,"parent":0,"menu_order":0,"comment_status":"closed","ping_status":"closed","template":"","meta":{"footnotes":""},"class_list":["post-13831","page","type-page","status-publish","hentry"],"yoast_head":"<!-- This site is optimized with the Yoast SEO Premium plugin v19.7 (Yoast SEO v19.14) - https:\/\/yoast.com\/wordpress\/plugins\/seo\/ -->\n<title>ISO 50001 Enerji | TCS Belgelendirme<\/title>\n<meta name=\"description\" content=\"Enerji y\u00f6netimi, g\u00fcvenlikten, \u00fcretim kalite ve miktar\u0131ndan, \u00e7evresel sorumluluklardan taviz vermeden enerjinin verimli kullan\u0131m\u0131d\u0131r. ISO 50001 Enerji Y\u00f6netim Sistemi Standard\u0131, organizasyonlar\u0131n enerji verimlili\u011fini y\u00fckseltmek i\u00e7in gerekli olan, s\u00fcre\u00e7 ve sistemleri olu\u015fturmalar\u0131n\u0131, bu s\u00fcre\u00e7 ve sistemlerin uygulanmas\u0131n\u0131 ve s\u00fcrd\u00fcr\u00fclebilirli\u011fini sa\u011flamaktad\u0131r.\" \/>\n<meta name=\"robots\" content=\"index, follow, max-snippet:-1, max-image-preview:large, max-video-preview:-1\" \/>\n<link rel=\"canonical\" href=\"https:\/\/tcscertification.com\/en\/iso-50001-energy\/\" \/>\n<meta property=\"og:locale\" content=\"en_US\" \/>\n<meta property=\"og:type\" content=\"article\" \/>\n<meta property=\"og:title\" content=\"ISO 50001 Enerji\" \/>\n<meta property=\"og:description\" content=\"Enerji y\u00f6netimi, g\u00fcvenlikten, \u00fcretim kalite ve miktar\u0131ndan, \u00e7evresel sorumluluklardan taviz vermeden enerjinin verimli kullan\u0131m\u0131d\u0131r. ISO 50001 Enerji Y\u00f6netim Sistemi Standard\u0131, organizasyonlar\u0131n enerji verimlili\u011fini y\u00fckseltmek i\u00e7in gerekli olan, s\u00fcre\u00e7 ve sistemleri olu\u015fturmalar\u0131n\u0131, bu s\u00fcre\u00e7 ve sistemlerin uygulanmas\u0131n\u0131 ve s\u00fcrd\u00fcr\u00fclebilirli\u011fini sa\u011flamaktad\u0131r.\" \/>\n<meta property=\"og:url\" content=\"https:\/\/tcscertification.com\/en\/iso-50001-energy\/\" \/>\n<meta property=\"og:site_name\" content=\"TCS INTERNATIONAL CERTIFICATION LLC\" \/>\n<meta property=\"article:modified_time\" content=\"2023-04-24T10:07:20+00:00\" \/>\n<meta property=\"og:image\" content=\"https:\/\/tcscertification.com\/wp-content\/uploads\/2022\/10\/tcs-favicon.png\" \/>\n\t<meta property=\"og:image:width\" content=\"512\" \/>\n\t<meta property=\"og:image:height\" content=\"512\" \/>\n\t<meta property=\"og:image:type\" content=\"image\/png\" \/>\n<meta name=\"twitter:card\" content=\"summary_large_image\" \/>\n<meta name=\"twitter:label1\" content=\"Est. reading time\" \/>\n\t<meta name=\"twitter:data1\" content=\"2 minutes\" \/>\n<script type=\"application\/ld+json\" class=\"yoast-schema-graph\">{\"@context\":\"https:\/\/schema.org\",\"@graph\":[{\"@type\":\"WebPage\",\"@id\":\"https:\/\/tcscertification.com\/iso-50001-enerji\/\",\"url\":\"https:\/\/tcscertification.com\/iso-50001-enerji\/\",\"name\":\"ISO 50001 Enerji | TCS Belgelendirme\",\"isPartOf\":{\"@id\":\"https:\/\/tcscertification.com\/#website\"},\"datePublished\":\"2022-09-06T08:44:31+00:00\",\"dateModified\":\"2023-04-24T10:07:20+00:00\",\"description\":\"Enerji y\u00f6netimi, g\u00fcvenlikten, \u00fcretim kalite ve miktar\u0131ndan, \u00e7evresel sorumluluklardan taviz vermeden enerjinin verimli kullan\u0131m\u0131d\u0131r. ISO 50001 Enerji Y\u00f6netim Sistemi Standard\u0131, organizasyonlar\u0131n enerji verimlili\u011fini y\u00fckseltmek i\u00e7in gerekli olan, s\u00fcre\u00e7 ve sistemleri olu\u015fturmalar\u0131n\u0131, bu s\u00fcre\u00e7 ve sistemlerin uygulanmas\u0131n\u0131 ve s\u00fcrd\u00fcr\u00fclebilirli\u011fini sa\u011flamaktad\u0131r.\",\"breadcrumb\":{\"@id\":\"https:\/\/tcscertification.com\/iso-50001-enerji\/#breadcrumb\"},\"inLanguage\":\"en-US\",\"potentialAction\":[{\"@type\":\"ReadAction\",\"target\":[\"https:\/\/tcscertification.com\/iso-50001-enerji\/\"]}]},{\"@type\":\"BreadcrumbList\",\"@id\":\"https:\/\/tcscertification.com\/iso-50001-enerji\/#breadcrumb\",\"itemListElement\":[{\"@type\":\"ListItem\",\"position\":1,\"name\":\"Anasayfa\",\"item\":\"https:\/\/tcscertification.com\/\"},{\"@type\":\"ListItem\",\"position\":2,\"name\":\"ISO 50001 Enerji\"}]},{\"@type\":\"WebSite\",\"@id\":\"https:\/\/tcscertification.com\/#website\",\"url\":\"https:\/\/tcscertification.com\/\",\"name\":\"TCS INTERNATIONAL CERTIFICATION LLC\",\"description\":\"\",\"publisher\":{\"@id\":\"https:\/\/tcscertification.com\/#organization\"},\"alternateName\":\"TCS INTERNATIONAL CERTIFICATION LLC\",\"potentialAction\":[{\"@type\":\"SearchAction\",\"target\":{\"@type\":\"EntryPoint\",\"urlTemplate\":\"https:\/\/tcscertification.com\/?s={search_term_string}\"},\"query-input\":\"required name=search_term_string\"}],\"inLanguage\":\"en-US\"},{\"@type\":\"Organization\",\"@id\":\"https:\/\/tcscertification.com\/#organization\",\"name\":\"TCS INTERNATIONAL\",\"alternateName\":\"TCS INTERNATIONAL CERTIFICATION LLC\",\"url\":\"https:\/\/tcscertification.com\/\",\"logo\":{\"@type\":\"ImageObject\",\"inLanguage\":\"en-US\",\"@id\":\"https:\/\/tcscertification.com\/#\/schema\/logo\/image\/\",\"url\":\"https:\/\/tcscertification.com\/wp-content\/uploads\/2023\/02\/tcs-logo-new.gif\",\"contentUrl\":\"https:\/\/tcscertification.com\/wp-content\/uploads\/2023\/02\/tcs-logo-new.gif\",\"width\":215,\"height\":100,\"caption\":\"TCS INTERNATIONAL\"},\"image\":{\"@id\":\"https:\/\/tcscertification.com\/#\/schema\/logo\/image\/\"}}]}<\/script>\n<!-- \/ Yoast SEO Premium plugin. -->","yoast_head_json":{"title":"ISO 50001 Enerji | TCS Belgelendirme","description":"Enerji y\u00f6netimi, g\u00fcvenlikten, \u00fcretim kalite ve miktar\u0131ndan, \u00e7evresel sorumluluklardan taviz vermeden enerjinin verimli kullan\u0131m\u0131d\u0131r. ISO 50001 Enerji Y\u00f6netim Sistemi Standard\u0131, organizasyonlar\u0131n enerji verimlili\u011fini y\u00fckseltmek i\u00e7in gerekli olan, s\u00fcre\u00e7 ve sistemleri olu\u015fturmalar\u0131n\u0131, bu s\u00fcre\u00e7 ve sistemlerin uygulanmas\u0131n\u0131 ve s\u00fcrd\u00fcr\u00fclebilirli\u011fini sa\u011flamaktad\u0131r.","robots":{"index":"index","follow":"follow","max-snippet":"max-snippet:-1","max-image-preview":"max-image-preview:large","max-video-preview":"max-video-preview:-1"},"canonical":"https:\/\/tcscertification.com\/en\/iso-50001-energy\/","og_locale":"en_US","og_type":"article","og_title":"ISO 50001 Enerji","og_description":"Enerji y\u00f6netimi, g\u00fcvenlikten, \u00fcretim kalite ve miktar\u0131ndan, \u00e7evresel sorumluluklardan taviz vermeden enerjinin verimli kullan\u0131m\u0131d\u0131r. ISO 50001 Enerji Y\u00f6netim Sistemi Standard\u0131, organizasyonlar\u0131n enerji verimlili\u011fini y\u00fckseltmek i\u00e7in gerekli olan, s\u00fcre\u00e7 ve sistemleri olu\u015fturmalar\u0131n\u0131, bu s\u00fcre\u00e7 ve sistemlerin uygulanmas\u0131n\u0131 ve s\u00fcrd\u00fcr\u00fclebilirli\u011fini sa\u011flamaktad\u0131r.","og_url":"https:\/\/tcscertification.com\/en\/iso-50001-energy\/","og_site_name":"TCS INTERNATIONAL CERTIFICATION LLC","article_modified_time":"2023-04-24T10:07:20+00:00","og_image":[{"width":512,"height":512,"url":"https:\/\/tcscertification.com\/wp-content\/uploads\/2022\/10\/tcs-favicon.png","type":"image\/png"}],"twitter_card":"summary_large_image","twitter_misc":{"Est. reading time":"2 minutes"},"schema":{"@context":"https:\/\/schema.org","@graph":[{"@type":"WebPage","@id":"https:\/\/tcscertification.com\/iso-50001-enerji\/","url":"https:\/\/tcscertification.com\/iso-50001-enerji\/","name":"ISO 50001 Enerji | TCS Belgelendirme","isPartOf":{"@id":"https:\/\/tcscertification.com\/#website"},"datePublished":"2022-09-06T08:44:31+00:00","dateModified":"2023-04-24T10:07:20+00:00","description":"Enerji y\u00f6netimi, g\u00fcvenlikten, \u00fcretim kalite ve miktar\u0131ndan, \u00e7evresel sorumluluklardan taviz vermeden enerjinin verimli kullan\u0131m\u0131d\u0131r. ISO 50001 Enerji Y\u00f6netim Sistemi Standard\u0131, organizasyonlar\u0131n enerji verimlili\u011fini y\u00fckseltmek i\u00e7in gerekli olan, s\u00fcre\u00e7 ve sistemleri olu\u015fturmalar\u0131n\u0131, bu s\u00fcre\u00e7 ve sistemlerin uygulanmas\u0131n\u0131 ve s\u00fcrd\u00fcr\u00fclebilirli\u011fini sa\u011flamaktad\u0131r.","breadcrumb":{"@id":"https:\/\/tcscertification.com\/iso-50001-enerji\/#breadcrumb"},"inLanguage":"en-US","potentialAction":[{"@type":"ReadAction","target":["https:\/\/tcscertification.com\/iso-50001-enerji\/"]}]},{"@type":"BreadcrumbList","@id":"https:\/\/tcscertification.com\/iso-50001-enerji\/#breadcrumb","itemListElement":[{"@type":"ListItem","position":1,"name":"Anasayfa","item":"https:\/\/tcscertification.com\/"},{"@type":"ListItem","position":2,"name":"ISO 50001 Enerji"}]},{"@type":"WebSite","@id":"https:\/\/tcscertification.com\/#website","url":"https:\/\/tcscertification.com\/","name":"TCS INTERNATIONAL CERTIFICATION LLC","description":"","publisher":{"@id":"https:\/\/tcscertification.com\/#organization"},"alternateName":"TCS INTERNATIONAL CERTIFICATION LLC","potentialAction":[{"@type":"SearchAction","target":{"@type":"EntryPoint","urlTemplate":"https:\/\/tcscertification.com\/?s={search_term_string}"},"query-input":"required name=search_term_string"}],"inLanguage":"en-US"},{"@type":"Organization","@id":"https:\/\/tcscertification.com\/#organization","name":"TCS INTERNATIONAL","alternateName":"TCS INTERNATIONAL CERTIFICATION LLC","url":"https:\/\/tcscertification.com\/","logo":{"@type":"ImageObject","inLanguage":"en-US","@id":"https:\/\/tcscertification.com\/#\/schema\/logo\/image\/","url":"https:\/\/tcscertification.com\/wp-content\/uploads\/2023\/02\/tcs-logo-new.gif","contentUrl":"https:\/\/tcscertification.com\/wp-content\/uploads\/2023\/02\/tcs-logo-new.gif","width":215,"height":100,"caption":"TCS INTERNATIONAL"},"image":{"@id":"https:\/\/tcscertification.com\/#\/schema\/logo\/image\/"}}]}},"_links":{"self":[{"href":"https:\/\/tcscertification.com\/en\/wp-json\/wp\/v2\/pages\/13831","targetHints":{"allow":["GET"]}}],"collection":[{"href":"https:\/\/tcscertification.com\/en\/wp-json\/wp\/v2\/pages"}],"about":[{"href":"https:\/\/tcscertification.com\/en\/wp-json\/wp\/v2\/types\/page"}],"author":[{"embeddable":true,"href":"https:\/\/tcscertification.com\/en\/wp-json\/wp\/v2\/users\/1"}],"replies":[{"embeddable":true,"href":"https:\/\/tcscertification.com\/en\/wp-json\/wp\/v2\/comments?post=13831"}],"version-history":[{"count":19,"href":"https:\/\/tcscertification.com\/en\/wp-json\/wp\/v2\/pages\/13831\/revisions"}],"predecessor-version":[{"id":18923,"href":"https:\/\/tcscertification.com\/en\/wp-json\/wp\/v2\/pages\/13831\/revisions\/18923"}],"wp:attachment":[{"href":"https:\/\/tcscertification.com\/en\/wp-json\/wp\/v2\/media?parent=13831"}],"curies":[{"name":"wp","href":"https:\/\/api.w.org\/{rel}","templated":true}]}}