{"id":13829,"date":"2022-09-06T11:43:45","date_gmt":"2022-09-06T08:43:45","guid":{"rendered":"https:\/\/tcscertification.com\/?page_id=13829"},"modified":"2023-04-24T13:06:54","modified_gmt":"2023-04-24T10:06:54","slug":"iso-27701-personal-information","status":"publish","type":"page","link":"https:\/\/tcscertification.com\/en\/iso-27701-personal-information\/","title":{"rendered":"ISO 27701 Personal Information"},"content":{"rendered":"<div data-elementor-type=\"wp-page\" data-elementor-id=\"13829\" class=\"elementor elementor-13829\" data-elementor-post-type=\"page\">\n\t\t\t\t\t\t<section class=\"elementor-section elementor-top-section elementor-element elementor-element-2c4fc4f elementor-section-boxed elementor-section-height-default elementor-section-height-default\" data-id=\"2c4fc4f\" data-element_type=\"section\">\n\t\t\t\t\t\t<div class=\"elementor-container elementor-column-gap-default\">\n\t\t\t\t\t<div class=\"elementor-column elementor-col-100 elementor-top-column elementor-element elementor-element-1273111\" data-id=\"1273111\" data-element_type=\"column\">\n\t\t\t<div class=\"elementor-widget-wrap elementor-element-populated\">\n\t\t\t\t\t\t<div class=\"elementor-element elementor-element-e86796e elementor-widget elementor-widget-heading\" data-id=\"e86796e\" data-element_type=\"widget\" data-widget_type=\"heading.default\">\n\t\t\t\t<div class=\"elementor-widget-container\">\n\t\t\t\t\t<h1 class=\"elementor-heading-title elementor-size-default\">ISO 27701 Personal Information<\/h1>\t\t\t\t<\/div>\n\t\t\t\t<\/div>\n\t\t\t\t\t<\/div>\n\t\t<\/div>\n\t\t\t\t\t<\/div>\n\t\t<\/section>\n\t\t\t\t<section class=\"elementor-section elementor-top-section elementor-element elementor-element-e587c09 elementor-section-boxed elementor-section-height-default elementor-section-height-default\" data-id=\"e587c09\" data-element_type=\"section\">\n\t\t\t\t\t\t<div class=\"elementor-container elementor-column-gap-default\">\n\t\t\t\t\t<div class=\"elementor-column elementor-col-100 elementor-top-column elementor-element elementor-element-e617408\" data-id=\"e617408\" data-element_type=\"column\">\n\t\t\t<div class=\"elementor-widget-wrap elementor-element-populated\">\n\t\t\t\t\t\t<div class=\"elementor-element elementor-element-78de46b elementor-widget elementor-widget-spacer\" data-id=\"78de46b\" data-element_type=\"widget\" data-widget_type=\"spacer.default\">\n\t\t\t\t<div class=\"elementor-widget-container\">\n\t\t\t\t\t\t\t<div class=\"elementor-spacer\">\n\t\t\t<div class=\"elementor-spacer-inner\"><\/div>\n\t\t<\/div>\n\t\t\t\t\t\t<\/div>\n\t\t\t\t<\/div>\n\t\t\t\t\t<\/div>\n\t\t<\/div>\n\t\t\t\t\t<\/div>\n\t\t<\/section>\n\t\t\t\t<section class=\"elementor-section elementor-top-section elementor-element elementor-element-e025d0a elementor-section-boxed elementor-section-height-default elementor-section-height-default\" data-id=\"e025d0a\" data-element_type=\"section\">\n\t\t\t\t\t\t<div class=\"elementor-container elementor-column-gap-default\">\n\t\t\t\t\t<div class=\"elementor-column elementor-col-50 elementor-top-column elementor-element elementor-element-669b4f5\" data-id=\"669b4f5\" data-element_type=\"column\">\n\t\t\t<div class=\"elementor-widget-wrap elementor-element-populated\">\n\t\t\t\t\t\t<div class=\"elementor-element elementor-element-9feb422 elementor-nav-menu__text-align-aside elementor-widget elementor-widget-nav-menu\" data-id=\"9feb422\" data-element_type=\"widget\" data-settings=\"{&quot;layout&quot;:&quot;dropdown&quot;,&quot;submenu_icon&quot;:{&quot;value&quot;:&quot;&lt;i class=\\&quot;fas fa-caret-down\\&quot;&gt;&lt;\\\/i&gt;&quot;,&quot;library&quot;:&quot;fa-solid&quot;}}\" data-widget_type=\"nav-menu.default\">\n\t\t\t\t<div class=\"elementor-widget-container\">\n\t\t\t\t\t\t\t\t<nav class=\"elementor-nav-menu--dropdown elementor-nav-menu__container\" aria-hidden=\"true\">\n\t\t\t\t<ul id=\"menu-2-9feb422\" class=\"elementor-nav-menu\"><li class=\"menu-item menu-item-type-post_type menu-item-object-page menu-item-14050\"><a href=\"https:\/\/tcscertification.com\/en\/iso-9001-quality\/\" class=\"elementor-item\" tabindex=\"-1\">ISO 9001 Quality<\/a><\/li>\n<li class=\"menu-item menu-item-type-post_type menu-item-object-page menu-item-14051\"><a href=\"https:\/\/tcscertification.com\/en\/iso-14001-environmental\/\" class=\"elementor-item\" tabindex=\"-1\">ISO 14001 Environmental<\/a><\/li>\n<li class=\"menu-item menu-item-type-post_type menu-item-object-page menu-item-14052\"><a href=\"https:\/\/tcscertification.com\/en\/job-security-iso-45001\/\" class=\"elementor-item\" tabindex=\"-1\">ISO 45001 Job Security<\/a><\/li>\n<li class=\"menu-item menu-item-type-post_type menu-item-object-page menu-item-14053\"><a href=\"https:\/\/tcscertification.com\/en\/iso-22000-food-safety\/\" class=\"elementor-item\" tabindex=\"-1\">ISO 22000 Food Safety<\/a><\/li>\n<li class=\"menu-item menu-item-type-post_type menu-item-object-page menu-item-14054\"><a href=\"https:\/\/tcscertification.com\/en\/iso-27001-information-security\/\" class=\"elementor-item\" tabindex=\"-1\">ISO 27001 Information Security<\/a><\/li>\n<li class=\"menu-item menu-item-type-post_type menu-item-object-page menu-item-14055\"><a href=\"https:\/\/tcscertification.com\/en\/iso-27701-personal-information\/\" class=\"elementor-item\" tabindex=\"-1\">ISO 27701 Personal Information<\/a><\/li>\n<li class=\"menu-item menu-item-type-post_type menu-item-object-page menu-item-14056\"><a href=\"https:\/\/tcscertification.com\/en\/iso-50001-energy\/\" class=\"elementor-item\" tabindex=\"-1\">ISO 50001 Energy<\/a><\/li>\n<li class=\"menu-item menu-item-type-post_type menu-item-object-page menu-item-14057\"><a href=\"https:\/\/tcscertification.com\/en\/iso-22301-social-security-and-business-continuity\/\" class=\"elementor-item\" tabindex=\"-1\">ISO 22301 Social Security and Business Continuity<\/a><\/li>\n<li class=\"menu-item menu-item-type-post_type menu-item-object-page menu-item-14058\"><a href=\"https:\/\/tcscertification.com\/en\/iso-20000-1-information-technology\/\" class=\"elementor-item\" tabindex=\"-1\">ISO 20000-1 Information Technology<\/a><\/li>\n<li class=\"menu-item menu-item-type-post_type menu-item-object-page menu-item-14059\"><a href=\"https:\/\/tcscertification.com\/en\/iso-10002-customer-satisfaction\/\" class=\"elementor-item\" tabindex=\"-1\">ISO 10002 Customer Satisfaction<\/a><\/li>\n<li class=\"menu-item menu-item-type-post_type menu-item-object-page menu-item-14060\"><a href=\"https:\/\/tcscertification.com\/en\/iso-31000-enterprise-risk-management\/\" class=\"elementor-item\" tabindex=\"-1\">ISO 31000 Enterprise Risk Management<\/a><\/li>\n<li class=\"menu-item menu-item-type-post_type menu-item-object-page menu-item-14061\"><a href=\"https:\/\/tcscertification.com\/en\/iso-37001-fighting-anti-corruption\/\" class=\"elementor-item\" tabindex=\"-1\">ISO 37001 Fighting Anti-Corruption<\/a><\/li>\n<li class=\"menu-item menu-item-type-post_type menu-item-object-page menu-item-14062\"><a href=\"https:\/\/tcscertification.com\/en\/iso-39001-road-and-traffic-safety\/\" class=\"elementor-item\" tabindex=\"-1\">ISO 39001 Road and Traffic Safety<\/a><\/li>\n<li class=\"menu-item menu-item-type-post_type menu-item-object-page menu-item-14063\"><a href=\"https:\/\/tcscertification.com\/en\/iatf-16949-automotive\/\" class=\"elementor-item\" tabindex=\"-1\">IATF 16949 Automotive<\/a><\/li>\n<li class=\"menu-item menu-item-type-post_type menu-item-object-page menu-item-14064\"><a href=\"https:\/\/tcscertification.com\/en\/as-9100-aviation\/\" class=\"elementor-item\" tabindex=\"-1\">AS 9100 Aviation<\/a><\/li>\n<li class=\"menu-item menu-item-type-post_type menu-item-object-page menu-item-14065\"><a href=\"https:\/\/tcscertification.com\/en\/gmp-good-manufacturing-practices\/\" class=\"elementor-item\" tabindex=\"-1\">GMP Good Manufacturing Practices<\/a><\/li>\n<li class=\"menu-item menu-item-type-post_type menu-item-object-page menu-item-14066\"><a href=\"https:\/\/tcscertification.com\/en\/halal-certification\/\" class=\"elementor-item\" tabindex=\"-1\">Halal Certificate<\/a><\/li>\n<\/ul>\t\t\t<\/nav>\n\t\t\t\t\t\t<\/div>\n\t\t\t\t<\/div>\n\t\t\t\t\t<\/div>\n\t\t<\/div>\n\t\t\t\t<div class=\"elementor-column elementor-col-50 elementor-top-column elementor-element elementor-element-41fdebf\" data-id=\"41fdebf\" data-element_type=\"column\">\n\t\t\t<div class=\"elementor-widget-wrap elementor-element-populated\">\n\t\t\t\t\t\t<div class=\"elementor-element elementor-element-2c68ef1 elementor-widget elementor-widget-text-editor\" data-id=\"2c68ef1\" data-element_type=\"widget\" data-widget_type=\"text-editor.default\">\n\t\t\t\t<div class=\"elementor-widget-container\">\n\t\t\t\t\t\t\t\t\t<p>The ISO 27701 standard is a standard that specifies requirements and provides guidance for establishing, implementing, maintaining and continuously improving a Personal Data Management System (PIMS) as an extension of ISO\/IEC 27001 and ISO\/IEC 27002 for the management of privacy in organizations.<br \/>ISO 27701 is a documentable standard that serves as a guide for organizations that want to comply with both the European Union Data Protection Regulation (GDPR) and KVKK.<br \/>The ISO 27701 standard provides guidance for data controllers and data processors who have responsibilities in processing personal data and contributes to creating an accountable system in organizations by setting out the requirements of the Personal Data Management System.<br \/>It is a standard applicable to all data controllers and data processors that process personal data, including public and private organizations, government institutions and non-profit organizations.<br \/>The ISO 27701 standard is based on a risk-based approach, just like ISO\/IEC 27001, but in addition to ISO\/IEC 27701, it provides a framework for addressing risks related to personal data and privacy.<\/p><p>Organizations wishing to obtain ISO\/IEC 27701 certification must either already be implementing ISO\/IEC 27001 and ISO\/IEC 27002 or must demonstrate that they are implementing all these standards in a single audit.<\/p><p><strong>ISO\/IEC 27701 personal data management system to your organization, what are the benefits?<\/strong><\/p><ul><li>KVKK, GDPR, etc. national and international data protection laws, regulations, and facilitates compliance with legislation.<\/li><li>All relevant parties to provide assurance on the management of the privacy of personal information.<\/li><li>Transparency and accountability at the point of contributing institutions.<\/li><li>Responsible for data and data provides guidance for those who commit.<\/li><li>Simplifies the management of personal information, and privacy risks.<\/li><li>Privacy allows you to kurumsallastirman your management processes.<\/li><li>Personal information\/data in the organization will support the internalization of understanding of privacy and data protection.<\/li><\/ul><div>\u00a0<\/div>\t\t\t\t\t\t\t\t<\/div>\n\t\t\t\t<\/div>\n\t\t\t\t\t<\/div>\n\t\t<\/div>\n\t\t\t\t\t<\/div>\n\t\t<\/section>\n\t\t\t\t<section class=\"elementor-section elementor-top-section elementor-element elementor-element-f8cf3ef elementor-section-boxed elementor-section-height-default elementor-section-height-default\" data-id=\"f8cf3ef\" data-element_type=\"section\">\n\t\t\t\t\t\t<div class=\"elementor-container elementor-column-gap-default\">\n\t\t\t\t\t<div class=\"elementor-column elementor-col-100 elementor-top-column elementor-element elementor-element-2e507c6\" data-id=\"2e507c6\" data-element_type=\"column\">\n\t\t\t<div class=\"elementor-widget-wrap elementor-element-populated\">\n\t\t\t\t\t\t<div class=\"elementor-element elementor-element-c60853f elementor-align-center elementor-widget elementor-widget-button\" data-id=\"c60853f\" data-element_type=\"widget\" data-widget_type=\"button.default\">\n\t\t\t\t<div class=\"elementor-widget-container\">\n\t\t\t\t\t\t\t\t\t<div class=\"elementor-button-wrapper\">\n\t\t\t\t\t<a class=\"elementor-button elementor-button-link elementor-size-sm\" href=\"https:\/\/tcscertification.com\/en\/application-for-certification\/\">\n\t\t\t\t\t\t<span class=\"elementor-button-content-wrapper\">\n\t\t\t\t\t\t\t\t\t<span class=\"elementor-button-text\">Quick Reference<\/span>\n\t\t\t\t\t<\/span>\n\t\t\t\t\t<\/a>\n\t\t\t\t<\/div>\n\t\t\t\t\t\t\t\t<\/div>\n\t\t\t\t<\/div>\n\t\t\t\t\t<\/div>\n\t\t<\/div>\n\t\t\t\t\t<\/div>\n\t\t<\/section>\n\t\t\t\t<\/div>","protected":false},"excerpt":{"rendered":"<p>ISO 27701 Ki\u015fisel Veri ISO 27701 standard\u0131, kurulu\u015flarda gizlili\u011fin y\u00f6netimi i\u00e7in ISO\/IEC 27001 ve ISO\/IEC 27002\u2019nin uzant\u0131s\u0131 olacak \u015fekilde bir Ki\u015fisel Veri Y\u00f6netim Sistemi (PIMS) olu\u015fturulmas\u0131, uygulanmas\u0131, s\u00fcrd\u00fcr\u00fclmesi ve s\u00fcrekli olarak iyile\u015ftirilmesi ad\u0131na gereklilikleri belirten ve k\u0131lavuzluk sa\u011flayan bir standartt\u0131r.ISO 27701, hem Avrupa Birli\u011fi Veri Koruma T\u00fcz\u00fc\u011f\u00fc (GDPR) hem de KVKK\u2019ya uyum sa\u011flamak isteyen kurulu\u015flar&#8230;<\/p>","protected":false},"author":1,"featured_media":0,"parent":0,"menu_order":0,"comment_status":"closed","ping_status":"closed","template":"","meta":{"footnotes":""},"class_list":["post-13829","page","type-page","status-publish","hentry"],"yoast_head":"<!-- This site is optimized with the Yoast SEO Premium plugin v19.7 (Yoast SEO v19.14) - https:\/\/yoast.com\/wordpress\/plugins\/seo\/ -->\n<title>ISO 27701 Ki\u015fisel Veri | TCS Belgelendirme<\/title>\n<meta name=\"description\" content=\"ISO 27701 standard\u0131, kurulu\u015flarda gizlili\u011fin y\u00f6netimi i\u00e7in ISO\/IEC 27001 ve ISO\/IEC 27002\u2019nin uzant\u0131s\u0131 olacak \u015fekilde bir Ki\u015fisel Veri Y\u00f6netim Sistemi (PIMS) olu\u015fturulmas\u0131, uygulanmas\u0131, s\u00fcrd\u00fcr\u00fclmesi ve s\u00fcrekli olarak iyile\u015ftirilmesi ad\u0131na gereklilikleri belirten ve k\u0131lavuzluk sa\u011flayan bir standartt\u0131r.\" \/>\n<meta name=\"robots\" content=\"index, follow, max-snippet:-1, max-image-preview:large, max-video-preview:-1\" \/>\n<link rel=\"canonical\" href=\"https:\/\/tcscertification.com\/en\/iso-27701-personal-information\/\" \/>\n<meta property=\"og:locale\" content=\"en_US\" \/>\n<meta property=\"og:type\" content=\"article\" \/>\n<meta property=\"og:title\" content=\"ISO 27701 Ki\u015fisel Veri\" \/>\n<meta property=\"og:description\" content=\"ISO 27701 standard\u0131, kurulu\u015flarda gizlili\u011fin y\u00f6netimi i\u00e7in ISO\/IEC 27001 ve ISO\/IEC 27002\u2019nin uzant\u0131s\u0131 olacak \u015fekilde bir Ki\u015fisel Veri Y\u00f6netim Sistemi (PIMS) olu\u015fturulmas\u0131, uygulanmas\u0131, s\u00fcrd\u00fcr\u00fclmesi ve s\u00fcrekli olarak iyile\u015ftirilmesi ad\u0131na gereklilikleri belirten ve k\u0131lavuzluk sa\u011flayan bir standartt\u0131r.\" \/>\n<meta property=\"og:url\" content=\"https:\/\/tcscertification.com\/en\/iso-27701-personal-information\/\" \/>\n<meta property=\"og:site_name\" content=\"TCS INTERNATIONAL CERTIFICATION LLC\" \/>\n<meta property=\"article:modified_time\" content=\"2023-04-24T10:06:54+00:00\" \/>\n<meta property=\"og:image\" content=\"https:\/\/tcscertification.com\/wp-content\/uploads\/2022\/10\/tcs-favicon.png\" \/>\n\t<meta property=\"og:image:width\" content=\"512\" \/>\n\t<meta property=\"og:image:height\" content=\"512\" \/>\n\t<meta property=\"og:image:type\" content=\"image\/png\" \/>\n<meta name=\"twitter:card\" content=\"summary_large_image\" \/>\n<meta name=\"twitter:label1\" content=\"Est. reading time\" \/>\n\t<meta name=\"twitter:data1\" content=\"2 minutes\" \/>\n<script type=\"application\/ld+json\" class=\"yoast-schema-graph\">{\"@context\":\"https:\/\/schema.org\",\"@graph\":[{\"@type\":\"WebPage\",\"@id\":\"https:\/\/tcscertification.com\/iso-27701-kisisel-veri\/\",\"url\":\"https:\/\/tcscertification.com\/iso-27701-kisisel-veri\/\",\"name\":\"ISO 27701 Ki\u015fisel Veri | TCS Belgelendirme\",\"isPartOf\":{\"@id\":\"https:\/\/tcscertification.com\/#website\"},\"datePublished\":\"2022-09-06T08:43:45+00:00\",\"dateModified\":\"2023-04-24T10:06:54+00:00\",\"description\":\"ISO 27701 standard\u0131, kurulu\u015flarda gizlili\u011fin y\u00f6netimi i\u00e7in ISO\/IEC 27001 ve ISO\/IEC 27002\u2019nin uzant\u0131s\u0131 olacak \u015fekilde bir Ki\u015fisel Veri Y\u00f6netim Sistemi (PIMS) olu\u015fturulmas\u0131, uygulanmas\u0131, s\u00fcrd\u00fcr\u00fclmesi ve s\u00fcrekli olarak iyile\u015ftirilmesi ad\u0131na gereklilikleri belirten ve k\u0131lavuzluk sa\u011flayan bir standartt\u0131r.\",\"breadcrumb\":{\"@id\":\"https:\/\/tcscertification.com\/iso-27701-kisisel-veri\/#breadcrumb\"},\"inLanguage\":\"en-US\",\"potentialAction\":[{\"@type\":\"ReadAction\",\"target\":[\"https:\/\/tcscertification.com\/iso-27701-kisisel-veri\/\"]}]},{\"@type\":\"BreadcrumbList\",\"@id\":\"https:\/\/tcscertification.com\/iso-27701-kisisel-veri\/#breadcrumb\",\"itemListElement\":[{\"@type\":\"ListItem\",\"position\":1,\"name\":\"Anasayfa\",\"item\":\"https:\/\/tcscertification.com\/\"},{\"@type\":\"ListItem\",\"position\":2,\"name\":\"ISO 27701 Ki\u015fisel Veri\"}]},{\"@type\":\"WebSite\",\"@id\":\"https:\/\/tcscertification.com\/#website\",\"url\":\"https:\/\/tcscertification.com\/\",\"name\":\"TCS INTERNATIONAL CERTIFICATION LLC\",\"description\":\"\",\"publisher\":{\"@id\":\"https:\/\/tcscertification.com\/#organization\"},\"alternateName\":\"TCS INTERNATIONAL CERTIFICATION LLC\",\"potentialAction\":[{\"@type\":\"SearchAction\",\"target\":{\"@type\":\"EntryPoint\",\"urlTemplate\":\"https:\/\/tcscertification.com\/?s={search_term_string}\"},\"query-input\":\"required name=search_term_string\"}],\"inLanguage\":\"en-US\"},{\"@type\":\"Organization\",\"@id\":\"https:\/\/tcscertification.com\/#organization\",\"name\":\"TCS INTERNATIONAL\",\"alternateName\":\"TCS INTERNATIONAL CERTIFICATION LLC\",\"url\":\"https:\/\/tcscertification.com\/\",\"logo\":{\"@type\":\"ImageObject\",\"inLanguage\":\"en-US\",\"@id\":\"https:\/\/tcscertification.com\/#\/schema\/logo\/image\/\",\"url\":\"https:\/\/tcscertification.com\/wp-content\/uploads\/2023\/02\/tcs-logo-new.gif\",\"contentUrl\":\"https:\/\/tcscertification.com\/wp-content\/uploads\/2023\/02\/tcs-logo-new.gif\",\"width\":215,\"height\":100,\"caption\":\"TCS INTERNATIONAL\"},\"image\":{\"@id\":\"https:\/\/tcscertification.com\/#\/schema\/logo\/image\/\"}}]}<\/script>\n<!-- \/ Yoast SEO Premium plugin. -->","yoast_head_json":{"title":"ISO 27701 Ki\u015fisel Veri | TCS Belgelendirme","description":"ISO 27701 standard\u0131, kurulu\u015flarda gizlili\u011fin y\u00f6netimi i\u00e7in ISO\/IEC 27001 ve ISO\/IEC 27002\u2019nin uzant\u0131s\u0131 olacak \u015fekilde bir Ki\u015fisel Veri Y\u00f6netim Sistemi (PIMS) olu\u015fturulmas\u0131, uygulanmas\u0131, s\u00fcrd\u00fcr\u00fclmesi ve s\u00fcrekli olarak iyile\u015ftirilmesi ad\u0131na gereklilikleri belirten ve k\u0131lavuzluk sa\u011flayan bir standartt\u0131r.","robots":{"index":"index","follow":"follow","max-snippet":"max-snippet:-1","max-image-preview":"max-image-preview:large","max-video-preview":"max-video-preview:-1"},"canonical":"https:\/\/tcscertification.com\/en\/iso-27701-personal-information\/","og_locale":"en_US","og_type":"article","og_title":"ISO 27701 Ki\u015fisel Veri","og_description":"ISO 27701 standard\u0131, kurulu\u015flarda gizlili\u011fin y\u00f6netimi i\u00e7in ISO\/IEC 27001 ve ISO\/IEC 27002\u2019nin uzant\u0131s\u0131 olacak \u015fekilde bir Ki\u015fisel Veri Y\u00f6netim Sistemi (PIMS) olu\u015fturulmas\u0131, uygulanmas\u0131, s\u00fcrd\u00fcr\u00fclmesi ve s\u00fcrekli olarak iyile\u015ftirilmesi ad\u0131na gereklilikleri belirten ve k\u0131lavuzluk sa\u011flayan bir standartt\u0131r.","og_url":"https:\/\/tcscertification.com\/en\/iso-27701-personal-information\/","og_site_name":"TCS INTERNATIONAL CERTIFICATION LLC","article_modified_time":"2023-04-24T10:06:54+00:00","og_image":[{"width":512,"height":512,"url":"https:\/\/tcscertification.com\/wp-content\/uploads\/2022\/10\/tcs-favicon.png","type":"image\/png"}],"twitter_card":"summary_large_image","twitter_misc":{"Est. reading time":"2 minutes"},"schema":{"@context":"https:\/\/schema.org","@graph":[{"@type":"WebPage","@id":"https:\/\/tcscertification.com\/iso-27701-kisisel-veri\/","url":"https:\/\/tcscertification.com\/iso-27701-kisisel-veri\/","name":"ISO 27701 Ki\u015fisel Veri | TCS Belgelendirme","isPartOf":{"@id":"https:\/\/tcscertification.com\/#website"},"datePublished":"2022-09-06T08:43:45+00:00","dateModified":"2023-04-24T10:06:54+00:00","description":"ISO 27701 standard\u0131, kurulu\u015flarda gizlili\u011fin y\u00f6netimi i\u00e7in ISO\/IEC 27001 ve ISO\/IEC 27002\u2019nin uzant\u0131s\u0131 olacak \u015fekilde bir Ki\u015fisel Veri Y\u00f6netim Sistemi (PIMS) olu\u015fturulmas\u0131, uygulanmas\u0131, s\u00fcrd\u00fcr\u00fclmesi ve s\u00fcrekli olarak iyile\u015ftirilmesi ad\u0131na gereklilikleri belirten ve k\u0131lavuzluk sa\u011flayan bir standartt\u0131r.","breadcrumb":{"@id":"https:\/\/tcscertification.com\/iso-27701-kisisel-veri\/#breadcrumb"},"inLanguage":"en-US","potentialAction":[{"@type":"ReadAction","target":["https:\/\/tcscertification.com\/iso-27701-kisisel-veri\/"]}]},{"@type":"BreadcrumbList","@id":"https:\/\/tcscertification.com\/iso-27701-kisisel-veri\/#breadcrumb","itemListElement":[{"@type":"ListItem","position":1,"name":"Anasayfa","item":"https:\/\/tcscertification.com\/"},{"@type":"ListItem","position":2,"name":"ISO 27701 Ki\u015fisel Veri"}]},{"@type":"WebSite","@id":"https:\/\/tcscertification.com\/#website","url":"https:\/\/tcscertification.com\/","name":"TCS INTERNATIONAL CERTIFICATION LLC","description":"","publisher":{"@id":"https:\/\/tcscertification.com\/#organization"},"alternateName":"TCS INTERNATIONAL CERTIFICATION LLC","potentialAction":[{"@type":"SearchAction","target":{"@type":"EntryPoint","urlTemplate":"https:\/\/tcscertification.com\/?s={search_term_string}"},"query-input":"required name=search_term_string"}],"inLanguage":"en-US"},{"@type":"Organization","@id":"https:\/\/tcscertification.com\/#organization","name":"TCS INTERNATIONAL","alternateName":"TCS INTERNATIONAL CERTIFICATION LLC","url":"https:\/\/tcscertification.com\/","logo":{"@type":"ImageObject","inLanguage":"en-US","@id":"https:\/\/tcscertification.com\/#\/schema\/logo\/image\/","url":"https:\/\/tcscertification.com\/wp-content\/uploads\/2023\/02\/tcs-logo-new.gif","contentUrl":"https:\/\/tcscertification.com\/wp-content\/uploads\/2023\/02\/tcs-logo-new.gif","width":215,"height":100,"caption":"TCS INTERNATIONAL"},"image":{"@id":"https:\/\/tcscertification.com\/#\/schema\/logo\/image\/"}}]}},"_links":{"self":[{"href":"https:\/\/tcscertification.com\/en\/wp-json\/wp\/v2\/pages\/13829","targetHints":{"allow":["GET"]}}],"collection":[{"href":"https:\/\/tcscertification.com\/en\/wp-json\/wp\/v2\/pages"}],"about":[{"href":"https:\/\/tcscertification.com\/en\/wp-json\/wp\/v2\/types\/page"}],"author":[{"embeddable":true,"href":"https:\/\/tcscertification.com\/en\/wp-json\/wp\/v2\/users\/1"}],"replies":[{"embeddable":true,"href":"https:\/\/tcscertification.com\/en\/wp-json\/wp\/v2\/comments?post=13829"}],"version-history":[{"count":23,"href":"https:\/\/tcscertification.com\/en\/wp-json\/wp\/v2\/pages\/13829\/revisions"}],"predecessor-version":[{"id":18920,"href":"https:\/\/tcscertification.com\/en\/wp-json\/wp\/v2\/pages\/13829\/revisions\/18920"}],"wp:attachment":[{"href":"https:\/\/tcscertification.com\/en\/wp-json\/wp\/v2\/media?parent=13829"}],"curies":[{"name":"wp","href":"https:\/\/api.w.org\/{rel}","templated":true}]}}