{"id":13827,"date":"2022-09-06T11:43:07","date_gmt":"2022-09-06T08:43:07","guid":{"rendered":"https:\/\/tcscertification.com\/?page_id=13827"},"modified":"2023-04-24T13:06:07","modified_gmt":"2023-04-24T10:06:07","slug":"iso-27001-information-security","status":"publish","type":"page","link":"https:\/\/tcscertification.com\/en\/iso-27001-information-security\/","title":{"rendered":"ISO 27001 Information Security"},"content":{"rendered":"<div data-elementor-type=\"wp-page\" data-elementor-id=\"13827\" class=\"elementor elementor-13827\" data-elementor-post-type=\"page\">\n\t\t\t\t\t\t<section class=\"elementor-section elementor-top-section elementor-element elementor-element-95e5249 elementor-section-boxed elementor-section-height-default elementor-section-height-default\" data-id=\"95e5249\" data-element_type=\"section\">\n\t\t\t\t\t\t<div class=\"elementor-container elementor-column-gap-default\">\n\t\t\t\t\t<div class=\"elementor-column elementor-col-100 elementor-top-column elementor-element elementor-element-b125ec2\" data-id=\"b125ec2\" data-element_type=\"column\">\n\t\t\t<div class=\"elementor-widget-wrap elementor-element-populated\">\n\t\t\t\t\t\t<div class=\"elementor-element elementor-element-f245ab5 elementor-widget elementor-widget-heading\" data-id=\"f245ab5\" data-element_type=\"widget\" data-widget_type=\"heading.default\">\n\t\t\t\t<div class=\"elementor-widget-container\">\n\t\t\t\t\t<h1 class=\"elementor-heading-title elementor-size-default\">ISO 27001 Information Security<\/h1>\t\t\t\t<\/div>\n\t\t\t\t<\/div>\n\t\t\t\t\t<\/div>\n\t\t<\/div>\n\t\t\t\t\t<\/div>\n\t\t<\/section>\n\t\t\t\t<section class=\"elementor-section elementor-top-section elementor-element elementor-element-4610196 elementor-section-boxed elementor-section-height-default elementor-section-height-default\" data-id=\"4610196\" data-element_type=\"section\">\n\t\t\t\t\t\t<div class=\"elementor-container elementor-column-gap-default\">\n\t\t\t\t\t<div class=\"elementor-column elementor-col-100 elementor-top-column elementor-element elementor-element-efa0a3d\" data-id=\"efa0a3d\" data-element_type=\"column\">\n\t\t\t<div class=\"elementor-widget-wrap elementor-element-populated\">\n\t\t\t\t\t\t<div class=\"elementor-element elementor-element-1c6cdfd elementor-widget elementor-widget-spacer\" data-id=\"1c6cdfd\" data-element_type=\"widget\" data-widget_type=\"spacer.default\">\n\t\t\t\t<div class=\"elementor-widget-container\">\n\t\t\t\t\t\t\t<div class=\"elementor-spacer\">\n\t\t\t<div class=\"elementor-spacer-inner\"><\/div>\n\t\t<\/div>\n\t\t\t\t\t\t<\/div>\n\t\t\t\t<\/div>\n\t\t\t\t\t<\/div>\n\t\t<\/div>\n\t\t\t\t\t<\/div>\n\t\t<\/section>\n\t\t\t\t<section class=\"elementor-section elementor-top-section elementor-element elementor-element-590b318 elementor-section-boxed elementor-section-height-default elementor-section-height-default\" data-id=\"590b318\" data-element_type=\"section\">\n\t\t\t\t\t\t<div class=\"elementor-container elementor-column-gap-default\">\n\t\t\t\t\t<div class=\"elementor-column elementor-col-50 elementor-top-column elementor-element elementor-element-7feea68\" data-id=\"7feea68\" data-element_type=\"column\">\n\t\t\t<div class=\"elementor-widget-wrap elementor-element-populated\">\n\t\t\t\t\t\t<div class=\"elementor-element elementor-element-860a608 elementor-nav-menu__text-align-aside elementor-widget elementor-widget-nav-menu\" data-id=\"860a608\" data-element_type=\"widget\" data-settings=\"{&quot;layout&quot;:&quot;dropdown&quot;,&quot;submenu_icon&quot;:{&quot;value&quot;:&quot;&lt;i class=\\&quot;fas fa-caret-down\\&quot;&gt;&lt;\\\/i&gt;&quot;,&quot;library&quot;:&quot;fa-solid&quot;}}\" data-widget_type=\"nav-menu.default\">\n\t\t\t\t<div class=\"elementor-widget-container\">\n\t\t\t\t\t\t\t\t<nav class=\"elementor-nav-menu--dropdown elementor-nav-menu__container\" aria-hidden=\"true\">\n\t\t\t\t<ul id=\"menu-2-860a608\" class=\"elementor-nav-menu\"><li class=\"menu-item menu-item-type-post_type menu-item-object-page menu-item-14050\"><a href=\"https:\/\/tcscertification.com\/en\/iso-9001-quality\/\" class=\"elementor-item\" tabindex=\"-1\">ISO 9001 Quality<\/a><\/li>\n<li class=\"menu-item menu-item-type-post_type menu-item-object-page menu-item-14051\"><a href=\"https:\/\/tcscertification.com\/en\/iso-14001-environmental\/\" class=\"elementor-item\" tabindex=\"-1\">ISO 14001 Environmental<\/a><\/li>\n<li class=\"menu-item menu-item-type-post_type menu-item-object-page menu-item-14052\"><a href=\"https:\/\/tcscertification.com\/en\/job-security-iso-45001\/\" class=\"elementor-item\" tabindex=\"-1\">ISO 45001 Job Security<\/a><\/li>\n<li class=\"menu-item menu-item-type-post_type menu-item-object-page menu-item-14053\"><a href=\"https:\/\/tcscertification.com\/en\/iso-22000-food-safety\/\" class=\"elementor-item\" tabindex=\"-1\">ISO 22000 Food Safety<\/a><\/li>\n<li class=\"menu-item menu-item-type-post_type menu-item-object-page menu-item-14054\"><a href=\"https:\/\/tcscertification.com\/en\/iso-27001-information-security\/\" class=\"elementor-item\" tabindex=\"-1\">ISO 27001 Information Security<\/a><\/li>\n<li class=\"menu-item menu-item-type-post_type menu-item-object-page menu-item-14055\"><a href=\"https:\/\/tcscertification.com\/en\/iso-27701-personal-information\/\" class=\"elementor-item\" tabindex=\"-1\">ISO 27701 Personal Information<\/a><\/li>\n<li class=\"menu-item menu-item-type-post_type menu-item-object-page menu-item-14056\"><a href=\"https:\/\/tcscertification.com\/en\/iso-50001-energy\/\" class=\"elementor-item\" tabindex=\"-1\">ISO 50001 Energy<\/a><\/li>\n<li class=\"menu-item menu-item-type-post_type menu-item-object-page menu-item-14057\"><a href=\"https:\/\/tcscertification.com\/en\/iso-22301-social-security-and-business-continuity\/\" class=\"elementor-item\" tabindex=\"-1\">ISO 22301 Social Security and Business Continuity<\/a><\/li>\n<li class=\"menu-item menu-item-type-post_type menu-item-object-page menu-item-14058\"><a href=\"https:\/\/tcscertification.com\/en\/iso-20000-1-information-technology\/\" class=\"elementor-item\" tabindex=\"-1\">ISO 20000-1 Information Technology<\/a><\/li>\n<li class=\"menu-item menu-item-type-post_type menu-item-object-page menu-item-14059\"><a href=\"https:\/\/tcscertification.com\/en\/iso-10002-customer-satisfaction\/\" class=\"elementor-item\" tabindex=\"-1\">ISO 10002 Customer Satisfaction<\/a><\/li>\n<li class=\"menu-item menu-item-type-post_type menu-item-object-page menu-item-14060\"><a href=\"https:\/\/tcscertification.com\/en\/iso-31000-enterprise-risk-management\/\" class=\"elementor-item\" tabindex=\"-1\">ISO 31000 Enterprise Risk Management<\/a><\/li>\n<li class=\"menu-item menu-item-type-post_type menu-item-object-page menu-item-14061\"><a href=\"https:\/\/tcscertification.com\/en\/iso-37001-fighting-anti-corruption\/\" class=\"elementor-item\" tabindex=\"-1\">ISO 37001 Fighting Anti-Corruption<\/a><\/li>\n<li class=\"menu-item menu-item-type-post_type menu-item-object-page menu-item-14062\"><a href=\"https:\/\/tcscertification.com\/en\/iso-39001-road-and-traffic-safety\/\" class=\"elementor-item\" tabindex=\"-1\">ISO 39001 Road and Traffic Safety<\/a><\/li>\n<li class=\"menu-item menu-item-type-post_type menu-item-object-page menu-item-14063\"><a href=\"https:\/\/tcscertification.com\/en\/iatf-16949-automotive\/\" class=\"elementor-item\" tabindex=\"-1\">IATF 16949 Automotive<\/a><\/li>\n<li class=\"menu-item menu-item-type-post_type menu-item-object-page menu-item-14064\"><a href=\"https:\/\/tcscertification.com\/en\/as-9100-aviation\/\" class=\"elementor-item\" tabindex=\"-1\">AS 9100 Aviation<\/a><\/li>\n<li class=\"menu-item menu-item-type-post_type menu-item-object-page menu-item-14065\"><a href=\"https:\/\/tcscertification.com\/en\/gmp-good-manufacturing-practices\/\" class=\"elementor-item\" tabindex=\"-1\">GMP Good Manufacturing Practices<\/a><\/li>\n<li class=\"menu-item menu-item-type-post_type menu-item-object-page menu-item-14066\"><a href=\"https:\/\/tcscertification.com\/en\/halal-certification\/\" class=\"elementor-item\" tabindex=\"-1\">Halal Certificate<\/a><\/li>\n<\/ul>\t\t\t<\/nav>\n\t\t\t\t\t\t<\/div>\n\t\t\t\t<\/div>\n\t\t\t\t\t<\/div>\n\t\t<\/div>\n\t\t\t\t<div class=\"elementor-column elementor-col-50 elementor-top-column elementor-element elementor-element-4364998\" data-id=\"4364998\" data-element_type=\"column\">\n\t\t\t<div class=\"elementor-widget-wrap elementor-element-populated\">\n\t\t\t\t\t\t<div class=\"elementor-element elementor-element-5f16245 elementor-widget elementor-widget-text-editor\" data-id=\"5f16245\" data-element_type=\"widget\" data-widget_type=\"text-editor.default\">\n\t\t\t\t<div class=\"elementor-widget-container\">\n\t\t\t\t\t\t\t\t\t<p>Information is one of the most important values \u200b\u200bin ensuring the business continuity of an institution. While it is possible to compensate for the loss of many assets, there is no monetary equivalent for the lost information. For this reason, the importance of information and the necessity of its protection are increasing in today's changing and developing conditions. Information can be used and stored in written form, electronically, verbally, in the memories of employees and in many other ways. Due to technological developments, many of these forms of use may not be used or may change over time. Due to this change and development, the security of information must be constantly questioned and controlled. Information security is the protection of the confidentiality, integrity and usability of information.<\/p><p>ISO 27001 Information Security Management System is a management system that includes people, processes and information systems in ensuring corporate information security and is supported by top management. It is designed to protect information assets and provide adequate and proportionate security controls that provide confidence to interested parties. ISO 27001 Information Security Management System includes corporate structure, policies, planning activities, responsibilities, applications, procedures, processes and resources.<\/p><p>\u00a0<\/p><p><b><strong>Why is ISO 27001 Necessary?<\/strong><\/b><br \/>It is a globally accepted approach that it is not possible for an organization to protect information security and business continuity with only technical measures, and that a number of measures and controls such as ISMS must also be provided. The security policies to be created within the framework of ISMS must be supported and implemented by senior management and all employees. In addition, it is a factor that increases security that all individuals and organizations cooperate with act in accordance with these policies.<\/p><p>\u00a0<\/p><p><b><strong>What are the Benefits of ISO 27001 Information Security Management System?<\/strong><\/b><\/p><ul><li>Accurate, reliable and current information.<\/li><li>Prevents loss of time and unnecessary extra workload.<\/li><li>It minimizes the risks.<\/li><li>Provides business continuity.<\/li><li>Ensures the protection of the confidentiality of information assets.<\/li><li>Enterprise-wide information systems increases awareness about how to protect and weaknesses.<\/li><li>Knowledge and methods to protect the integrity and accuracy of the content doesn&#039;t change is provided.<\/li><li>The legal side of the required criteria is achieved.<\/li><li>Access to information assets is maintained.<\/li><li>Corporate reputation is maintained.<\/li><li>Provides a competitive advantage.<\/li><\/ul><p><b><strong>Who is Concerned with ISO 27001?<\/strong><\/b><br \/>ISO 27001 is suitable for all organizations, big or small, regardless of the country or sector in which they are located. This standard is particularly necessary in areas where it is of great importance, such as finance, healthcare, public and information technology sectors. ISO 27001 is also very important for organizations that manage information on behalf of others, such as information technology subcontractors. It can be used to assure customers that their information is protected. The sectors that are required to obtain ISO 27001 are:<\/p><ul><li>Companies that have signed the agreement task<\/li><li>The companies that signed the concession agreement<\/li><li>Companies that provide satellite communication services<\/li><li>Companies that provide infrastructure management services<\/li><li>Companies that provide fixed telephony services<\/li><li>GMPCS companies that provide mobile phone services<\/li><li>Virtual mobile network providers<\/li><li>Internet service providers<\/li><li>GSM 1800 mobile phone companies that provide services air vehicles<\/li><li>E-invoice companies who want to take the custom integrator authority<\/li><li>Exporters seeking the authority to streamline customs procedures<\/li><li>Companies that operate electronic communications network infrastructure<\/li><li>In the ICT sector and public procurement in hardware, software and integrator companies<\/li><\/ul><div>\u00a0<\/div>\t\t\t\t\t\t\t\t<\/div>\n\t\t\t\t<\/div>\n\t\t\t\t\t<\/div>\n\t\t<\/div>\n\t\t\t\t\t<\/div>\n\t\t<\/section>\n\t\t\t\t<section class=\"elementor-section elementor-top-section elementor-element elementor-element-81f1a4f elementor-section-boxed elementor-section-height-default elementor-section-height-default\" data-id=\"81f1a4f\" data-element_type=\"section\">\n\t\t\t\t\t\t<div class=\"elementor-container elementor-column-gap-default\">\n\t\t\t\t\t<div class=\"elementor-column elementor-col-100 elementor-top-column elementor-element elementor-element-1d0193b\" data-id=\"1d0193b\" data-element_type=\"column\">\n\t\t\t<div class=\"elementor-widget-wrap elementor-element-populated\">\n\t\t\t\t\t\t<div class=\"elementor-element elementor-element-addc172 elementor-align-center elementor-widget elementor-widget-button\" data-id=\"addc172\" data-element_type=\"widget\" data-widget_type=\"button.default\">\n\t\t\t\t<div class=\"elementor-widget-container\">\n\t\t\t\t\t\t\t\t\t<div class=\"elementor-button-wrapper\">\n\t\t\t\t\t<a class=\"elementor-button elementor-button-link elementor-size-sm\" href=\"https:\/\/tcscertification.com\/en\/application-for-certification\/\">\n\t\t\t\t\t\t<span class=\"elementor-button-content-wrapper\">\n\t\t\t\t\t\t\t\t\t<span class=\"elementor-button-text\">Quick Reference<\/span>\n\t\t\t\t\t<\/span>\n\t\t\t\t\t<\/a>\n\t\t\t\t<\/div>\n\t\t\t\t\t\t\t\t<\/div>\n\t\t\t\t<\/div>\n\t\t\t\t\t<\/div>\n\t\t<\/div>\n\t\t\t\t\t<\/div>\n\t\t<\/section>\n\t\t\t\t<\/div>","protected":false},"excerpt":{"rendered":"<p>ISO 27001 Bilgi G\u00fcvenli\u011fi Bilgi bir kurumun i\u015f s\u00fcreklili\u011fini sa\u011flamas\u0131nda en \u00f6nemli de\u011ferlerinden birisidir. Bir\u00e7ok varl\u0131\u011f\u0131n kaybedilmesi durumunda telafisi m\u00fcmk\u00fcn iken kaybedilen bilginin parasal bir kar\u015f\u0131l\u0131\u011f\u0131 yoktur. Bu sebeple de\u011fi\u015fen ve geli\u015fen g\u00fcn\u00fcm\u00fcz ko\u015fullar\u0131nda bilginin \u00f6nemi ve korunmas\u0131 gereklili\u011fi de giderek artmaktad\u0131r. Bilgi; yaz\u0131 ile elektronik ortamlarda, s\u00f6zle, \u00e7al\u0131\u015fanlar\u0131n haf\u0131zalar\u0131nda ve daha bir\u00e7ok bi\u00e7imde kullan\u0131labilir&#8230;<\/p>","protected":false},"author":1,"featured_media":0,"parent":0,"menu_order":0,"comment_status":"closed","ping_status":"closed","template":"","meta":{"footnotes":""},"class_list":["post-13827","page","type-page","status-publish","hentry"],"yoast_head":"<!-- This site is optimized with the Yoast SEO Premium plugin v19.7 (Yoast SEO v19.14) - https:\/\/yoast.com\/wordpress\/plugins\/seo\/ -->\n<title>ISO 27001 Bilgi G\u00fcvenli\u011fi | TCS Belgelendirme<\/title>\n<meta name=\"description\" content=\"Bilgi bir kurumun i\u015f s\u00fcreklili\u011fini sa\u011flamas\u0131nda en \u00f6nemli de\u011ferlerinden birisidir. Bir\u00e7ok varl\u0131\u011f\u0131n kaybedilmesi durumunda telafisi m\u00fcmk\u00fcn iken kaybedilen bilginin parasal bir kar\u015f\u0131l\u0131\u011f\u0131 yoktur.\" \/>\n<meta name=\"robots\" content=\"index, follow, max-snippet:-1, max-image-preview:large, max-video-preview:-1\" \/>\n<link rel=\"canonical\" href=\"https:\/\/tcscertification.com\/en\/iso-27001-information-security\/\" \/>\n<meta property=\"og:locale\" content=\"en_US\" \/>\n<meta property=\"og:type\" content=\"article\" \/>\n<meta property=\"og:title\" content=\"ISO 27001 Bilgi G\u00fcvenli\u011fi\" \/>\n<meta property=\"og:description\" content=\"Bilgi bir kurumun i\u015f s\u00fcreklili\u011fini sa\u011flamas\u0131nda en \u00f6nemli de\u011ferlerinden birisidir. Bir\u00e7ok varl\u0131\u011f\u0131n kaybedilmesi durumunda telafisi m\u00fcmk\u00fcn iken kaybedilen bilginin parasal bir kar\u015f\u0131l\u0131\u011f\u0131 yoktur.\" \/>\n<meta property=\"og:url\" content=\"https:\/\/tcscertification.com\/en\/iso-27001-information-security\/\" \/>\n<meta property=\"og:site_name\" content=\"TCS INTERNATIONAL CERTIFICATION LLC\" \/>\n<meta property=\"article:modified_time\" content=\"2023-04-24T10:06:07+00:00\" \/>\n<meta property=\"og:image\" content=\"https:\/\/tcscertification.com\/wp-content\/uploads\/2022\/10\/tcs-favicon.png\" \/>\n\t<meta property=\"og:image:width\" content=\"512\" \/>\n\t<meta property=\"og:image:height\" content=\"512\" \/>\n\t<meta property=\"og:image:type\" content=\"image\/png\" \/>\n<meta name=\"twitter:card\" content=\"summary_large_image\" \/>\n<meta name=\"twitter:label1\" content=\"Est. reading time\" \/>\n\t<meta name=\"twitter:data1\" content=\"4 minutes\" \/>\n<script type=\"application\/ld+json\" class=\"yoast-schema-graph\">{\"@context\":\"https:\/\/schema.org\",\"@graph\":[{\"@type\":\"WebPage\",\"@id\":\"https:\/\/tcscertification.com\/iso-27001-bilgi-guvenligi\/\",\"url\":\"https:\/\/tcscertification.com\/iso-27001-bilgi-guvenligi\/\",\"name\":\"ISO 27001 Bilgi G\u00fcvenli\u011fi | TCS Belgelendirme\",\"isPartOf\":{\"@id\":\"https:\/\/tcscertification.com\/#website\"},\"datePublished\":\"2022-09-06T08:43:07+00:00\",\"dateModified\":\"2023-04-24T10:06:07+00:00\",\"description\":\"Bilgi bir kurumun i\u015f s\u00fcreklili\u011fini sa\u011flamas\u0131nda en \u00f6nemli de\u011ferlerinden birisidir. Bir\u00e7ok varl\u0131\u011f\u0131n kaybedilmesi durumunda telafisi m\u00fcmk\u00fcn iken kaybedilen bilginin parasal bir kar\u015f\u0131l\u0131\u011f\u0131 yoktur.\",\"breadcrumb\":{\"@id\":\"https:\/\/tcscertification.com\/iso-27001-bilgi-guvenligi\/#breadcrumb\"},\"inLanguage\":\"en-US\",\"potentialAction\":[{\"@type\":\"ReadAction\",\"target\":[\"https:\/\/tcscertification.com\/iso-27001-bilgi-guvenligi\/\"]}]},{\"@type\":\"BreadcrumbList\",\"@id\":\"https:\/\/tcscertification.com\/iso-27001-bilgi-guvenligi\/#breadcrumb\",\"itemListElement\":[{\"@type\":\"ListItem\",\"position\":1,\"name\":\"Anasayfa\",\"item\":\"https:\/\/tcscertification.com\/\"},{\"@type\":\"ListItem\",\"position\":2,\"name\":\"ISO 27001 Bilgi G\u00fcvenli\u011fi\"}]},{\"@type\":\"WebSite\",\"@id\":\"https:\/\/tcscertification.com\/#website\",\"url\":\"https:\/\/tcscertification.com\/\",\"name\":\"TCS INTERNATIONAL CERTIFICATION LLC\",\"description\":\"\",\"publisher\":{\"@id\":\"https:\/\/tcscertification.com\/#organization\"},\"alternateName\":\"TCS INTERNATIONAL CERTIFICATION LLC\",\"potentialAction\":[{\"@type\":\"SearchAction\",\"target\":{\"@type\":\"EntryPoint\",\"urlTemplate\":\"https:\/\/tcscertification.com\/?s={search_term_string}\"},\"query-input\":\"required name=search_term_string\"}],\"inLanguage\":\"en-US\"},{\"@type\":\"Organization\",\"@id\":\"https:\/\/tcscertification.com\/#organization\",\"name\":\"TCS INTERNATIONAL\",\"alternateName\":\"TCS INTERNATIONAL CERTIFICATION LLC\",\"url\":\"https:\/\/tcscertification.com\/\",\"logo\":{\"@type\":\"ImageObject\",\"inLanguage\":\"en-US\",\"@id\":\"https:\/\/tcscertification.com\/#\/schema\/logo\/image\/\",\"url\":\"https:\/\/tcscertification.com\/wp-content\/uploads\/2023\/02\/tcs-logo-new.gif\",\"contentUrl\":\"https:\/\/tcscertification.com\/wp-content\/uploads\/2023\/02\/tcs-logo-new.gif\",\"width\":215,\"height\":100,\"caption\":\"TCS INTERNATIONAL\"},\"image\":{\"@id\":\"https:\/\/tcscertification.com\/#\/schema\/logo\/image\/\"}}]}<\/script>\n<!-- \/ Yoast SEO Premium plugin. -->","yoast_head_json":{"title":"ISO 27001 Bilgi G\u00fcvenli\u011fi | TCS Belgelendirme","description":"Bilgi bir kurumun i\u015f s\u00fcreklili\u011fini sa\u011flamas\u0131nda en \u00f6nemli de\u011ferlerinden birisidir. Bir\u00e7ok varl\u0131\u011f\u0131n kaybedilmesi durumunda telafisi m\u00fcmk\u00fcn iken kaybedilen bilginin parasal bir kar\u015f\u0131l\u0131\u011f\u0131 yoktur.","robots":{"index":"index","follow":"follow","max-snippet":"max-snippet:-1","max-image-preview":"max-image-preview:large","max-video-preview":"max-video-preview:-1"},"canonical":"https:\/\/tcscertification.com\/en\/iso-27001-information-security\/","og_locale":"en_US","og_type":"article","og_title":"ISO 27001 Bilgi G\u00fcvenli\u011fi","og_description":"Bilgi bir kurumun i\u015f s\u00fcreklili\u011fini sa\u011flamas\u0131nda en \u00f6nemli de\u011ferlerinden birisidir. Bir\u00e7ok varl\u0131\u011f\u0131n kaybedilmesi durumunda telafisi m\u00fcmk\u00fcn iken kaybedilen bilginin parasal bir kar\u015f\u0131l\u0131\u011f\u0131 yoktur.","og_url":"https:\/\/tcscertification.com\/en\/iso-27001-information-security\/","og_site_name":"TCS INTERNATIONAL CERTIFICATION LLC","article_modified_time":"2023-04-24T10:06:07+00:00","og_image":[{"width":512,"height":512,"url":"https:\/\/tcscertification.com\/wp-content\/uploads\/2022\/10\/tcs-favicon.png","type":"image\/png"}],"twitter_card":"summary_large_image","twitter_misc":{"Est. reading time":"4 minutes"},"schema":{"@context":"https:\/\/schema.org","@graph":[{"@type":"WebPage","@id":"https:\/\/tcscertification.com\/iso-27001-bilgi-guvenligi\/","url":"https:\/\/tcscertification.com\/iso-27001-bilgi-guvenligi\/","name":"ISO 27001 Bilgi G\u00fcvenli\u011fi | TCS Belgelendirme","isPartOf":{"@id":"https:\/\/tcscertification.com\/#website"},"datePublished":"2022-09-06T08:43:07+00:00","dateModified":"2023-04-24T10:06:07+00:00","description":"Bilgi bir kurumun i\u015f s\u00fcreklili\u011fini sa\u011flamas\u0131nda en \u00f6nemli de\u011ferlerinden birisidir. Bir\u00e7ok varl\u0131\u011f\u0131n kaybedilmesi durumunda telafisi m\u00fcmk\u00fcn iken kaybedilen bilginin parasal bir kar\u015f\u0131l\u0131\u011f\u0131 yoktur.","breadcrumb":{"@id":"https:\/\/tcscertification.com\/iso-27001-bilgi-guvenligi\/#breadcrumb"},"inLanguage":"en-US","potentialAction":[{"@type":"ReadAction","target":["https:\/\/tcscertification.com\/iso-27001-bilgi-guvenligi\/"]}]},{"@type":"BreadcrumbList","@id":"https:\/\/tcscertification.com\/iso-27001-bilgi-guvenligi\/#breadcrumb","itemListElement":[{"@type":"ListItem","position":1,"name":"Anasayfa","item":"https:\/\/tcscertification.com\/"},{"@type":"ListItem","position":2,"name":"ISO 27001 Bilgi G\u00fcvenli\u011fi"}]},{"@type":"WebSite","@id":"https:\/\/tcscertification.com\/#website","url":"https:\/\/tcscertification.com\/","name":"TCS INTERNATIONAL CERTIFICATION LLC","description":"","publisher":{"@id":"https:\/\/tcscertification.com\/#organization"},"alternateName":"TCS INTERNATIONAL CERTIFICATION LLC","potentialAction":[{"@type":"SearchAction","target":{"@type":"EntryPoint","urlTemplate":"https:\/\/tcscertification.com\/?s={search_term_string}"},"query-input":"required name=search_term_string"}],"inLanguage":"en-US"},{"@type":"Organization","@id":"https:\/\/tcscertification.com\/#organization","name":"TCS INTERNATIONAL","alternateName":"TCS INTERNATIONAL CERTIFICATION LLC","url":"https:\/\/tcscertification.com\/","logo":{"@type":"ImageObject","inLanguage":"en-US","@id":"https:\/\/tcscertification.com\/#\/schema\/logo\/image\/","url":"https:\/\/tcscertification.com\/wp-content\/uploads\/2023\/02\/tcs-logo-new.gif","contentUrl":"https:\/\/tcscertification.com\/wp-content\/uploads\/2023\/02\/tcs-logo-new.gif","width":215,"height":100,"caption":"TCS INTERNATIONAL"},"image":{"@id":"https:\/\/tcscertification.com\/#\/schema\/logo\/image\/"}}]}},"_links":{"self":[{"href":"https:\/\/tcscertification.com\/en\/wp-json\/wp\/v2\/pages\/13827","targetHints":{"allow":["GET"]}}],"collection":[{"href":"https:\/\/tcscertification.com\/en\/wp-json\/wp\/v2\/pages"}],"about":[{"href":"https:\/\/tcscertification.com\/en\/wp-json\/wp\/v2\/types\/page"}],"author":[{"embeddable":true,"href":"https:\/\/tcscertification.com\/en\/wp-json\/wp\/v2\/users\/1"}],"replies":[{"embeddable":true,"href":"https:\/\/tcscertification.com\/en\/wp-json\/wp\/v2\/comments?post=13827"}],"version-history":[{"count":20,"href":"https:\/\/tcscertification.com\/en\/wp-json\/wp\/v2\/pages\/13827\/revisions"}],"predecessor-version":[{"id":18917,"href":"https:\/\/tcscertification.com\/en\/wp-json\/wp\/v2\/pages\/13827\/revisions\/18917"}],"wp:attachment":[{"href":"https:\/\/tcscertification.com\/en\/wp-json\/wp\/v2\/media?parent=13827"}],"curies":[{"name":"wp","href":"https:\/\/api.w.org\/{rel}","templated":true}]}}