{"id":13820,"date":"2022-09-06T11:40:07","date_gmt":"2022-09-06T08:40:07","guid":{"rendered":"https:\/\/tcscertification.com\/?page_id=13820"},"modified":"2023-04-24T13:01:29","modified_gmt":"2023-04-24T10:01:29","slug":"iso-14001-environmental","status":"publish","type":"page","link":"https:\/\/tcscertification.com\/en\/iso-14001-environmental\/","title":{"rendered":"ISO 14001 Environmental"},"content":{"rendered":"<div data-elementor-type=\"wp-page\" data-elementor-id=\"13820\" class=\"elementor elementor-13820\" data-elementor-post-type=\"page\">\n\t\t\t\t\t\t<section class=\"elementor-section elementor-top-section elementor-element elementor-element-68b4f39 elementor-section-boxed elementor-section-height-default elementor-section-height-default\" data-id=\"68b4f39\" data-element_type=\"section\">\n\t\t\t\t\t\t<div class=\"elementor-container elementor-column-gap-default\">\n\t\t\t\t\t<div class=\"elementor-column elementor-col-100 elementor-top-column elementor-element elementor-element-29a9591\" data-id=\"29a9591\" data-element_type=\"column\">\n\t\t\t<div class=\"elementor-widget-wrap elementor-element-populated\">\n\t\t\t\t\t\t<div class=\"elementor-element elementor-element-8e2d041 elementor-widget elementor-widget-heading\" data-id=\"8e2d041\" data-element_type=\"widget\" data-widget_type=\"heading.default\">\n\t\t\t\t<div class=\"elementor-widget-container\">\n\t\t\t\t\t<h1 class=\"elementor-heading-title elementor-size-default\">ISO 14001 Environmental<\/h1>\t\t\t\t<\/div>\n\t\t\t\t<\/div>\n\t\t\t\t\t<\/div>\n\t\t<\/div>\n\t\t\t\t\t<\/div>\n\t\t<\/section>\n\t\t\t\t<section class=\"elementor-section elementor-top-section elementor-element elementor-element-33786cf elementor-section-boxed elementor-section-height-default elementor-section-height-default\" data-id=\"33786cf\" data-element_type=\"section\">\n\t\t\t\t\t\t<div class=\"elementor-container elementor-column-gap-default\">\n\t\t\t\t\t<div class=\"elementor-column elementor-col-100 elementor-top-column elementor-element elementor-element-6f3330e\" data-id=\"6f3330e\" data-element_type=\"column\">\n\t\t\t<div class=\"elementor-widget-wrap elementor-element-populated\">\n\t\t\t\t\t\t<div class=\"elementor-element elementor-element-d857343 elementor-widget elementor-widget-spacer\" data-id=\"d857343\" data-element_type=\"widget\" data-widget_type=\"spacer.default\">\n\t\t\t\t<div class=\"elementor-widget-container\">\n\t\t\t\t\t\t\t<div class=\"elementor-spacer\">\n\t\t\t<div class=\"elementor-spacer-inner\"><\/div>\n\t\t<\/div>\n\t\t\t\t\t\t<\/div>\n\t\t\t\t<\/div>\n\t\t\t\t\t<\/div>\n\t\t<\/div>\n\t\t\t\t\t<\/div>\n\t\t<\/section>\n\t\t\t\t<section class=\"elementor-section elementor-top-section elementor-element elementor-element-c6a679c elementor-section-boxed elementor-section-height-default elementor-section-height-default\" data-id=\"c6a679c\" data-element_type=\"section\">\n\t\t\t\t\t\t<div class=\"elementor-container elementor-column-gap-default\">\n\t\t\t\t\t<div class=\"elementor-column elementor-col-50 elementor-top-column elementor-element elementor-element-bde361d\" data-id=\"bde361d\" data-element_type=\"column\">\n\t\t\t<div class=\"elementor-widget-wrap elementor-element-populated\">\n\t\t\t\t\t\t<div class=\"elementor-element elementor-element-82ba627 elementor-nav-menu__text-align-aside elementor-widget elementor-widget-nav-menu\" data-id=\"82ba627\" data-element_type=\"widget\" data-settings=\"{&quot;layout&quot;:&quot;dropdown&quot;,&quot;submenu_icon&quot;:{&quot;value&quot;:&quot;&lt;i class=\\&quot;fas fa-caret-down\\&quot;&gt;&lt;\\\/i&gt;&quot;,&quot;library&quot;:&quot;fa-solid&quot;}}\" data-widget_type=\"nav-menu.default\">\n\t\t\t\t<div class=\"elementor-widget-container\">\n\t\t\t\t\t\t\t\t<nav class=\"elementor-nav-menu--dropdown elementor-nav-menu__container\" aria-hidden=\"true\">\n\t\t\t\t<ul id=\"menu-2-82ba627\" class=\"elementor-nav-menu\"><li class=\"menu-item menu-item-type-post_type menu-item-object-page menu-item-14050\"><a href=\"https:\/\/tcscertification.com\/en\/iso-9001-quality\/\" class=\"elementor-item\" tabindex=\"-1\">ISO 9001 Quality<\/a><\/li>\n<li class=\"menu-item menu-item-type-post_type menu-item-object-page menu-item-14051\"><a href=\"https:\/\/tcscertification.com\/en\/iso-14001-environmental\/\" class=\"elementor-item\" tabindex=\"-1\">ISO 14001 Environmental<\/a><\/li>\n<li class=\"menu-item menu-item-type-post_type menu-item-object-page menu-item-14052\"><a href=\"https:\/\/tcscertification.com\/en\/job-security-iso-45001\/\" class=\"elementor-item\" tabindex=\"-1\">ISO 45001 Job Security<\/a><\/li>\n<li class=\"menu-item menu-item-type-post_type menu-item-object-page menu-item-14053\"><a href=\"https:\/\/tcscertification.com\/en\/iso-22000-food-safety\/\" class=\"elementor-item\" tabindex=\"-1\">ISO 22000 Food Safety<\/a><\/li>\n<li class=\"menu-item menu-item-type-post_type menu-item-object-page menu-item-14054\"><a href=\"https:\/\/tcscertification.com\/en\/iso-27001-information-security\/\" class=\"elementor-item\" tabindex=\"-1\">ISO 27001 Information Security<\/a><\/li>\n<li class=\"menu-item menu-item-type-post_type menu-item-object-page menu-item-14055\"><a href=\"https:\/\/tcscertification.com\/en\/iso-27701-personal-information\/\" class=\"elementor-item\" tabindex=\"-1\">ISO 27701 Personal Information<\/a><\/li>\n<li class=\"menu-item menu-item-type-post_type menu-item-object-page menu-item-14056\"><a href=\"https:\/\/tcscertification.com\/en\/iso-50001-energy\/\" class=\"elementor-item\" tabindex=\"-1\">ISO 50001 Energy<\/a><\/li>\n<li class=\"menu-item menu-item-type-post_type menu-item-object-page menu-item-14057\"><a href=\"https:\/\/tcscertification.com\/en\/iso-22301-social-security-and-business-continuity\/\" class=\"elementor-item\" tabindex=\"-1\">ISO 22301 Social Security and Business Continuity<\/a><\/li>\n<li class=\"menu-item menu-item-type-post_type menu-item-object-page menu-item-14058\"><a href=\"https:\/\/tcscertification.com\/en\/iso-20000-1-information-technology\/\" class=\"elementor-item\" tabindex=\"-1\">ISO 20000-1 Information Technology<\/a><\/li>\n<li class=\"menu-item menu-item-type-post_type menu-item-object-page menu-item-14059\"><a href=\"https:\/\/tcscertification.com\/en\/iso-10002-customer-satisfaction\/\" class=\"elementor-item\" tabindex=\"-1\">ISO 10002 Customer Satisfaction<\/a><\/li>\n<li class=\"menu-item menu-item-type-post_type menu-item-object-page menu-item-14060\"><a href=\"https:\/\/tcscertification.com\/en\/iso-31000-enterprise-risk-management\/\" class=\"elementor-item\" tabindex=\"-1\">ISO 31000 Enterprise Risk Management<\/a><\/li>\n<li class=\"menu-item menu-item-type-post_type menu-item-object-page menu-item-14061\"><a href=\"https:\/\/tcscertification.com\/en\/iso-37001-fighting-anti-corruption\/\" class=\"elementor-item\" tabindex=\"-1\">ISO 37001 Fighting Anti-Corruption<\/a><\/li>\n<li class=\"menu-item menu-item-type-post_type menu-item-object-page menu-item-14062\"><a href=\"https:\/\/tcscertification.com\/en\/iso-39001-road-and-traffic-safety\/\" class=\"elementor-item\" tabindex=\"-1\">ISO 39001 Road and Traffic Safety<\/a><\/li>\n<li class=\"menu-item menu-item-type-post_type menu-item-object-page menu-item-14063\"><a href=\"https:\/\/tcscertification.com\/en\/iatf-16949-automotive\/\" class=\"elementor-item\" tabindex=\"-1\">IATF 16949 Automotive<\/a><\/li>\n<li class=\"menu-item menu-item-type-post_type menu-item-object-page menu-item-14064\"><a href=\"https:\/\/tcscertification.com\/en\/as-9100-aviation\/\" class=\"elementor-item\" tabindex=\"-1\">AS 9100 Aviation<\/a><\/li>\n<li class=\"menu-item menu-item-type-post_type menu-item-object-page menu-item-14065\"><a href=\"https:\/\/tcscertification.com\/en\/gmp-good-manufacturing-practices\/\" class=\"elementor-item\" tabindex=\"-1\">GMP Good Manufacturing Practices<\/a><\/li>\n<li class=\"menu-item menu-item-type-post_type menu-item-object-page menu-item-14066\"><a href=\"https:\/\/tcscertification.com\/en\/halal-certification\/\" class=\"elementor-item\" tabindex=\"-1\">Halal Certificate<\/a><\/li>\n<\/ul>\t\t\t<\/nav>\n\t\t\t\t\t\t<\/div>\n\t\t\t\t<\/div>\n\t\t\t\t\t<\/div>\n\t\t<\/div>\n\t\t\t\t<div class=\"elementor-column elementor-col-50 elementor-top-column elementor-element elementor-element-da7e752\" data-id=\"da7e752\" data-element_type=\"column\">\n\t\t\t<div class=\"elementor-widget-wrap elementor-element-populated\">\n\t\t\t\t\t\t<div class=\"elementor-element elementor-element-862d7b1 elementor-widget elementor-widget-text-editor\" data-id=\"862d7b1\" data-element_type=\"widget\" data-widget_type=\"text-editor.default\">\n\t\t\t\t<div class=\"elementor-widget-container\">\n\t\t\t\t\t\t\t\t\t<p>The environment in which an organization conducts its activities, including air, water, soil, natural resources, flora, fauna and humans, and the relationship between these is called the \u201cenvironment\u201d. It is an undeniable fact that this environment, in which humans live and coexist, is gradually disappearing as a result of developing technology and industry. Environmental pollution, due to the increasing world population, the dizzying pace of development and progress of technology, the shrinkage of living spaces, the destruction of the natural environment, noise, faulty practices, lack of information and many other reasons, has become one of the most important problems threatening human life and quality of life in recent years.<\/p><p>Environmental problems and pollution, which have become one of the problems threatening humanity since the second half of the 20th century, have become more noticeable as a result of industrialization. Environmental problems, which were previously perceived only as pollution and had local characteristics without gaining an international dimension, have increased rapidly day by day, have become a problem of the whole world, have lost their locality and have become problems of the whole world. At this point, environmental standards, national and international legal regulations for the environment have been put into practice in order to reduce the damage that humanity has given to the environment. In this context, the standard series published by the International Standards Organization (ISO) for the protection of the environment is called the ISO 14000 series.<\/p><p>The ISO 14000 series standards are, in essence, a set of standards that aim to reduce the use of natural resources and minimize damage to soil, water and air. It bases this on the monitoring and continuous improvement of environmental performance and requires compliance with the conditions defined by the relevant legislation and laws regarding environmental factors.<\/p><p>The standard that is certified within the ISO 14000 series is the ISO 14001 Standard. ISO 14001 is a standard that provides guidance for determining environmental factors from the raw material to the product being presented to the customer and minimizing the damage to the environment by controlling these factors with the necessary precautions. ISO 14001 is a management system developed to systematically reduce and, where possible, eliminate the damage that businesses cause or may cause to the environment.<\/p><p>Since the ISO 14001 Environmental Management System Standard and the related series of standards are in a structure that is compatible with the environmental laws and regulations for implementation in force in all countries, the applications are generally parallel to the fulfillment of the obligations brought by the legislative requirements and form the basis for the implementation of the applications within a system. The ISO 14000 series of standards includes many standards. The most important and well-known of these standards are:<\/p><ul><li>ISO 14001 Environmental Management Systems \u2013 Requirements and User Guide<\/li><li>ISO 14004 Environmental Management Systems \u2013 General Guide to Principles, Systems and Supporting Techniques<\/li><li>ISO 14020 Environmental Labels and Declarations \u2013 General Principles<\/li><li>ISO 14031 Environmental Management \u2013 \u200b\u200bEnvironmental Performance Assessment \u2013 \u200b\u200bGuide<\/li><li>ISO 14040 Environmental Management \u2013 \u200b\u200bLife Cycle Assessment \u2013 \u200b\u200bPrinciples and Framework<\/li><\/ul><div><p><span style=\"font-weight: bold;\">What are the Benefits of ISO 14001 Environmental Management System?<\/span><\/p><ul><li>Ensures compliance with national and international legal requirements.<\/li><li>Facilitates the removal of consent and authorization documents.<\/li><li>Gives national and international recognition.<\/li><li>Decreases the costs arising from environmental effects.<\/li><li>As a result of the effective use of natural resources reduces costs, increases productivity.<\/li><li>The customer guarantees that you entered under an obligation to the granting of environmental management, customer confidence increases.<\/li><li>Reduces liability, which resulted in the events, and consequently provides the potential to reduce liability insurance costs.<\/li><li>Starting from the source is controlled by the company from operations and the pollution pollution is reduced.<\/li><li>Thanks to the determination of the presence of potential danger, emergency prepared and taken resulting in a loss against accidents is reduced.<\/li><li>Therefore the quality of the workplace workers &#039; commitment to the enterprise spirits are up and increases.<\/li><li>To increase environmental awareness in employees with training given to personnel is provided.<\/li><li>Enter markets where production processes are important for green to make it easier.<\/li><\/ul><div><span style=\"font-weight: bold;\">Who can use\/apply the ISO 14001 Standard?<\/span><br \/>The ISO 14001 Environmental Management System Standard has begun to be perceived almost as a product and service passport for organizations that want to have a respected place in the international and national market. The standard can be applied by all organizations and manufacturers that provide products and services, especially industrial organizations and public institutions.<\/div><div>\u00a0<\/div><div>\u00a0<\/div><\/div>\t\t\t\t\t\t\t\t<\/div>\n\t\t\t\t<\/div>\n\t\t\t\t\t<\/div>\n\t\t<\/div>\n\t\t\t\t\t<\/div>\n\t\t<\/section>\n\t\t\t\t<section class=\"elementor-section elementor-top-section elementor-element elementor-element-ec48ddb elementor-section-boxed elementor-section-height-default elementor-section-height-default\" data-id=\"ec48ddb\" data-element_type=\"section\">\n\t\t\t\t\t\t<div class=\"elementor-container elementor-column-gap-default\">\n\t\t\t\t\t<div class=\"elementor-column elementor-col-100 elementor-top-column elementor-element elementor-element-8e34b5e\" data-id=\"8e34b5e\" data-element_type=\"column\">\n\t\t\t<div class=\"elementor-widget-wrap elementor-element-populated\">\n\t\t\t\t\t\t<div class=\"elementor-element elementor-element-8bcef58 elementor-align-center elementor-widget elementor-widget-button\" data-id=\"8bcef58\" data-element_type=\"widget\" data-widget_type=\"button.default\">\n\t\t\t\t<div class=\"elementor-widget-container\">\n\t\t\t\t\t\t\t\t\t<div class=\"elementor-button-wrapper\">\n\t\t\t\t\t<a class=\"elementor-button elementor-button-link elementor-size-sm\" href=\"https:\/\/tcscertification.com\/en\/application-for-certification\/\">\n\t\t\t\t\t\t<span class=\"elementor-button-content-wrapper\">\n\t\t\t\t\t\t\t\t\t<span class=\"elementor-button-text\">Quick Reference<\/span>\n\t\t\t\t\t<\/span>\n\t\t\t\t\t<\/a>\n\t\t\t\t<\/div>\n\t\t\t\t\t\t\t\t<\/div>\n\t\t\t\t<\/div>\n\t\t\t\t\t<\/div>\n\t\t<\/div>\n\t\t\t\t\t<\/div>\n\t\t<\/section>\n\t\t\t\t<\/div>","protected":false},"excerpt":{"rendered":"<p>ISO 14001 \u00c7evre Bir kurulu\u015fun faaliyetlerini i\u00e7inde y\u00fcr\u00fctt\u00fc\u011f\u00fc; hava, su, toprak, do\u011fal kaynaklar, bitki toplulu\u011fu (flora), hayvan toplulu\u011fu (fauna) ile insanlar\u0131 da ihtiva eden ortam ve bunun aras\u0131ndaki ili\u015fkiye &#8220;\u00e7evre&#8221; denilmektedir. \u0130nsan\u0131n i\u00e7inde bulundu\u011fu ve birlikte ya\u015fad\u0131\u011f\u0131 bu \u00e7evrenin, geli\u015fen teknoloji ve sanayi sonucunda giderek yok oldu\u011fu g\u00f6z ard\u0131 edilemez bir ger\u00e7ektir. Artan d\u00fcnya n\u00fcfusu,&#8230;<\/p>","protected":false},"author":1,"featured_media":0,"parent":0,"menu_order":0,"comment_status":"closed","ping_status":"closed","template":"","meta":{"footnotes":""},"class_list":["post-13820","page","type-page","status-publish","hentry"],"yoast_head":"<!-- This site is optimized with the Yoast SEO Premium plugin v19.7 (Yoast SEO v19.14) - https:\/\/yoast.com\/wordpress\/plugins\/seo\/ -->\n<title>ISO 14001 \u00c7evre | TCS Belgelendirme<\/title>\n<meta name=\"description\" content=\"Bir kurulu\u015fun faaliyetlerini i\u00e7inde y\u00fcr\u00fctt\u00fc\u011f\u00fc; hava, su, toprak, do\u011fal kaynaklar, bitki toplulu\u011fu (flora), hayvan toplulu\u011fu (fauna) ile insanlar\u0131 da ihtiva eden ortam ve bunun aras\u0131ndaki ili\u015fkiye \u201c\u00e7evre\u201d denilmektedir.\" \/>\n<meta name=\"robots\" content=\"index, follow, max-snippet:-1, max-image-preview:large, max-video-preview:-1\" \/>\n<link rel=\"canonical\" href=\"https:\/\/tcscertification.com\/en\/iso-14001-environmental\/\" \/>\n<meta property=\"og:locale\" content=\"en_US\" \/>\n<meta property=\"og:type\" content=\"article\" \/>\n<meta property=\"og:title\" content=\"ISO 14001 \u00c7evre\" \/>\n<meta property=\"og:description\" content=\"Bir kurulu\u015fun faaliyetlerini i\u00e7inde y\u00fcr\u00fctt\u00fc\u011f\u00fc; hava, su, toprak, do\u011fal kaynaklar, bitki toplulu\u011fu (flora), hayvan toplulu\u011fu (fauna) ile insanlar\u0131 da ihtiva eden ortam ve bunun aras\u0131ndaki ili\u015fkiye \u201c\u00e7evre\u201d denilmektedir.\" \/>\n<meta property=\"og:url\" content=\"https:\/\/tcscertification.com\/en\/iso-14001-environmental\/\" \/>\n<meta property=\"og:site_name\" content=\"TCS INTERNATIONAL CERTIFICATION LLC\" \/>\n<meta property=\"article:modified_time\" content=\"2023-04-24T10:01:29+00:00\" \/>\n<meta property=\"og:image\" content=\"https:\/\/tcscertification.com\/wp-content\/uploads\/2022\/10\/tcs-favicon.png\" \/>\n\t<meta property=\"og:image:width\" content=\"512\" \/>\n\t<meta property=\"og:image:height\" content=\"512\" \/>\n\t<meta property=\"og:image:type\" content=\"image\/png\" \/>\n<meta name=\"twitter:card\" content=\"summary_large_image\" \/>\n<meta name=\"twitter:label1\" content=\"Est. reading time\" \/>\n\t<meta name=\"twitter:data1\" content=\"5 minutes\" \/>\n<script type=\"application\/ld+json\" class=\"yoast-schema-graph\">{\"@context\":\"https:\/\/schema.org\",\"@graph\":[{\"@type\":\"WebPage\",\"@id\":\"https:\/\/tcscertification.com\/iso-14001-cevre\/\",\"url\":\"https:\/\/tcscertification.com\/iso-14001-cevre\/\",\"name\":\"ISO 14001 \u00c7evre | TCS Belgelendirme\",\"isPartOf\":{\"@id\":\"https:\/\/tcscertification.com\/#website\"},\"datePublished\":\"2022-09-06T08:40:07+00:00\",\"dateModified\":\"2023-04-24T10:01:29+00:00\",\"description\":\"Bir kurulu\u015fun faaliyetlerini i\u00e7inde y\u00fcr\u00fctt\u00fc\u011f\u00fc; hava, su, toprak, do\u011fal kaynaklar, bitki toplulu\u011fu (flora), hayvan toplulu\u011fu (fauna) ile insanlar\u0131 da ihtiva eden ortam ve bunun aras\u0131ndaki ili\u015fkiye \u201c\u00e7evre\u201d denilmektedir.\",\"breadcrumb\":{\"@id\":\"https:\/\/tcscertification.com\/iso-14001-cevre\/#breadcrumb\"},\"inLanguage\":\"en-US\",\"potentialAction\":[{\"@type\":\"ReadAction\",\"target\":[\"https:\/\/tcscertification.com\/iso-14001-cevre\/\"]}]},{\"@type\":\"BreadcrumbList\",\"@id\":\"https:\/\/tcscertification.com\/iso-14001-cevre\/#breadcrumb\",\"itemListElement\":[{\"@type\":\"ListItem\",\"position\":1,\"name\":\"Anasayfa\",\"item\":\"https:\/\/tcscertification.com\/\"},{\"@type\":\"ListItem\",\"position\":2,\"name\":\"ISO 14001 \u00c7evre\"}]},{\"@type\":\"WebSite\",\"@id\":\"https:\/\/tcscertification.com\/#website\",\"url\":\"https:\/\/tcscertification.com\/\",\"name\":\"TCS INTERNATIONAL CERTIFICATION LLC\",\"description\":\"\",\"publisher\":{\"@id\":\"https:\/\/tcscertification.com\/#organization\"},\"alternateName\":\"TCS INTERNATIONAL CERTIFICATION LLC\",\"potentialAction\":[{\"@type\":\"SearchAction\",\"target\":{\"@type\":\"EntryPoint\",\"urlTemplate\":\"https:\/\/tcscertification.com\/?s={search_term_string}\"},\"query-input\":\"required name=search_term_string\"}],\"inLanguage\":\"en-US\"},{\"@type\":\"Organization\",\"@id\":\"https:\/\/tcscertification.com\/#organization\",\"name\":\"TCS INTERNATIONAL\",\"alternateName\":\"TCS INTERNATIONAL CERTIFICATION LLC\",\"url\":\"https:\/\/tcscertification.com\/\",\"logo\":{\"@type\":\"ImageObject\",\"inLanguage\":\"en-US\",\"@id\":\"https:\/\/tcscertification.com\/#\/schema\/logo\/image\/\",\"url\":\"https:\/\/tcscertification.com\/wp-content\/uploads\/2023\/02\/tcs-logo-new.gif\",\"contentUrl\":\"https:\/\/tcscertification.com\/wp-content\/uploads\/2023\/02\/tcs-logo-new.gif\",\"width\":215,\"height\":100,\"caption\":\"TCS INTERNATIONAL\"},\"image\":{\"@id\":\"https:\/\/tcscertification.com\/#\/schema\/logo\/image\/\"}}]}<\/script>\n<!-- \/ Yoast SEO Premium plugin. -->","yoast_head_json":{"title":"ISO 14001 \u00c7evre | TCS Belgelendirme","description":"Bir kurulu\u015fun faaliyetlerini i\u00e7inde y\u00fcr\u00fctt\u00fc\u011f\u00fc; hava, su, toprak, do\u011fal kaynaklar, bitki toplulu\u011fu (flora), hayvan toplulu\u011fu (fauna) ile insanlar\u0131 da ihtiva eden ortam ve bunun aras\u0131ndaki ili\u015fkiye \u201c\u00e7evre\u201d denilmektedir.","robots":{"index":"index","follow":"follow","max-snippet":"max-snippet:-1","max-image-preview":"max-image-preview:large","max-video-preview":"max-video-preview:-1"},"canonical":"https:\/\/tcscertification.com\/en\/iso-14001-environmental\/","og_locale":"en_US","og_type":"article","og_title":"ISO 14001 \u00c7evre","og_description":"Bir kurulu\u015fun faaliyetlerini i\u00e7inde y\u00fcr\u00fctt\u00fc\u011f\u00fc; hava, su, toprak, do\u011fal kaynaklar, bitki toplulu\u011fu (flora), hayvan toplulu\u011fu (fauna) ile insanlar\u0131 da ihtiva eden ortam ve bunun aras\u0131ndaki ili\u015fkiye \u201c\u00e7evre\u201d denilmektedir.","og_url":"https:\/\/tcscertification.com\/en\/iso-14001-environmental\/","og_site_name":"TCS INTERNATIONAL CERTIFICATION LLC","article_modified_time":"2023-04-24T10:01:29+00:00","og_image":[{"width":512,"height":512,"url":"https:\/\/tcscertification.com\/wp-content\/uploads\/2022\/10\/tcs-favicon.png","type":"image\/png"}],"twitter_card":"summary_large_image","twitter_misc":{"Est. reading time":"5 minutes"},"schema":{"@context":"https:\/\/schema.org","@graph":[{"@type":"WebPage","@id":"https:\/\/tcscertification.com\/iso-14001-cevre\/","url":"https:\/\/tcscertification.com\/iso-14001-cevre\/","name":"ISO 14001 \u00c7evre | TCS Belgelendirme","isPartOf":{"@id":"https:\/\/tcscertification.com\/#website"},"datePublished":"2022-09-06T08:40:07+00:00","dateModified":"2023-04-24T10:01:29+00:00","description":"Bir kurulu\u015fun faaliyetlerini i\u00e7inde y\u00fcr\u00fctt\u00fc\u011f\u00fc; hava, su, toprak, do\u011fal kaynaklar, bitki toplulu\u011fu (flora), hayvan toplulu\u011fu (fauna) ile insanlar\u0131 da ihtiva eden ortam ve bunun aras\u0131ndaki ili\u015fkiye \u201c\u00e7evre\u201d denilmektedir.","breadcrumb":{"@id":"https:\/\/tcscertification.com\/iso-14001-cevre\/#breadcrumb"},"inLanguage":"en-US","potentialAction":[{"@type":"ReadAction","target":["https:\/\/tcscertification.com\/iso-14001-cevre\/"]}]},{"@type":"BreadcrumbList","@id":"https:\/\/tcscertification.com\/iso-14001-cevre\/#breadcrumb","itemListElement":[{"@type":"ListItem","position":1,"name":"Anasayfa","item":"https:\/\/tcscertification.com\/"},{"@type":"ListItem","position":2,"name":"ISO 14001 \u00c7evre"}]},{"@type":"WebSite","@id":"https:\/\/tcscertification.com\/#website","url":"https:\/\/tcscertification.com\/","name":"TCS INTERNATIONAL CERTIFICATION LLC","description":"","publisher":{"@id":"https:\/\/tcscertification.com\/#organization"},"alternateName":"TCS INTERNATIONAL CERTIFICATION LLC","potentialAction":[{"@type":"SearchAction","target":{"@type":"EntryPoint","urlTemplate":"https:\/\/tcscertification.com\/?s={search_term_string}"},"query-input":"required name=search_term_string"}],"inLanguage":"en-US"},{"@type":"Organization","@id":"https:\/\/tcscertification.com\/#organization","name":"TCS INTERNATIONAL","alternateName":"TCS INTERNATIONAL CERTIFICATION LLC","url":"https:\/\/tcscertification.com\/","logo":{"@type":"ImageObject","inLanguage":"en-US","@id":"https:\/\/tcscertification.com\/#\/schema\/logo\/image\/","url":"https:\/\/tcscertification.com\/wp-content\/uploads\/2023\/02\/tcs-logo-new.gif","contentUrl":"https:\/\/tcscertification.com\/wp-content\/uploads\/2023\/02\/tcs-logo-new.gif","width":215,"height":100,"caption":"TCS INTERNATIONAL"},"image":{"@id":"https:\/\/tcscertification.com\/#\/schema\/logo\/image\/"}}]}},"_links":{"self":[{"href":"https:\/\/tcscertification.com\/en\/wp-json\/wp\/v2\/pages\/13820","targetHints":{"allow":["GET"]}}],"collection":[{"href":"https:\/\/tcscertification.com\/en\/wp-json\/wp\/v2\/pages"}],"about":[{"href":"https:\/\/tcscertification.com\/en\/wp-json\/wp\/v2\/types\/page"}],"author":[{"embeddable":true,"href":"https:\/\/tcscertification.com\/en\/wp-json\/wp\/v2\/users\/1"}],"replies":[{"embeddable":true,"href":"https:\/\/tcscertification.com\/en\/wp-json\/wp\/v2\/comments?post=13820"}],"version-history":[{"count":18,"href":"https:\/\/tcscertification.com\/en\/wp-json\/wp\/v2\/pages\/13820\/revisions"}],"predecessor-version":[{"id":18908,"href":"https:\/\/tcscertification.com\/en\/wp-json\/wp\/v2\/pages\/13820\/revisions\/18908"}],"wp:attachment":[{"href":"https:\/\/tcscertification.com\/en\/wp-json\/wp\/v2\/media?parent=13820"}],"curies":[{"name":"wp","href":"https:\/\/api.w.org\/{rel}","templated":true}]}}