{"id":13814,"date":"2022-09-05T15:33:03","date_gmt":"2022-09-05T12:33:03","guid":{"rendered":"https:\/\/tcscertification.com\/?page_id=13814"},"modified":"2023-04-24T13:00:10","modified_gmt":"2023-04-24T10:00:10","slug":"iso-9001-quality","status":"publish","type":"page","link":"https:\/\/tcscertification.com\/en\/iso-9001-quality\/","title":{"rendered":"ISO 9001 Quality"},"content":{"rendered":"<div data-elementor-type=\"wp-page\" data-elementor-id=\"13814\" class=\"elementor elementor-13814\" data-elementor-post-type=\"page\">\n\t\t\t\t\t\t<section class=\"elementor-section elementor-top-section elementor-element elementor-element-16a0ce4 elementor-section-boxed elementor-section-height-default elementor-section-height-default\" data-id=\"16a0ce4\" data-element_type=\"section\">\n\t\t\t\t\t\t<div class=\"elementor-container elementor-column-gap-default\">\n\t\t\t\t\t<div class=\"elementor-column elementor-col-100 elementor-top-column elementor-element elementor-element-3584311\" data-id=\"3584311\" data-element_type=\"column\">\n\t\t\t<div class=\"elementor-widget-wrap elementor-element-populated\">\n\t\t\t\t\t\t<div class=\"elementor-element elementor-element-7b22d71 elementor-widget elementor-widget-heading\" data-id=\"7b22d71\" data-element_type=\"widget\" data-widget_type=\"heading.default\">\n\t\t\t\t<div class=\"elementor-widget-container\">\n\t\t\t\t\t<h1 class=\"elementor-heading-title elementor-size-default\">ISO 9001 Quality<\/h1>\t\t\t\t<\/div>\n\t\t\t\t<\/div>\n\t\t\t\t\t<\/div>\n\t\t<\/div>\n\t\t\t\t\t<\/div>\n\t\t<\/section>\n\t\t\t\t<section class=\"elementor-section elementor-top-section elementor-element elementor-element-dbca218 elementor-section-boxed elementor-section-height-default elementor-section-height-default\" data-id=\"dbca218\" data-element_type=\"section\">\n\t\t\t\t\t\t<div class=\"elementor-container elementor-column-gap-default\">\n\t\t\t\t\t<div class=\"elementor-column elementor-col-100 elementor-top-column elementor-element elementor-element-af8bdbf\" data-id=\"af8bdbf\" data-element_type=\"column\">\n\t\t\t<div class=\"elementor-widget-wrap elementor-element-populated\">\n\t\t\t\t\t\t<div class=\"elementor-element elementor-element-c8a30ca elementor-widget elementor-widget-spacer\" data-id=\"c8a30ca\" data-element_type=\"widget\" data-widget_type=\"spacer.default\">\n\t\t\t\t<div class=\"elementor-widget-container\">\n\t\t\t\t\t\t\t<div class=\"elementor-spacer\">\n\t\t\t<div class=\"elementor-spacer-inner\"><\/div>\n\t\t<\/div>\n\t\t\t\t\t\t<\/div>\n\t\t\t\t<\/div>\n\t\t\t\t\t<\/div>\n\t\t<\/div>\n\t\t\t\t\t<\/div>\n\t\t<\/section>\n\t\t\t\t<section class=\"elementor-section elementor-top-section elementor-element elementor-element-25fd4aa elementor-section-boxed elementor-section-height-default elementor-section-height-default\" data-id=\"25fd4aa\" data-element_type=\"section\">\n\t\t\t\t\t\t<div class=\"elementor-container elementor-column-gap-default\">\n\t\t\t\t\t<div class=\"elementor-column elementor-col-50 elementor-top-column elementor-element elementor-element-68009a3\" data-id=\"68009a3\" data-element_type=\"column\">\n\t\t\t<div class=\"elementor-widget-wrap elementor-element-populated\">\n\t\t\t\t\t\t<div class=\"elementor-element elementor-element-06d09b6 elementor-nav-menu__text-align-aside elementor-widget elementor-widget-nav-menu\" data-id=\"06d09b6\" data-element_type=\"widget\" data-settings=\"{&quot;layout&quot;:&quot;dropdown&quot;,&quot;submenu_icon&quot;:{&quot;value&quot;:&quot;&lt;i class=\\&quot;fas fa-caret-down\\&quot;&gt;&lt;\\\/i&gt;&quot;,&quot;library&quot;:&quot;fa-solid&quot;}}\" data-widget_type=\"nav-menu.default\">\n\t\t\t\t<div class=\"elementor-widget-container\">\n\t\t\t\t\t\t\t\t<nav class=\"elementor-nav-menu--dropdown elementor-nav-menu__container\" aria-hidden=\"true\">\n\t\t\t\t<ul id=\"menu-2-06d09b6\" class=\"elementor-nav-menu\"><li class=\"menu-item menu-item-type-post_type menu-item-object-page menu-item-14050\"><a href=\"https:\/\/tcscertification.com\/en\/iso-9001-quality\/\" class=\"elementor-item\" tabindex=\"-1\">ISO 9001 Quality<\/a><\/li>\n<li class=\"menu-item menu-item-type-post_type menu-item-object-page menu-item-14051\"><a href=\"https:\/\/tcscertification.com\/en\/iso-14001-environmental\/\" class=\"elementor-item\" tabindex=\"-1\">ISO 14001 Environmental<\/a><\/li>\n<li class=\"menu-item menu-item-type-post_type menu-item-object-page menu-item-14052\"><a href=\"https:\/\/tcscertification.com\/en\/job-security-iso-45001\/\" class=\"elementor-item\" tabindex=\"-1\">ISO 45001 Job Security<\/a><\/li>\n<li class=\"menu-item menu-item-type-post_type menu-item-object-page menu-item-14053\"><a href=\"https:\/\/tcscertification.com\/en\/iso-22000-food-safety\/\" class=\"elementor-item\" tabindex=\"-1\">ISO 22000 Food Safety<\/a><\/li>\n<li class=\"menu-item menu-item-type-post_type menu-item-object-page menu-item-14054\"><a href=\"https:\/\/tcscertification.com\/en\/iso-27001-information-security\/\" class=\"elementor-item\" tabindex=\"-1\">ISO 27001 Information Security<\/a><\/li>\n<li class=\"menu-item menu-item-type-post_type menu-item-object-page menu-item-14055\"><a href=\"https:\/\/tcscertification.com\/en\/iso-27701-personal-information\/\" class=\"elementor-item\" tabindex=\"-1\">ISO 27701 Personal Information<\/a><\/li>\n<li class=\"menu-item menu-item-type-post_type menu-item-object-page menu-item-14056\"><a href=\"https:\/\/tcscertification.com\/en\/iso-50001-energy\/\" class=\"elementor-item\" tabindex=\"-1\">ISO 50001 Energy<\/a><\/li>\n<li class=\"menu-item menu-item-type-post_type menu-item-object-page menu-item-14057\"><a href=\"https:\/\/tcscertification.com\/en\/iso-22301-social-security-and-business-continuity\/\" class=\"elementor-item\" tabindex=\"-1\">ISO 22301 Social Security and Business Continuity<\/a><\/li>\n<li class=\"menu-item menu-item-type-post_type menu-item-object-page menu-item-14058\"><a href=\"https:\/\/tcscertification.com\/en\/iso-20000-1-information-technology\/\" class=\"elementor-item\" tabindex=\"-1\">ISO 20000-1 Information Technology<\/a><\/li>\n<li class=\"menu-item menu-item-type-post_type menu-item-object-page menu-item-14059\"><a href=\"https:\/\/tcscertification.com\/en\/iso-10002-customer-satisfaction\/\" class=\"elementor-item\" tabindex=\"-1\">ISO 10002 Customer Satisfaction<\/a><\/li>\n<li class=\"menu-item menu-item-type-post_type menu-item-object-page menu-item-14060\"><a href=\"https:\/\/tcscertification.com\/en\/iso-31000-enterprise-risk-management\/\" class=\"elementor-item\" tabindex=\"-1\">ISO 31000 Enterprise Risk Management<\/a><\/li>\n<li class=\"menu-item menu-item-type-post_type menu-item-object-page menu-item-14061\"><a href=\"https:\/\/tcscertification.com\/en\/iso-37001-fighting-anti-corruption\/\" class=\"elementor-item\" tabindex=\"-1\">ISO 37001 Fighting Anti-Corruption<\/a><\/li>\n<li class=\"menu-item menu-item-type-post_type menu-item-object-page menu-item-14062\"><a href=\"https:\/\/tcscertification.com\/en\/iso-39001-road-and-traffic-safety\/\" class=\"elementor-item\" tabindex=\"-1\">ISO 39001 Road and Traffic Safety<\/a><\/li>\n<li class=\"menu-item menu-item-type-post_type menu-item-object-page menu-item-14063\"><a href=\"https:\/\/tcscertification.com\/en\/iatf-16949-automotive\/\" class=\"elementor-item\" tabindex=\"-1\">IATF 16949 Automotive<\/a><\/li>\n<li class=\"menu-item menu-item-type-post_type menu-item-object-page menu-item-14064\"><a href=\"https:\/\/tcscertification.com\/en\/as-9100-aviation\/\" class=\"elementor-item\" tabindex=\"-1\">AS 9100 Aviation<\/a><\/li>\n<li class=\"menu-item menu-item-type-post_type menu-item-object-page menu-item-14065\"><a href=\"https:\/\/tcscertification.com\/en\/gmp-good-manufacturing-practices\/\" class=\"elementor-item\" tabindex=\"-1\">GMP Good Manufacturing Practices<\/a><\/li>\n<li class=\"menu-item menu-item-type-post_type menu-item-object-page menu-item-14066\"><a href=\"https:\/\/tcscertification.com\/en\/halal-certification\/\" class=\"elementor-item\" tabindex=\"-1\">Halal Certificate<\/a><\/li>\n<\/ul>\t\t\t<\/nav>\n\t\t\t\t\t\t<\/div>\n\t\t\t\t<\/div>\n\t\t\t\t\t<\/div>\n\t\t<\/div>\n\t\t\t\t<div class=\"elementor-column elementor-col-50 elementor-top-column elementor-element elementor-element-ab42cbb\" data-id=\"ab42cbb\" data-element_type=\"column\">\n\t\t\t<div class=\"elementor-widget-wrap elementor-element-populated\">\n\t\t\t\t\t\t<div class=\"elementor-element elementor-element-4500670 elementor-widget elementor-widget-text-editor\" data-id=\"4500670\" data-element_type=\"widget\" data-widget_type=\"text-editor.default\">\n\t\t\t\t<div class=\"elementor-widget-container\">\n\t\t\t\t\t\t\t\t\t<p>In today's conditions, major developments in the fields of information, technology and communication are dragging societies into fierce competition and an economic race where new developments are experienced every passing day. The globalization of world trade has expanded the scope and boundaries of competition, and the number of participants in the race has increased. Moreover, those participating in this race are becoming more qualified every passing day. Customers have become more conscious and knowledgeable, and customer expectations have reached the highest level. It is no longer enough to meet customer expectations; it is necessary to go beyond customer expectations. The pace of change has increased, and developments in technology in particular have made previously unimaginable applications possible. It is now very difficult for organizations that cannot keep up with change and the pace of change to survive. Businesses can only survive by providing goods or services that meet customer needs and expectations in all sectors. For this reason, the implementation of a Quality Management System that covers all stages from the design stage to production, marketing and after-sales services and aims for continuous improvement has become an indispensable condition in organizations. ISO 9000 Quality System Standards have become the most popular and applied international standards since their publication in 1987. The ISO 9000 Quality Management System Standards Series demonstrates how an effective management system can be established, documented and maintained.<\/p><p>ISO 9000 Quality Standards Series is a set of standards published by the International Standards Organization (ISO) that guide organizations in establishing and developing Quality Management Systems to increase customer satisfaction. ISO 9001 is the standard that defines the conditions to be applied during the establishment of the Quality Management System and forms the basis for documentation. In addition, there are also guide standards published by the International Standards Organization (ISO). ISO 9001 and the guide standards are called the ISO 9000 series. The ISO 9000 standard series given below was developed for organizations of all types and sizes to establish and implement an effective Quality Management System.<\/p><ul><li><b><strong>ISO 9000 Quality Management Systems \u2013 Basic Principles and Terminology of Recipes:<\/strong><\/b>\u00a0The ISO 9000 Standard explains the basic principles of quality management systems and defines the terminology of quality management systems. It is a kind of dictionary.<\/li><li><b><strong>ISO 9001 Quality Management System \u2013 Requirements:<\/strong><\/b>\u00a0The ISO 9001 Standard specifies the requirements for a quality management system to be followed when an organization needs to demonstrate its ability to provide products that meet customer requirements and applicable regulatory requirements and aims to increase customer satisfaction. It is the standard that is certified.<\/li><li><b><strong>ISO 9004 Quality Management Systems \u2013 Guide to Performance Improvement:<\/strong><\/b>\u00a0The ISO 9004 Standard provides guidance on the effectiveness and efficiency of the quality management system. The aim of this standard is to improve the performance of the organization and to ensure the satisfaction of customers and other interested parties.<\/li><\/ul><p>ISO 9001 Quality Management System is a globally accepted quality management system format that aims to increase customer satisfaction by meeting customer expectations, needs and regulatory requirements. It determines the Quality Management System conditions at many points, from the organizational structure of the organization to the satisfaction level of its customers, from the analysis of collected data to the effective management of processes, from internal audits to product design, from purchasing to sales. The ISO 9001 Standard is essentially a control mechanism. The purpose of this standard is to reduce and eliminate errors and defects and, more importantly, to prevent errors and defects that may occur. The standard is not directly related to product and service quality, but to the quality of the management system. The basic assumption here is that quality products and services that will meet customer needs will be produced if an effective Quality Management System is established and implemented.<\/p><p>The ISO 9001 Standard is not mandatory and contains general conditions. It can be applied to every sector, regardless of whether it is large or small. When understood and applied correctly, it represents a strong management system.<\/p><p>How the ISO 9001 standard quality management system is generated is left entirely to the institutions. A \u201cstandard\u201d it&#039;s not a Quality Management System, Quality Management System that meets the requirements of the standard is to create.<\/p><p><b><strong>What are the Benefits of ISO 9001 Quality Management System?<\/strong><\/b><\/p><ul><li>Focusing on the customer relationship in the organization, reduced customer complaints, customer satisfaction and loyalty increases.<\/li><li>By prioritizing customer demands and expectations, allows us to design a better product.<\/li><li>Good design and planning, reduces operational costs.<\/li><li>Quality problems arise from that minimizes the costs of quality.<\/li><li>Better planning of activities, solving problems faster with effective management can be ensured.<\/li><li>In this way, the Operation Management in all its dimensions more clearly keeps it under control, allows you to make healthier decisions.<\/li><li>A systematic analysis of all problems, followed by a continuous improvement in the enterprise would be.<\/li><li>Include participation in the activities of the employees, motivation and work their excitement increases.<\/li><li>With the continuous improvement in all areas increases the rate of qualified workers.<\/li><li>Increases the efficiency of a systematic approach in solving problems between departments.<\/li><li>Defined between the functioning of processes and functions within the organization provides a healthy flow of information.<\/li><li>The organization helps to improve quality of the image, increases the confidence of customers.<\/li><li>By providing access to new markets, increases the difference with competitors.<\/li><li>By establishing a systematic and managerial infrastructure allows you to go a step further toward institutionalization.<\/li><li>Corporate identity, stability.<\/li><\/ul><p><b><strong>Who Can Use\/Apply the ISO 9001 Standard?<\/strong><\/b><br \/>All requirements of the ISO 9001 Quality Management System Standard are general and are intended to be applicable to all organizations regardless of their type, size and the products or services they provide. For this reason, it can be applied by all organizations that aim to continuously improve and want to create an effective Quality Management System. There is no restriction in terms of sector or scale in this regard.<\/p><p>\u00a0<\/p>\t\t\t\t\t\t\t\t<\/div>\n\t\t\t\t<\/div>\n\t\t\t\t\t<\/div>\n\t\t<\/div>\n\t\t\t\t\t<\/div>\n\t\t<\/section>\n\t\t\t\t<section class=\"elementor-section elementor-top-section elementor-element elementor-element-f364b15 elementor-section-boxed elementor-section-height-default elementor-section-height-default\" data-id=\"f364b15\" data-element_type=\"section\">\n\t\t\t\t\t\t<div class=\"elementor-container elementor-column-gap-default\">\n\t\t\t\t\t<div class=\"elementor-column elementor-col-100 elementor-top-column elementor-element elementor-element-575fed6\" data-id=\"575fed6\" data-element_type=\"column\">\n\t\t\t<div class=\"elementor-widget-wrap elementor-element-populated\">\n\t\t\t\t\t\t<div class=\"elementor-element elementor-element-99ab7da elementor-align-center elementor-widget elementor-widget-button\" data-id=\"99ab7da\" data-element_type=\"widget\" data-widget_type=\"button.default\">\n\t\t\t\t<div class=\"elementor-widget-container\">\n\t\t\t\t\t\t\t\t\t<div class=\"elementor-button-wrapper\">\n\t\t\t\t\t<a class=\"elementor-button elementor-button-link elementor-size-sm\" href=\"https:\/\/tcscertification.com\/en\/application-for-certification\/\">\n\t\t\t\t\t\t<span class=\"elementor-button-content-wrapper\">\n\t\t\t\t\t\t\t\t\t<span class=\"elementor-button-text\">Quick Reference<\/span>\n\t\t\t\t\t<\/span>\n\t\t\t\t\t<\/a>\n\t\t\t\t<\/div>\n\t\t\t\t\t\t\t\t<\/div>\n\t\t\t\t<\/div>\n\t\t\t\t\t<\/div>\n\t\t<\/div>\n\t\t\t\t\t<\/div>\n\t\t<\/section>\n\t\t\t\t<\/div>","protected":false},"excerpt":{"rendered":"<p>ISO 9001 Kalite G\u00fcn\u00fcm\u00fcz ko\u015fullar\u0131nda bilgi, teknoloji ve ileti\u015fim alan\u0131nda ya\u015fanan b\u00fcy\u00fck geli\u015fmeler toplumlar\u0131 k\u0131yas\u0131ya bir rekabete ve her ge\u00e7en g\u00fcn yeni geli\u015fmelerin ya\u015fand\u0131\u011f\u0131 ekonomik bir yar\u0131\u015f i\u00e7erisine s\u00fcr\u00fcklemektedir. D\u00fcnya ticaretinin k\u00fcreselle\u015fmesi, rekabetin kapsam ve s\u0131n\u0131rlar\u0131n\u0131 geni\u015fletmi\u015f, yar\u0131\u015fa kat\u0131lanlar\u0131n say\u0131s\u0131 giderek artm\u0131\u015ft\u0131r. \u00dcstelik bu yar\u0131\u015fa kat\u0131lanlar her ge\u00e7en g\u00fcn daha \u00fcst\u00fcn nitelikli olmaktad\u0131r. M\u00fc\u015fteriler art\u0131k&#8230;<\/p>","protected":false},"author":1,"featured_media":0,"parent":0,"menu_order":0,"comment_status":"closed","ping_status":"closed","template":"","meta":{"footnotes":""},"class_list":["post-13814","page","type-page","status-publish","hentry"],"yoast_head":"<!-- This site is optimized with the Yoast SEO Premium plugin v19.7 (Yoast SEO v19.14) - https:\/\/yoast.com\/wordpress\/plugins\/seo\/ -->\n<title>ISO 9001 Kalite | TCS Belgelendirme<\/title>\n<meta name=\"description\" content=\"Kalite Y\u00f6netim Sistemi\u2019nin uygulanmas\u0131 olmazsa olmaz bir \u015fart olmu\u015ftur. ISO 9000 Kalite Sistem Standartlar\u0131, yay\u0131mland\u0131\u011f\u0131 tarihten (1987) itibaren en fazla ilgi g\u00f6ren ve uygulama alan\u0131 bulan milletleraras\u0131 standartlar haline gelmi\u015ftir.\" \/>\n<meta name=\"robots\" content=\"index, follow, max-snippet:-1, max-image-preview:large, max-video-preview:-1\" \/>\n<link rel=\"canonical\" href=\"https:\/\/tcscertification.com\/en\/iso-9001-quality\/\" \/>\n<meta property=\"og:locale\" content=\"en_US\" \/>\n<meta property=\"og:type\" content=\"article\" \/>\n<meta property=\"og:title\" content=\"ISO 9001 Kalite\" \/>\n<meta property=\"og:description\" content=\"Kalite Y\u00f6netim Sistemi\u2019nin uygulanmas\u0131 olmazsa olmaz bir \u015fart olmu\u015ftur. ISO 9000 Kalite Sistem Standartlar\u0131, yay\u0131mland\u0131\u011f\u0131 tarihten (1987) itibaren en fazla ilgi g\u00f6ren ve uygulama alan\u0131 bulan milletleraras\u0131 standartlar haline gelmi\u015ftir.\" \/>\n<meta property=\"og:url\" content=\"https:\/\/tcscertification.com\/en\/iso-9001-quality\/\" \/>\n<meta property=\"og:site_name\" content=\"TCS INTERNATIONAL CERTIFICATION LLC\" \/>\n<meta property=\"article:modified_time\" content=\"2023-04-24T10:00:10+00:00\" \/>\n<meta property=\"og:image\" content=\"https:\/\/tcscertification.com\/wp-content\/uploads\/2022\/10\/tcs-favicon.png\" \/>\n\t<meta property=\"og:image:width\" content=\"512\" \/>\n\t<meta property=\"og:image:height\" content=\"512\" \/>\n\t<meta property=\"og:image:type\" content=\"image\/png\" \/>\n<meta name=\"twitter:card\" content=\"summary_large_image\" \/>\n<meta name=\"twitter:label1\" content=\"Est. reading time\" \/>\n\t<meta name=\"twitter:data1\" content=\"7 minutes\" \/>\n<script type=\"application\/ld+json\" class=\"yoast-schema-graph\">{\"@context\":\"https:\/\/schema.org\",\"@graph\":[{\"@type\":\"WebPage\",\"@id\":\"https:\/\/tcscertification.com\/iso-9001-kalite\/\",\"url\":\"https:\/\/tcscertification.com\/iso-9001-kalite\/\",\"name\":\"ISO 9001 Kalite | TCS Belgelendirme\",\"isPartOf\":{\"@id\":\"https:\/\/tcscertification.com\/#website\"},\"datePublished\":\"2022-09-05T12:33:03+00:00\",\"dateModified\":\"2023-04-24T10:00:10+00:00\",\"description\":\"Kalite Y\u00f6netim Sistemi\u2019nin uygulanmas\u0131 olmazsa olmaz bir \u015fart olmu\u015ftur. ISO 9000 Kalite Sistem Standartlar\u0131, yay\u0131mland\u0131\u011f\u0131 tarihten (1987) itibaren en fazla ilgi g\u00f6ren ve uygulama alan\u0131 bulan milletleraras\u0131 standartlar haline gelmi\u015ftir.\",\"breadcrumb\":{\"@id\":\"https:\/\/tcscertification.com\/iso-9001-kalite\/#breadcrumb\"},\"inLanguage\":\"en-US\",\"potentialAction\":[{\"@type\":\"ReadAction\",\"target\":[\"https:\/\/tcscertification.com\/iso-9001-kalite\/\"]}]},{\"@type\":\"BreadcrumbList\",\"@id\":\"https:\/\/tcscertification.com\/iso-9001-kalite\/#breadcrumb\",\"itemListElement\":[{\"@type\":\"ListItem\",\"position\":1,\"name\":\"Anasayfa\",\"item\":\"https:\/\/tcscertification.com\/\"},{\"@type\":\"ListItem\",\"position\":2,\"name\":\"ISO 9001 Kalite\"}]},{\"@type\":\"WebSite\",\"@id\":\"https:\/\/tcscertification.com\/#website\",\"url\":\"https:\/\/tcscertification.com\/\",\"name\":\"TCS INTERNATIONAL CERTIFICATION LLC\",\"description\":\"\",\"publisher\":{\"@id\":\"https:\/\/tcscertification.com\/#organization\"},\"alternateName\":\"TCS INTERNATIONAL CERTIFICATION LLC\",\"potentialAction\":[{\"@type\":\"SearchAction\",\"target\":{\"@type\":\"EntryPoint\",\"urlTemplate\":\"https:\/\/tcscertification.com\/?s={search_term_string}\"},\"query-input\":\"required name=search_term_string\"}],\"inLanguage\":\"en-US\"},{\"@type\":\"Organization\",\"@id\":\"https:\/\/tcscertification.com\/#organization\",\"name\":\"TCS INTERNATIONAL\",\"alternateName\":\"TCS INTERNATIONAL CERTIFICATION LLC\",\"url\":\"https:\/\/tcscertification.com\/\",\"logo\":{\"@type\":\"ImageObject\",\"inLanguage\":\"en-US\",\"@id\":\"https:\/\/tcscertification.com\/#\/schema\/logo\/image\/\",\"url\":\"https:\/\/tcscertification.com\/wp-content\/uploads\/2023\/02\/tcs-logo-new.gif\",\"contentUrl\":\"https:\/\/tcscertification.com\/wp-content\/uploads\/2023\/02\/tcs-logo-new.gif\",\"width\":215,\"height\":100,\"caption\":\"TCS INTERNATIONAL\"},\"image\":{\"@id\":\"https:\/\/tcscertification.com\/#\/schema\/logo\/image\/\"}}]}<\/script>\n<!-- \/ Yoast SEO Premium plugin. -->","yoast_head_json":{"title":"ISO 9001 Kalite | TCS Belgelendirme","description":"Kalite Y\u00f6netim Sistemi\u2019nin uygulanmas\u0131 olmazsa olmaz bir \u015fart olmu\u015ftur. ISO 9000 Kalite Sistem Standartlar\u0131, yay\u0131mland\u0131\u011f\u0131 tarihten (1987) itibaren en fazla ilgi g\u00f6ren ve uygulama alan\u0131 bulan milletleraras\u0131 standartlar haline gelmi\u015ftir.","robots":{"index":"index","follow":"follow","max-snippet":"max-snippet:-1","max-image-preview":"max-image-preview:large","max-video-preview":"max-video-preview:-1"},"canonical":"https:\/\/tcscertification.com\/en\/iso-9001-quality\/","og_locale":"en_US","og_type":"article","og_title":"ISO 9001 Kalite","og_description":"Kalite Y\u00f6netim Sistemi\u2019nin uygulanmas\u0131 olmazsa olmaz bir \u015fart olmu\u015ftur. ISO 9000 Kalite Sistem Standartlar\u0131, yay\u0131mland\u0131\u011f\u0131 tarihten (1987) itibaren en fazla ilgi g\u00f6ren ve uygulama alan\u0131 bulan milletleraras\u0131 standartlar haline gelmi\u015ftir.","og_url":"https:\/\/tcscertification.com\/en\/iso-9001-quality\/","og_site_name":"TCS INTERNATIONAL CERTIFICATION LLC","article_modified_time":"2023-04-24T10:00:10+00:00","og_image":[{"width":512,"height":512,"url":"https:\/\/tcscertification.com\/wp-content\/uploads\/2022\/10\/tcs-favicon.png","type":"image\/png"}],"twitter_card":"summary_large_image","twitter_misc":{"Est. reading time":"7 minutes"},"schema":{"@context":"https:\/\/schema.org","@graph":[{"@type":"WebPage","@id":"https:\/\/tcscertification.com\/iso-9001-kalite\/","url":"https:\/\/tcscertification.com\/iso-9001-kalite\/","name":"ISO 9001 Kalite | TCS Belgelendirme","isPartOf":{"@id":"https:\/\/tcscertification.com\/#website"},"datePublished":"2022-09-05T12:33:03+00:00","dateModified":"2023-04-24T10:00:10+00:00","description":"Kalite Y\u00f6netim Sistemi\u2019nin uygulanmas\u0131 olmazsa olmaz bir \u015fart olmu\u015ftur. ISO 9000 Kalite Sistem Standartlar\u0131, yay\u0131mland\u0131\u011f\u0131 tarihten (1987) itibaren en fazla ilgi g\u00f6ren ve uygulama alan\u0131 bulan milletleraras\u0131 standartlar haline gelmi\u015ftir.","breadcrumb":{"@id":"https:\/\/tcscertification.com\/iso-9001-kalite\/#breadcrumb"},"inLanguage":"en-US","potentialAction":[{"@type":"ReadAction","target":["https:\/\/tcscertification.com\/iso-9001-kalite\/"]}]},{"@type":"BreadcrumbList","@id":"https:\/\/tcscertification.com\/iso-9001-kalite\/#breadcrumb","itemListElement":[{"@type":"ListItem","position":1,"name":"Anasayfa","item":"https:\/\/tcscertification.com\/"},{"@type":"ListItem","position":2,"name":"ISO 9001 Kalite"}]},{"@type":"WebSite","@id":"https:\/\/tcscertification.com\/#website","url":"https:\/\/tcscertification.com\/","name":"TCS INTERNATIONAL CERTIFICATION LLC","description":"","publisher":{"@id":"https:\/\/tcscertification.com\/#organization"},"alternateName":"TCS INTERNATIONAL CERTIFICATION LLC","potentialAction":[{"@type":"SearchAction","target":{"@type":"EntryPoint","urlTemplate":"https:\/\/tcscertification.com\/?s={search_term_string}"},"query-input":"required name=search_term_string"}],"inLanguage":"en-US"},{"@type":"Organization","@id":"https:\/\/tcscertification.com\/#organization","name":"TCS INTERNATIONAL","alternateName":"TCS INTERNATIONAL CERTIFICATION LLC","url":"https:\/\/tcscertification.com\/","logo":{"@type":"ImageObject","inLanguage":"en-US","@id":"https:\/\/tcscertification.com\/#\/schema\/logo\/image\/","url":"https:\/\/tcscertification.com\/wp-content\/uploads\/2023\/02\/tcs-logo-new.gif","contentUrl":"https:\/\/tcscertification.com\/wp-content\/uploads\/2023\/02\/tcs-logo-new.gif","width":215,"height":100,"caption":"TCS INTERNATIONAL"},"image":{"@id":"https:\/\/tcscertification.com\/#\/schema\/logo\/image\/"}}]}},"_links":{"self":[{"href":"https:\/\/tcscertification.com\/en\/wp-json\/wp\/v2\/pages\/13814","targetHints":{"allow":["GET"]}}],"collection":[{"href":"https:\/\/tcscertification.com\/en\/wp-json\/wp\/v2\/pages"}],"about":[{"href":"https:\/\/tcscertification.com\/en\/wp-json\/wp\/v2\/types\/page"}],"author":[{"embeddable":true,"href":"https:\/\/tcscertification.com\/en\/wp-json\/wp\/v2\/users\/1"}],"replies":[{"embeddable":true,"href":"https:\/\/tcscertification.com\/en\/wp-json\/wp\/v2\/comments?post=13814"}],"version-history":[{"count":28,"href":"https:\/\/tcscertification.com\/en\/wp-json\/wp\/v2\/pages\/13814\/revisions"}],"predecessor-version":[{"id":18905,"href":"https:\/\/tcscertification.com\/en\/wp-json\/wp\/v2\/pages\/13814\/revisions\/18905"}],"wp:attachment":[{"href":"https:\/\/tcscertification.com\/en\/wp-json\/wp\/v2\/media?parent=13814"}],"curies":[{"name":"wp","href":"https:\/\/api.w.org\/{rel}","templated":true}]}}