{"id":13705,"date":"2022-09-05T13:49:42","date_gmt":"2022-09-05T10:49:42","guid":{"rendered":"https:\/\/tcscertification.com\/?page_id=13705"},"modified":"2025-06-27T12:58:20","modified_gmt":"2025-06-27T09:58:20","slug":"neutrality-policy","status":"publish","type":"page","link":"https:\/\/tcscertification.com\/en\/neutrality-policy\/","title":{"rendered":"Neutrality Policy"},"content":{"rendered":"<div data-elementor-type=\"wp-page\" data-elementor-id=\"13705\" class=\"elementor elementor-13705\" data-elementor-post-type=\"page\">\n\t\t\t\t\t\t<section class=\"elementor-section elementor-top-section elementor-element elementor-element-c648f63 elementor-section-boxed elementor-section-height-default elementor-section-height-default\" data-id=\"c648f63\" data-element_type=\"section\">\n\t\t\t\t\t\t<div class=\"elementor-container elementor-column-gap-default\">\n\t\t\t\t\t<div class=\"elementor-column elementor-col-100 elementor-top-column elementor-element elementor-element-ddaca95\" data-id=\"ddaca95\" data-element_type=\"column\">\n\t\t\t<div class=\"elementor-widget-wrap elementor-element-populated\">\n\t\t\t\t\t\t<div class=\"elementor-element elementor-element-18654b3 elementor-widget elementor-widget-heading\" data-id=\"18654b3\" data-element_type=\"widget\" data-widget_type=\"heading.default\">\n\t\t\t\t<div class=\"elementor-widget-container\">\n\t\t\t\t\t<h2 class=\"elementor-heading-title elementor-size-default\">Neutrality Policy<\/h2>\t\t\t\t<\/div>\n\t\t\t\t<\/div>\n\t\t\t\t\t<\/div>\n\t\t<\/div>\n\t\t\t\t\t<\/div>\n\t\t<\/section>\n\t\t\t\t<section class=\"elementor-section elementor-top-section elementor-element elementor-element-c824e72 elementor-section-boxed elementor-section-height-default elementor-section-height-default\" data-id=\"c824e72\" data-element_type=\"section\">\n\t\t\t\t\t\t<div class=\"elementor-container elementor-column-gap-default\">\n\t\t\t\t\t<div class=\"elementor-column elementor-col-100 elementor-top-column elementor-element elementor-element-61bb4ea\" data-id=\"61bb4ea\" data-element_type=\"column\">\n\t\t\t<div class=\"elementor-widget-wrap elementor-element-populated\">\n\t\t\t\t\t\t<div class=\"elementor-element elementor-element-91c7fbd elementor-widget elementor-widget-spacer\" data-id=\"91c7fbd\" data-element_type=\"widget\" data-widget_type=\"spacer.default\">\n\t\t\t\t<div class=\"elementor-widget-container\">\n\t\t\t\t\t\t\t<div class=\"elementor-spacer\">\n\t\t\t<div class=\"elementor-spacer-inner\"><\/div>\n\t\t<\/div>\n\t\t\t\t\t\t<\/div>\n\t\t\t\t<\/div>\n\t\t\t\t\t<\/div>\n\t\t<\/div>\n\t\t\t\t\t<\/div>\n\t\t<\/section>\n\t\t\t\t<section class=\"elementor-section elementor-top-section elementor-element elementor-element-b91dfa5 elementor-section-boxed elementor-section-height-default elementor-section-height-default\" data-id=\"b91dfa5\" data-element_type=\"section\">\n\t\t\t\t\t\t<div class=\"elementor-container elementor-column-gap-default\">\n\t\t\t\t\t<div class=\"elementor-column elementor-col-100 elementor-top-column elementor-element elementor-element-5f7afc8\" data-id=\"5f7afc8\" data-element_type=\"column\">\n\t\t\t<div class=\"elementor-widget-wrap elementor-element-populated\">\n\t\t\t\t\t\t<div class=\"elementor-element elementor-element-9e6cdea elementor-widget elementor-widget-text-editor\" data-id=\"9e6cdea\" data-element_type=\"widget\" data-widget_type=\"text-editor.default\">\n\t\t\t\t<div class=\"elementor-widget-container\">\n\t\t\t\t\t\t\t\t\t<ul><li>International TCS (TCS), ISO\/IEC 17021-1, ISO\/IEC 17021-2, ISO\/IEC 17021-3, ISO\/IEC TS 17021-10, ISO\/IEC 27006, ISO 50003 TS, ISO 19011, EA2\/17, Vocational Qualification, Examination and Certification, Regulation, Guidelines and other relevant national qualifications in accordance with the principles that apply to all organizations in an impartial manner and equal to itself, in a way that gives confidence about his certification was created and conveyed the importance of impartiality in the organization.<\/li><li>TCS, the services it offers and the risks from the risk analysis to analyze the chances of a conflict of interest, to identify and documented, and describes the actions against the risks.<\/li><li>The structure of the TCS is designed to give assurance of impartiality in the process of certification and audit.<\/li><li>All personnel, commercial, financial or other pressures away from work is guaranteed by confidentiality agreements. Full-time personnel, consulting management systems are guaranteed with a contract that won&#039;t do.<\/li><li>Fees made by all members of the TCS on sale, and the outcome does not depend on the number of control. TCS, had done all the things about the privacy and security that has made agreements with employees provides you with.<\/li><li>TCS, independence and impartiality of the internet on the web page to use the table, the quality policy is also published.<\/li><li>TCS, open to general participation while serving in the area of education, the education given to the service operates independently of individuals. TCS, during training, is there any risk that could cause a conflict of interest, or whether you keep under the control of existing risks; risk analysis has guaranteed. That is not a risk arising from the training with a declaration of neutrality proclaimed.<\/li><\/ul>\t\t\t\t\t\t\t\t<\/div>\n\t\t\t\t<\/div>\n\t\t\t\t\t<\/div>\n\t\t<\/div>\n\t\t\t\t\t<\/div>\n\t\t<\/section>\n\t\t\t\t<section class=\"elementor-section elementor-top-section elementor-element elementor-element-395f483 elementor-section-boxed elementor-section-height-default elementor-section-height-default\" data-id=\"395f483\" data-element_type=\"section\">\n\t\t\t\t\t\t<div class=\"elementor-container elementor-column-gap-default\">\n\t\t\t\t\t<div class=\"elementor-column elementor-col-100 elementor-top-column elementor-element elementor-element-49c18b2\" data-id=\"49c18b2\" data-element_type=\"column\">\n\t\t\t<div class=\"elementor-widget-wrap elementor-element-populated\">\n\t\t\t\t\t\t<div class=\"elementor-element elementor-element-2b7a380 elementor-widget elementor-widget-text-editor\" data-id=\"2b7a380\" data-element_type=\"widget\" data-widget_type=\"text-editor.default\">\n\t\t\t\t<div class=\"elementor-widget-container\">\n\t\t\t\t\t\t\t\t\t<p>A. Emre OZKARS<\/p><p style=\"font-weight: 400;\">General Manager<\/p><p style=\"font-weight: 400;\">02.06.2025<\/p>\t\t\t\t\t\t\t\t<\/div>\n\t\t\t\t<\/div>\n\t\t\t\t\t<\/div>\n\t\t<\/div>\n\t\t\t\t\t<\/div>\n\t\t<\/section>\n\t\t\t\t<\/div>","protected":false},"excerpt":{"rendered":"<p>Tarafs\u0131zl\u0131k Politikam\u0131z TCS INTERNATIONAL (TCS), ISO\/IEC 17021-1, ISO\/IEC 17021-2, ISO\/IEC 17021-3, ISO\/IEC TS 17021-10, ISO\/IEC 27006, TS ISO 50003, ISO 19011, EA2\/17, Mesleki Yeterlilik, S\u0131nav ve Belgelendirme Y\u00f6netmeli\u011fi, Ulusal Yeterlilikler ve ilgili di\u011fer rehberlerin prensipleri \u00e7er\u00e7evesinde kendisine m\u00fcracaatta bulunan t\u00fcm kurulu\u015flara e\u015fit ve tarafs\u0131z olarak, yapt\u0131\u011f\u0131 belgelendirmelerle ilgili g\u00fcveni verecek \u015fekilde olu\u015fturulmu\u015f ve kurulu\u015f i\u00e7inde&#8230;<\/p>","protected":false},"author":1,"featured_media":0,"parent":0,"menu_order":0,"comment_status":"closed","ping_status":"closed","template":"","meta":{"footnotes":""},"class_list":["post-13705","page","type-page","status-publish","hentry"],"yoast_head":"<!-- This site is optimized with the Yoast SEO Premium plugin v19.7 (Yoast SEO v19.14) - https:\/\/yoast.com\/wordpress\/plugins\/seo\/ -->\n<title>Tarafs\u0131zl\u0131k Politikam\u0131z | TCS Belgelendirme<\/title>\n<meta name=\"description\" content=\"TCS BELGELEND\u0130RME\u2019nin yap\u0131s\u0131 belgelendirme ve denetim s\u00fcrecinde tarafs\u0131zl\u0131\u011f\u0131n\u0131n g\u00fcvencesini verecek \u015fekilde dizayn edilmi\u015ftir.\" \/>\n<meta name=\"robots\" content=\"index, follow, max-snippet:-1, max-image-preview:large, max-video-preview:-1\" \/>\n<link rel=\"canonical\" href=\"https:\/\/tcscertification.com\/en\/neutrality-policy\/\" \/>\n<meta property=\"og:locale\" content=\"en_US\" \/>\n<meta property=\"og:type\" content=\"article\" \/>\n<meta property=\"og:title\" content=\"Tarafs\u0131zl\u0131k Politikam\u0131z\" \/>\n<meta property=\"og:description\" content=\"TCS BELGELEND\u0130RME\u2019nin yap\u0131s\u0131 belgelendirme ve denetim s\u00fcrecinde tarafs\u0131zl\u0131\u011f\u0131n\u0131n g\u00fcvencesini verecek \u015fekilde dizayn edilmi\u015ftir.\" \/>\n<meta property=\"og:url\" content=\"https:\/\/tcscertification.com\/en\/neutrality-policy\/\" \/>\n<meta property=\"og:site_name\" content=\"TCS INTERNATIONAL CERTIFICATION LLC\" \/>\n<meta property=\"article:modified_time\" content=\"2025-06-27T09:58:20+00:00\" \/>\n<meta property=\"og:image\" content=\"https:\/\/tcscertification.com\/wp-content\/uploads\/2022\/10\/tcs-favicon.png\" \/>\n\t<meta property=\"og:image:width\" content=\"512\" \/>\n\t<meta property=\"og:image:height\" content=\"512\" \/>\n\t<meta property=\"og:image:type\" content=\"image\/png\" \/>\n<meta name=\"twitter:card\" content=\"summary_large_image\" \/>\n<meta name=\"twitter:label1\" content=\"Est. reading time\" \/>\n\t<meta name=\"twitter:data1\" content=\"2 minutes\" \/>\n<script type=\"application\/ld+json\" class=\"yoast-schema-graph\">{\"@context\":\"https:\/\/schema.org\",\"@graph\":[{\"@type\":\"WebPage\",\"@id\":\"https:\/\/tcscertification.com\/tarafsizlik-politikamiz\/\",\"url\":\"https:\/\/tcscertification.com\/tarafsizlik-politikamiz\/\",\"name\":\"Tarafs\u0131zl\u0131k Politikam\u0131z | TCS Belgelendirme\",\"isPartOf\":{\"@id\":\"https:\/\/tcscertification.com\/#website\"},\"datePublished\":\"2022-09-05T10:49:42+00:00\",\"dateModified\":\"2025-06-27T09:58:20+00:00\",\"description\":\"TCS BELGELEND\u0130RME\u2019nin yap\u0131s\u0131 belgelendirme ve denetim s\u00fcrecinde tarafs\u0131zl\u0131\u011f\u0131n\u0131n g\u00fcvencesini verecek \u015fekilde dizayn edilmi\u015ftir.\",\"breadcrumb\":{\"@id\":\"https:\/\/tcscertification.com\/tarafsizlik-politikamiz\/#breadcrumb\"},\"inLanguage\":\"en-US\",\"potentialAction\":[{\"@type\":\"ReadAction\",\"target\":[\"https:\/\/tcscertification.com\/tarafsizlik-politikamiz\/\"]}]},{\"@type\":\"BreadcrumbList\",\"@id\":\"https:\/\/tcscertification.com\/tarafsizlik-politikamiz\/#breadcrumb\",\"itemListElement\":[{\"@type\":\"ListItem\",\"position\":1,\"name\":\"Anasayfa\",\"item\":\"https:\/\/tcscertification.com\/\"},{\"@type\":\"ListItem\",\"position\":2,\"name\":\"Tarafs\u0131zl\u0131k Politikam\u0131z\"}]},{\"@type\":\"WebSite\",\"@id\":\"https:\/\/tcscertification.com\/#website\",\"url\":\"https:\/\/tcscertification.com\/\",\"name\":\"TCS INTERNATIONAL CERTIFICATION LLC\",\"description\":\"\",\"publisher\":{\"@id\":\"https:\/\/tcscertification.com\/#organization\"},\"alternateName\":\"TCS INTERNATIONAL CERTIFICATION LLC\",\"potentialAction\":[{\"@type\":\"SearchAction\",\"target\":{\"@type\":\"EntryPoint\",\"urlTemplate\":\"https:\/\/tcscertification.com\/?s={search_term_string}\"},\"query-input\":\"required name=search_term_string\"}],\"inLanguage\":\"en-US\"},{\"@type\":\"Organization\",\"@id\":\"https:\/\/tcscertification.com\/#organization\",\"name\":\"TCS INTERNATIONAL\",\"alternateName\":\"TCS INTERNATIONAL CERTIFICATION LLC\",\"url\":\"https:\/\/tcscertification.com\/\",\"logo\":{\"@type\":\"ImageObject\",\"inLanguage\":\"en-US\",\"@id\":\"https:\/\/tcscertification.com\/#\/schema\/logo\/image\/\",\"url\":\"https:\/\/tcscertification.com\/wp-content\/uploads\/2023\/02\/tcs-logo-new.gif\",\"contentUrl\":\"https:\/\/tcscertification.com\/wp-content\/uploads\/2023\/02\/tcs-logo-new.gif\",\"width\":215,\"height\":100,\"caption\":\"TCS INTERNATIONAL\"},\"image\":{\"@id\":\"https:\/\/tcscertification.com\/#\/schema\/logo\/image\/\"}}]}<\/script>\n<!-- \/ Yoast SEO Premium plugin. -->","yoast_head_json":{"title":"Tarafs\u0131zl\u0131k Politikam\u0131z | TCS Belgelendirme","description":"TCS BELGELEND\u0130RME\u2019nin yap\u0131s\u0131 belgelendirme ve denetim s\u00fcrecinde tarafs\u0131zl\u0131\u011f\u0131n\u0131n g\u00fcvencesini verecek \u015fekilde dizayn edilmi\u015ftir.","robots":{"index":"index","follow":"follow","max-snippet":"max-snippet:-1","max-image-preview":"max-image-preview:large","max-video-preview":"max-video-preview:-1"},"canonical":"https:\/\/tcscertification.com\/en\/neutrality-policy\/","og_locale":"en_US","og_type":"article","og_title":"Tarafs\u0131zl\u0131k Politikam\u0131z","og_description":"TCS BELGELEND\u0130RME\u2019nin yap\u0131s\u0131 belgelendirme ve denetim s\u00fcrecinde tarafs\u0131zl\u0131\u011f\u0131n\u0131n g\u00fcvencesini verecek \u015fekilde dizayn edilmi\u015ftir.","og_url":"https:\/\/tcscertification.com\/en\/neutrality-policy\/","og_site_name":"TCS INTERNATIONAL CERTIFICATION LLC","article_modified_time":"2025-06-27T09:58:20+00:00","og_image":[{"width":512,"height":512,"url":"https:\/\/tcscertification.com\/wp-content\/uploads\/2022\/10\/tcs-favicon.png","type":"image\/png"}],"twitter_card":"summary_large_image","twitter_misc":{"Est. reading time":"2 minutes"},"schema":{"@context":"https:\/\/schema.org","@graph":[{"@type":"WebPage","@id":"https:\/\/tcscertification.com\/tarafsizlik-politikamiz\/","url":"https:\/\/tcscertification.com\/tarafsizlik-politikamiz\/","name":"Tarafs\u0131zl\u0131k Politikam\u0131z | TCS Belgelendirme","isPartOf":{"@id":"https:\/\/tcscertification.com\/#website"},"datePublished":"2022-09-05T10:49:42+00:00","dateModified":"2025-06-27T09:58:20+00:00","description":"TCS BELGELEND\u0130RME\u2019nin yap\u0131s\u0131 belgelendirme ve denetim s\u00fcrecinde tarafs\u0131zl\u0131\u011f\u0131n\u0131n g\u00fcvencesini verecek \u015fekilde dizayn edilmi\u015ftir.","breadcrumb":{"@id":"https:\/\/tcscertification.com\/tarafsizlik-politikamiz\/#breadcrumb"},"inLanguage":"en-US","potentialAction":[{"@type":"ReadAction","target":["https:\/\/tcscertification.com\/tarafsizlik-politikamiz\/"]}]},{"@type":"BreadcrumbList","@id":"https:\/\/tcscertification.com\/tarafsizlik-politikamiz\/#breadcrumb","itemListElement":[{"@type":"ListItem","position":1,"name":"Anasayfa","item":"https:\/\/tcscertification.com\/"},{"@type":"ListItem","position":2,"name":"Tarafs\u0131zl\u0131k Politikam\u0131z"}]},{"@type":"WebSite","@id":"https:\/\/tcscertification.com\/#website","url":"https:\/\/tcscertification.com\/","name":"TCS INTERNATIONAL CERTIFICATION LLC","description":"","publisher":{"@id":"https:\/\/tcscertification.com\/#organization"},"alternateName":"TCS INTERNATIONAL CERTIFICATION LLC","potentialAction":[{"@type":"SearchAction","target":{"@type":"EntryPoint","urlTemplate":"https:\/\/tcscertification.com\/?s={search_term_string}"},"query-input":"required name=search_term_string"}],"inLanguage":"en-US"},{"@type":"Organization","@id":"https:\/\/tcscertification.com\/#organization","name":"TCS INTERNATIONAL","alternateName":"TCS INTERNATIONAL CERTIFICATION LLC","url":"https:\/\/tcscertification.com\/","logo":{"@type":"ImageObject","inLanguage":"en-US","@id":"https:\/\/tcscertification.com\/#\/schema\/logo\/image\/","url":"https:\/\/tcscertification.com\/wp-content\/uploads\/2023\/02\/tcs-logo-new.gif","contentUrl":"https:\/\/tcscertification.com\/wp-content\/uploads\/2023\/02\/tcs-logo-new.gif","width":215,"height":100,"caption":"TCS INTERNATIONAL"},"image":{"@id":"https:\/\/tcscertification.com\/#\/schema\/logo\/image\/"}}]}},"_links":{"self":[{"href":"https:\/\/tcscertification.com\/en\/wp-json\/wp\/v2\/pages\/13705","targetHints":{"allow":["GET"]}}],"collection":[{"href":"https:\/\/tcscertification.com\/en\/wp-json\/wp\/v2\/pages"}],"about":[{"href":"https:\/\/tcscertification.com\/en\/wp-json\/wp\/v2\/types\/page"}],"author":[{"embeddable":true,"href":"https:\/\/tcscertification.com\/en\/wp-json\/wp\/v2\/users\/1"}],"replies":[{"embeddable":true,"href":"https:\/\/tcscertification.com\/en\/wp-json\/wp\/v2\/comments?post=13705"}],"version-history":[{"count":16,"href":"https:\/\/tcscertification.com\/en\/wp-json\/wp\/v2\/pages\/13705\/revisions"}],"predecessor-version":[{"id":24637,"href":"https:\/\/tcscertification.com\/en\/wp-json\/wp\/v2\/pages\/13705\/revisions\/24637"}],"wp:attachment":[{"href":"https:\/\/tcscertification.com\/en\/wp-json\/wp\/v2\/media?parent=13705"}],"curies":[{"name":"wp","href":"https:\/\/api.w.org\/{rel}","templated":true}]}}