{"id":13700,"date":"2022-09-05T13:48:56","date_gmt":"2022-09-05T10:48:56","guid":{"rendered":"https:\/\/tcscertification.com\/?page_id=13700"},"modified":"2025-06-27T12:52:55","modified_gmt":"2025-06-27T09:52:55","slug":"our-quality-policy","status":"publish","type":"page","link":"https:\/\/tcscertification.com\/en\/our-quality-policy\/","title":{"rendered":"Our Quality Policy"},"content":{"rendered":"<div data-elementor-type=\"wp-page\" data-elementor-id=\"13700\" class=\"elementor elementor-13700\" data-elementor-post-type=\"page\">\n\t\t\t\t\t\t<section class=\"elementor-section elementor-top-section elementor-element elementor-element-71969d1 elementor-section-boxed elementor-section-height-default elementor-section-height-default\" data-id=\"71969d1\" data-element_type=\"section\">\n\t\t\t\t\t\t<div class=\"elementor-container elementor-column-gap-default\">\n\t\t\t\t\t<div class=\"elementor-column elementor-col-100 elementor-top-column elementor-element elementor-element-55c49a2\" data-id=\"55c49a2\" data-element_type=\"column\">\n\t\t\t<div class=\"elementor-widget-wrap elementor-element-populated\">\n\t\t\t\t\t\t<div class=\"elementor-element elementor-element-76ccb75 elementor-widget elementor-widget-heading\" data-id=\"76ccb75\" data-element_type=\"widget\" data-widget_type=\"heading.default\">\n\t\t\t\t<div class=\"elementor-widget-container\">\n\t\t\t\t\t<h2 class=\"elementor-heading-title elementor-size-default\">Our Quality Policy<\/h2>\t\t\t\t<\/div>\n\t\t\t\t<\/div>\n\t\t\t\t\t<\/div>\n\t\t<\/div>\n\t\t\t\t\t<\/div>\n\t\t<\/section>\n\t\t\t\t<section class=\"elementor-section elementor-top-section elementor-element elementor-element-2bb831e elementor-section-boxed elementor-section-height-default elementor-section-height-default\" data-id=\"2bb831e\" data-element_type=\"section\">\n\t\t\t\t\t\t<div class=\"elementor-container elementor-column-gap-default\">\n\t\t\t\t\t<div class=\"elementor-column elementor-col-100 elementor-top-column elementor-element elementor-element-a2e0a18\" data-id=\"a2e0a18\" data-element_type=\"column\">\n\t\t\t<div class=\"elementor-widget-wrap elementor-element-populated\">\n\t\t\t\t\t\t<div class=\"elementor-element elementor-element-250dce5 elementor-widget elementor-widget-text-editor\" data-id=\"250dce5\" data-element_type=\"widget\" data-widget_type=\"text-editor.default\">\n\t\t\t\t<div class=\"elementor-widget-container\">\n\t\t\t\t\t\t\t\t\t<p style=\"font-weight: 400; text-align: center;\"><b><strong><em>\u201cEACH CUSTOMER HAS ONLY ONE CUSTOMER\u201d<\/em><\/strong><\/b><\/p><p style=\"font-weight: 400;\">TCS Certification Quality Policy;<\/p><ul><li style=\"font-weight: 400;\">Conformity Assessment Activities; ISO\/IEC 17021-1, ISO\/IEC 17021-2, ISO\/IEC 17021-3, ISO\/IEC TS 17021-10, ISO\/IEC 27006 , ISO 50003 TS , ISO\/TS 22003, ISO 19011, EA2\/17 prepared by management in accordance with current standards and other national and international organizations created in the system, the standards while complying with the requirements of customers, authorities or organizations to answer the needs of legal services by offering the most accurate and reliable results.<\/li><li>A good vocational and technical application at the desired time, accurate and quality service by giving customer-oriented approach to offer all customers with the same terms and maintain the highest level of customer satisfaction.<\/li><li>Within the framework of the quality management system with the aim to serve all of the staff is the best way of learning quality documentation, policies and procedures ensure practices during work.<\/li><li>Any system which may adversely affect quality interior and exterior commercial, financial and other pressures from any activity that would reduce confidence in the objectivity and adequacy of the services provided by and serve away from<\/li><li>Independence, impartiality, confidentiality and ensure that they are applied without regard to any interpretation of honesty and reliability.<\/li><li>System approach to management and decision-making apply the principles of truth and objectivity in the process.<\/li><li>To comply with the standard requirements, corrective and preventive actions to be effective by performing regular internal audits and review studies to improve the efficiency of the evaluation of customer demands.<\/li><li>Customer and 3. all information about the privacy of the parties within the framework of the rules of the store.<\/li><li>Follow the current developments in relation to activities within the scope of the study and, if necessary, the customer can share it with.<\/li><li>And competent staff auditor\/expert pool add value to its customers and the industry.<\/li><\/ul>\t\t\t\t\t\t\t\t<\/div>\n\t\t\t\t<\/div>\n\t\t\t\t\t<\/div>\n\t\t<\/div>\n\t\t\t\t\t<\/div>\n\t\t<\/section>\n\t\t\t\t<section class=\"elementor-section elementor-top-section elementor-element elementor-element-64027b5 elementor-section-boxed elementor-section-height-default elementor-section-height-default\" data-id=\"64027b5\" data-element_type=\"section\">\n\t\t\t\t\t\t<div class=\"elementor-container elementor-column-gap-default\">\n\t\t\t\t\t<div class=\"elementor-column elementor-col-100 elementor-top-column elementor-element elementor-element-346962e\" data-id=\"346962e\" data-element_type=\"column\">\n\t\t\t<div class=\"elementor-widget-wrap elementor-element-populated\">\n\t\t\t\t\t\t<div class=\"elementor-element elementor-element-01ba592 elementor-widget elementor-widget-text-editor\" data-id=\"01ba592\" data-element_type=\"widget\" data-widget_type=\"text-editor.default\">\n\t\t\t\t<div class=\"elementor-widget-container\">\n\t\t\t\t\t\t\t\t\t<p style=\"font-weight: 400;\"><b><strong>Ahmet Emre OZKARS<\/strong><\/b><\/p><p style=\"font-weight: 400;\"><b><strong>General Manager<\/strong><\/b><\/p><p style=\"font-weight: 400;\"><b><strong>02.06.2025<\/strong><\/b><\/p>\t\t\t\t\t\t\t\t<\/div>\n\t\t\t\t<\/div>\n\t\t\t\t\t<\/div>\n\t\t<\/div>\n\t\t\t\t\t<\/div>\n\t\t<\/section>\n\t\t\t\t<\/div>","protected":false},"excerpt":{"rendered":"<p>Kalite Politikam\u0131z \u201cHER B\u0130R M\u00dc\u015eTER\u0130 TEK B\u0130R M\u00dc\u015eTER\u0130\u201d TCS Belgelendirme\u2019nin Kalite Politikas\u0131; Uygunluk De\u011ferlendirme Faaliyetlerini; ISO\/IEC 17021-1, ISO\/IEC 17021-2, ISO\/IEC 17021-3, ISO\/IEC TS 17021-10, ISO\/IEC 27006 , TS ISO 50003 , ISO\/TS 22003, ISO 19011, EA2\/17 ve di\u011fer ulusal ve uluslararas\u0131 kurulu\u015flarca haz\u0131rlanan g\u00fcncel standartlar do\u011frultusunda olu\u015fturulan y\u00f6netim sisteminde, standartlar\u0131n gerekliliklerine uyarak m\u00fc\u015fterilerin, yasal otoritelerin&#8230;<\/p>","protected":false},"author":1,"featured_media":0,"parent":0,"menu_order":0,"comment_status":"closed","ping_status":"closed","template":"","meta":{"footnotes":""},"class_list":["post-13700","page","type-page","status-publish","hentry"],"yoast_head":"<!-- This site is optimized with the Yoast SEO Premium plugin v19.7 (Yoast SEO v19.14) - https:\/\/yoast.com\/wordpress\/plugins\/seo\/ -->\n<title>Kalite Politikam\u0131z | TCS Belgelendirme<\/title>\n<meta name=\"description\" content=\"\u0130yi bir mesleki ve teknik uygulama ile istenilen zamanda, do\u011fru ve kaliteli hizmet vererek m\u00fc\u015fteri odakl\u0131 y\u00f6netim anlay\u0131\u015f\u0131 ile t\u00fcm m\u00fc\u015fterilerine ayn\u0131 \u015fartlar\u0131 sunmak ve m\u00fc\u015fteri memnuniyetini en \u00fcst d\u00fczeyde tutmak.\" \/>\n<meta name=\"robots\" content=\"index, follow, max-snippet:-1, max-image-preview:large, max-video-preview:-1\" \/>\n<link rel=\"canonical\" href=\"https:\/\/tcscertification.com\/en\/our-quality-policy\/\" \/>\n<meta property=\"og:locale\" content=\"en_US\" \/>\n<meta property=\"og:type\" content=\"article\" \/>\n<meta property=\"og:title\" content=\"Kalite Politikam\u0131z\" \/>\n<meta property=\"og:description\" content=\"\u0130yi bir mesleki ve teknik uygulama ile istenilen zamanda, do\u011fru ve kaliteli hizmet vererek m\u00fc\u015fteri odakl\u0131 y\u00f6netim anlay\u0131\u015f\u0131 ile t\u00fcm m\u00fc\u015fterilerine ayn\u0131 \u015fartlar\u0131 sunmak ve m\u00fc\u015fteri memnuniyetini en \u00fcst d\u00fczeyde tutmak.\" \/>\n<meta property=\"og:url\" content=\"https:\/\/tcscertification.com\/en\/our-quality-policy\/\" \/>\n<meta property=\"og:site_name\" content=\"TCS INTERNATIONAL CERTIFICATION LLC\" \/>\n<meta property=\"article:modified_time\" content=\"2025-06-27T09:52:55+00:00\" \/>\n<meta property=\"og:image\" content=\"https:\/\/tcscertification.com\/wp-content\/uploads\/2022\/10\/tcs-favicon.png\" \/>\n\t<meta property=\"og:image:width\" content=\"512\" \/>\n\t<meta property=\"og:image:height\" content=\"512\" \/>\n\t<meta property=\"og:image:type\" content=\"image\/png\" \/>\n<meta name=\"twitter:card\" content=\"summary_large_image\" \/>\n<meta name=\"twitter:label1\" content=\"Est. reading time\" \/>\n\t<meta name=\"twitter:data1\" content=\"2 minutes\" \/>\n<script type=\"application\/ld+json\" class=\"yoast-schema-graph\">{\"@context\":\"https:\/\/schema.org\",\"@graph\":[{\"@type\":\"WebPage\",\"@id\":\"https:\/\/tcscertification.com\/kalite-politikamiz\/\",\"url\":\"https:\/\/tcscertification.com\/kalite-politikamiz\/\",\"name\":\"Kalite Politikam\u0131z | TCS Belgelendirme\",\"isPartOf\":{\"@id\":\"https:\/\/tcscertification.com\/#website\"},\"datePublished\":\"2022-09-05T10:48:56+00:00\",\"dateModified\":\"2025-06-27T09:52:55+00:00\",\"description\":\"\u0130yi bir mesleki ve teknik uygulama ile istenilen zamanda, do\u011fru ve kaliteli hizmet vererek m\u00fc\u015fteri odakl\u0131 y\u00f6netim anlay\u0131\u015f\u0131 ile t\u00fcm m\u00fc\u015fterilerine ayn\u0131 \u015fartlar\u0131 sunmak ve m\u00fc\u015fteri memnuniyetini en \u00fcst d\u00fczeyde tutmak.\",\"breadcrumb\":{\"@id\":\"https:\/\/tcscertification.com\/kalite-politikamiz\/#breadcrumb\"},\"inLanguage\":\"en-US\",\"potentialAction\":[{\"@type\":\"ReadAction\",\"target\":[\"https:\/\/tcscertification.com\/kalite-politikamiz\/\"]}]},{\"@type\":\"BreadcrumbList\",\"@id\":\"https:\/\/tcscertification.com\/kalite-politikamiz\/#breadcrumb\",\"itemListElement\":[{\"@type\":\"ListItem\",\"position\":1,\"name\":\"Anasayfa\",\"item\":\"https:\/\/tcscertification.com\/\"},{\"@type\":\"ListItem\",\"position\":2,\"name\":\"Kalite Politikam\u0131z\"}]},{\"@type\":\"WebSite\",\"@id\":\"https:\/\/tcscertification.com\/#website\",\"url\":\"https:\/\/tcscertification.com\/\",\"name\":\"TCS INTERNATIONAL CERTIFICATION LLC\",\"description\":\"\",\"publisher\":{\"@id\":\"https:\/\/tcscertification.com\/#organization\"},\"alternateName\":\"TCS INTERNATIONAL CERTIFICATION LLC\",\"potentialAction\":[{\"@type\":\"SearchAction\",\"target\":{\"@type\":\"EntryPoint\",\"urlTemplate\":\"https:\/\/tcscertification.com\/?s={search_term_string}\"},\"query-input\":\"required name=search_term_string\"}],\"inLanguage\":\"en-US\"},{\"@type\":\"Organization\",\"@id\":\"https:\/\/tcscertification.com\/#organization\",\"name\":\"TCS INTERNATIONAL\",\"alternateName\":\"TCS INTERNATIONAL CERTIFICATION LLC\",\"url\":\"https:\/\/tcscertification.com\/\",\"logo\":{\"@type\":\"ImageObject\",\"inLanguage\":\"en-US\",\"@id\":\"https:\/\/tcscertification.com\/#\/schema\/logo\/image\/\",\"url\":\"https:\/\/tcscertification.com\/wp-content\/uploads\/2023\/02\/tcs-logo-new.gif\",\"contentUrl\":\"https:\/\/tcscertification.com\/wp-content\/uploads\/2023\/02\/tcs-logo-new.gif\",\"width\":215,\"height\":100,\"caption\":\"TCS INTERNATIONAL\"},\"image\":{\"@id\":\"https:\/\/tcscertification.com\/#\/schema\/logo\/image\/\"}}]}<\/script>\n<!-- \/ Yoast SEO Premium plugin. -->","yoast_head_json":{"title":"Kalite Politikam\u0131z | TCS Belgelendirme","description":"\u0130yi bir mesleki ve teknik uygulama ile istenilen zamanda, do\u011fru ve kaliteli hizmet vererek m\u00fc\u015fteri odakl\u0131 y\u00f6netim anlay\u0131\u015f\u0131 ile t\u00fcm m\u00fc\u015fterilerine ayn\u0131 \u015fartlar\u0131 sunmak ve m\u00fc\u015fteri memnuniyetini en \u00fcst d\u00fczeyde tutmak.","robots":{"index":"index","follow":"follow","max-snippet":"max-snippet:-1","max-image-preview":"max-image-preview:large","max-video-preview":"max-video-preview:-1"},"canonical":"https:\/\/tcscertification.com\/en\/our-quality-policy\/","og_locale":"en_US","og_type":"article","og_title":"Kalite Politikam\u0131z","og_description":"\u0130yi bir mesleki ve teknik uygulama ile istenilen zamanda, do\u011fru ve kaliteli hizmet vererek m\u00fc\u015fteri odakl\u0131 y\u00f6netim anlay\u0131\u015f\u0131 ile t\u00fcm m\u00fc\u015fterilerine ayn\u0131 \u015fartlar\u0131 sunmak ve m\u00fc\u015fteri memnuniyetini en \u00fcst d\u00fczeyde tutmak.","og_url":"https:\/\/tcscertification.com\/en\/our-quality-policy\/","og_site_name":"TCS INTERNATIONAL CERTIFICATION LLC","article_modified_time":"2025-06-27T09:52:55+00:00","og_image":[{"width":512,"height":512,"url":"https:\/\/tcscertification.com\/wp-content\/uploads\/2022\/10\/tcs-favicon.png","type":"image\/png"}],"twitter_card":"summary_large_image","twitter_misc":{"Est. reading time":"2 minutes"},"schema":{"@context":"https:\/\/schema.org","@graph":[{"@type":"WebPage","@id":"https:\/\/tcscertification.com\/kalite-politikamiz\/","url":"https:\/\/tcscertification.com\/kalite-politikamiz\/","name":"Kalite Politikam\u0131z | TCS Belgelendirme","isPartOf":{"@id":"https:\/\/tcscertification.com\/#website"},"datePublished":"2022-09-05T10:48:56+00:00","dateModified":"2025-06-27T09:52:55+00:00","description":"\u0130yi bir mesleki ve teknik uygulama ile istenilen zamanda, do\u011fru ve kaliteli hizmet vererek m\u00fc\u015fteri odakl\u0131 y\u00f6netim anlay\u0131\u015f\u0131 ile t\u00fcm m\u00fc\u015fterilerine ayn\u0131 \u015fartlar\u0131 sunmak ve m\u00fc\u015fteri memnuniyetini en \u00fcst d\u00fczeyde tutmak.","breadcrumb":{"@id":"https:\/\/tcscertification.com\/kalite-politikamiz\/#breadcrumb"},"inLanguage":"en-US","potentialAction":[{"@type":"ReadAction","target":["https:\/\/tcscertification.com\/kalite-politikamiz\/"]}]},{"@type":"BreadcrumbList","@id":"https:\/\/tcscertification.com\/kalite-politikamiz\/#breadcrumb","itemListElement":[{"@type":"ListItem","position":1,"name":"Anasayfa","item":"https:\/\/tcscertification.com\/"},{"@type":"ListItem","position":2,"name":"Kalite Politikam\u0131z"}]},{"@type":"WebSite","@id":"https:\/\/tcscertification.com\/#website","url":"https:\/\/tcscertification.com\/","name":"TCS INTERNATIONAL CERTIFICATION LLC","description":"","publisher":{"@id":"https:\/\/tcscertification.com\/#organization"},"alternateName":"TCS INTERNATIONAL CERTIFICATION LLC","potentialAction":[{"@type":"SearchAction","target":{"@type":"EntryPoint","urlTemplate":"https:\/\/tcscertification.com\/?s={search_term_string}"},"query-input":"required name=search_term_string"}],"inLanguage":"en-US"},{"@type":"Organization","@id":"https:\/\/tcscertification.com\/#organization","name":"TCS INTERNATIONAL","alternateName":"TCS INTERNATIONAL CERTIFICATION LLC","url":"https:\/\/tcscertification.com\/","logo":{"@type":"ImageObject","inLanguage":"en-US","@id":"https:\/\/tcscertification.com\/#\/schema\/logo\/image\/","url":"https:\/\/tcscertification.com\/wp-content\/uploads\/2023\/02\/tcs-logo-new.gif","contentUrl":"https:\/\/tcscertification.com\/wp-content\/uploads\/2023\/02\/tcs-logo-new.gif","width":215,"height":100,"caption":"TCS INTERNATIONAL"},"image":{"@id":"https:\/\/tcscertification.com\/#\/schema\/logo\/image\/"}}]}},"_links":{"self":[{"href":"https:\/\/tcscertification.com\/en\/wp-json\/wp\/v2\/pages\/13700","targetHints":{"allow":["GET"]}}],"collection":[{"href":"https:\/\/tcscertification.com\/en\/wp-json\/wp\/v2\/pages"}],"about":[{"href":"https:\/\/tcscertification.com\/en\/wp-json\/wp\/v2\/types\/page"}],"author":[{"embeddable":true,"href":"https:\/\/tcscertification.com\/en\/wp-json\/wp\/v2\/users\/1"}],"replies":[{"embeddable":true,"href":"https:\/\/tcscertification.com\/en\/wp-json\/wp\/v2\/comments?post=13700"}],"version-history":[{"count":17,"href":"https:\/\/tcscertification.com\/en\/wp-json\/wp\/v2\/pages\/13700\/revisions"}],"predecessor-version":[{"id":24639,"href":"https:\/\/tcscertification.com\/en\/wp-json\/wp\/v2\/pages\/13700\/revisions\/24639"}],"wp:attachment":[{"href":"https:\/\/tcscertification.com\/en\/wp-json\/wp\/v2\/media?parent=13700"}],"curies":[{"name":"wp","href":"https:\/\/api.w.org\/{rel}","templated":true}]}}