{"id":13697,"date":"2022-09-05T13:46:13","date_gmt":"2022-09-05T10:46:13","guid":{"rendered":"https:\/\/tcscertification.com\/?page_id=13697"},"modified":"2023-03-06T12:18:44","modified_gmt":"2023-03-06T09:18:44","slug":"organizational-chart","status":"publish","type":"page","link":"https:\/\/tcscertification.com\/en\/organizational-chart\/","title":{"rendered":"Organizational Chart"},"content":{"rendered":"<div data-elementor-type=\"wp-page\" data-elementor-id=\"13697\" class=\"elementor elementor-13697\" data-elementor-post-type=\"page\">\n\t\t\t\t\t\t<section class=\"elementor-section elementor-top-section elementor-element elementor-element-c91d613 elementor-section-boxed elementor-section-height-default elementor-section-height-default\" data-id=\"c91d613\" data-element_type=\"section\">\n\t\t\t\t\t\t<div class=\"elementor-container elementor-column-gap-default\">\n\t\t\t\t\t<div class=\"elementor-column elementor-col-100 elementor-top-column elementor-element elementor-element-f7348c8\" data-id=\"f7348c8\" data-element_type=\"column\">\n\t\t\t<div class=\"elementor-widget-wrap elementor-element-populated\">\n\t\t\t\t\t\t<div class=\"elementor-element elementor-element-ed43fbf elementor-widget elementor-widget-heading\" data-id=\"ed43fbf\" data-element_type=\"widget\" data-widget_type=\"heading.default\">\n\t\t\t\t<div class=\"elementor-widget-container\">\n\t\t\t\t\t<h2 class=\"elementor-heading-title elementor-size-default\">Organizational Chart<\/h2>\t\t\t\t<\/div>\n\t\t\t\t<\/div>\n\t\t\t\t\t<\/div>\n\t\t<\/div>\n\t\t\t\t\t<\/div>\n\t\t<\/section>\n\t\t\t\t<section class=\"elementor-section elementor-top-section elementor-element elementor-element-8fc389d elementor-section-boxed elementor-section-height-default elementor-section-height-default\" data-id=\"8fc389d\" data-element_type=\"section\">\n\t\t\t\t\t\t<div class=\"elementor-container elementor-column-gap-default\">\n\t\t\t\t\t<div class=\"elementor-column elementor-col-100 elementor-top-column elementor-element elementor-element-f36d7bc\" data-id=\"f36d7bc\" data-element_type=\"column\">\n\t\t\t<div class=\"elementor-widget-wrap elementor-element-populated\">\n\t\t\t\t\t\t<div class=\"elementor-element elementor-element-f850ec0 elementor-widget elementor-widget-spacer\" data-id=\"f850ec0\" data-element_type=\"widget\" data-widget_type=\"spacer.default\">\n\t\t\t\t<div class=\"elementor-widget-container\">\n\t\t\t\t\t\t\t<div class=\"elementor-spacer\">\n\t\t\t<div class=\"elementor-spacer-inner\"><\/div>\n\t\t<\/div>\n\t\t\t\t\t\t<\/div>\n\t\t\t\t<\/div>\n\t\t\t\t\t<\/div>\n\t\t<\/div>\n\t\t\t\t\t<\/div>\n\t\t<\/section>\n\t\t\t\t<section class=\"elementor-section elementor-top-section elementor-element elementor-element-61a4e0d elementor-section-boxed elementor-section-height-default elementor-section-height-default\" data-id=\"61a4e0d\" data-element_type=\"section\">\n\t\t\t\t\t\t<div class=\"elementor-container elementor-column-gap-default\">\n\t\t\t\t\t<div class=\"elementor-column elementor-col-100 elementor-top-column elementor-element elementor-element-2ef1ae2\" data-id=\"2ef1ae2\" data-element_type=\"column\">\n\t\t\t<div class=\"elementor-widget-wrap elementor-element-populated\">\n\t\t\t\t\t\t<div class=\"elementor-element elementor-element-3b6ca58 elementor-widget elementor-widget-image\" data-id=\"3b6ca58\" data-element_type=\"widget\" data-widget_type=\"image.default\">\n\t\t\t\t<div class=\"elementor-widget-container\">\n\t\t\t\t\t\t\t\t\t\t\t\t\t\t\t<img fetchpriority=\"high\" decoding=\"async\" width=\"754\" height=\"817\" src=\"https:\/\/tcscertification.com\/wp-content\/uploads\/2022\/09\/Genel-e1664444961767.jpg\" class=\"attachment-full size-full wp-image-14464\" alt=\"Genel\" srcset=\"https:\/\/tcscertification.com\/wp-content\/uploads\/2022\/09\/Genel-e1664444961767.jpg 754w, https:\/\/tcscertification.com\/wp-content\/uploads\/2022\/09\/Genel-e1664444961767-277x300.jpg 277w\" sizes=\"(max-width: 754px) 100vw, 754px\" \/>\t\t\t\t\t\t\t\t\t\t\t\t\t\t\t<\/div>\n\t\t\t\t<\/div>\n\t\t\t\t<div class=\"elementor-element elementor-element-c95d81e elementor-widget elementor-widget-text-editor\" data-id=\"c95d81e\" data-element_type=\"widget\" data-widget_type=\"text-editor.default\">\n\t\t\t\t<div class=\"elementor-widget-container\">\n\t\t\t\t\t\t\t\t\t<p>\u00a0<\/p><p style=\"text-align: center;\"><strong><span style=\"color: #1f497d; font-family: Arial, Helvetica, sans-serif; font-size: small;\">O\u015e.GNL.01 REV00<\/span><\/strong><\/p>\t\t\t\t\t\t\t\t<\/div>\n\t\t\t\t<\/div>\n\t\t\t\t\t<\/div>\n\t\t<\/div>\n\t\t\t\t\t<\/div>\n\t\t<\/section>\n\t\t\t\t<\/div>","protected":false},"excerpt":{"rendered":"<p>Organizasyon \u015eemas\u0131 \u00a0 O\u015e.GNL.01 REV00<\/p>","protected":false},"author":1,"featured_media":0,"parent":0,"menu_order":0,"comment_status":"closed","ping_status":"closed","template":"","meta":{"footnotes":""},"class_list":["post-13697","page","type-page","status-publish","hentry"],"yoast_head":"<!-- This site is optimized with the Yoast SEO Premium plugin v19.7 (Yoast SEO v19.14) - https:\/\/yoast.com\/wordpress\/plugins\/seo\/ -->\n<title>Organizasyon \u015eemas\u0131 | TCS Belgelendirme<\/title>\n<meta name=\"description\" content=\"Organizasyon \u015eemas\u0131 sayfas\u0131nda Tcs Belgelendirme organizasyon \u015femas\u0131 verilmi\u015ftir\" \/>\n<meta name=\"robots\" content=\"index, follow, max-snippet:-1, max-image-preview:large, max-video-preview:-1\" \/>\n<link rel=\"canonical\" href=\"https:\/\/tcscertification.com\/en\/organizational-chart\/\" \/>\n<meta property=\"og:locale\" content=\"en_US\" \/>\n<meta property=\"og:type\" content=\"article\" \/>\n<meta property=\"og:title\" content=\"Organizasyon \u015eemas\u0131\" \/>\n<meta property=\"og:description\" content=\"Organizasyon \u015eemas\u0131 sayfas\u0131nda Tcs Belgelendirme organizasyon \u015femas\u0131 verilmi\u015ftir\" \/>\n<meta property=\"og:url\" content=\"https:\/\/tcscertification.com\/en\/organizational-chart\/\" \/>\n<meta property=\"og:site_name\" content=\"TCS INTERNATIONAL CERTIFICATION LLC\" \/>\n<meta property=\"article:modified_time\" content=\"2023-03-06T09:18:44+00:00\" \/>\n<meta property=\"og:image\" content=\"https:\/\/tcscertification.com\/wp-content\/uploads\/2022\/09\/Genel-e1664444961767.jpg\" \/>\n<meta name=\"twitter:card\" content=\"summary_large_image\" \/>\n<meta name=\"twitter:label1\" content=\"Est. reading time\" \/>\n\t<meta name=\"twitter:data1\" content=\"1 minute\" \/>\n<script type=\"application\/ld+json\" class=\"yoast-schema-graph\">{\"@context\":\"https:\/\/schema.org\",\"@graph\":[{\"@type\":\"WebPage\",\"@id\":\"https:\/\/tcscertification.com\/organizasyon-semasi\/\",\"url\":\"https:\/\/tcscertification.com\/organizasyon-semasi\/\",\"name\":\"Organizasyon \u015eemas\u0131 | TCS Belgelendirme\",\"isPartOf\":{\"@id\":\"https:\/\/tcscertification.com\/#website\"},\"datePublished\":\"2022-09-05T10:46:13+00:00\",\"dateModified\":\"2023-03-06T09:18:44+00:00\",\"description\":\"Organizasyon \u015eemas\u0131 sayfas\u0131nda Tcs Belgelendirme organizasyon \u015femas\u0131 verilmi\u015ftir\",\"breadcrumb\":{\"@id\":\"https:\/\/tcscertification.com\/organizasyon-semasi\/#breadcrumb\"},\"inLanguage\":\"en-US\",\"potentialAction\":[{\"@type\":\"ReadAction\",\"target\":[\"https:\/\/tcscertification.com\/organizasyon-semasi\/\"]}]},{\"@type\":\"BreadcrumbList\",\"@id\":\"https:\/\/tcscertification.com\/organizasyon-semasi\/#breadcrumb\",\"itemListElement\":[{\"@type\":\"ListItem\",\"position\":1,\"name\":\"Anasayfa\",\"item\":\"https:\/\/tcscertification.com\/\"},{\"@type\":\"ListItem\",\"position\":2,\"name\":\"Organizasyon \u015eemas\u0131\"}]},{\"@type\":\"WebSite\",\"@id\":\"https:\/\/tcscertification.com\/#website\",\"url\":\"https:\/\/tcscertification.com\/\",\"name\":\"TCS INTERNATIONAL CERTIFICATION LLC\",\"description\":\"\",\"publisher\":{\"@id\":\"https:\/\/tcscertification.com\/#organization\"},\"alternateName\":\"TCS INTERNATIONAL CERTIFICATION LLC\",\"potentialAction\":[{\"@type\":\"SearchAction\",\"target\":{\"@type\":\"EntryPoint\",\"urlTemplate\":\"https:\/\/tcscertification.com\/?s={search_term_string}\"},\"query-input\":\"required name=search_term_string\"}],\"inLanguage\":\"en-US\"},{\"@type\":\"Organization\",\"@id\":\"https:\/\/tcscertification.com\/#organization\",\"name\":\"TCS INTERNATIONAL\",\"alternateName\":\"TCS INTERNATIONAL CERTIFICATION LLC\",\"url\":\"https:\/\/tcscertification.com\/\",\"logo\":{\"@type\":\"ImageObject\",\"inLanguage\":\"en-US\",\"@id\":\"https:\/\/tcscertification.com\/#\/schema\/logo\/image\/\",\"url\":\"https:\/\/tcscertification.com\/wp-content\/uploads\/2023\/02\/tcs-logo-new.gif\",\"contentUrl\":\"https:\/\/tcscertification.com\/wp-content\/uploads\/2023\/02\/tcs-logo-new.gif\",\"width\":215,\"height\":100,\"caption\":\"TCS INTERNATIONAL\"},\"image\":{\"@id\":\"https:\/\/tcscertification.com\/#\/schema\/logo\/image\/\"}}]}<\/script>\n<!-- \/ Yoast SEO Premium plugin. -->","yoast_head_json":{"title":"Organizasyon \u015eemas\u0131 | TCS Belgelendirme","description":"Organizasyon \u015eemas\u0131 sayfas\u0131nda Tcs Belgelendirme organizasyon \u015femas\u0131 verilmi\u015ftir","robots":{"index":"index","follow":"follow","max-snippet":"max-snippet:-1","max-image-preview":"max-image-preview:large","max-video-preview":"max-video-preview:-1"},"canonical":"https:\/\/tcscertification.com\/en\/organizational-chart\/","og_locale":"en_US","og_type":"article","og_title":"Organizasyon \u015eemas\u0131","og_description":"Organizasyon \u015eemas\u0131 sayfas\u0131nda Tcs Belgelendirme organizasyon \u015femas\u0131 verilmi\u015ftir","og_url":"https:\/\/tcscertification.com\/en\/organizational-chart\/","og_site_name":"TCS INTERNATIONAL CERTIFICATION LLC","article_modified_time":"2023-03-06T09:18:44+00:00","og_image":[{"url":"https:\/\/tcscertification.com\/wp-content\/uploads\/2022\/09\/Genel-e1664444961767.jpg"}],"twitter_card":"summary_large_image","twitter_misc":{"Est. reading time":"1 minute"},"schema":{"@context":"https:\/\/schema.org","@graph":[{"@type":"WebPage","@id":"https:\/\/tcscertification.com\/organizasyon-semasi\/","url":"https:\/\/tcscertification.com\/organizasyon-semasi\/","name":"Organizasyon \u015eemas\u0131 | TCS Belgelendirme","isPartOf":{"@id":"https:\/\/tcscertification.com\/#website"},"datePublished":"2022-09-05T10:46:13+00:00","dateModified":"2023-03-06T09:18:44+00:00","description":"Organizasyon \u015eemas\u0131 sayfas\u0131nda Tcs Belgelendirme organizasyon \u015femas\u0131 verilmi\u015ftir","breadcrumb":{"@id":"https:\/\/tcscertification.com\/organizasyon-semasi\/#breadcrumb"},"inLanguage":"en-US","potentialAction":[{"@type":"ReadAction","target":["https:\/\/tcscertification.com\/organizasyon-semasi\/"]}]},{"@type":"BreadcrumbList","@id":"https:\/\/tcscertification.com\/organizasyon-semasi\/#breadcrumb","itemListElement":[{"@type":"ListItem","position":1,"name":"Anasayfa","item":"https:\/\/tcscertification.com\/"},{"@type":"ListItem","position":2,"name":"Organizasyon \u015eemas\u0131"}]},{"@type":"WebSite","@id":"https:\/\/tcscertification.com\/#website","url":"https:\/\/tcscertification.com\/","name":"TCS INTERNATIONAL CERTIFICATION LLC","description":"","publisher":{"@id":"https:\/\/tcscertification.com\/#organization"},"alternateName":"TCS INTERNATIONAL CERTIFICATION LLC","potentialAction":[{"@type":"SearchAction","target":{"@type":"EntryPoint","urlTemplate":"https:\/\/tcscertification.com\/?s={search_term_string}"},"query-input":"required name=search_term_string"}],"inLanguage":"en-US"},{"@type":"Organization","@id":"https:\/\/tcscertification.com\/#organization","name":"TCS INTERNATIONAL","alternateName":"TCS INTERNATIONAL CERTIFICATION LLC","url":"https:\/\/tcscertification.com\/","logo":{"@type":"ImageObject","inLanguage":"en-US","@id":"https:\/\/tcscertification.com\/#\/schema\/logo\/image\/","url":"https:\/\/tcscertification.com\/wp-content\/uploads\/2023\/02\/tcs-logo-new.gif","contentUrl":"https:\/\/tcscertification.com\/wp-content\/uploads\/2023\/02\/tcs-logo-new.gif","width":215,"height":100,"caption":"TCS INTERNATIONAL"},"image":{"@id":"https:\/\/tcscertification.com\/#\/schema\/logo\/image\/"}}]}},"_links":{"self":[{"href":"https:\/\/tcscertification.com\/en\/wp-json\/wp\/v2\/pages\/13697","targetHints":{"allow":["GET"]}}],"collection":[{"href":"https:\/\/tcscertification.com\/en\/wp-json\/wp\/v2\/pages"}],"about":[{"href":"https:\/\/tcscertification.com\/en\/wp-json\/wp\/v2\/types\/page"}],"author":[{"embeddable":true,"href":"https:\/\/tcscertification.com\/en\/wp-json\/wp\/v2\/users\/1"}],"replies":[{"embeddable":true,"href":"https:\/\/tcscertification.com\/en\/wp-json\/wp\/v2\/comments?post=13697"}],"version-history":[{"count":4,"href":"https:\/\/tcscertification.com\/en\/wp-json\/wp\/v2\/pages\/13697\/revisions"}],"predecessor-version":[{"id":18165,"href":"https:\/\/tcscertification.com\/en\/wp-json\/wp\/v2\/pages\/13697\/revisions\/18165"}],"wp:attachment":[{"href":"https:\/\/tcscertification.com\/en\/wp-json\/wp\/v2\/media?parent=13697"}],"curies":[{"name":"wp","href":"https:\/\/api.w.org\/{rel}","templated":true}]}}